{"id":19651,"date":"2026-03-18T10:07:11","date_gmt":"2026-03-18T10:07:11","guid":{"rendered":"https:\/\/soydeaqui.ddns.net\/pachuca\/index.php\/producto\/caja-condulet-tipo-lr-de-1-2-aluminio-libre-de-cobre\/"},"modified":"2026-03-18T10:07:12","modified_gmt":"2026-03-18T10:07:12","slug":"caja-condulet-tipo-lr-de-1-2-aluminio-libre-de-cobre","status":"publish","type":"product","link":"https:\/\/soydeaqui.ddns.net\/pachuca\/index.php\/producto\/caja-condulet-tipo-lr-de-1-2-aluminio-libre-de-cobre\/","title":{"rendered":"Caja Condulet Tipo LR de  1\/2&#8243; \/ Aluminio libre de Cobre."},"content":{"rendered":"<div style='width: 100%; max-width: 1200px; margin: 0 auto; font-family: sans-serif; line-height: 1.6; color: inherit; background-color: transparent;'> <!-- Secci\u00f3n de caracter\u00edsticas --> <\/p>\n<div style='display: flex; flex-wrap: wrap; gap: 30px; margin-bottom: 30px;'>\n<div style='flex: 1 1 300px; min-width: 280px;'>\n<h3 style='font-size: 22px; border-bottom: 2px solid currentColor; padding-bottom: 5px; margin-top: 0; color: inherit; opacity: 0.8;'>Caracter\u00edsticas<\/h3>\n<ul style='padding-left: 20px; font-size: 15px; color: inherit;'>\n<li style='margin-bottom: 5px;'><strong>Aplicaci\u00f3n:<\/strong> Se utiliza en instalaciones de tuber\u00eda Conduit roscada para alambrar&comma; hacer empalmes y derivaciones.<\/li>\n<li style='margin-bottom: 5px;'><strong>Material:<\/strong> Aluminio libre de Cobre (menos de 4\/10 o 1%)<\/li>\n<li style='margin-bottom: 5px;'><strong>Intercambiable:<\/strong> Completamente intercambiables con cajas&comma; empaques y tapas Forma 7 de Crouse Hinds&comma; Appleton y Oz Gedney.<\/li>\n<li style='margin-bottom: 5px;'><strong>Acabado:<\/strong> Una pintura en polvo aplicada electrost\u00e1ticamente y con una pel\u00edcula fina de poli\u00e9ster.<\/li>\n<li style='margin-bottom: 5px;'><strong>Aprobaci\u00f3n:<\/strong> Para su uso en lugares h\u00famedos con empaque de neopreno aumento de protecci\u00f3n NEMA 3 <strong>(No incluido)<\/strong>.<\/li>\n<li style='margin-bottom: 5px;'><strong>Protecci\u00f3n:<\/strong> Bordes redondeados en las entradas y aberturas de las tapas que protegen el aislamiento del cable.<\/li>\n<li style='margin-bottom: 5px;'><strong>Tama\u00f1o:<\/strong> 1\/2&#8242;<\/li>\n<\/ul><\/div>\n<\/p><\/div>\n<\/p><\/div>\n","protected":false},"excerpt":{"rendered":"<p>Caja Condulet Tipo LR de  1\/2&#8243; \/ Aluminio libre de Cobre.<\/p>\n","protected":false},"featured_media":19650,"comment_status":"open","ping_status":"closed","template":"","meta":[],"product_brand":[],"product_cat":[655],"product_tag":[572,704,656],"class_list":{"0":"post-19651","1":"product","2":"type-product","3":"status-publish","4":"has-post-thumbnail","6":"product_cat-tuberia-metalica-conduit-accesorios","7":"product_tag-canalizacion","8":"product_tag-hubbell-killark","9":"product_tag-tuberia-metalica-conduit-accesorios","11":"first","12":"outofstock","13":"sale","14":"shipping-taxable","15":"purchasable","16":"product-type-simple"},"_links":{"self":[{"href":"https:\/\/soydeaqui.ddns.net\/pachuca\/index.php\/wp-json\/wp\/v2\/product\/19651","targetHints":{"allow":["GET"]}}],"collection":[{"href":"https:\/\/soydeaqui.ddns.net\/pachuca\/index.php\/wp-json\/wp\/v2\/product"}],"about":[{"href":"https:\/\/soydeaqui.ddns.net\/pachuca\/index.php\/wp-json\/wp\/v2\/types\/product"}],"replies":[{"embeddable":true,"href":"https:\/\/soydeaqui.ddns.net\/pachuca\/index.php\/wp-json\/wp\/v2\/comments?post=19651"}],"wp:featuredmedia":[{"embeddable":true,"href":"https:\/\/soydeaqui.ddns.net\/pachuca\/index.php\/wp-json\/wp\/v2\/media\/19650"}],"wp:attachment":[{"href":"https:\/\/soydeaqui.ddns.net\/pachuca\/index.php\/wp-json\/wp\/v2\/media?parent=19651"}],"wp:term":[{"taxonomy":"product_brand","embeddable":true,"href":"https:\/\/soydeaqui.ddns.net\/pachuca\/index.php\/wp-json\/wp\/v2\/product_brand?post=19651"},{"taxonomy":"product_cat","embeddable":true,"href":"https:\/\/soydeaqui.ddns.net\/pachuca\/index.php\/wp-json\/wp\/v2\/product_cat?post=19651"},{"taxonomy":"product_tag","embeddable":true,"href":"https:\/\/soydeaqui.ddns.net\/pachuca\/index.php\/wp-json\/wp\/v2\/product_tag?post=19651"}],"curies":[{"name":"wp","href":"https:\/\/api.w.org\/{rel}","templated":true}]}}