{"id":1964,"date":"2026-03-18T05:51:48","date_gmt":"2026-03-18T05:51:48","guid":{"rendered":"https:\/\/soydeaqui.ddns.net\/pachuca\/index.php\/producto\/ax-pro-yonusa-kit-de-alarma-ax-pro-incluye-1-hub-con-bateria-de-respaldo-1-energizador-2500mts-lineales-1-relevador-0-a-36-vcc-max-5-a-con-entrada-de-alarma-27-7\/"},"modified":"2026-03-18T05:51:48","modified_gmt":"2026-03-18T05:51:48","slug":"ax-pro-yonusa-kit-de-alarma-ax-pro-incluye-1-hub-con-bateria-de-respaldo-1-energizador-2500mts-lineales-1-relevador-0-a-36-vcc-max-5-a-con-entrada-de-alarma-27-7","status":"publish","type":"product","link":"https:\/\/soydeaqui.ddns.net\/pachuca\/index.php\/producto\/ax-pro-yonusa-kit-de-alarma-ax-pro-incluye-1-hub-con-bateria-de-respaldo-1-energizador-2500mts-lineales-1-relevador-0-a-36-vcc-max-5-a-con-entrada-de-alarma-27-7\/","title":{"rendered":"(AX PRO + YONUSA) KIT de Alarma AX PRO \/ Incluye: 1 Hub con bateria de respaldo \/ 1 Energizador 2500Mts Lineales \/ 1 Relevador  0 a 36 Vcc (Max. 5 A) con Entrada de Alarma 27\/7"},"content":{"rendered":"<div style='width: 100%; max-width: 1200px; margin: 0 auto; font-family: sans-serif; line-height: 1.6; color: inherit; background-color: transparent;'> <!-- Logo --> <\/p>\n<div style='text-align: center; margin: 20px 0;'> <img style='width: 45%; height: auto; border: 1px solid rgba(150&comma;150&comma;150&comma;0.3); border-radius: 8px;' src='https:\/\/ftp3.syscom.mx\/usuarios\/jsosa\/HIKVISION\/imagenes\/logo\/hikvision%20see%20far.png' alt='Logo Hikvision'> <\/div>\n<p> <!-- Video principal --> <\/p>\n<div style='position: relative; padding-bottom: 56.25%; height: 0; overflow: hidden; margin: 30px 0;'>   <\/div>\n<p> <!-- Consideraciones --> <\/p>\n<div style='border-left: 5px solid #ff0000; border-radius: 5px; padding: 15px; margin: 30px 0; background-color: rgba(216&comma;216&comma;216&comma;0.1);'> <strong style='font-size: 16px; color: inherit;'>Consideraciones:<\/strong> <\/p>\n<ul style='padding-left: 20px; margin-top: 10px; color: inherit;'>\n<li style='margin-bottom: 8px;'>Las distancias de comunicaci\u00f3n entre los sensores y el panel pueden variar en cada instalaci\u00f3n por cuestiones como: ruido ambiental&comma; materiales y grosor de los muros&comma; ruido digital&comma; etc.<\/li>\n<\/ul><\/div>\n<p> <!-- Videos secundarios --> <\/p>\n<div style='display: grid; grid-template-columns: repeat(auto-fill&comma; minmax(280px&comma; 1fr)); gap: 30px; margin: 30px 0;'>\n<div style='margin: 15px 0;'>\n<h3 style='text-align: center; font-size: 18px; margin-bottom: 15px; color: inherit;'>Configuraci\u00f3n de la alarma AX PRO de Hikvision<\/h3>\n<div style='position: relative; padding-bottom: 56.25%; height: 0; overflow: hidden;'>   <\/div>\n<\/p><\/div>\n<div style='margin: 15px 0;'>\n<h3 style='text-align: center; font-size: 18px; margin-bottom: 15px; color: inherit;'>Bienvenido al futuro con AX PRO Hikvision<\/h3>\n<div style='position: relative; padding-bottom: 56.25%; height: 0; overflow: hidden;'>   <\/div>\n<\/p><\/div>\n<div style='margin: 15px 0;'>\n<h3 style='text-align: center; font-size: 18px; margin-bottom: 15px; color: inherit;'>Sistema Robusto contra Intrusiones AX PRO<\/h3>\n<div style='position: relative; padding-bottom: 56.25%; height: 0; overflow: hidden;'>   <\/div>\n<\/p><\/div>\n<\/p><\/div>\n<p> <!-- Contenido del kit --> <\/p>\n<div style='text-align: center; margin: 30px 0;'>\n<h1 style='font-size: 24px; color: inherit; margin: 10px 0;'>DS-PWA48-SYSNG<\/h1>\n<h2 style='font-size: 20px; color: inherit; margin: 10px 0;'>KIT Alarma Hikvision&comma; Incluye:<\/h2>\n<div style='display: flex; flex-wrap: wrap; justify-content: center; gap: 10px; margin-top: 15px;'>\n<div style='flex: 1 1 300px; min-width: 200px;'>\n<p style='margin: 10px 0; color: inherit;'>1 x <a style='color: #00366d; text-decoration: none;' href='https:\/\/www.syscom.mx\/producto\/DS-PWA48-E-WB-HIKVISION-191682.html' target='_blank' rel='noopener'><strong>DS-PWA48-E-WB<\/strong><\/a><\/p>\n<\/p><\/div>\n<div style='flex: 1 1 300px; min-width: 200px;'>\n<p style='margin: 10px 0; color: inherit;'>1 x <a style='color: #00366d; text-decoration: none;' href='https:\/\/www.syscom.mx\/producto\/SYSNGV3-YONUSA-207994.html' target='_blank' rel='noopener'><strong>SYSNGV3<\/strong><\/a><\/p>\n<\/p><\/div>\n<div style='flex: 1 1 300px; min-width: 200px;'>\n<p style='margin: 10px 0; color: inherit;'>1 x <a style='color: #00366d; text-decoration: none;' href='https:\/\/www.syscom.mx\/producto\/DS-PM1-O1L-WB-HIKVISION-191819.html' target='_blank' rel='noopener'><strong>DS-PM1-O1L-WB<\/strong><\/a><\/p>\n<\/p><\/div>\n<\/p><\/div>\n<\/p><\/div>\n<p> <!-- Panel --> <\/p>\n<div style='margin: 30px 0;'>\n<div style='text-align: center; margin: 20px 0;'> <a style='text-decoration: none;' href='https:\/\/www.syscom.mx\/producto\/DS-PWA48-E-WB-HIKVISION-191682.html' target='_blank' rel='noopener'> <img style='width: 100%; max-width: 400px; height: auto; border: 1px solid rgba(150&comma;150&comma;150&comma;0.3); border-radius: 8px;' src='https:\/\/ftp3.syscom.mx\/usuarios\/fotos\/BancoFotografiasSyscom\/HIKVISION\/DSPWA48EWB\/DSPWA48EWB-p.PNG' alt='Panel DS-PWA48-E-WB'> <\/a> <\/div>\n<div style='border-top: 5px solid #DF001D; padding: 15px;'>\n<h2 style='font-size: 18px; margin: 10px 0; color: inherit;'>1 x <a style='color: #00366d; text-decoration: none;' href='https:\/\/www.syscom.mx\/producto\/DS-PWA48-E-WB-HIKVISION-191682.html' target='_blank' rel='noopener'>DS-PWA48-E-WB<\/a><\/h2>\n<h3 style='font-size: 16px; margin: 10px 0; color: inherit; opacity: 0.8;'>Caracter\u00edsticas:<\/h3>\n<ul style='padding-left: 20px; margin: 10px 0; color: inherit;'>\n<li style='margin-bottom: 8px;'>48 Zonas o Salidas de Alarma&comma; <strong>Incluye bateria de respaldo<\/strong><\/li>\n<li style='margin-bottom: 8px;'>Soporta 4 Sirenas<\/li>\n<li style='margin-bottom: 8px;'>Soporta 8 Lectores o Teclados<\/li>\n<li style='margin-bottom: 8px;'>Soporta 16 controles<\/li>\n<li style='margin-bottom: 8px;'>Soporta 2 Repetidores<\/li>\n<\/ul><\/div>\n<\/p><\/div>\n<p> <!-- Componentes del kit --> <\/p>\n<div style='display: grid; grid-template-columns: repeat(auto-fill&comma; minmax(300px&comma; 1fr)); gap: 30px; margin: 30px 0;'> <!-- SYSNGV2 --> <\/p>\n<div style='margin: 15px 0;'>\n<div style='text-align: center; margin: 15px 0;'> <a style='text-decoration: none;' href='https:\/\/www.syscom.mx\/producto\/SYSNGV2-YONUSA-164957.html' target='_blank' rel='noopener'> <img style='width: 100%; max-width: 400px; height: auto; border: 1px solid rgba(150&comma;150&comma;150&comma;0.3); border-radius: 8px;' src='https:\/\/ftp3.syscom.mx\/usuarios\/fotos\/BancoFotografiasSyscom\/YONUSA\/SYSNGV2\/SYSNGV2-p.PNG' alt='Energizador SYSNGV2'> <\/a> <\/div>\n<div style='border-top: 5px solid #DF001D; padding: 15px;'>\n<h3 style='font-size: 16px; margin: 10px 0; color: inherit;'>1 x <a style='color: #00366d; text-decoration: none;' href='https:\/\/www.syscom.mx\/producto\/SYSNGV2-YONUSA-164957.html' target='_blank' rel='noopener'>SYSNGV2<\/a><\/h3>\n<h4 style='font-size: 14px; margin: 10px 0; color: inherit; opacity: 0.8;'>Caracter\u00edsticas:<\/h4>\n<ul style='padding-left: 20px; margin: 10px 0; color: inherit;'>\n<li style='margin-bottom: 8px;'>Espacio interno para <a style='color: #00366d; text-decoration: none;' href='https:\/\/www.syscom.mx\/producto\/PL-4.5-12-EPCOM-POWERLINE-67464.html' target='_blank' rel='noopener'>bater\u00eda de 4 A\/h 12 Vcc<\/a>. \u00a1Respaldo de hasta 3 d\u00edas!<\/li>\n<li style='margin-bottom: 8px;'>Opci\u00f3n de alimentaci\u00f3n por Panel Solar.<\/li>\n<li style='margin-bottom: 8px;'>Alarma por atenuaci\u00f3n de voltaje&comma; corte o aterrizamiento de l\u00ednea.<\/li>\n<li style='margin-bottom: 8px;'>Alimentacion 127 &#8211; 220 VCA o Panel Solar 12 Vcc.<\/li>\n<\/ul><\/div>\n<\/p><\/div>\n<p> <!-- DS-PM1-O1L-WB --> <\/p>\n<div style='margin: 15px 0;'>\n<div style='text-align: center; margin: 15px 0;'> <a style='text-decoration: none;' href='https:\/\/www.syscom.mx\/producto\/DS-PM1-O1L-WB-HIKVISION-191819.html' target='_blank' rel='noopener'> <img style='width: 100%; max-width: 400px; height: auto; border: 1px solid rgba(150&comma;150&comma;150&comma;0.3); border-radius: 8px;' src='https:\/\/ftp3.syscom.mx\/usuarios\/fotos\/BancoFotografiasSyscom\/HIKVISION\/DSPM1O1LWB\/DSPM1O1LWB-p.PNG' alt='Relevador DS-PM1-O1L-WB'> <\/a> <\/div>\n<div style='border-top: 5px solid #DF001D; padding: 15px;'>\n<h3 style='font-size: 16px; margin: 10px 0; color: inherit;'>1 x <a style='color: #00366d; text-decoration: none;' href='https:\/\/www.syscom.mx\/producto\/DS-PM1-O1L-WB-HIKVISION-191819.html' target='_blank' rel='noopener'>DS-PM1-O1L-WB<\/a><\/h3>\n<h4 style='font-size: 14px; margin: 10px 0; color: inherit; opacity: 0.8;'>Caracter\u00edsticas:<\/h4>\n<ul style='padding-left: 20px; margin: 10px 0; color: inherit;'>\n<li style='margin-bottom: 8px;'>1 Salida de relevador: NO\/NC (0 a 36Vcc \/ Max. 5 A).<\/li>\n<li style='margin-bottom: 8px;'>1 Entrada de alarma 24 horas: NO\/NC.<\/li>\n<li style='margin-bottom: 8px;'>Voltaje de Operaci\u00f3n: 7Vcc a 24 Vcc.<\/li>\n<li style='margin-bottom: 8px;'>Operaci\u00f3n de automatizaci\u00f3n&comma; bot\u00f3n de encendido\/apagado desde: aplicaci\u00f3n \/ control \/ teclado.<\/li>\n<\/ul><\/div>\n<\/p><\/div>\n<\/p><\/div>\n<p> <!-- Diagrama Familia AX PRO --> <\/p>\n<div style='margin: 30px 0;'>\n<h2 style='text-align: center; font-size: 20px; margin: 20px 0; color: inherit;'>Linea de Productos AX PRO<\/h2>\n<div style='text-align: center;'> <a style='text-decoration: none;' href='https:\/\/www.syscom.mx\/principal\/listadoproductosazul\/intrusion-hikvision-paneles-de-alarma-y-accesorios-ax-pro-series-66286.html?ordenar=Precio_de_Menor_a_Mayor&#038;pag=1' target='_blank' rel='noopener'> <img style='width: 100%; border: 1px solid rgba(150&comma;150&comma;150&comma;0.3); border-radius: 8px;' src='https:\/\/ftp3.syscom.mx\/usuarios\/jsosa\/HIKVISION\/alarmas\/AXPPRO\/banner\/AX%20PRO%20disgramas-hikvision.jpg' alt='Diagrama Familia AX PRO'> <\/a> <\/div>\n<\/p><\/div>\n<p> <!-- Video relevador + YONUSA --> <\/p>\n<div style='margin: 30px 0;'>\n<h3 style='text-align: center; font-size: 18px; margin: 20px 0; color: inherit;'>Integraci\u00f3n DS-PM1-O1L-WB con energizador Yonusa<\/h3>\n<div style='position: relative; padding-bottom: 56.25%; height: 0; overflow: hidden;'>   <\/div>\n<\/p><\/div>\n<p> <!-- Serie AX PRO --> <\/p>\n<div style='display: flex; flex-wrap: wrap; gap: 30px; align-items: center; margin: 30px 0;'>\n<div style='flex: 1 1 300px; min-width: 250px;'>\n<div style='text-align: center;'> <a style='text-decoration: none;' href='https:\/\/www.syscom.mx\/principal\/listadoproductosazul\/intrusion-hikvision-paneles-de-alarma-y-accesorios-ax-pro-series-66286.html?ordenar=Precio_de_Menor_a_Mayor&#038;pag=1' target='_blank' rel='noopener'> <img style='width: 100%; border: 1px solid rgba(150&comma;150&comma;150&comma;0.3); border-radius: 8px;' src='https:\/\/ftp3.syscom.mx\/usuarios\/jsosa\/HIKVISION\/alarmas\/AXPPRO\/Serie%20AXPRO.png' alt='Serie AX PRO'> <\/a> <\/div>\n<\/p><\/div>\n<div style='flex: 1 1 300px; min-width: 250px;'>\n<h2 style='font-size: 18px; margin: 10px 0; color: inherit;'>Serie AX PRO<\/h2>\n<p style='margin: 10px 0; color: inherit;'>\u00bfNecesita proteger su hogar&comma; oficina o tienda?<\/p>\n<p style='margin: 10px 0; color: inherit;'>\u00bfCansado de tantos cables y mucho tiempo de instalaci\u00f3n?<\/p>\n<p style='margin: 10px 0; color: inherit;'>\u00a1Utilice una soluci\u00f3n de alarma inal\u00e1mbrica profesional!<\/p>\n<p style='margin: 10px 0; color: inherit;'>Conozca todos los dispositivos que pueden integrar en la Serie AX PRO dando clic <a style='color: #00366d; text-decoration: none;' href='https:\/\/www.syscom.mx\/principal\/listadoproductosazul\/intrusion-hikvision-paneles-de-alarma-y-accesorios-ax-pro-series-66286.html?ordenar=Precio_de_Menor_a_Mayor&#038;pag=1' target='_blank' rel='noopener'><strong style='color: inherit;'>aqu\u00ed<\/strong><\/a>.<\/p>\n<\/p><\/div>\n<\/p><\/div>\n<p> <!-- Videos de alta y reset --> <\/p>\n<div style='display: grid; grid-template-columns: repeat(auto-fill&comma; minmax(280px&comma; 1fr)); gap: 30px; margin: 30px 0;'>\n<div style='margin: 15px 0;'>\n<h3 style='text-align: center; font-size: 18px; margin-bottom: 15px; color: inherit;'>Alta del panel AX PRO en Hik-Connect<\/h3>\n<div style='position: relative; padding-bottom: 56.25%; height: 0; overflow: hidden;'>   <\/div>\n<\/p><\/div>\n<div style='margin: 15px 0;'>\n<h3 style='text-align: center; font-size: 18px; margin-bottom: 15px; color: inherit;'>Reset del panel AX PRO por medio de bot\u00f3n<\/h3>\n<div style='position: relative; padding-bottom: 56.25%; height: 0; overflow: hidden;'>   <\/div>\n<\/p><\/div>\n<\/p><\/div>\n<p> <!-- Videos de PIR y c\u00e1mara IP --> <\/p>\n<div style='display: grid; grid-template-columns: repeat(auto-fill&comma; minmax(280px&comma; 1fr)); gap: 30px; margin: 30px 0;'>\n<div style='margin: 15px 0;'>\n<h3 style='text-align: center; font-size: 18px; margin-bottom: 15px; color: inherit;'>Video Verificaci\u00f3n con PIR con C\u00e1mara<\/h3>\n<div style='position: relative; padding-bottom: 56.25%; height: 0; overflow: hidden;'>   <\/div>\n<\/p><\/div>\n<div style='margin: 15px 0;'>\n<h3 style='text-align: center; font-size: 18px; margin-bottom: 15px; color: inherit;'>Vinculo de Sensor Magn\u00e9tico con C\u00e1mara IP<\/h3>\n<div style='position: relative; padding-bottom: 56.25%; height: 0; overflow: hidden;'>   <\/div>\n<\/p><\/div>\n<\/p><\/div>\n<p> <!-- Diagrama de aplicaci\u00f3n --> <\/p>\n<div style='margin: 30px 0;'>\n<h2 style='text-align: center; font-size: 20px; margin: 20px 0; color: inherit;'>DIAGRAMA DE APLICACI\u00d3N<\/h2>\n<div style='text-align: center;'> <img style='width: 100%; border: 1px solid rgba(150&comma;150&comma;150&comma;0.3); border-radius: 8px;' src='https:\/\/ftp3.syscom.mx\/usuarios\/jsosa\/HIKVISION\/alarmas\/AXPPRO\/banner\/diagrama%20AX%20Pro.png' alt='Diagrama de aplicaci\u00f3n AX PRO'> <\/div>\n<\/p><\/div>\n<p> <!-- Novedades --> <\/p>\n<h2 style='text-align: center; font-size: 20px; margin: 30px 0; color: inherit;'>NOVEDADES DE LA SERIE AX PRO<\/h2>\n<p> <!-- Repetidor --> <\/p>\n<div style='display: grid; grid-template-columns: repeat(auto-fill&comma; minmax(300px&comma; 1fr)); gap: 30px; margin: 30px 0; align-items: center;'>\n<div style='margin: 15px 0;'>\n<div style='text-align: center; margin: 15px 0;'> <a style='text-decoration: none;' href='https:\/\/www.syscom.mx\/producto\/DS-PR1-WB-HIKVISION-191817.html' target='_blank' rel='noopener'> <img style='width: 100%; max-width: 400px; height: auto; border: 1px solid rgba(150&comma;150&comma;150&comma;0.3); border-radius: 8px;' src='https:\/\/ftp3.syscom.mx\/usuarios\/fotos\/BancoFotografiasSyscom\/HIKVISION\/DSPR1WB\/DSPR1WB-p.PNG' alt='Repetidor DS-PR1-WB'> <\/a> <\/div>\n<\/p><\/div>\n<div style='margin: 15px 0;'>\n<h3 style='font-size: 18px; margin: 10px 0; color: inherit;'><a style='color: #00366d; text-decoration: none;' href='https:\/\/www.syscom.mx\/producto\/DS-PR1-WB-HIKVISION-191817.html' target='_blank' rel='noopener'>DS-PR1-WB<\/a> &#8211; Repetidor de Se\u00f1al<\/h3>\n<p style='margin: 10px 0; color: inherit;'><strong style='color: inherit;'>Aumenta la cobertura de tus dispositivos<\/strong><\/p>\n<p style='margin: 10px 0; color: inherit;'>Extiende la se\u00f1al de los dispositivos de la serie AXPRO&comma; recibe mensajes de alarma&comma; estado y control de los dispositivos y repite estos mensajes al panel de control.<\/p>\n<ul style='padding-left: 20px; margin: 10px 0; color: inherit;'>\n<li style='margin-bottom: 8px;'>Comunicaci\u00f3n inal\u00e1mbrica bidireccional de 433 MHz estable y segura.<\/li>\n<li style='margin-bottom: 8px;'>Indicador LED&comma; muestra los diferentes estatus del dispositivo con f\u00e1cil comprensi\u00f3n.<\/li>\n<li style='margin-bottom: 8px;'>Hasta 12 horas de respaldo de bater\u00eda despu\u00e9s de la p\u00e9rdida energ\u00eda principal.<\/li>\n<li style='margin-bottom: 8px;'>Encuentra y conecta detectores autom\u00e1ticamente&comma; emparejamiento autom\u00e1tico inteligente.<\/li>\n<li style='margin-bottom: 8px;'>F\u00e1cil instalaci\u00f3n debido nuevo dise\u00f1ado.<\/li>\n<\/ul><\/div>\n<\/p><\/div>\n<p> <!-- PIR CAM --> <\/p>\n<div style='display: grid; grid-template-columns: repeat(auto-fill&comma; minmax(300px&comma; 1fr)); gap: 30px; margin: 30px 0; align-items: center;'>\n<div style='margin: 15px 0;'>\n<h3 style='font-size: 18px; margin: 10px 0; color: inherit;'><a style='color: #00366d; text-decoration: none;' href='https:\/\/www.syscom.mx\/producto\/DS-PDPC12P-EG2-WB-HIKVISION-189862.html' target='_blank' rel='noopener'>DS-PDPC12P-EG2-WB<\/a> &#8211; Detector PIR Con Camara Inal\u00e1mbrico<\/h3>\n<p style='margin: 10px 0; color: inherit;'>Detector inal\u00e1mbrico bidireccional totalmente supervisado con c\u00e1mara incorporada de alta calidad que puede proporcionar un ideal soluci\u00f3n para la verificaci\u00f3n de video.<\/p>\n<ul style='padding-left: 20px; margin: 10px 0; color: inherit;'>\n<li style='margin-bottom: 8px;'>Rango de detecci\u00f3n: 12 m.<\/li>\n<li style='margin-bottom: 8px;'>Angulo de detecci\u00f3n: 85.9\u00b0.<\/li>\n<li style='margin-bottom: 8px;'>Inmunidad contra mascotas: 30Kg.<\/li>\n<li style='margin-bottom: 8px;'>Resoluci\u00f3n m\u00e1xima de la c\u00e1mara: 640 x 480.<\/li>\n<li style='margin-bottom: 8px;'>Voltaje de Operaci\u00f3n: 3 x <strong style='color: inherit;'>CR123A<\/strong> (Incluida).<\/li>\n<li style='margin-bottom: 8px;'>Tiempo util de la bater\u00eda: 6 a\u00f1os<\/li>\n<li style='margin-bottom: 8px;'>Tamper antisabotaje.<\/li>\n<\/ul><\/div>\n<div style='margin: 15px 0;'>\n<div style='text-align: center; margin: 15px 0;'> <a style='text-decoration: none;' href='https:\/\/www.syscom.mx\/producto\/DS-PDPC12P-EG2-WB-HIKVISION-189862.html' target='_blank' rel='noopener'> <img style='width: 100%; max-width: 400px; height: auto; border: 1px solid rgba(150&comma;150&comma;150&comma;0.3); border-radius: 8px;' src='https:\/\/ftp3.syscom.mx\/usuarios\/fotos\/BancoFotografiasSyscom\/HIKVISION\/DSPDPC12PEG2WB\/DSPDPC12PEG2WB-p.PNG' alt='Detector PIR con C\u00e1mara'> <\/a> <\/div>\n<\/p><\/div>\n<\/p><\/div>\n<p> <!-- Accesorios para automatizar --> <\/p>\n<h2 style='text-align: center; font-size: 20px; margin: 30px 0; color: inherit;'>ACCESORIOS PARA AUTOMATIZAR:<\/h2>\n<div style='display: grid; grid-template-columns: repeat(auto-fill&comma; minmax(300px&comma; 1fr)); gap: 30px; margin: 30px 0;'> <!-- DS-PM1-O1H-WB --> <\/p>\n<div style='margin: 15px 0;'>\n<div style='text-align: center; margin: 15px 0;'> <a style='text-decoration: none;' href='https:\/\/www.syscom.mx\/producto\/DS-PM1-O1H-WB-HIKVISION-191822.html' target='_blank' rel='noopener'> <img style='width: 100%; max-width: 400px; height: auto; border: 1px solid rgba(150&comma;150&comma;150&comma;0.3); border-radius: 8px;' src='https:\/\/ftp3.syscom.mx\/usuarios\/fotos\/BancoFotografiasSyscom\/HIKVISION\/DSPM1O1HWB\/DSPM1O1HWB-p.PNG' alt='Relevador DS-PM1-O1H-WB'> <\/a> <\/div>\n<h3 style='font-size: 18px; margin: 10px 0; color: inherit;'><a style='color: #00366d; text-decoration: none;' href='https:\/\/www.syscom.mx\/producto\/DS-PM1-O1H-WB-HIKVISION-191822.html' target='_blank' rel='noopener'>DS-PM1-O1H-WB<\/a><\/h3>\n<ul style='padding-left: 20px; margin: 10px 0; color: inherit;'>\n<li style='margin-bottom: 8px;'>Comunicaci\u00f3n inal\u00e1mbrica bidireccional de 433 MHz \/ Cifrado AES-128.<\/li>\n<li style='margin-bottom: 8px;'>Pantalla LED&comma; muestra el estado del dispositivo: encendido \/ apagado.<\/li>\n<li style='margin-bottom: 8px;'>Dise\u00f1o de caja peque\u00f1a&comma; que se puede esconder f\u00e1cilmente.<\/li>\n<li style='margin-bottom: 8px;'>Operaci\u00f3n de automatizaci\u00f3n&comma; bot\u00f3n de encendido\/apagado desde: aplicaci\u00f3n \/ control \/ teclado<\/li>\n<li style='margin-bottom: 8px;'>Configuraci\u00f3n de escenarios por diferentes eventos.<\/li>\n<li style='margin-bottom: 8px;'>1 Salida de relevador: NO\/NC (100 a 240 VAC \/ Max. 13 A)<\/li>\n<li style='margin-bottom: 8px;'>Voltaje de Operaci\u00f3n: 100 VCA a 240 VCA.<\/li>\n<li style='margin-bottom: 8px;'>Temperatura de operaci\u00f3n: -10\u00b0 a 55\u00b0C.<\/li>\n<\/ul><\/div>\n<p> <!-- DS-PM1-O1L-WB (repetido para mantener estructura) --> <\/p>\n<div style='margin: 15px 0;'>\n<div style='text-align: center; margin: 15px 0;'> <a style='text-decoration: none;' href='https:\/\/www.syscom.mx\/producto\/DS-PM1-O1L-WB-HIKVISION-191819.html' target='_blank' rel='noopener'> <img style='width: 100%; max-width: 400px; height: auto; border: 1px solid rgba(150&comma;150&comma;150&comma;0.3); border-radius: 8px;' src='https:\/\/ftp3.syscom.mx\/usuarios\/fotos\/BancoFotografiasSyscom\/HIKVISION\/DSPM1O1LWB\/DSPM1O1LWB-p.PNG' alt='Relevador DS-PM1-O1L-WB'> <\/a> <\/div>\n<h3 style='font-size: 18px; margin: 10px 0; color: inherit;'><a style='color: #00366d; text-decoration: none;' href='https:\/\/www.syscom.mx\/producto\/DS-PM1-O1L-WB-HIKVISION-191819.html' target='_blank' rel='noopener'>DS-PM1-O1L-WB<\/a><\/h3>\n<ul style='padding-left: 20px; margin: 10px 0; color: inherit;'>\n<li style='margin-bottom: 8px;'>Comunicaci\u00f3n inal\u00e1mbrica bidireccional de 433 MHz \/ Cifrado AES-128.<\/li>\n<li style='margin-bottom: 8px;'>Pantalla LED&comma; muestra el estado del dispositivo: encendido \/ apagado.<\/li>\n<li style='margin-bottom: 8px;'>Dise\u00f1o de caja peque\u00f1a&comma; que se puede esconder f\u00e1cilmente.<\/li>\n<li style='margin-bottom: 8px;'>Operaci\u00f3n de automatizaci\u00f3n&comma; bot\u00f3n de encendido\/apagado desde: aplicaci\u00f3n \/ control \/ teclado<\/li>\n<li style='margin-bottom: 8px;'>Configuraci\u00f3n de escenarios por diferentes eventos<\/li>\n<li style='margin-bottom: 8px;'>Usando la entrada de alarma&comma; se puede utilizar como entrada de zona para el panel.<\/li>\n<li style='margin-bottom: 8px;'>1 Salida de relevador: NO\/NC (0 a 36Vcc \/ Max. 5 A).<\/li>\n<li style='margin-bottom: 8px;'>1 Entrada de alarma: NO\/NC.<\/li>\n<li style='margin-bottom: 8px;'>Voltaje de Operaci\u00f3n: 7Vcc a 24 Vcc.<\/li>\n<li style='margin-bottom: 8px;'>Temperatura de operaci\u00f3n: -10\u00b0 a 55\u00b0C.<\/li>\n<\/ul><\/div>\n<\/p><\/div>\n<p> <!-- Recursos Hikvision --> <\/p>\n<h2 style='text-align: center; font-size: 20px; margin: 30px 0; color: inherit;'>Recursos<\/h2>\n<div style='display: grid; grid-template-columns: repeat(auto-fill&comma; minmax(250px&comma; 1fr)); gap: 20px; margin: 20px 0;'>\n<div style='text-align: center;'> <a style='text-decoration: none;' href='https:\/\/www.hikvision.com\/es-la\/support\/download\/software\/ivms4200-series\/?q=serie%20ivms4200&#038;position=1' target='_blank' rel='noopener'> <img style='width: 100%; height: auto; border: 1px solid rgba(150&comma;150&comma;150&comma;0.3); border-radius: 8px;' src='https:\/\/ftp3.syscom.mx\/usuarios\/gmagos\/HIK\/IP\/IPC\/Imagenes%20pagina\/Descargas%20IVMS4200.jpg' alt='IVMS4200'> <\/a> <\/div>\n<div style='text-align: center;'> <a style='text-decoration: none;' href='https:\/\/appstore.hikvision.com\/' target='_blank' rel='noopener'> <img style='width: 100%; height: auto; border: 1px solid rgba(150&comma;150&comma;150&comma;0.3); border-radius: 8px;' src='https:\/\/ftp3.syscom.mx\/usuarios\/gmagos\/HIK\/IP\/IPC\/Imagenes%20pagina\/Descargas%20de%20app.jpg' alt='App Store Hikvision'> <\/a> <\/div>\n<div style='text-align: center;'> <a style='text-decoration: none;' href='https:\/\/ftp3.syscom.mx\/usuarios\/jsosa\/HIKVISION\/alarmas\/AXPPRO\/DSPWA48MWB\/DS-PWA48-M-WB.pdf' target='_blank' rel='noopener'> <img style='width: 100%; height: auto; border: 1px solid rgba(150&comma;150&comma;150&comma;0.3); border-radius: 8px;' src='https:\/\/ftp3.syscom.mx\/usuarios\/gmagos\/HIK\/IP\/IPC\/Imagenes%20pagina\/Descarga%20de%20PDF.jpg' alt='Manual PDF'> <\/a> <\/div>\n<\/p><\/div>\n<p> <!-- Banner final --> <\/p>\n<div style='margin: 30px 0; text-align: center;'> <a style='text-decoration: none;' href='https:\/\/www.syscom.mx\/principal\/promociones\/serie_ax_pro_alarmas_hikvision-5416.html?ordenar=Relevancia&#038;pag=1' target='_blank' rel='noopener'> <img style='width: 100%; border: 1px solid rgba(150&comma;150&comma;150&comma;0.3); border-radius: 8px;' src='https:\/\/ftp3.syscom.mx\/usuarios\/jsosa\/HIKVISION\/alarmas\/AXPPRO\/banner\/HIKVISION-AXPRO-SERIES.jpg' alt='Serie AX PRO'> <\/a> <\/div>\n<\/p><\/div>\n","protected":false},"excerpt":{"rendered":"<p>(AX PRO + YONUSA) KIT de Alarma AX PRO \/ Incluye: 1 Hub con bateria de respaldo \/ 1 Energizador 2500Mts Lineales \/ 1 Relevador  0 a 36 Vcc (Max. 5 A) con Entrada de Alarma 27\/7<\/p>\n","protected":false},"featured_media":1963,"comment_status":"open","ping_status":"closed","template":"","meta":[],"product_brand":[],"product_cat":[81],"product_tag":[82,83,54],"class_list":{"0":"post-1964","1":"product","2":"type-product","3":"status-publish","4":"has-post-thumbnail","6":"product_cat-energizadores","7":"product_tag-cercas-electricas","8":"product_tag-energizadores","9":"product_tag-hikvision","11":"first","12":"outofstock","13":"sale","14":"shipping-taxable","15":"purchasable","16":"product-type-simple"},"_links":{"self":[{"href":"https:\/\/soydeaqui.ddns.net\/pachuca\/index.php\/wp-json\/wp\/v2\/product\/1964","targetHints":{"allow":["GET"]}}],"collection":[{"href":"https:\/\/soydeaqui.ddns.net\/pachuca\/index.php\/wp-json\/wp\/v2\/product"}],"about":[{"href":"https:\/\/soydeaqui.ddns.net\/pachuca\/index.php\/wp-json\/wp\/v2\/types\/product"}],"replies":[{"embeddable":true,"href":"https:\/\/soydeaqui.ddns.net\/pachuca\/index.php\/wp-json\/wp\/v2\/comments?post=1964"}],"wp:featuredmedia":[{"embeddable":true,"href":"https:\/\/soydeaqui.ddns.net\/pachuca\/index.php\/wp-json\/wp\/v2\/media\/1963"}],"wp:attachment":[{"href":"https:\/\/soydeaqui.ddns.net\/pachuca\/index.php\/wp-json\/wp\/v2\/media?parent=1964"}],"wp:term":[{"taxonomy":"product_brand","embeddable":true,"href":"https:\/\/soydeaqui.ddns.net\/pachuca\/index.php\/wp-json\/wp\/v2\/product_brand?post=1964"},{"taxonomy":"product_cat","embeddable":true,"href":"https:\/\/soydeaqui.ddns.net\/pachuca\/index.php\/wp-json\/wp\/v2\/product_cat?post=1964"},{"taxonomy":"product_tag","embeddable":true,"href":"https:\/\/soydeaqui.ddns.net\/pachuca\/index.php\/wp-json\/wp\/v2\/product_tag?post=1964"}],"curies":[{"name":"wp","href":"https:\/\/api.w.org\/{rel}","templated":true}]}}