{"id":19634,"date":"2026-03-18T10:06:52","date_gmt":"2026-03-18T10:06:52","guid":{"rendered":"https:\/\/soydeaqui.ddns.net\/pachuca\/index.php\/producto\/kit-organizador-vertical-de-cable-sencillo-para-rack-eirl-5545\/"},"modified":"2026-03-18T10:06:55","modified_gmt":"2026-03-18T10:06:55","slug":"kit-organizador-vertical-de-cable-sencillo-para-rack-eirl-5545","status":"publish","type":"product","link":"https:\/\/soydeaqui.ddns.net\/pachuca\/index.php\/producto\/kit-organizador-vertical-de-cable-sencillo-para-rack-eirl-5545\/","title":{"rendered":"Kit Organizador Vertical de Cable Sencillo para Rack EIRL-5545"},"content":{"rendered":"<div style='width: 100%; max-width: 1200px; margin: 0 auto; font-family: sans-serif; line-height: 1.6; color: inherit; background-color: transparent;'> <!-- Secci\u00f3n de descripci\u00f3n --> <\/p>\n<div style='margin-bottom: 30px;'>\n<p style='font-size: 16px; margin-bottom: 15px; color: inherit;'>Nuestros organizadores de cable LinkedPRO son la soluci\u00f3n integral para dar orden y presentaci\u00f3n en una instalaci\u00f3n completa.<\/p>\n<p style='font-size: 16px; margin-bottom: 15px; color: inherit;'><strong>Incluye:<\/strong><\/p>\n<ul style='font-size: 16px; margin-bottom: 15px; padding-left: 20px; color: inherit;'>\n<li style='margin-bottom: 5px;'><span style='color: inherit;'>(1 Pza.) Organizador Vertical de 24 Unidades (LPVM24U)<\/span><\/li>\n<li style='margin-bottom: 5px;'><span style='color: inherit;'>(1 Pza.) Organizador Vertical de 21 Unidades (LPVM21U)<\/span><\/li>\n<\/ul>\n<p style='font-size: 16px; margin-bottom: 15px; color: inherit;'><strong>Nota:<\/strong> El organizador de 24 unidades se instala en la parte de abajo y el de 21 unidades en la parte de arriba&comma; si se requiere hacerlo doble se puede colocar otro par del otro lado.<\/p>\n<\/p><\/div>\n<\/p><\/div>\n","protected":false},"excerpt":{"rendered":"<p>Kit Organizador Vertical de Cable Sencillo para Rack EIRL-5545<\/p>\n","protected":false},"featured_media":19633,"comment_status":"open","ping_status":"closed","template":"","meta":[],"product_brand":[],"product_cat":[633],"product_tag":[634,219,605],"class_list":{"0":"post-19634","1":"product","2":"type-product","3":"status-publish","4":"has-post-thumbnail","6":"product_cat-accesorios-para-rack-gabinetes","7":"product_tag-accesorios-para-rack-gabinetes","8":"product_tag-linkedpro","9":"product_tag-racks-y-gabinetes","11":"first","12":"instock","13":"sale","14":"shipping-taxable","15":"purchasable","16":"product-type-simple"},"_links":{"self":[{"href":"https:\/\/soydeaqui.ddns.net\/pachuca\/index.php\/wp-json\/wp\/v2\/product\/19634","targetHints":{"allow":["GET"]}}],"collection":[{"href":"https:\/\/soydeaqui.ddns.net\/pachuca\/index.php\/wp-json\/wp\/v2\/product"}],"about":[{"href":"https:\/\/soydeaqui.ddns.net\/pachuca\/index.php\/wp-json\/wp\/v2\/types\/product"}],"replies":[{"embeddable":true,"href":"https:\/\/soydeaqui.ddns.net\/pachuca\/index.php\/wp-json\/wp\/v2\/comments?post=19634"}],"wp:featuredmedia":[{"embeddable":true,"href":"https:\/\/soydeaqui.ddns.net\/pachuca\/index.php\/wp-json\/wp\/v2\/media\/19633"}],"wp:attachment":[{"href":"https:\/\/soydeaqui.ddns.net\/pachuca\/index.php\/wp-json\/wp\/v2\/media?parent=19634"}],"wp:term":[{"taxonomy":"product_brand","embeddable":true,"href":"https:\/\/soydeaqui.ddns.net\/pachuca\/index.php\/wp-json\/wp\/v2\/product_brand?post=19634"},{"taxonomy":"product_cat","embeddable":true,"href":"https:\/\/soydeaqui.ddns.net\/pachuca\/index.php\/wp-json\/wp\/v2\/product_cat?post=19634"},{"taxonomy":"product_tag","embeddable":true,"href":"https:\/\/soydeaqui.ddns.net\/pachuca\/index.php\/wp-json\/wp\/v2\/product_tag?post=19634"}],"curies":[{"name":"wp","href":"https:\/\/api.w.org\/{rel}","templated":true}]}}