{"id":19588,"date":"2026-03-18T10:05:57","date_gmt":"2026-03-18T10:05:57","guid":{"rendered":"https:\/\/soydeaqui.ddns.net\/pachuca\/index.php\/producto\/pedestal-para-cajas-de-empalme-de-fibra-ptica-cilndrico-color-verde-con-bracket-estndar-no-incluye-caja-de-empalme\/"},"modified":"2026-03-18T10:06:00","modified_gmt":"2026-03-18T10:06:00","slug":"pedestal-para-cajas-de-empalme-de-fibra-ptica-cilndrico-color-verde-con-bracket-estndar-no-incluye-caja-de-empalme","status":"publish","type":"product","link":"https:\/\/soydeaqui.ddns.net\/pachuca\/index.php\/producto\/pedestal-para-cajas-de-empalme-de-fibra-ptica-cilndrico-color-verde-con-bracket-estndar-no-incluye-caja-de-empalme\/","title":{"rendered":"Pedestal para Cajas de Empalme de Fibra ?ptica Cil?ndrico Color Verde con Bracket Est?ndar (No Incluye Caja de Empalme)"},"content":{"rendered":"<div style='width: 100%; max-width: 1200px; margin: 0 auto; font-family: sans-serif; line-height: 1.6; color: inherit; background-color: transparent;'> <!-- Logo --> <\/p>\n<div style='text-align: center; margin: 20px 0;'> <img style='width: 100%; max-width: 432px; height: auto; border: 1px solid rgba(150&comma;150&comma;150&comma;0.3); border-radius: 8px;' src='https:\/\/ftp3.syscom.mx\/usuarios\/orobles\/LinkedPro\/linkedpro_logo.png' alt=''> <\/div>\n<p> <!-- Descripci\u00f3n principal --> <\/p>\n<div style='margin-bottom: 30px;'>\n<p style='margin: 0 0 15px; font-size: 16px; color: inherit; text-align: justify;'> El pedestal para cajas de empalme <strong style='font-weight: 600; color: inherit;'>LP-PHPE-RT<\/strong> se utiliza como elemento de protecci\u00f3n para cajas de empalme en instalaciones de fibra \u00f3ptica subterr\u00e1nea para cable de fibra troncal o de distribuci\u00f3n. Generalmente se utilizan para albergar cajas NAP con splitters de segundo nivel y cuentan con acopladores para un acceso r\u00e1pido y sencillo&comma; proporciona una protecci\u00f3n <strong style='font-weight: 600; color: inherit; text-decoration: underline;'>IP55<\/strong>. <\/p>\n<\/p><\/div>\n<p> <!-- Caracter\u00edsticas --> <\/p>\n<div style='margin-bottom: 30px;'>\n<h3 style='font-size: 20px; border-bottom: 2px solid currentColor; padding-bottom: 5px; margin-top: 0; margin-bottom: 15px; color: inherit; opacity: 0.8;'>Caracter\u00edsticas:<\/h3>\n<ul style='padding-left: 20px; font-size: 15px; color: inherit; list-style-type: disc;'>\n<li style='margin-bottom: 8px;'>Dise\u00f1o resistente al agua y polvo con protecci\u00f3n IP55.<\/li>\n<li style='margin-bottom: 8px;'>Material industrial anti-UV.<\/li>\n<li style='margin-bottom: 8px;'>Para uso universal&comma; proporciona protecci\u00f3n desde el exterior.<\/li>\n<li style='margin-bottom: 8px;'>Para aplicaciones de pedestal sobre carretera es necesario usar base de concreto.<\/li>\n<\/ul><\/div>\n<p> <!-- Especificaciones --> <\/p>\n<div style='margin-bottom: 30px;'>\n<h3 style='font-size: 20px; border-bottom: 2px solid currentColor; padding-bottom: 5px; margin-top: 0; margin-bottom: 15px; color: inherit; opacity: 0.8;'>Especificaciones:<\/h3>\n<ul style='padding-left: 20px; font-size: 15px; color: inherit; list-style-type: disc;'>\n<li style='margin-bottom: 8px;'><strong style='font-weight: 600; color: inherit;'>Material:<\/strong> ABS.<\/li>\n<li style='margin-bottom: 8px;'><strong style='font-weight: 600; color: inherit;'>Dimensiones:<\/strong> 700*310 mm (H*D)<\/li>\n<li style='margin-bottom: 8px;'><strong style='font-weight: 600; color: inherit;'>Peso:<\/strong> 4.2 Kg<\/li>\n<\/ul><\/div>\n<p> <!-- Cajas compatibles --> <\/p>\n<div style='margin-bottom: 30px;'>\n<h3 style='font-size: 20px; border-bottom: 2px solid currentColor; padding-bottom: 5px; margin-top: 0; margin-bottom: 15px; color: inherit; opacity: 0.8;'>Cajas compatibles:<\/h3>\n<ul style='padding-left: 20px; font-size: 15px; color: inherit; list-style-type: disc;'>\n<li style='margin-bottom: 8px;'><a href='https:\/\/www.syscom.mx\/principal\/searchcont?route=LP-FAT08-LINKEDPRO-BY-EPCOM-218049&#038;autodetect=lpfat' target='_blank' rel='noopener' style='color: inherit; text-decoration: none; font-weight: 600;'>LP-FAT08<\/a><\/li>\n<li style='margin-bottom: 8px;'><a href='https:\/\/www.syscom.mx\/principal\/searchcont?route=LP-FAT16-LINKEDPRO-BY-EPCOM-218050&#038;autodetect=lpfat' target='_blank' rel='noopener' style='color: inherit; text-decoration: none; font-weight: 600;'>LP-FAT16<\/a><\/li>\n<li style='margin-bottom: 8px;'><a href='https:\/\/www.syscom.mx\/principal\/searchcont?route=GFS-8G-FIBERHOME-190606&#038;autodetect=gfs' target='_blank' rel='noopener' style='color: inherit; text-decoration: none; font-weight: 600;'>GFS-8G<\/a><\/li>\n<li style='margin-bottom: 8px;'><a href='https:\/\/www.syscom.mx\/principal\/searchcont?route=GFS-16G-FIBERHOME-187789&#038;autodetect=gfs' target='_blank' rel='noopener' style='color: inherit; text-decoration: none; font-weight: 600;'>GFS-16G<\/a><\/li>\n<li style='margin-bottom: 8px;'><a href='https:\/\/www.syscom.mx\/producto\/FDP-440A-FIBERHOME-177489.html' target='_blank' rel='noopener' style='color: inherit; text-decoration: none; font-weight: 600;'>FDP-440A<\/a><\/li>\n<\/ul><\/div>\n<p> <!-- Separador final --> <\/p>\n<hr style='border: 0; border-top: 1px solid rgba(150&comma; 150&comma; 150&comma; 0.3); margin: 30px 0;'> <\/div>\n","protected":false},"excerpt":{"rendered":"<p>Pedestal para Cajas de Empalme de Fibra ?ptica Cil?ndrico Color Verde con Bracket Est?ndar (No Incluye Caja de Empalme)<\/p>\n","protected":false},"featured_media":19587,"comment_status":"open","ping_status":"closed","template":"","meta":[],"product_brand":[],"product_cat":[621],"product_tag":[622,611,435],"class_list":{"0":"post-19588","1":"product","2":"type-product","3":"status-publish","4":"has-post-thumbnail","6":"product_cat-distribuidores-de-fibra-optica","7":"product_tag-distribuidores-de-fibra-optica","8":"product_tag-fibra-optica","9":"product_tag-linkedpro-by-epcom","11":"first","12":"instock","13":"sale","14":"shipping-taxable","15":"purchasable","16":"product-type-simple"},"_links":{"self":[{"href":"https:\/\/soydeaqui.ddns.net\/pachuca\/index.php\/wp-json\/wp\/v2\/product\/19588","targetHints":{"allow":["GET"]}}],"collection":[{"href":"https:\/\/soydeaqui.ddns.net\/pachuca\/index.php\/wp-json\/wp\/v2\/product"}],"about":[{"href":"https:\/\/soydeaqui.ddns.net\/pachuca\/index.php\/wp-json\/wp\/v2\/types\/product"}],"replies":[{"embeddable":true,"href":"https:\/\/soydeaqui.ddns.net\/pachuca\/index.php\/wp-json\/wp\/v2\/comments?post=19588"}],"wp:featuredmedia":[{"embeddable":true,"href":"https:\/\/soydeaqui.ddns.net\/pachuca\/index.php\/wp-json\/wp\/v2\/media\/19587"}],"wp:attachment":[{"href":"https:\/\/soydeaqui.ddns.net\/pachuca\/index.php\/wp-json\/wp\/v2\/media?parent=19588"}],"wp:term":[{"taxonomy":"product_brand","embeddable":true,"href":"https:\/\/soydeaqui.ddns.net\/pachuca\/index.php\/wp-json\/wp\/v2\/product_brand?post=19588"},{"taxonomy":"product_cat","embeddable":true,"href":"https:\/\/soydeaqui.ddns.net\/pachuca\/index.php\/wp-json\/wp\/v2\/product_cat?post=19588"},{"taxonomy":"product_tag","embeddable":true,"href":"https:\/\/soydeaqui.ddns.net\/pachuca\/index.php\/wp-json\/wp\/v2\/product_tag?post=19588"}],"curies":[{"name":"wp","href":"https:\/\/api.w.org\/{rel}","templated":true}]}}