{"id":19581,"date":"2026-03-18T10:05:48","date_gmt":"2026-03-18T10:05:48","guid":{"rendered":"https:\/\/soydeaqui.ddns.net\/pachuca\/index.php\/producto\/lbp-lclc5l-10aq-jumper-blade-patch-duplex-xglo-rfp-om3-aqua-ofnr-10-metros-32-81-pies\/"},"modified":"2026-03-18T10:05:49","modified_gmt":"2026-03-18T10:05:49","slug":"lbp-lclc5l-10aq-jumper-blade-patch-duplex-xglo-rfp-om3-aqua-ofnr-10-metros-32-81-pies","status":"publish","type":"product","link":"https:\/\/soydeaqui.ddns.net\/pachuca\/index.php\/producto\/lbp-lclc5l-10aq-jumper-blade-patch-duplex-xglo-rfp-om3-aqua-ofnr-10-metros-32-81-pies\/","title":{"rendered":"(LBP-LCLC5L-10AQ) Jumper Blade Patch Duplex Xglo RFP OM3 Aqua OFNR 10 Metros (32.81 Pies)"},"content":{"rendered":"<div style='width: 100%; max-width: 1200px; margin: 0 auto; font-family: sans-serif; line-height: 1.6; color: inherit; background-color: transparent;'> <!-- Secci\u00f3n de caracter\u00edsticas principales --> <\/p>\n<div style='display: flex; flex-wrap: wrap; gap: 30px; margin-bottom: 30px;'>\n<div style='flex: 1 1 300px; min-width: 280px;'>\n<h3 style='font-size: 22px; border-bottom: 2px solid currentColor; padding-bottom: 5px; margin-top: 0; color: inherit; opacity: 0.8;'>Caracter\u00edsticas Principales<\/h3>\n<ul style='padding-left: 20px; font-size: 15px; color: inherit;'>\n<li style='margin-bottom: 5px;'>Cord\u00f3n de parcheo de fibra de polaridad reversible de alta densidad<\/li>\n<li style='margin-bottom: 5px;'>Tecnolog\u00eda UniClick\u2122 con bota de una pieza y interruptor integrado<\/li>\n<li style='margin-bottom: 5px;'>Dise\u00f1o de cable unitubo de menor di\u00e1metro<\/li>\n<li style='margin-bottom: 5px;'>Tecnolog\u00eda de bota de presi\u00f3n-halado (push-pull)<\/li>\n<li style='margin-bottom: 5px;'>Fibra multimodo OM3 y monomodo OS1\/OS2<\/li>\n<li style='margin-bottom: 5px;'>Cumple con RoHS<\/li>\n<\/ul><\/div>\n<\/p><\/div>\n<p> <!-- Secci\u00f3n de especificaciones t\u00e9cnicas --> <\/p>\n<div style='display: flex; flex-wrap: wrap; gap: 20px; margin-bottom: 30px;'>\n<div style='flex: 1 1 250px; border: 1px solid rgba(150&comma; 150&comma; 150&comma; 0.4); border-radius: 8px; overflow: hidden; display: flex; flex-direction: column;'>\n<div style='padding: 15px; border-bottom: 1px solid rgba(150&comma; 150&comma; 150&comma; 0.2); font-weight: bold; font-size: 18px; color: inherit;'>Especificaciones T\u00e9cnicas<\/div>\n<div style='padding: 15px; color: inherit;'>\n<ul style='padding-left: 20px; margin: 0; font-size: 14px; list-style-type: disc;'>\n<li style='margin-bottom: 5px;'><strong>Est\u00e1ndares:<\/strong> ISO\/IEC 11801-1&comma; ANSI\/TIA 568.3-D&comma; TIA-604-10&comma; IEC 61754-20&comma; Telcordia GR-326-CORE edici\u00f3n 4<\/li>\n<li style='margin-bottom: 5px;'><strong>Tipo de fibra:<\/strong> Multimodo OM3 (50\/125\u00b5m) seg\u00fan TIA\/EIA-492AAAC<\/li>\n<li style='margin-bottom: 5px;'><strong>P\u00e9rdida de inserci\u00f3n:<\/strong> M\u00e1x. 0.15 dB (0.10 dB t\u00edpico)<\/li>\n<li style='margin-bottom: 5px;'><strong>P\u00e9rdida de retorno:<\/strong> M\u00edn. 30 dB (35 dB t\u00edpico)<\/li>\n<li style='margin-bottom: 5px;'><strong>Longitud:<\/strong> 10 metros<\/li>\n<li style='margin-bottom: 5px;'><strong>Color de cubierta:<\/strong> Aguamarina (OM3)<\/li>\n<li style='margin-bottom: 5px;'><strong>Clasificaci\u00f3n de cubierta:<\/strong> OFNR (Riser)<\/li>\n<\/ul><\/div>\n<\/p><\/div>\n<p> <!-- Secci\u00f3n de desempe\u00f1o \u00f3ptico --> <\/p>\n<div style='flex: 1 1 250px; border: 1px solid rgba(150&comma; 150&comma; 150&comma; 0.4); border-radius: 8px; overflow: hidden; display: flex; flex-direction: column;'>\n<div style='padding: 15px; border-bottom: 1px solid rgba(150&comma; 150&comma; 150&comma; 0.2); font-weight: bold; font-size: 18px; color: inherit;'>Desempe\u00f1o \u00d3ptico<\/div>\n<div style='padding: 15px; color: inherit;'>\n<ul style='padding-left: 20px; margin: 0; font-size: 14px; list-style-type: disc;'>\n<li style='margin-bottom: 5px;'><strong>Longitud de onda:<\/strong> 850 nm<\/li>\n<li style='margin-bottom: 5px;'><strong>Ancho de banda m\u00ednimo:<\/strong> 1500 MHz\u2022km (OFL)<\/li>\n<li style='margin-bottom: 5px;'><strong>Polaridad:<\/strong> RFP (Reverse Fiber Position)<\/li>\n<li style='margin-bottom: 5px;'><strong>Compatibilidad:<\/strong> Interfaz LC est\u00e1ndar<\/li>\n<li style='margin-bottom: 5px;'><strong>Conectores:<\/strong> UPC (Terminaci\u00f3n de precisi\u00f3n)<\/li>\n<\/ul><\/div>\n<\/p><\/div>\n<p> <!-- Secci\u00f3n de dise\u00f1o --> <\/p>\n<div style='flex: 1 1 250px; border: 1px solid rgba(150&comma; 150&comma; 150&comma; 0.4); border-radius: 8px; overflow: hidden; display: flex; flex-direction: column;'>\n<div style='padding: 15px; border-bottom: 1px solid rgba(150&comma; 150&comma; 150&comma; 0.2); font-weight: bold; font-size: 18px; color: inherit;'>Dise\u00f1o y Construcci\u00f3n<\/div>\n<div style='padding: 15px; color: inherit;'>\n<ul style='padding-left: 20px; margin: 0; font-size: 14px; list-style-type: disc;'>\n<li style='margin-bottom: 5px;'>Bota de presi\u00f3n-halado (push-pull) para f\u00e1cil acceso<\/li>\n<li style='margin-bottom: 5px;'>Dise\u00f1o de bota (tubo) de bajo perfil<\/li>\n<li style='margin-bottom: 5px;'>Fibra insensible a la flexi\u00f3n<\/li>\n<li style='margin-bottom: 5px;'>Dise\u00f1o optimizado para alta densidad<\/li>\n<li style='margin-bottom: 5px;'>Cable d\u00faplex unitubo de menor di\u00e1metro<\/li>\n<\/ul><\/div>\n<\/p><\/div>\n<\/p><\/div>\n<p> <!-- Secci\u00f3n de aplicaciones --> <\/p>\n<div style='display: flex; flex-wrap: wrap; gap: 30px; margin-bottom: 30px;'>\n<div style='flex: 1 1 300px; min-width: 280px;'>\n<h3 style='font-size: 22px; border-bottom: 2px solid currentColor; padding-bottom: 5px; margin-top: 0; color: inherit; opacity: 0.8;'>Aplicaciones<\/h3>\n<ul style='padding-left: 20px; font-size: 15px; color: inherit;'>\n<li style='margin-bottom: 5px;'>Parcheo de servidores blade de alta densidad<\/li>\n<li style='margin-bottom: 5px;'>Conexiones en paneles de parcheo<\/li>\n<li style='margin-bottom: 5px;'>Equipos de redes de alta velocidad<\/li>\n<li style='margin-bottom: 5px;'>Centros de datos de alta densidad<\/li>\n<li style='margin-bottom: 5px;'>Mejora del flujo de aire en racks<\/li>\n<\/ul><\/div>\n<\/p><\/div>\n<p> <!-- Separador --> <\/p>\n<hr style='border: 0; border-top: 1px solid rgba(150&comma; 150&comma; 150&comma; 0.3); margin: 30px 0;'> <!-- Secci\u00f3n de informaci\u00f3n para pedidos --> <\/p>\n<div style='display: flex; flex-wrap: wrap; gap: 30px; margin-bottom: 30px;'>\n<div style='flex: 1 1 300px; min-width: 280px;'>\n<h3 style='font-size: 22px; border-bottom: 2px solid currentColor; padding-bottom: 5px; margin-top: 0; color: inherit; opacity: 0.8;'>Informaci\u00f3n para Pedidos<\/h3>\n<ul style='padding-left: 20px; font-size: 15px; color: inherit;'>\n<li style='margin-bottom: 5px;'><strong>Referencia:<\/strong> LBP-LCLC5L-10AQ<\/li>\n<li style='margin-bottom: 5px;'><strong>Descripci\u00f3n:<\/strong> JUMPER BLADE PATCH DUPLEX XGLO RFP OM3 AQUA OFNR 10M<\/li>\n<li style='margin-bottom: 5px;'><strong>Embalaje:<\/strong> Unidad individual<\/li>\n<li style='margin-bottom: 5px;'><strong>Tipo de conector:<\/strong> LC d\u00faplex<\/li>\n<li style='margin-bottom: 5px;'><strong>Color de conectores:<\/strong> Aguamarina (OM3)<\/li>\n<\/ul><\/div>\n<\/p><\/div>\n<\/p><\/div>\n","protected":false},"excerpt":{"rendered":"<p>(LBP-LCLC5L-10AQ) Jumper Blade Patch Duplex Xglo RFP OM3 Aqua OFNR 10 Metros (32.81 Pies)<\/p>\n","protected":false},"featured_media":32,"comment_status":"open","ping_status":"closed","template":"","meta":[],"product_brand":[],"product_cat":[617],"product_tag":[611,618,600],"class_list":{"0":"post-19581","1":"product","2":"type-product","3":"status-publish","4":"has-post-thumbnail","6":"product_cat-jumpers-y-pigtails","7":"product_tag-fibra-optica","8":"product_tag-jumpers-y-pigtails","9":"product_tag-siemon","11":"first","12":"outofstock","13":"sale","14":"shipping-taxable","15":"purchasable","16":"product-type-simple"},"_links":{"self":[{"href":"https:\/\/soydeaqui.ddns.net\/pachuca\/index.php\/wp-json\/wp\/v2\/product\/19581","targetHints":{"allow":["GET"]}}],"collection":[{"href":"https:\/\/soydeaqui.ddns.net\/pachuca\/index.php\/wp-json\/wp\/v2\/product"}],"about":[{"href":"https:\/\/soydeaqui.ddns.net\/pachuca\/index.php\/wp-json\/wp\/v2\/types\/product"}],"replies":[{"embeddable":true,"href":"https:\/\/soydeaqui.ddns.net\/pachuca\/index.php\/wp-json\/wp\/v2\/comments?post=19581"}],"wp:featuredmedia":[{"embeddable":true,"href":"https:\/\/soydeaqui.ddns.net\/pachuca\/index.php\/wp-json\/wp\/v2\/media\/32"}],"wp:attachment":[{"href":"https:\/\/soydeaqui.ddns.net\/pachuca\/index.php\/wp-json\/wp\/v2\/media?parent=19581"}],"wp:term":[{"taxonomy":"product_brand","embeddable":true,"href":"https:\/\/soydeaqui.ddns.net\/pachuca\/index.php\/wp-json\/wp\/v2\/product_brand?post=19581"},{"taxonomy":"product_cat","embeddable":true,"href":"https:\/\/soydeaqui.ddns.net\/pachuca\/index.php\/wp-json\/wp\/v2\/product_cat?post=19581"},{"taxonomy":"product_tag","embeddable":true,"href":"https:\/\/soydeaqui.ddns.net\/pachuca\/index.php\/wp-json\/wp\/v2\/product_tag?post=19581"}],"curies":[{"name":"wp","href":"https:\/\/api.w.org\/{rel}","templated":true}]}}