{"id":19483,"date":"2026-03-18T10:03:52","date_gmt":"2026-03-18T10:03:52","guid":{"rendered":"https:\/\/soydeaqui.ddns.net\/pachuca\/index.php\/producto\/placa-acopladora-lightverse-6-conectores-dplex-lc-upc-acepta-hasta-12-fibras-multimodo-om3-y-om4-no-shuttered\/"},"modified":"2026-03-18T10:03:58","modified_gmt":"2026-03-18T10:03:58","slug":"placa-acopladora-lightverse-6-conectores-dplex-lc-upc-acepta-hasta-12-fibras-multimodo-om3-y-om4-no-shuttered","status":"publish","type":"product","link":"https:\/\/soydeaqui.ddns.net\/pachuca\/index.php\/producto\/placa-acopladora-lightverse-6-conectores-dplex-lc-upc-acepta-hasta-12-fibras-multimodo-om3-y-om4-no-shuttered\/","title":{"rendered":"Placa Acopladora LightVerse, 6 Conectores D?plex LC\/UPC, Acepta hasta 12 Fibras Multimodo OM3 y OM4 (No Shuttered)"},"content":{"rendered":"<div style='width: 100%; max-width: 1200px; margin: 0 auto; font-family: sans-serif; line-height: 1.6; color: inherit; background-color: transparent;'> <!-- Secci\u00f3n de descripci\u00f3n --> <\/p>\n<div style='margin-bottom: 30px; font-size: 15px;'>\n<p>Las placas adaptadoras <strong>LightVerse<\/strong> proporcionan conexiones de fibra de paso de alto rendimiento en un espacio compacto. Disponibles en opciones de fibra monomodo y multimodo y varios tipos de conectores&comma; las placas adaptadoras LightVerse permiten a los usuarios mezclar y combinar sin problemas diferentes tipos seg\u00fan sea necesario para satisfacer sus necesidades de aplicaci\u00f3n \u00fanicas. El pestillo integrado permite una f\u00e1cil instalaci\u00f3n y extracci\u00f3n con una sola mano&comma; lo que permite a los usuarios trabajar de manera eficiente incluso en los entornos m\u00e1s densos.<\/p>\n<p><strong>Compatible con Paneles de Fibra \u00f3ptica LightVerse Core&comma; Plus y Pro<\/strong><\/p>\n<\/p><\/div>\n<p> <!-- Secci\u00f3n de caracter\u00edsticas principales --> <\/p>\n<div style='display: flex; flex-wrap: wrap; gap: 30px; margin-bottom: 30px;'>\n<div style='flex: 1 1 300px; min-width: 280px;'>\n<h3 style='font-size: 22px; border-bottom: 2px solid currentColor; padding-bottom: 5px; margin-top: 0; color: inherit; opacity: 0.8;'>Caracter\u00edsticas Principales<\/h3>\n<ul style='padding-left: 20px; font-size: 15px; color: inherit;'>\n<li style='margin-bottom: 5px;'>Conexiones de fibra \u00f3ptica de paso de alto rendimiento<\/li>\n<li style='margin-bottom: 5px;'>Opciones de fibra monomodo y multimodo disponibles<\/li>\n<li style='margin-bottom: 5px;'>Varios tipos de conectores disponibles<\/li>\n<li style='margin-bottom: 5px;'>Pestillo integrado para instalaci\u00f3n con una mano<\/li>\n<li style='margin-bottom: 5px;'>Compatibilidad con paneles Lightverse Core&comma; Plus y Pro<\/li>\n<\/ul><\/div>\n<\/p><\/div>\n<p> <!-- Secci\u00f3n de especificaciones t\u00e9cnicas --> <\/p>\n<div style='display: flex; flex-wrap: wrap; gap: 20px; margin-bottom: 30px;'>\n<div style='flex: 1 1 250px; border: 1px solid rgba(150&comma; 150&comma; 150&comma; 0.4); border-radius: 8px; overflow: hidden; display: flex; flex-direction: column;'>\n<div style='padding: 15px; border-bottom: 1px solid rgba(150&comma; 150&comma; 150&comma; 0.2); font-weight: bold; font-size: 18px; color: inherit;'>Especificaciones T\u00e9cnicas<\/div>\n<div style='padding: 15px; color: inherit;'>\n<ul style='padding-left: 20px; margin: 0; font-size: 14px; list-style-type: disc;'>\n<li style='margin-bottom: 5px;'><strong>Modelo:<\/strong> LVA12LCQBCA<\/li>\n<li style='margin-bottom: 5px;'><strong>Conectores:<\/strong> 6 Conectores D\u00faplex LC\/UPC<\/li>\n<li style='margin-bottom: 5px;'><strong>Tipo de fibra:<\/strong> Multimodo OM3 y OM4<\/li>\n<li style='margin-bottom: 5px;'><strong>Cantidad de fibras:<\/strong> Hasta 12 fibras<\/li>\n<li style='margin-bottom: 5px;'><strong>Configuraci\u00f3n:<\/strong> No Shuttered (sin obturador)<\/li>\n<li style='margin-bottom: 5px;'><strong>Colores disponibles:<\/strong> Beige&comma; Azul&comma; Erika Violet&comma; Aqua&comma; Verde&comma; Negro<\/li>\n<\/ul><\/div>\n<\/p><\/div>\n<p> <!-- Secci\u00f3n de opciones adicionales --> <\/p>\n<div style='flex: 1 1 250px; border: 1px solid rgba(150&comma; 150&comma; 150&comma; 0.4); border-radius: 8px; overflow: hidden; display: flex; flex-direction: column;'>\n<div style='padding: 15px; border-bottom: 1px solid rgba(150&comma; 150&comma; 150&comma; 0.2); font-weight: bold; font-size: 18px; color: inherit;'>Opciones Disponibles<\/div>\n<div style='padding: 15px; color: inherit;'>\n<ul style='padding-left: 20px; margin: 0; font-size: 14px; list-style-type: disc;'>\n<li style='margin-bottom: 5px;'><strong>Tipos de conectores:<\/strong> LC&comma; MTP&comma; SC&comma; ST&comma; APC FC<\/li>\n<li style='margin-bottom: 5px;'><strong>Cuentas de fibra:<\/strong> 6&comma; 8&comma; 12&comma; 16 y 24 fibras<\/li>\n<li style='margin-bottom: 5px;'><strong>Configuraciones:<\/strong> Shuttered y Non-shuttered<\/li>\n<li style='margin-bottom: 5px;'><strong>Colores:<\/strong> Beige&comma; Blue&comma; Erika Violet&comma; Aqua&comma; Green&comma; Black<\/li>\n<\/ul><\/div>\n<\/p><\/div>\n<p> <!-- Secci\u00f3n de facilidad de instalaci\u00f3n --> <\/p>\n<div style='flex: 1 1 250px; border: 1px solid rgba(150&comma; 150&comma; 150&comma; 0.4); border-radius: 8px; overflow: hidden; display: flex; flex-direction: column;'>\n<div style='padding: 15px; border-bottom: 1px solid rgba(150&comma; 150&comma; 150&comma; 0.2); font-weight: bold; font-size: 18px; color: inherit;'>Facilidad de Instalaci\u00f3n<\/div>\n<div style='padding: 15px; color: inherit;'>\n<ul style='padding-left: 20px; margin: 0; font-size: 14px; list-style-type: disc;'>\n<li style='margin-bottom: 5px;'>Pestillo integrado para instalaci\u00f3n y extracci\u00f3n con una sola mano<\/li>\n<li style='margin-bottom: 5px;'>Dise\u00f1o que permite acceso y manejo desde front y rear<\/li>\n<li style='margin-bottom: 5px;'>M\u00e1xima flexibilidad en entornos densos<\/li>\n<\/ul><\/div>\n<\/p><\/div>\n<\/p><\/div>\n<p> <!-- Separador --> <\/p>\n<hr style='border: 0; border-top: 1px solid rgba(150&comma; 150&comma; 150&comma; 0.3); margin: 30px 0;'> <\/div>\n","protected":false},"excerpt":{"rendered":"<p>Placa Acopladora LightVerse, 6 Conectores D?plex LC\/UPC, Acepta hasta 12 Fibras Multimodo OM3 y OM4 (No Shuttered)<\/p>\n","protected":false},"featured_media":19482,"comment_status":"open","ping_status":"closed","template":"","meta":[],"product_brand":[],"product_cat":[621],"product_tag":[622,611,600],"class_list":{"0":"post-19483","1":"product","2":"type-product","3":"status-publish","4":"has-post-thumbnail","6":"product_cat-distribuidores-de-fibra-optica","7":"product_tag-distribuidores-de-fibra-optica","8":"product_tag-fibra-optica","9":"product_tag-siemon","11":"first","12":"instock","13":"sale","14":"shipping-taxable","15":"purchasable","16":"product-type-simple"},"_links":{"self":[{"href":"https:\/\/soydeaqui.ddns.net\/pachuca\/index.php\/wp-json\/wp\/v2\/product\/19483","targetHints":{"allow":["GET"]}}],"collection":[{"href":"https:\/\/soydeaqui.ddns.net\/pachuca\/index.php\/wp-json\/wp\/v2\/product"}],"about":[{"href":"https:\/\/soydeaqui.ddns.net\/pachuca\/index.php\/wp-json\/wp\/v2\/types\/product"}],"replies":[{"embeddable":true,"href":"https:\/\/soydeaqui.ddns.net\/pachuca\/index.php\/wp-json\/wp\/v2\/comments?post=19483"}],"wp:featuredmedia":[{"embeddable":true,"href":"https:\/\/soydeaqui.ddns.net\/pachuca\/index.php\/wp-json\/wp\/v2\/media\/19482"}],"wp:attachment":[{"href":"https:\/\/soydeaqui.ddns.net\/pachuca\/index.php\/wp-json\/wp\/v2\/media?parent=19483"}],"wp:term":[{"taxonomy":"product_brand","embeddable":true,"href":"https:\/\/soydeaqui.ddns.net\/pachuca\/index.php\/wp-json\/wp\/v2\/product_brand?post=19483"},{"taxonomy":"product_cat","embeddable":true,"href":"https:\/\/soydeaqui.ddns.net\/pachuca\/index.php\/wp-json\/wp\/v2\/product_cat?post=19483"},{"taxonomy":"product_tag","embeddable":true,"href":"https:\/\/soydeaqui.ddns.net\/pachuca\/index.php\/wp-json\/wp\/v2\/product_tag?post=19483"}],"curies":[{"name":"wp","href":"https:\/\/api.w.org\/{rel}","templated":true}]}}