{"id":1948,"date":"2026-03-18T05:51:38","date_gmt":"2026-03-18T05:51:38","guid":{"rendered":"https:\/\/soydeaqui.ddns.net\/pachuca\/index.php\/producto\/altavoz-de-pared-de-2-vias-woofer-4in-1-5in-70-100v-y-8-ohms-1-25w-2-5w-5w-10w-20w-86db-de-sensibilidad-a-prueba-de-humedad-compatible-con-sistemas-de-alta-y-baja-impedancia\/"},"modified":"2026-03-18T05:51:40","modified_gmt":"2026-03-18T05:51:40","slug":"altavoz-de-pared-de-2-vias-woofer-4in-1-5in-70-100v-y-8-ohms-1-25w-2-5w-5w-10w-20w-86db-de-sensibilidad-a-prueba-de-humedad-compatible-con-sistemas-de-alta-y-baja-impedancia","status":"publish","type":"product","link":"https:\/\/soydeaqui.ddns.net\/pachuca\/index.php\/producto\/altavoz-de-pared-de-2-vias-woofer-4in-1-5in-70-100v-y-8-ohms-1-25w-2-5w-5w-10w-20w-86db-de-sensibilidad-a-prueba-de-humedad-compatible-con-sistemas-de-alta-y-baja-impedancia\/","title":{"rendered":"Altavoz de Pared de 2 v\u00edas | Woofer 4in + 1.5in  |\u00a070\/100V y 8 ohms | 1.25W-2.5W-5W-10W-20W | 86dB de Sensibilidad |\u00a0A prueba de Humedad | Compatible con Sistemas de Alta y Baja Impedancia"},"content":{"rendered":"<div style='width: 100%; max-width: 1200px; margin: 0 auto; font-family: sans-serif; line-height: 1.6; color: inherit; background-color: transparent;'> <!-- Imagen logo --> <\/p>\n<div style='text-align: center; margin: 30px 0;'> <img style='width: 40%; height: auto; border: 1px solid rgba(150&comma;150&comma;150&comma;0.3); border-radius: 8px;' src='https:\/\/ftp3.syscom.mx\/usuarios\/luis.vargas\/EpcomProAudio\/epcom_proaudio.png' alt='Logo Epcom Proaudio'> <\/div>\n<hr style='border: 0; border-top: 1px solid rgba(150&comma; 150&comma; 150&comma; 0.3); margin: 30px 0;'> <!-- Caracter\u00edsticas --> <\/p>\n<div style='display: flex; flex-wrap: wrap; gap: 20px; margin-bottom: 30px;'>\n<div style='flex: 1 1 300px; min-width: 250px;'>\n<div style='border: 1px solid rgba(150&comma; 150&comma; 150&comma; 0.4); border-radius: 8px; overflow: hidden; display: flex; flex-direction: column;'>\n<div style='padding: 15px; border-bottom: 1px solid rgba(150&comma; 150&comma; 150&comma; 0.2); font-weight: bold; font-size: 18px; color: inherit;'>Taps y Entradas<\/div>\n<div style='padding: 15px; color: inherit;'>\n<ul style='padding-left: 20px; margin: 0; font-size: 14px; list-style-type: disc;'>\n<li style='margin-bottom: 5px;'>TAPS@100V: 2.5W&comma; 5W&comma; 10W&comma; 20W<\/li>\n<li style='margin-bottom: 5px;'>TAPS@70V: 1.25W&comma; 2.5W&comma; 5W&comma; 10W&comma; 20W<\/li>\n<li style='margin-bottom: 5px;'>Impedancia: 4K\u03a9 \/ 2K\u03a9 \/ 1K\u03a9 \/ 500\u03a9 \/ 250\u03a9<\/li>\n<li style='margin-bottom: 5px;'>Entradas: 70\/100V\/8\u03a9<\/li>\n<\/ul><\/div>\n<\/p><\/div>\n<\/p><\/div>\n<div style='flex: 1 1 300px; min-width: 250px;'>\n<div style='border: 1px solid rgba(150&comma; 150&comma; 150&comma; 0.4); border-radius: 8px; overflow: hidden; display: flex; flex-direction: column;'>\n<div style='padding: 15px; border-bottom: 1px solid rgba(150&comma; 150&comma; 150&comma; 0.2); font-weight: bold; font-size: 18px; color: inherit;'>Especificaciones<\/div>\n<div style='padding: 15px; color: inherit;'>\n<ul style='padding-left: 20px; margin: 0; font-size: 14px; list-style-type: disc;'>\n<li style='margin-bottom: 5px;'>Sensibilidad: 86dB SPL (1W\/1m)<\/li>\n<li style='margin-bottom: 5px;'>Respuesta de Frecuencia (-10dB): 120-18KHz<\/li>\n<li style='margin-bottom: 5px;'>Acabado: Baffle: ABS&comma; Parrilla: Metal<\/li>\n<li style='margin-bottom: 5px;'>Speaker Driver: 4&#8217;x1; 1.5&#8217;x1<\/li>\n<\/ul><\/div>\n<\/p><\/div>\n<\/p><\/div>\n<div style='flex: 1 1 300px; min-width: 250px;'>\n<div style='border: 1px solid rgba(150&comma; 150&comma; 150&comma; 0.4); border-radius: 8px; overflow: hidden; display: flex; flex-direction: column;'>\n<div style='padding: 15px; border-bottom: 1px solid rgba(150&comma; 150&comma; 150&comma; 0.2); font-weight: bold; font-size: 18px; color: inherit;'>Caracter\u00edsticas F\u00edsicas<\/div>\n<div style='padding: 15px; color: inherit;'>\n<ul style='padding-left: 20px; margin: 0; font-size: 14px; list-style-type: disc;'>\n<li style='margin-bottom: 5px;'>A Prueba de Humedad<\/li>\n<li style='margin-bottom: 5px;'>Dimensiones: 260 x 170 x 170mm<\/li>\n<li style='margin-bottom: 5px;'>Peso: 2.3Kg<\/li>\n<li style='margin-bottom: 5px;'>Montaje: Soporte fijado por tornillo<\/li>\n<\/ul><\/div>\n<\/p><\/div>\n<\/p><\/div>\n<\/p><\/div>\n<hr style='border: 0; border-top: 1px solid rgba(150&comma; 150&comma; 150&comma; 0.3); margin: 30px 0;'> <!-- Contenido principal --> <\/p>\n<div style='display: flex; flex-wrap: wrap; gap: 30px; margin-bottom: 30px;'>\n<div style='flex: 1 1 300px; min-width: 280px;'> <img style='width: 100%; height: auto; border: 1px solid rgba(150&comma;150&comma;150&comma;0.3); border-radius: 8px;' src='https:\/\/ftp3.syscom.mx\/usuarios\/luis.vargas\/EpcomProAudio\/SF774\/SF774H_1.png' alt='Altavoz SF774H'> <\/div>\n<div style='flex: 2 1 400px; min-width: 300px;'>\n<h3 style='font-size: 22px; border-bottom: 2px solid currentColor; padding-bottom: 5px; margin-top: 0; color: inherit; opacity: 0.8;'>Altavoz de Montaje en Pared<\/h3>\n<p style='font-size: 15px; color: inherit;'>El SF-774H es un altavoz de montaje en pared integrado con transformador de 70v \/ 100v. La t\u00e9cnica del transformador 70v \/ 100v reduce las p\u00e9rdidas de l\u00ednea en distancias m\u00e1s largas y permite una f\u00e1cil conexi\u00f3n en paralelo de varios altavoces.<\/p>\n<p style='font-size: 15px; color: inherit;'>El controlador de altavoz de dos v\u00edas integrado de 4 &#8216;+1.5&#8217; est\u00e1 dise\u00f1ado para una amplia respuesta de frecuencia de 120-18kHz&comma; las m\u00faltiples tomas de corriente de 2.5W&comma; 5W&comma; 10W y 20W son \u00fatiles para diferentes aplicaciones que var\u00edan seg\u00fan el tama\u00f1o de la habitaci\u00f3n y el ruido ambiental.<\/p>\n<\/p><\/div>\n<\/p><\/div>\n<p> <!-- Informaci\u00f3n adicional --> <\/p>\n<div style='display: flex; flex-wrap: wrap; gap: 30px; margin-bottom: 30px;'>\n<div style='flex: 2 1 400px; min-width: 300px;'>\n<p style='font-size: 15px; color: inherit;'>La rejilla de metal&comma; la caja de ABS y el soporte de montaje de acero inoxidable son de color negro. Instalaci\u00f3n de montaje en pared f\u00e1cil y segura a trav\u00e9s del soporte de montaje suministrado.<\/p>\n<p style='font-size: 15px; color: inherit;'>Es la opci\u00f3n ideal para aplicaciones industriales y comerciales en hoteles&comma; escuelas&comma; oficinas y f\u00e1bricas donde se necesita m\u00fasica de fondo y buscapersonas.<\/p>\n<\/p><\/div>\n<div style='flex: 1 1 300px; min-width: 280px;'> <img style='width: 100%; height: auto; border: 1px solid rgba(150&comma;150&comma;150&comma;0.3); border-radius: 8px;' src='https:\/\/ftp3.syscom.mx\/usuarios\/luis.vargas\/EpcomProAudio\/SF774\/SF774H_3.png' alt='Altavoz SF774H'> <\/div>\n<\/p><\/div>\n<hr style='border: 0; border-top: 1px solid rgba(150&comma; 150&comma; 150&comma; 0.3); margin: 30px 0;'> <!-- Videos --> <\/p>\n<h3 style='font-size: 22px; border-bottom: 2px solid currentColor; padding-bottom: 5px; margin-top: 0; color: inherit; opacity: 0.8; margin-bottom: 20px;'>VIDEOS<\/h3>\n<div style='display: grid; grid-template-columns: repeat(auto-fill&comma; minmax(300px&comma; 1fr)); gap: 20px; margin-bottom: 30px;'>\n<div style='position: relative; padding-bottom: 56.25%; height: 0; overflow: hidden;'>   <\/div>\n<div style='position: relative; padding-bottom: 56.25%; height: 0; overflow: hidden;'>   <\/div>\n<div style='position: relative; padding-bottom: 56.25%; height: 0; overflow: hidden;'>   <\/div>\n<\/p><\/div>\n<\/p><\/div>\n","protected":false},"excerpt":{"rendered":"<p>Altavoz de Pared de 2 v\u00edas | Woofer 4in + 1.5in  |\u00a070\/100V y 8 ohms | 1.25W-2.5W-5W-10W-20W | 86dB de Sensibilidad |\u00a0A prueba de Humedad | Compatible con Sistemas de Alta y Baja Impedancia<\/p>\n","protected":false},"featured_media":1947,"comment_status":"open","ping_status":"closed","template":"","meta":[],"product_brand":[],"product_cat":[108],"product_tag":[110,109],"class_list":{"0":"post-1948","1":"product","2":"type-product","3":"status-publish","4":"has-post-thumbnail","6":"product_cat-epcom-proaudio","7":"product_tag-epcom-proaudio","8":"product_tag-megafonia-y-audioevacuacion","10":"first","11":"instock","12":"sale","13":"shipping-taxable","14":"purchasable","15":"product-type-simple"},"_links":{"self":[{"href":"https:\/\/soydeaqui.ddns.net\/pachuca\/index.php\/wp-json\/wp\/v2\/product\/1948","targetHints":{"allow":["GET"]}}],"collection":[{"href":"https:\/\/soydeaqui.ddns.net\/pachuca\/index.php\/wp-json\/wp\/v2\/product"}],"about":[{"href":"https:\/\/soydeaqui.ddns.net\/pachuca\/index.php\/wp-json\/wp\/v2\/types\/product"}],"replies":[{"embeddable":true,"href":"https:\/\/soydeaqui.ddns.net\/pachuca\/index.php\/wp-json\/wp\/v2\/comments?post=1948"}],"wp:featuredmedia":[{"embeddable":true,"href":"https:\/\/soydeaqui.ddns.net\/pachuca\/index.php\/wp-json\/wp\/v2\/media\/1947"}],"wp:attachment":[{"href":"https:\/\/soydeaqui.ddns.net\/pachuca\/index.php\/wp-json\/wp\/v2\/media?parent=1948"}],"wp:term":[{"taxonomy":"product_brand","embeddable":true,"href":"https:\/\/soydeaqui.ddns.net\/pachuca\/index.php\/wp-json\/wp\/v2\/product_brand?post=1948"},{"taxonomy":"product_cat","embeddable":true,"href":"https:\/\/soydeaqui.ddns.net\/pachuca\/index.php\/wp-json\/wp\/v2\/product_cat?post=1948"},{"taxonomy":"product_tag","embeddable":true,"href":"https:\/\/soydeaqui.ddns.net\/pachuca\/index.php\/wp-json\/wp\/v2\/product_tag?post=1948"}],"curies":[{"name":"wp","href":"https:\/\/api.w.org\/{rel}","templated":true}]}}