{"id":1938,"date":"2026-03-18T05:51:33","date_gmt":"2026-03-18T05:51:33","guid":{"rendered":"https:\/\/soydeaqui.ddns.net\/pachuca\/index.php\/producto\/kit-transmisor-receptor-inalambrico-para-klt110-1-km-linea-de-vista-multi-punto-soporta-10-equipos\/"},"modified":"2026-03-18T05:51:36","modified_gmt":"2026-03-18T05:51:36","slug":"kit-transmisor-receptor-inalambrico-para-klt110-1-km-linea-de-vista-multi-punto-soporta-10-equipos","status":"publish","type":"product","link":"https:\/\/soydeaqui.ddns.net\/pachuca\/index.php\/producto\/kit-transmisor-receptor-inalambrico-para-klt110-1-km-linea-de-vista-multi-punto-soporta-10-equipos\/","title":{"rendered":"KIT Transmisor \/ Receptor Inal\u00e1mbrico para KLT110 \/ 1 KM Linea de Vista \/ Multi-Punto Soporta 10 Equipos"},"content":{"rendered":"<div style='width: 100%; max-width: 1200px; margin: 0 auto; font-family: sans-serif; line-height: 1.6; color: inherit; background-color: transparent;'> <!-- Imagen principal --> <\/p>\n<div style='margin-bottom: 30px;'> <img style='width: 100%; height: auto; border: 1px solid rgba(150&comma;150&comma;150&comma;0.3); border-radius: 8px;' src='https:\/\/ftp3.syscom.mx\/usuarios\/vvega\/yonusa\/equipos\/kl110\/kl110%20Encabezado%20Nombres.jpg' alt=''> <\/div>\n<p> <!-- Descripci\u00f3n general --> <\/p>\n<div style='margin-bottom: 30px; font-size: 15px;'>\n<p>Este dispositivo inal\u00e1mbrico es un controlador a distancia de relevadores de contacto seco.<\/p>\n<p>Reemplaza el cableado en un sistema nuevo o existente de relevadores. Ideal para el control de dispositivos de alto voltaje como motores&comma; reflectores&comma; aire acondicionado&comma; calentador de agua o se\u00f1ales de control como un panel de alarma ya que el receptor entrega una salida de relevador a contacto seco.<\/p>\n<p>El equipo consta de dos m\u00f3dulos&comma; cada uno con un transceptor RF y cuenta con una seguridad de cifrado.<\/p>\n<\/p><\/div>\n<p> <!-- Secci\u00f3n de caracter\u00edsticas con grid --> <\/p>\n<div style='display: grid; grid-template-columns: repeat(auto-fill&comma; minmax(280px&comma; 1fr)); gap: 30px; margin-bottom: 30px;'> <!-- Funcionalidad --> <\/p>\n<div style='border: 1px solid rgba(150&comma; 150&comma; 150&comma; 0.4); border-radius: 8px; overflow: hidden;'>\n<div style='padding: 15px; border-bottom: 1px solid rgba(150&comma; 150&comma; 150&comma; 0.2); font-weight: bold; font-size: 18px; color: inherit; background-color: rgba(0&comma; 145&comma; 255&comma; 0.1);'>Funcionalidad<\/div>\n<div style='padding: 15px; color: inherit;'>\n<ul style='padding-left: 20px; margin: 0; font-size: 14px; list-style-type: disc;'>\n<li style='margin-bottom: 5px;'>Con <strong>1 KLT110<\/strong> puedes controlar hasta 10 <strong>KLR110<\/strong><\/li>\n<li style='margin-bottom: 5px;'>Evita tendidos largos de cableado&comma; tuber\u00eda y mano de obra extra en instalaciones.<\/li>\n<li style='margin-bottom: 5px;'>Dise\u00f1ar tu sistema de alarma vecinal inal\u00e1mbrico.<\/li>\n<li style='margin-bottom: 5px;'>Encender l\u00e1mparas o rel\u00e9ctores en distintos puntos al mismo tiempo (hasta 800 Watts).<\/li>\n<li style='margin-bottom: 5px;'>Encender motores el\u00e9ctricos a distancia de hasta 1 HP.<\/li>\n<li style='margin-bottom: 5px;'>Abrir portones o chapas el\u00e9ctricas en distintos puntos al mismo tiempo.<\/li>\n<li style='margin-bottom: 5px;'>Alimentaci\u00f3n por panel solar (Opcional)<\/li>\n<li style='margin-bottom: 5px;'>Compatibilidad con repetidor para mayor alcance.<\/li>\n<li style='margin-bottom: 5px;'>Selecci\u00f3n de modo pulsante o enclavado en la salida de relevador<\/li>\n<li style='margin-bottom: 5px;'>LED indicador de potencia de recepci\u00f3n<\/li>\n<\/ul><\/div>\n<\/p><\/div>\n<p> <!-- Caracter\u00edsticas F\u00edsicas y El\u00e9ctricas --> <\/p>\n<div style='border: 1px solid rgba(150&comma; 150&comma; 150&comma; 0.4); border-radius: 8px; overflow: hidden;'>\n<div style='padding: 15px; border-bottom: 1px solid rgba(150&comma; 150&comma; 150&comma; 0.2); font-weight: bold; font-size: 18px; color: inherit; background-color: rgba(0&comma; 145&comma; 255&comma; 0.1);'>Caracter\u00edsticas F\u00edsicas y El\u00e9ctricas<\/div>\n<div style='padding: 15px; color: inherit;'>\n<ul style='padding-left: 20px; margin: 0; font-size: 14px; list-style-type: disc;'>\n<li style='margin-bottom: 5px;'>Contiene Transmisor KLT110 y <strong><a href='https:\/\/www.syscom.mx\/producto\/KLR110-YONUSA-202729.html' target='_blank' rel='noopener' style='color: #0091ff; text-decoration: none;'>KLR110<\/a><\/strong><\/li>\n<li style='margin-bottom: 5px;'>Frecuencia central: 915MHz<\/li>\n<li style='margin-bottom: 5px;'>Voltaje de entrada: 12 Vcc<\/li>\n<li style='margin-bottom: 5px;'>Consumo: 140 mA<\/li>\n<li style='margin-bottom: 5px;'>Alcance aprox: 1000 metros l\u00ednea de vista<\/li>\n<li style='margin-bottom: 5px;'>Capacidad de <strong>1 relevador de salida en KLR110<\/strong>: 16 A. 250 Vac (Inrush 50A)<\/li>\n<li style='margin-bottom: 5px;'>Tiempo de respuesta: Instant\u00e1nea<\/li>\n<li style='margin-bottom: 5px;'>Gabinete con knockouts o conos pasa cables<\/li>\n<li style='margin-bottom: 5px;'>KLT110 dimensiones: 8 x 11 cm<\/li>\n<li style='margin-bottom: 5px;'>KLR110 dimensiones: 10 x 10 cm<\/li>\n<\/ul><\/div>\n<\/p><\/div>\n<p> <!-- Caracter\u00edsticas Destacadas --> <\/p>\n<div style='border: 1px solid rgba(150&comma; 150&comma; 150&comma; 0.4); border-radius: 8px; overflow: hidden;'>\n<div style='padding: 15px; border-bottom: 1px solid rgba(150&comma; 150&comma; 150&comma; 0.2); font-weight: bold; font-size: 18px; color: inherit; background-color: rgba(0&comma; 145&comma; 255&comma; 0.1);'>Caracter\u00edsticas Destacadas<\/div>\n<div style='padding: 15px; color: inherit;'>\n<p style='margin-bottom: 15px;'>Control remoto inal\u00e1mbrico que permite encender\/apagar a 10 equipos distintos&comma; a una distancia de hasta 1000 metros en l\u00ednea de vista&comma; en caso de requerirse aumentar la se\u00f1al se puede usar un repetidor.<\/p>\n<p>Permite controlar\/activar\/desactivar hasta 10 equipos a distancia de manera f\u00e1cil y sencilla&comma; para esos lugares donde se nos complica llegar con cableado.<\/p>\n<\/p><\/div>\n<\/p><\/div>\n<\/p><\/div>\n<p> <!-- Im\u00e1genes adicionales --> <\/p>\n<div style='display: flex; flex-direction: column; gap: 30px; margin-top: 30px;'> <img style='width: 100%; height: auto; border: 1px solid rgba(150&comma;150&comma;150&comma;0.3); border-radius: 8px;' src='https:\/\/ftp3.syscom.mx\/usuarios\/vvega\/yonusa\/equipos\/kl110\/kl110%20Linea%20Divisoria.jpg' alt=''> <img style='width: 100%; height: auto; border: 1px solid rgba(150&comma;150&comma;150&comma;0.3); border-radius: 8px;' src='https:\/\/ftp3.syscom.mx\/usuarios\/vvega\/yonusa\/equipos\/kl110\/Instalacion1.jpg' alt=''> <\/div>\n<p> <!-- Separador final --> <\/p>\n<hr style='border: 0; border-top: 1px solid rgba(150&comma; 150&comma; 150&comma; 0.3); margin: 30px 0;'> <\/div>\n","protected":false},"excerpt":{"rendered":"<p>KIT Transmisor \/ Receptor Inal\u00e1mbrico para KLT110 \/ 1 KM Linea de Vista \/ Multi-Punto Soporta 10 Equipos<\/p>\n","protected":false},"featured_media":1937,"comment_status":"open","ping_status":"closed","template":"","meta":[],"product_brand":[],"product_cat":[92],"product_tag":[93,82,84],"class_list":{"0":"post-1938","1":"product","2":"type-product","3":"status-publish","4":"has-post-thumbnail","6":"product_cat-accesorios","7":"product_tag-accesorios","8":"product_tag-cercas-electricas","9":"product_tag-yonusa","11":"first","12":"instock","13":"sale","14":"shipping-taxable","15":"purchasable","16":"product-type-simple"},"_links":{"self":[{"href":"https:\/\/soydeaqui.ddns.net\/pachuca\/index.php\/wp-json\/wp\/v2\/product\/1938","targetHints":{"allow":["GET"]}}],"collection":[{"href":"https:\/\/soydeaqui.ddns.net\/pachuca\/index.php\/wp-json\/wp\/v2\/product"}],"about":[{"href":"https:\/\/soydeaqui.ddns.net\/pachuca\/index.php\/wp-json\/wp\/v2\/types\/product"}],"replies":[{"embeddable":true,"href":"https:\/\/soydeaqui.ddns.net\/pachuca\/index.php\/wp-json\/wp\/v2\/comments?post=1938"}],"wp:featuredmedia":[{"embeddable":true,"href":"https:\/\/soydeaqui.ddns.net\/pachuca\/index.php\/wp-json\/wp\/v2\/media\/1937"}],"wp:attachment":[{"href":"https:\/\/soydeaqui.ddns.net\/pachuca\/index.php\/wp-json\/wp\/v2\/media?parent=1938"}],"wp:term":[{"taxonomy":"product_brand","embeddable":true,"href":"https:\/\/soydeaqui.ddns.net\/pachuca\/index.php\/wp-json\/wp\/v2\/product_brand?post=1938"},{"taxonomy":"product_cat","embeddable":true,"href":"https:\/\/soydeaqui.ddns.net\/pachuca\/index.php\/wp-json\/wp\/v2\/product_cat?post=1938"},{"taxonomy":"product_tag","embeddable":true,"href":"https:\/\/soydeaqui.ddns.net\/pachuca\/index.php\/wp-json\/wp\/v2\/product_tag?post=1938"}],"curies":[{"name":"wp","href":"https:\/\/api.w.org\/{rel}","templated":true}]}}