{"id":1932,"date":"2026-03-18T05:51:30","date_gmt":"2026-03-18T05:51:30","guid":{"rendered":"https:\/\/soydeaqui.ddns.net\/pachuca\/index.php\/producto\/receptor-inalambrico-para-klt110-1-km-linea-de-vista-soporta-10-equipos\/"},"modified":"2026-03-18T05:51:32","modified_gmt":"2026-03-18T05:51:32","slug":"receptor-inalambrico-para-klt110-1-km-linea-de-vista-soporta-10-equipos","status":"publish","type":"product","link":"https:\/\/soydeaqui.ddns.net\/pachuca\/index.php\/producto\/receptor-inalambrico-para-klt110-1-km-linea-de-vista-soporta-10-equipos\/","title":{"rendered":"Receptor Inalambrico para KLT110 \/ 1 KM Linea de Vista \/ Soporta 10 Equipos"},"content":{"rendered":"<div style='width: 100%; max-width: 1200px; margin: 0 auto; font-family: sans-serif; line-height: 1.6; color: inherit; background-color: transparent;'> <!-- Imagen principal --> <\/p>\n<div style='margin-bottom: 30px;'> <img style='width: 100%; height: auto; border: 1px solid rgba(150&comma;150&comma;150&comma;0.3); border-radius: 8px;' src='https:\/\/ftp3.syscom.mx\/usuarios\/vvega\/yonusa\/equipos\/kl110\/klr110%20Encabezado%20Nombres.jpg' alt=''> <\/div>\n<p> <!-- Descripci\u00f3n principal --> <\/p>\n<div style='margin-bottom: 30px; font-size: 15px;'>\n<p>Este dispositivo es un receptor inal\u00e1mbrico el cual es controlado a distancia y pueden activarse as\u00ed relevadores de contacto seco.<\/p>\n<p>Reemplaza el cableado en un sistema nuevo o existente de relevadores. Ideal para el control de dispositivos de alto voltaje como motores&comma; reflectores&comma; aire acondicionado&comma; calentador de agua o se\u00f1ales de control como un panel de alarma ya que el receptor entrega una salida de relevador a contacto seco.<\/p>\n<p>El equipo consta de dos m\u00f3dulos&comma; cada uno con un transceptor RF y cuenta con una seguridad de cifrado.<\/p>\n<\/p><\/div>\n<p> <!-- Secci\u00f3n de caracter\u00edsticas --> <\/p>\n<div style='display: flex; flex-wrap: wrap; gap: 20px; margin-bottom: 30px;'>\n<div style='flex: 1 1 300px; min-width: 280px;'>\n<div style='border-left: 5px solid #0091ff; border-radius: 5px; padding: 5px; box-shadow: 2px 2px 10px rgba(216&comma;216&comma;216&comma;0.5);'>\n<h3 style='font-size: 18px; margin-top: 0; margin-bottom: 10px; color: inherit;'>Funcionalidad<\/h3>\n<ul style='padding-left: 20px; font-size: 14px; color: inherit; list-style-position: outside;'>\n<li style='margin-bottom: 8px;'>Evita tendidos largos de cableado&comma; tuber\u00eda y mano de obra extra en instalaciones.<\/li>\n<li style='margin-bottom: 8px;'>Dise\u00f1ar tu sistema de alarma vecinal inal\u00e1mbrico.<\/li>\n<li style='margin-bottom: 8px;'>Encender l\u00e1mparas o relevadores en distintos puntos al mismo tiempo (hasta 800 Watts).<\/li>\n<li style='margin-bottom: 8px;'>Encender motores el\u00e9ctricos a distancia de hasta 1 HP.<\/li>\n<li style='margin-bottom: 8px;'>Abrir portones o chapas el\u00e9ctricas en distintos puntos al mismo tiempo.<\/li>\n<li style='margin-bottom: 8px;'>Alimentaci\u00f3n por panel solar (Opcional)<\/li>\n<li style='margin-bottom: 8px;'>Compatibilidad con repetidor para mayor alcance.<\/li>\n<li style='margin-bottom: 8px;'>Selecci\u00f3n de modo pulsante o enclavado en la salida de relevador<\/li>\n<li style='margin-bottom: 8px;'>LED indicador de <strong>potencia<\/strong> de recepci\u00f3n<\/li>\n<\/ul><\/div>\n<\/p><\/div>\n<div style='flex: 1 1 300px; min-width: 280px;'>\n<div style='border-left: 5px solid #0091ff; border-radius: 5px; padding: 5px; box-shadow: 2px 2px 10px rgba(216&comma;216&comma;216&comma;0.5);'>\n<h3 style='font-size: 18px; margin-top: 0; margin-bottom: 10px; color: inherit;'>Caracter\u00edsticas F\u00edsicas y El\u00e9ctricas:<\/h3>\n<ul style='padding-left: 20px; font-size: 14px; color: inherit; list-style-position: outside;'>\n<li style='margin-bottom: 8px;'>Contiene Receptor <strong><a href='https:\/\/www.syscom.mx\/producto\/KLR110-YONUSA-202729.html' target='_blank' rel='noopener' style='color: #0091ff; text-decoration: none;'>KLR110<\/a><\/strong><\/li>\n<li style='margin-bottom: 8px;'>Frecuencia central: 915MHz<\/li>\n<li style='margin-bottom: 8px;'>Voltaje de entrada: 12 Vcc (eliminador incluido)<\/li>\n<li style='margin-bottom: 8px;'>Consumo: 140 mA<\/li>\n<li style='margin-bottom: 8px;'>Alcance aprox: 1000 metros l\u00ednea de vista<\/li>\n<li style='margin-bottom: 8px;'><strong>Capacidad de 1 relevador<\/strong>: 16 A. 250 Vac (Inrush 50A)<\/li>\n<li style='margin-bottom: 8px;'>Tiempo de respuesta: Instantanea<\/li>\n<li style='margin-bottom: 8px;'>Gabinete con knockouts o conos pasa cables<\/li>\n<li style='margin-bottom: 8px;'>KLR110 dimensiones: 10 x 10 cm<\/li>\n<\/ul><\/div>\n<\/p><\/div>\n<div style='flex: 1 1 300px; min-width: 280px;'>\n<div style='border-left: 5px solid #0091ff; border-radius: 5px; padding: 5px; box-shadow: 2px 2px 10px rgba(216&comma;216&comma;216&comma;0.5);'>\n<h3 style='font-size: 18px; margin-top: 0; margin-bottom: 10px; color: inherit;'>Caracter\u00edsticas Destacadas:<\/h3>\n<p style='margin-bottom: 15px; font-size: 14px; color: inherit;'>Receptor para Control remoto inal\u00e1mbrico&comma; permite encender\/apagar hasta 10 equipos distintos conectados al Transmisor del <a href='https:\/\/www.syscom.mx\/producto\/KL110-YONUSA-202748.html' target='_blank' rel='noopener' style='color: #0091ff; text-decoration: none;'>KL110<\/a>&comma; a una distancia de hasta 1000 metros en l\u00ednea de vista&comma; en caso de requerirse aumentar la se\u00f1al se puede usar un repetidor.<\/p>\n<p style='margin-bottom: 0; font-size: 14px; color: inherit;'>Puede controlar \/ activar \/ desactivar hasta 10 equipos a distancia de manera f\u00e1cil y sencilla&comma; para esos lugares donde se nos complica llegar con cableado.<\/p>\n<\/p><\/div>\n<\/p><\/div>\n<\/p><\/div>\n<p> <!-- Im\u00e1genes adicionales --> <\/p>\n<div style='display: flex; flex-wrap: wrap; gap: 20px; margin-bottom: 30px;'>\n<div style='flex: 1 1 100%; min-width: 300px;'> <img style='width: 100%; height: auto; border: 1px solid rgba(150&comma;150&comma;150&comma;0.3); border-radius: 8px;' src='https:\/\/ftp3.syscom.mx\/usuarios\/vvega\/yonusa\/equipos\/kl110\/klr110%20Linea%20Divisoria.jpg' alt=''> <\/div>\n<div style='flex: 1 1 100%; min-width: 300px;'> <img style='width: 100%; height: auto; border: 1px solid rgba(150&comma;150&comma;150&comma;0.3); border-radius: 8px;' src='https:\/\/ftp3.syscom.mx\/usuarios\/vvega\/yonusa\/equipos\/kl110\/Instalacion1.jpg' alt=''> <\/div>\n<\/p><\/div>\n<\/p><\/div>\n","protected":false},"excerpt":{"rendered":"<p>Receptor Inalambrico para KLT110 \/ 1 KM Linea de Vista \/ Soporta 10 Equipos<\/p>\n","protected":false},"featured_media":1931,"comment_status":"open","ping_status":"closed","template":"","meta":[],"product_brand":[],"product_cat":[92],"product_tag":[93,82,84],"class_list":{"0":"post-1932","1":"product","2":"type-product","3":"status-publish","4":"has-post-thumbnail","6":"product_cat-accesorios","7":"product_tag-accesorios","8":"product_tag-cercas-electricas","9":"product_tag-yonusa","11":"first","12":"instock","13":"sale","14":"shipping-taxable","15":"purchasable","16":"product-type-simple"},"_links":{"self":[{"href":"https:\/\/soydeaqui.ddns.net\/pachuca\/index.php\/wp-json\/wp\/v2\/product\/1932","targetHints":{"allow":["GET"]}}],"collection":[{"href":"https:\/\/soydeaqui.ddns.net\/pachuca\/index.php\/wp-json\/wp\/v2\/product"}],"about":[{"href":"https:\/\/soydeaqui.ddns.net\/pachuca\/index.php\/wp-json\/wp\/v2\/types\/product"}],"replies":[{"embeddable":true,"href":"https:\/\/soydeaqui.ddns.net\/pachuca\/index.php\/wp-json\/wp\/v2\/comments?post=1932"}],"wp:featuredmedia":[{"embeddable":true,"href":"https:\/\/soydeaqui.ddns.net\/pachuca\/index.php\/wp-json\/wp\/v2\/media\/1931"}],"wp:attachment":[{"href":"https:\/\/soydeaqui.ddns.net\/pachuca\/index.php\/wp-json\/wp\/v2\/media?parent=1932"}],"wp:term":[{"taxonomy":"product_brand","embeddable":true,"href":"https:\/\/soydeaqui.ddns.net\/pachuca\/index.php\/wp-json\/wp\/v2\/product_brand?post=1932"},{"taxonomy":"product_cat","embeddable":true,"href":"https:\/\/soydeaqui.ddns.net\/pachuca\/index.php\/wp-json\/wp\/v2\/product_cat?post=1932"},{"taxonomy":"product_tag","embeddable":true,"href":"https:\/\/soydeaqui.ddns.net\/pachuca\/index.php\/wp-json\/wp\/v2\/product_tag?post=1932"}],"curies":[{"name":"wp","href":"https:\/\/api.w.org\/{rel}","templated":true}]}}