{"id":19238,"date":"2026-03-18T09:59:05","date_gmt":"2026-03-18T09:59:05","guid":{"rendered":"https:\/\/soydeaqui.ddns.net\/pachuca\/index.php\/producto\/malla-para-elevacion-y-apoyo-permanente-de-cable-coaxial-de-2-1-4-en-torres-de-comunicaciones\/"},"modified":"2026-03-18T09:59:06","modified_gmt":"2026-03-18T09:59:06","slug":"malla-para-elevacion-y-apoyo-permanente-de-cable-coaxial-de-2-1-4-en-torres-de-comunicaciones","status":"publish","type":"product","link":"https:\/\/soydeaqui.ddns.net\/pachuca\/index.php\/producto\/malla-para-elevacion-y-apoyo-permanente-de-cable-coaxial-de-2-1-4-en-torres-de-comunicaciones\/","title":{"rendered":"Malla para Elevaci\u00f3n y Apoyo Permanente de Cable Coaxial de 2-1\/4&#8243; En Torres de Comunicaciones."},"content":{"rendered":"<div style='width: 100%; max-width: 1200px; margin: 0 auto; font-family: sans-serif; line-height: 1.6; color: inherit; background-color: transparent;'>\n<div style='display: flex; flex-wrap: wrap; gap: 30px; margin-bottom: 30px;'>\n<div style='flex: 1 1 300px; min-width: 280px;'>\n<h3 style='font-size: 22px; border-bottom: 2px solid currentColor; padding-bottom: 5px; margin-top: 0; color: inherit; opacity: 0.8;'>Descripci\u00f3n<\/h3>\n<p style='font-size: 15px; color: inherit;'> Las Malla de elevaci\u00f3n precortada&comma; para levante de cables y apoyo permanente&comma; tienen como funci\u00f3n principal actuar como un punto de apoyo para absorber tensiones adicionales&comma; tales como vibraciones&comma; expansiones&comma; contracciones y flexiones. El cord\u00f3n previo se emplea espec\u00edficamente cuando el conector superior se instala despu\u00e9s de haber izado la l\u00ednea de transmisi\u00f3n de la antena. Este proceso asegura una conexi\u00f3n segura y estable en situaciones donde el orden de instalaci\u00f3n es crucial. <\/p>\n<\/p><\/div>\n<\/p><\/div>\n<div style='display: flex; flex-wrap: wrap; gap: 30px; margin-bottom: 30px;'>\n<div style='flex: 1 1 300px; min-width: 280px;'>\n<h3 style='font-size: 22px; border-bottom: 2px solid currentColor; padding-bottom: 5px; margin-top: 0; color: inherit; opacity: 0.8;'>Aplicaciones principales<\/h3>\n<ul style='padding-left: 20px; font-size: 15px; color: inherit;'>\n<li style='margin-bottom: 5px;'>Instalaciones de Telecomunicaciones.<\/li>\n<li style='margin-bottom: 5px;'>Redes de Transmisi\u00f3n de Datos.<\/li>\n<li style='margin-bottom: 5px;'>Cables de Antena.<\/li>\n<li style='margin-bottom: 5px;'>Tendido de Cables en General<\/li>\n<\/ul><\/div>\n<div style='flex: 1 1 300px; min-width: 280px;'>\n<h3 style='font-size: 22px; border-bottom: 2px solid currentColor; padding-bottom: 5px; margin-top: 0; color: inherit; opacity: 0.8;'>Caracter\u00edsticas<\/h3>\n<ul style='padding-left: 20px; font-size: 15px; color: inherit;'>\n<li style='margin-bottom: 5px;'><strong>Material:<\/strong> Acero inoxidable.<\/li>\n<li style='margin-bottom: 5px;'><strong>Rango de cable:<\/strong> 2.35-2.36 in | 59.7-59.94 mm<\/li>\n<li style='margin-bottom: 5px;'><strong>Longitud de malla:<\/strong> 27.0 in | 685.8 mm<\/li>\n<li style='margin-bottom: 5px;'><strong>Carga de trabajo:<\/strong> 1560 lb | 707.6 kg<\/li>\n<li style='margin-bottom: 5px;'><strong>Resistencia a la ruptura aproximada:<\/strong> 7800 lb | 3538.0 kg<\/li>\n<li style='margin-bottom: 5px;'><strong>Cumplimiento:<\/strong> ISO 9001:2015&comma; ROHS y CE<\/li>\n<\/ul><\/div>\n<div style='flex: 1 1 300px; min-width: 280px;'> <img style='width: 100%; height: auto; border: 1px solid rgba(150&comma;150&comma;150&comma;0.3); border-radius: 8px;' src='https:\/\/ftp3.syscom.mx\/usuarios\/fotos\/HGPL14\/212135-malla_de_elevaci\u00f3n.png' alt=''> <\/div>\n<\/p><\/div>\n<div style='display: flex; flex-wrap: wrap; gap: 30px; margin-bottom: 30px;'>\n<div style='flex: 1 1 300px; min-width: 280px;'> <img style='width: 100%; height: auto; border: 1px solid rgba(150&comma;150&comma;150&comma;0.3); border-radius: 8px;' src='https:\/\/ftp3.syscom.mx\/usuarios\/fotos\/KITST68MCLICK1\/200912-syscom_towers.png' alt=''> <\/div>\n<\/p><\/div>\n<hr style='border: 0; border-top: 1px solid rgba(150&comma; 150&comma; 150&comma; 0.3); margin: 30px 0;'> <\/div>\n","protected":false},"excerpt":{"rendered":"<p>Malla para Elevaci\u00f3n y Apoyo Permanente de Cable Coaxial de 2-1\/4&#8243; En Torres de Comunicaciones.<\/p>\n","protected":false},"featured_media":19237,"comment_status":"open","ping_status":"closed","template":"","meta":[],"product_brand":[],"product_cat":[574],"product_tag":[572,575,733],"class_list":{"0":"post-19238","1":"product","2":"type-product","3":"status-publish","4":"has-post-thumbnail","6":"product_cat-fijacion","7":"product_tag-canalizacion","8":"product_tag-fijacion","9":"product_tag-syscom-towers","11":"first","12":"instock","13":"sale","14":"shipping-taxable","15":"purchasable","16":"product-type-simple"},"_links":{"self":[{"href":"https:\/\/soydeaqui.ddns.net\/pachuca\/index.php\/wp-json\/wp\/v2\/product\/19238","targetHints":{"allow":["GET"]}}],"collection":[{"href":"https:\/\/soydeaqui.ddns.net\/pachuca\/index.php\/wp-json\/wp\/v2\/product"}],"about":[{"href":"https:\/\/soydeaqui.ddns.net\/pachuca\/index.php\/wp-json\/wp\/v2\/types\/product"}],"replies":[{"embeddable":true,"href":"https:\/\/soydeaqui.ddns.net\/pachuca\/index.php\/wp-json\/wp\/v2\/comments?post=19238"}],"wp:featuredmedia":[{"embeddable":true,"href":"https:\/\/soydeaqui.ddns.net\/pachuca\/index.php\/wp-json\/wp\/v2\/media\/19237"}],"wp:attachment":[{"href":"https:\/\/soydeaqui.ddns.net\/pachuca\/index.php\/wp-json\/wp\/v2\/media?parent=19238"}],"wp:term":[{"taxonomy":"product_brand","embeddable":true,"href":"https:\/\/soydeaqui.ddns.net\/pachuca\/index.php\/wp-json\/wp\/v2\/product_brand?post=19238"},{"taxonomy":"product_cat","embeddable":true,"href":"https:\/\/soydeaqui.ddns.net\/pachuca\/index.php\/wp-json\/wp\/v2\/product_cat?post=19238"},{"taxonomy":"product_tag","embeddable":true,"href":"https:\/\/soydeaqui.ddns.net\/pachuca\/index.php\/wp-json\/wp\/v2\/product_tag?post=19238"}],"curies":[{"name":"wp","href":"https:\/\/api.w.org\/{rel}","templated":true}]}}