{"id":19233,"date":"2026-03-18T09:59:01","date_gmt":"2026-03-18T09:59:01","guid":{"rendered":"https:\/\/soydeaqui.ddns.net\/pachuca\/index.php\/producto\/kit-de-10-dispositivos-recubiertos-para-impedir-desconexin-de-plug-rj45-color-rojo-incluye-herramienta-para-instalar-retirar\/"},"modified":"2026-03-18T09:59:03","modified_gmt":"2026-03-18T09:59:03","slug":"kit-de-10-dispositivos-recubiertos-para-impedir-desconexin-de-plug-rj45-color-rojo-incluye-herramienta-para-instalar-retirar","status":"publish","type":"product","link":"https:\/\/soydeaqui.ddns.net\/pachuca\/index.php\/producto\/kit-de-10-dispositivos-recubiertos-para-impedir-desconexin-de-plug-rj45-color-rojo-incluye-herramienta-para-instalar-retirar\/","title":{"rendered":"Kit de 10 Dispositivos Recubiertos para Impedir Desconexi?n de Plug RJ45, Color Rojo, Incluye Herramienta para Instalar\/Retirar"},"content":{"rendered":"<div style='width: 100%; max-width: 1200px; margin: 0 auto; font-family: sans-serif; line-height: 1.6; color: inherit; background-color: transparent;'> <!-- Secci\u00f3n de descripci\u00f3n principal --> <\/p>\n<div style='margin-bottom: 30px;'>\n<p style='font-size: 15px; margin-bottom: 15px; color: inherit;'>El dispositivo de bloqueo es compatible con cualquier Patch Cords RJ45&comma; Faceplates&comma; Patch Panels&comma; y tel\u00e9fonos VoIP. El dise\u00f1o compacto no interfiere con Jack o Plugs adyacentes. Mecanismo de bloqueo oculto reduce el potencial de manipulaci\u00f3n.<\/p>\n<p style='font-size: 15px; margin-bottom: 15px; color: inherit;'>El dispositivo PSL-DCPLRE est\u00e1 dise\u00f1ado para prevenir la desconexi\u00f3n no autorizada de cables&comma; tel\u00e9fonos VoIP u otro equipo de red con conexiones cr\u00edticas. Incluye herramienta para instalaci\u00f3n y retiro.<\/p>\n<\/p><\/div>\n<p> <!-- Secci\u00f3n de especificaciones --> <\/p>\n<div style='display: flex; flex-wrap: wrap; gap: 30px; margin-bottom: 30px;'>\n<div style='flex: 1 1 300px; min-width: 280px;'>\n<h3 style='font-size: 22px; border-bottom: 2px solid currentColor; padding-bottom: 5px; margin-top: 0; color: inherit; opacity: 0.8;'>Especificaciones<\/h3>\n<ul style='padding-left: 20px; font-size: 15px; color: inherit;'>\n<li style='margin-bottom: 5px;'><strong>Modelo:<\/strong> PSL-DCPLRE (Rojo)<\/li>\n<li style='margin-bottom: 5px;'><strong>Material:<\/strong> Polycarbonate (Dispositivo)&comma; Nylon (Llave)<\/li>\n<li style='margin-bottom: 5px;'><strong>Conformidad:<\/strong> RoHS<\/li>\n<li style='margin-bottom: 5px;'><strong>Paquete:<\/strong> 10 dispositivos y 1 herramienta de instalaci\u00f3n<\/li>\n<li style='margin-bottom: 5px;'><strong>Dimensiones:<\/strong> 0.55&#8242; [13.9mm] (Largo)&comma; 0.77&#8242; [19.6mm] (Ancho)&comma; 0.74&#8242; [18.7mm] (Altura)<\/li>\n<\/ul><\/div>\n<p> <!-- Secci\u00f3n de compatibilidad --> <\/p>\n<div style='flex: 1 1 300px; min-width: 280px;'>\n<h3 style='font-size: 22px; border-bottom: 2px solid currentColor; padding-bottom: 5px; margin-top: 0; color: inherit; opacity: 0.8;'>Compatibilidad<\/h3>\n<ul style='padding-left: 20px; font-size: 15px; color: inherit;'>\n<li style='margin-bottom: 5px;'>Patch Cords est\u00e1ndar RJ45<\/li>\n<li style='margin-bottom: 5px;'>Faceplates<\/li>\n<li style='margin-bottom: 5px;'>Patch Panels<\/li>\n<li style='margin-bottom: 5px;'>Tel\u00e9fonos VoIP<\/li>\n<li style='margin-bottom: 5px;'>C\u00e1maras IP y otros dispositivos IP<\/li>\n<\/ul><\/div>\n<\/p><\/div>\n<p> <!-- Secci\u00f3n de caracter\u00edsticas --> <\/p>\n<div style='display: flex; flex-wrap: wrap; gap: 20px; margin-bottom: 30px;'>\n<div style='flex: 1 1 250px; border: 1px solid rgba(150&comma; 150&comma; 150&comma; 0.4); border-radius: 8px; overflow: hidden; display: flex; flex-direction: column;'>\n<div style='padding: 15px; border-bottom: 1px solid rgba(150&comma; 150&comma; 150&comma; 0.2); font-weight: bold; font-size: 18px; color: inherit;'>Caracter\u00edsticas<\/div>\n<div style='padding: 15px; color: inherit;'>\n<ul style='padding-left: 20px; margin: 0; font-size: 14px; list-style-type: disc;'>\n<li style='margin-bottom: 5px;'>Dise\u00f1o compacto sin interferencia con conexiones adyacentes<\/li>\n<li style='margin-bottom: 5px;'>Mecanismo de bloqueo oculto<\/li>\n<li style='margin-bottom: 5px;'>Ocho colores disponibles para codificaci\u00f3n visual<\/li>\n<\/ul><\/div>\n<\/p><\/div>\n<p> <!-- Secci\u00f3n de beneficios --> <\/p>\n<div style='flex: 1 1 250px; border: 1px solid rgba(150&comma; 150&comma; 150&comma; 0.4); border-radius: 8px; overflow: hidden; display: flex; flex-direction: column;'>\n<div style='padding: 15px; border-bottom: 1px solid rgba(150&comma; 150&comma; 150&comma; 0.2); font-weight: bold; font-size: 18px; color: inherit;'>Beneficios<\/div>\n<div style='padding: 15px; color: inherit;'>\n<ul style='padding-left: 20px; margin: 0; font-size: 14px; list-style-type: disc;'>\n<li style='margin-bottom: 5px;'>Prevenci\u00f3n de desconexi\u00f3n no autorizada<\/li>\n<li style='margin-bottom: 5px;'>Mantiene disponibilidad y cumplimiento E911<\/li>\n<li style='margin-bottom: 5px;'>Reduce tiempo de inactividad por robo<\/li>\n<li style='margin-bottom: 5px;'>Evita reemplazo de hardware por robo<\/li>\n<\/ul><\/div>\n<\/p><\/div>\n<p> <!-- Secci\u00f3n de aplicaciones --> <\/p>\n<div style='flex: 1 1 250px; border: 1px solid rgba(150&comma; 150&comma; 150&comma; 0.4); border-radius: 8px; overflow: hidden; display: flex; flex-direction: column;'>\n<div style='padding: 15px; border-bottom: 1px solid rgba(150&comma; 150&comma; 150&comma; 0.2); font-weight: bold; font-size: 18px; color: inherit;'>Aplicaciones<\/div>\n<div style='padding: 15px; color: inherit;'>\n<ul style='padding-left: 20px; margin: 0; font-size: 14px; list-style-type: disc;'>\n<li style='margin-bottom: 5px;'>Protecci\u00f3n de conexiones cr\u00edticas<\/li>\n<li style='margin-bottom: 5px;'>Seguridad en redes corporativas<\/li>\n<li style='margin-bottom: 5px;'>Control de acceso en entornos educativos<\/li>\n<li style='margin-bottom: 5px;'>Instalaciones con alto tr\u00e1fico<\/li>\n<\/ul><\/div>\n<\/p><\/div>\n<\/p><\/div>\n<p> <!-- Secci\u00f3n de tipos disponibles --> <\/p>\n<div style='margin-bottom: 30px;'>\n<h3 style='font-size: 22px; border-bottom: 2px solid currentColor; padding-bottom: 5px; margin-top: 0; color: inherit; opacity: 0.8;'>Opciones Disponibles<\/h3>\n<div style='display: flex; flex-wrap: wrap; gap: 20px;'>\n<div style='flex: 1 1 250px;'>\n<div style='font-weight: bold; margin-bottom: 10px; color: inherit;'>Standard (Flushmount)<\/div>\n<ul style='padding-left: 20px; font-size: 14px; color: inherit;'>\n<li style='margin-bottom: 5px;'>Ideal para instalaciones donde el jack monta a ras con la superficie<\/li>\n<li style='margin-bottom: 5px;'>Excepto para faceplates inclinados<\/li>\n<\/ul><\/div>\n<div style='flex: 1 1 250px;'>\n<div style='font-weight: bold; margin-bottom: 10px; color: inherit;'>Recessed<\/div>\n<ul style='padding-left: 20px; font-size: 14px; color: inherit;'>\n<li style='margin-bottom: 5px;'>Para jacks ligeramente hundidos de la superficie<\/li>\n<\/ul><\/div>\n<div style='flex: 1 1 250px;'>\n<div style='font-weight: bold; margin-bottom: 10px; color: inherit;'>Super Recessed<\/div>\n<ul style='padding-left: 20px; font-size: 14px; color: inherit;'>\n<li style='margin-bottom: 5px;'>Para jacks mucho m\u00e1s profundos de la superficie<\/li>\n<\/ul><\/div>\n<\/p><\/div>\n<\/p><\/div>\n<p> <!-- Imagen del producto --> <\/p>\n<div style='margin-bottom: 30px;'> <img style='width: 100%; max-width: 400px; height: auto; border: 1px solid rgba(150&comma;150&comma;150&comma;0.3); border-radius: 8px;' src='https:\/\/ftp3.syscom.mx\/usuarios\/fotos\/PSLDCPLRXBL\/141282-rj45-plug-lock-in-install-2.jpeg' alt='Instalaci\u00f3n del dispositivo de bloqueo RJ45' \/> <\/div>\n<p> <!-- Separador final --> <\/p>\n<hr style='border: 0; border-top: 1px solid rgba(150&comma; 150&comma; 150&comma; 0.3); margin: 30px 0;'> <\/div>\n","protected":false},"excerpt":{"rendered":"<p>Kit de 10 Dispositivos Recubiertos para Impedir Desconexi?n de Plug RJ45, Color Rojo, Incluye Herramienta para Instalar\/Retirar<\/p>\n","protected":false},"featured_media":19232,"comment_status":"open","ping_status":"closed","template":"","meta":[],"product_brand":[],"product_cat":[608],"product_tag":[586,25,445],"class_list":{"0":"post-19233","1":"product","2":"type-product","3":"status-publish","4":"has-post-thumbnail","6":"product_cat-herramientas-cableado-de-cobre","7":"product_tag-cableado-de-cobre","8":"product_tag-herramientas","9":"product_tag-panduit","11":"first","12":"instock","13":"sale","14":"shipping-taxable","15":"purchasable","16":"product-type-simple"},"_links":{"self":[{"href":"https:\/\/soydeaqui.ddns.net\/pachuca\/index.php\/wp-json\/wp\/v2\/product\/19233","targetHints":{"allow":["GET"]}}],"collection":[{"href":"https:\/\/soydeaqui.ddns.net\/pachuca\/index.php\/wp-json\/wp\/v2\/product"}],"about":[{"href":"https:\/\/soydeaqui.ddns.net\/pachuca\/index.php\/wp-json\/wp\/v2\/types\/product"}],"replies":[{"embeddable":true,"href":"https:\/\/soydeaqui.ddns.net\/pachuca\/index.php\/wp-json\/wp\/v2\/comments?post=19233"}],"wp:featuredmedia":[{"embeddable":true,"href":"https:\/\/soydeaqui.ddns.net\/pachuca\/index.php\/wp-json\/wp\/v2\/media\/19232"}],"wp:attachment":[{"href":"https:\/\/soydeaqui.ddns.net\/pachuca\/index.php\/wp-json\/wp\/v2\/media?parent=19233"}],"wp:term":[{"taxonomy":"product_brand","embeddable":true,"href":"https:\/\/soydeaqui.ddns.net\/pachuca\/index.php\/wp-json\/wp\/v2\/product_brand?post=19233"},{"taxonomy":"product_cat","embeddable":true,"href":"https:\/\/soydeaqui.ddns.net\/pachuca\/index.php\/wp-json\/wp\/v2\/product_cat?post=19233"},{"taxonomy":"product_tag","embeddable":true,"href":"https:\/\/soydeaqui.ddns.net\/pachuca\/index.php\/wp-json\/wp\/v2\/product_tag?post=19233"}],"curies":[{"name":"wp","href":"https:\/\/api.w.org\/{rel}","templated":true}]}}