{"id":1912,"date":"2026-03-18T05:51:21","date_gmt":"2026-03-18T05:51:21","guid":{"rendered":"https:\/\/soydeaqui.ddns.net\/pachuca\/index.php\/producto\/detector-de-movimiento-pasivo-con-transmisor-ds-pdmc-eg2-wbb-inalambrico-altura-de-montaje-0-8m-a-2-7-m-ajustable-100-exterior-compatible-con-axpro\/"},"modified":"2026-03-18T05:51:21","modified_gmt":"2026-03-18T05:51:21","slug":"detector-de-movimiento-pasivo-con-transmisor-ds-pdmc-eg2-wbb-inalambrico-altura-de-montaje-0-8m-a-2-7-m-ajustable-100-exterior-compatible-con-axpro","status":"publish","type":"product","link":"https:\/\/soydeaqui.ddns.net\/pachuca\/index.php\/producto\/detector-de-movimiento-pasivo-con-transmisor-ds-pdmc-eg2-wbb-inalambrico-altura-de-montaje-0-8m-a-2-7-m-ajustable-100-exterior-compatible-con-axpro\/","title":{"rendered":"Detector de Movimiento Pasivo con transmisor DS-PDMC-EG2-WB(B)\/ Inalambrico \/ Altura de montaje 0.8m a 2.7 m  ajustable  \/ 100% Exterior \/ Compatible con AXPRO"},"content":{"rendered":"<div style='width: 100%; max-width: 1200px; margin: 0 auto; font-family: sans-serif; line-height: 1.6; color: inherit; background-color: transparent;'>\n<div style='display: flex; flex-wrap: wrap; gap: 30px; margin-bottom: 30px;'>\n<div style='flex: 1 1 300px; min-width: 280px;'>\n<h1 style='font-size: 22px; border-bottom: 2px solid currentColor; padding-bottom: 5px; margin-top: 0; color: inherit; opacity: 0.8;'><strong>Serie QX Infinity &#8211; El Detector para exterior con el mejor angulo de deteccion<\/strong><\/h1>\n<p>La serie QXI es una familia de detectores para exteriores que ofrece un \u00e1rea de detecci\u00f3n de 120 grados de ancho y 12 m (40 pies). Alimentacion con una bateria CR123A.<\/p>\n<p>Con su carcasa elegante y compacta&comma; la serie QX Infinity se adapta a cualquier edificio residencial y comercial sin arruinar su apariencia.<\/p>\n<p style='margin-bottom: 0;'><strong>Incluye Transmisor DS-PDMC-EG2-WB Hik Vision para paneles AXPRO<\/strong><\/p>\n<\/p><\/div>\n<\/p><\/div>\n<hr style='border: 0; border-top: 1px solid rgba(150&comma; 150&comma; 150&comma; 0.3); margin: 30px 0;'>\n<div style='display: flex; flex-wrap: wrap; gap: 20px; margin-bottom: 30px;'>\n<div style='flex: 1 1 250px; border: 1px solid rgba(150&comma; 150&comma; 150&comma; 0.4); border-radius: 8px; overflow: hidden; display: flex; flex-direction: column;'>\n<div style='padding: 15px; border-bottom: 1px solid rgba(150&comma; 150&comma; 150&comma; 0.2); font-weight: bold; font-size: 18px; color: inherit;'>Dise\u00f1o Compacto<\/div>\n<div style='padding: 15px; color: inherit;'>\n<p style='margin: 0;'>QXI est\u00e1 recientemente dise\u00f1ado con un dise\u00f1o elegante y compacto que no arruina la apariencia de la casa y es dif\u00edcil de encontrar por intrusos que intentan enmascararlo.<\/p>\n<\/p><\/div>\n<\/p><\/div>\n<div style='flex: 1 1 250px; border: 1px solid rgba(150&comma; 150&comma; 150&comma; 0.4); border-radius: 8px; overflow: hidden; display: flex; flex-direction: column;'>\n<div style='padding: 15px; border-bottom: 1px solid rgba(150&comma; 150&comma; 150&comma; 0.2); font-weight: bold; font-size: 18px; color: inherit;'>Montaje para Alto y abajo patron<\/div>\n<div style='padding: 15px; color: inherit;'>\n<p style='margin: 0;'>Se puede seleccionar un montaje alto (2.2 &#8211; 2.7 m (7 &#8216;3 &#8216;- 8&#8217;11&#8217;)) o un montaje bajo (0.8 &#8211; 1.2 m (2&#8242; 7 &#8216;- 4 &#8216;)) dependiendo del sitio de instalaci\u00f3n.<\/p>\n<\/p><\/div>\n<\/p><\/div>\n<div style='flex: 1 1 250px; border: 1px solid rgba(150&comma; 150&comma; 150&comma; 0.4); border-radius: 8px; overflow: hidden; display: flex; flex-direction: column;'>\n<div style='padding: 15px; border-bottom: 1px solid rgba(150&comma; 150&comma; 150&comma; 0.2); font-weight: bold; font-size: 18px; color: inherit;'>Tapa frontal f\u00e1cil de abrir y cerrar<\/div>\n<div style='padding: 15px; color: inherit;'>\n<p style='margin: 0;'>Puede abrir y cerrar f\u00e1cilmente la cubierta frontal sin un tornillo. Solo se necesita un destornillador (-) para abrirlo.<\/p>\n<\/p><\/div>\n<\/p><\/div>\n<div style='flex: 1 1 250px; border: 1px solid rgba(150&comma; 150&comma; 150&comma; 0.4); border-radius: 8px; overflow: hidden; display: flex; flex-direction: column;'>\n<div style='padding: 15px; border-bottom: 1px solid rgba(150&comma; 150&comma; 150&comma; 0.2); font-weight: bold; font-size: 18px; color: inherit;'>Modo de prueba de caminata autom\u00e1tica<\/div>\n<div style='padding: 15px; color: inherit;'>\n<p style='margin: 0;'>El modo de prueba de caminar comienza autom\u00e1ticamente cuando cierra la tapa y vuelve al modo normal despu\u00e9s de 3 minutos.<\/p>\n<\/p><\/div>\n<\/p><\/div>\n<div style='flex: 1 1 250px; border: 1px solid rgba(150&comma; 150&comma; 150&comma; 0.4); border-radius: 8px; overflow: hidden; display: flex; flex-direction: column;'>\n<div style='padding: 15px; border-bottom: 1px solid rgba(150&comma; 150&comma; 150&comma; 0.2); font-weight: bold; font-size: 18px; color: inherit;'>Doble malla conductiva<\/div>\n<div style='padding: 15px; color: inherit;'>\n<p style='margin: 0;'>Al usar nuestro blindaje de doble conducci\u00f3n&comma; la perturbaci\u00f3n de la luz visible y la RFI pueden bloquearse.<\/p>\n<\/p><\/div>\n<\/p><\/div>\n<div style='flex: 1 1 250px; border: 1px solid rgba(150&comma; 150&comma; 150&comma; 0.4); border-radius: 8px; overflow: hidden; display: flex; flex-direction: column;'>\n<div style='padding: 15px; border-bottom: 1px solid rgba(150&comma; 150&comma; 150&comma; 0.2); font-weight: bold; font-size: 18px; color: inherit;'>Logica SMDA<\/div>\n<div style='padding: 15px; color: inherit;'>\n<p style='margin: 0;'>Al analizar los patrones de detecci\u00f3n y la informaci\u00f3n ambiental&comma; SMDA mejora la inmunidad contra diversos factores de ruido&comma; como los cambios clim\u00e1ticos y la vegetaci\u00f3n&comma; y puede distinguir entre la causa de las falsas alarmas molestas y las intrusiones genuinas.<\/p>\n<\/p><\/div>\n<\/p><\/div>\n<\/p><\/div>\n<hr style='border: 0; border-top: 1px solid rgba(150&comma; 150&comma; 150&comma; 0.3); margin: 30px 0;'>\n<div style='display: flex; flex-wrap: wrap; gap: 20px; margin-bottom: 30px;'>\n<div style='flex: 1 1 400px; min-width: 300px;'>\n<div style='position: relative; padding-bottom: 56.25%; height: 0; overflow: hidden; margin-bottom: 30px;'>   <\/div>\n<\/p><\/div>\n<div style='flex: 1 1 400px; min-width: 300px;'>\n<div style='position: relative; padding-bottom: 56.25%; height: 0; overflow: hidden; margin-bottom: 30px;'>   <\/div>\n<\/p><\/div>\n<div style='flex: 1 1 400px; min-width: 300px;'>\n<div style='position: relative; padding-bottom: 56.25%; height: 0; overflow: hidden; margin-bottom: 30px;'>   <\/div>\n<\/p><\/div>\n<div style='flex: 1 1 400px; min-width: 300px;'>\n<div style='position: relative; padding-bottom: 56.25%; height: 0; overflow: hidden; margin-bottom: 30px;'>   <\/div>\n<\/p><\/div>\n<\/p><\/div>\n<\/p><\/div>\n","protected":false},"excerpt":{"rendered":"<p>Detector de Movimiento Pasivo con transmisor DS-PDMC-EG2-WB(B)\/ Inalambrico \/ Altura de montaje 0.8m a 2.7 m  ajustable  \/ 100% Exterior \/ Compatible con AXPRO<\/p>\n","protected":false},"featured_media":1911,"comment_status":"open","ping_status":"closed","template":"","meta":[],"product_brand":[],"product_cat":[202],"product_tag":[19,203,106],"class_list":{"0":"post-1912","1":"product","2":"type-product","3":"status-publish","4":"has-post-thumbnail","6":"product_cat-movimiento-para-exterior","7":"product_tag-detectores-sensores","8":"product_tag-movimiento-para-exterior","9":"product_tag-optex","11":"first","12":"instock","13":"sale","14":"shipping-taxable","15":"purchasable","16":"product-type-simple"},"_links":{"self":[{"href":"https:\/\/soydeaqui.ddns.net\/pachuca\/index.php\/wp-json\/wp\/v2\/product\/1912","targetHints":{"allow":["GET"]}}],"collection":[{"href":"https:\/\/soydeaqui.ddns.net\/pachuca\/index.php\/wp-json\/wp\/v2\/product"}],"about":[{"href":"https:\/\/soydeaqui.ddns.net\/pachuca\/index.php\/wp-json\/wp\/v2\/types\/product"}],"replies":[{"embeddable":true,"href":"https:\/\/soydeaqui.ddns.net\/pachuca\/index.php\/wp-json\/wp\/v2\/comments?post=1912"}],"wp:featuredmedia":[{"embeddable":true,"href":"https:\/\/soydeaqui.ddns.net\/pachuca\/index.php\/wp-json\/wp\/v2\/media\/1911"}],"wp:attachment":[{"href":"https:\/\/soydeaqui.ddns.net\/pachuca\/index.php\/wp-json\/wp\/v2\/media?parent=1912"}],"wp:term":[{"taxonomy":"product_brand","embeddable":true,"href":"https:\/\/soydeaqui.ddns.net\/pachuca\/index.php\/wp-json\/wp\/v2\/product_brand?post=1912"},{"taxonomy":"product_cat","embeddable":true,"href":"https:\/\/soydeaqui.ddns.net\/pachuca\/index.php\/wp-json\/wp\/v2\/product_cat?post=1912"},{"taxonomy":"product_tag","embeddable":true,"href":"https:\/\/soydeaqui.ddns.net\/pachuca\/index.php\/wp-json\/wp\/v2\/product_tag?post=1912"}],"curies":[{"name":"wp","href":"https:\/\/api.w.org\/{rel}","templated":true}]}}