{"id":1910,"date":"2026-03-18T05:51:20","date_gmt":"2026-03-18T05:51:20","guid":{"rendered":"https:\/\/soydeaqui.ddns.net\/pachuca\/index.php\/producto\/kit-de-hub-con-cerradura-ydf40a-codigo-biometria-y-apertura-smartphone-en-cualquier-parte-el-mundo\/"},"modified":"2026-03-18T05:51:20","modified_gmt":"2026-03-18T05:51:20","slug":"kit-de-hub-con-cerradura-ydf40a-codigo-biometria-y-apertura-smartphone-en-cualquier-parte-el-mundo","status":"publish","type":"product","link":"https:\/\/soydeaqui.ddns.net\/pachuca\/index.php\/producto\/kit-de-hub-con-cerradura-ydf40a-codigo-biometria-y-apertura-smartphone-en-cualquier-parte-el-mundo\/","title":{"rendered":"Kit de Hub con Cerradura YDF40A: C\u00f3digo, Biometria y apertura Smartphone en cualquier parte el Mundo"},"content":{"rendered":"<div style='width: 100%; max-width: 1200px; margin: 0 auto; font-family: sans-serif; line-height: 1.6; color: inherit; background-color: transparent;'>\n<div style='margin-bottom: 30px;'>\n<p style='margin: 0 0 15px;'>Yale Connect es un ecosistema para la apertura de la puerta a trav\u00e9s de su SMARTPHONE con las cerraduras aut\u00f3nomas de Assabloy. Ahora puede abrir la puerta desde cualquier parte del mundo!<\/p>\n<\/p><\/div>\n<div style='margin-bottom: 30px;'>\n<h3 style='font-size: 20px; border-bottom: 2px solid currentColor; padding-bottom: 5px; margin-top: 0; margin-bottom: 15px; color: inherit; opacity: 0.8;'>El kit incluye:<\/h3>\n<ul style='padding-left: 20px; font-size: 15px; color: inherit;'>\n<li>Cerradura <strong>YDF40<\/strong><\/li>\n<li>HUB <strong>51020<\/strong><\/li>\n<li>M\u00f3dulo Smart Connect <strong>89325<\/strong><\/li>\n<\/ul><\/div>\n<div style='margin-bottom: 30px;'>\n<h3 style='font-size: 20px; border-bottom: 2px solid currentColor; padding-bottom: 5px; margin-top: 0; margin-bottom: 15px; color: inherit; opacity: 0.8;'>Caracter\u00edsticas principales del ecosistema de Yale Connect:<\/h3>\n<ul style='padding-left: 20px; font-size: 15px; color: inherit;'>\n<li>Asigne c\u00f3digos de acceso y manejo de cerraduras a visitantes desde cualquier lugar del mundo.<\/li>\n<li>Controla el uso de los dispositivos por fecha y horario.<\/li>\n<li>Controle y comparte de forma remota y segura.<\/li>\n<li>Utilice la se\u00f1al Wifi de su casa u oficina para administrar las cerraduras.<\/li>\n<li>El uso del sistema es gratuito&comma; no hay cargos mensuales por el uso o para usuarios adicionales.<\/li>\n<li>Agregue usuarios para controlar los dispositivos seleccionados&comma; pudiendo restringir el uso por horario (fecha \/ hora).<\/li>\n<li>Cree c\u00f3digos de usuario (para cerraduras digitales de puertas) para usuarios sin la aplicaci\u00f3n Yale Connect.<\/li>\n<li>Sepa qui\u00e9n ha accedido a los dispositivos a trav\u00e9s de un reporte de auditor\u00eda.<\/li>\n<\/ul><\/div>\n<div style='margin-bottom: 30px;'>\n<h3 style='font-size: 20px; border-bottom: 2px solid currentColor; padding-bottom: 5px; margin-top: 0; margin-bottom: 15px; color: inherit; opacity: 0.8;'>Caracter\u00edsticas Hub:<\/h3>\n<ul style='padding-left: 20px; font-size: 15px; color: inherit;'>\n<li>El Hub permite conectar hasta un m\u00e1ximo de 16 componentes.<\/li>\n<li>Requiere una red wifi para controlarse.<\/li>\n<li>Compatible con cerraduras YMF30\/40&comma; Real Living.<\/li>\n<li>Requiere un Smartphone con al menos sistema operativo iOS7 + o Android 4.0.3 +<\/li>\n<li>Alimentaci\u00f3n: 5 V&comma; 1 A.&comma; consume 1 W.<\/li>\n<li>Entrada micro USB.<\/li>\n<li>Compatible Wifi 2.4 GHz.<\/li>\n<\/ul><\/div>\n<div style='margin-bottom: 30px;'>\n<h3 style='font-size: 20px; border-bottom: 2px solid currentColor; padding-bottom: 5px; margin-top: 0; margin-bottom: 15px; color: inherit; opacity: 0.8;'>Caracter\u00edsticas de la cerradura:<\/h3>\n<ul style='padding-left: 20px; font-size: 15px; color: inherit;'>\n<li>Cerrojo tubular.<\/li>\n<li>Registra hasta <strong>100 usuarios<\/strong> con huella digital.<\/li>\n<li>Registra hasta 100 usuarios con c\u00f3digo PIN.<\/li>\n<li>Backset ajustable 60 mm &#8211; 70 mm.<\/li>\n<li>Para puertas de 35 a 55 mm de espesor.<\/li>\n<li>Men\u00fa asistido por voz.<\/li>\n<li>Alarma de intrusi\u00f3n o da\u00f1o.<\/li>\n<li>Funciona con 4 pilas alcalinas AA.<\/li>\n<li>Puerto auxiliar para pila de 9 Volts.<\/li>\n<\/ul><\/div>\n<div style='margin-bottom: 30px;'>\n<h2 style='font-size: 24px; border-bottom: 2px solid currentColor; padding-bottom: 5px; margin-top: 0; margin-bottom: 15px; color: inherit; opacity: 0.8;'>Preguntas Frecuentes:<\/h2>\n<div style='margin-bottom: 20px;'>\n<h4 style='font-size: 18px; margin-top: 0; margin-bottom: 10px; color: inherit; opacity: 0.8;'><strong>\u00bfHasta cuantos Hub puedo asociar a la aplicaci\u00f3n?<\/strong><\/h4>\n<p style='margin: 0; color: inherit;'>Se puede asociar 16 Hub a la aplicaci\u00f3n&comma; considerando 16 cerraduras por Hub se puede tener hasta 256 cerraduras en la aplicaci\u00f3n.<\/p>\n<\/p><\/div>\n<div style='margin-bottom: 20px;'>\n<h4 style='font-size: 18px; margin-top: 0; margin-bottom: 10px; color: inherit; opacity: 0.8;'><strong>\u00bfCu\u00e1ntos administradores admite la aplicaci\u00f3n y cuantos usuarios simult\u00e1neos pueden asociarse por HUB?<\/strong><\/h4>\n<p style='margin: 0; color: inherit;'>Solo se puede tener 1 cuenta administrador&comma; la cual puede estar en sesi\u00f3n iniciada en varios dispositivos al mismo tiempo.<\/p>\n<\/p><\/div>\n<div style='margin-bottom: 20px;'>\n<h4 style='font-size: 18px; margin-top: 0; margin-bottom: 10px; color: inherit; opacity: 0.8;'><strong>\u00bfQu\u00e9 tiempo tarda la operaci\u00f3n de cambiar una contrase\u00f1a a un determinado Hub?<\/strong><\/h4>\n<p style='margin: 0; color: inherit;'>Hay un retardo de menos de un minuto al dar de alta un nuevo invitado.<\/p>\n<\/p><\/div>\n<div style='margin-bottom: 20px;'>\n<h4 style='font-size: 18px; margin-top: 0; margin-bottom: 10px; color: inherit; opacity: 0.8;'><strong>\u00bfCu\u00e1nto dura la bater\u00eda en cada equipo?<\/strong><\/h4>\n<p style='margin: 0; color: inherit;'>En uso promedio&comma; la bater\u00eda dura 1 a\u00f1o aproximadamente&comma; con mayor uso de lo normal puede llegar a durar 6 meses&comma; la cerradura da una alarma cuando se va a quedar sin bater\u00eda tanto local como en la aplicaci\u00f3n del celular.<\/p>\n<\/p><\/div>\n<div style='margin-bottom: 20px;'>\n<h4 style='font-size: 18px; margin-top: 0; margin-bottom: 10px; color: inherit; opacity: 0.8;'><strong>\u00bfTienes un demo que pueda accesar de la aplicaci\u00f3n ya instalada asociada a Hub y cerraduras inteligentes?<\/strong><\/h4>\n<p style='margin: 0; color: inherit;'>En este momento no se cuenta con un sistema demo&comma; si ser\u00eda necesario contar con un sistema b\u00e1sico de 1 cerradura y 1 Hub para poder hacer pruebas.<\/p>\n<\/p><\/div>\n<div style='margin-bottom: 20px;'>\n<h4 style='font-size: 18px; margin-top: 0; margin-bottom: 10px; color: inherit; opacity: 0.8;'><strong>\u00bfToda la administraci\u00f3n de los equipos se hace a trav\u00e9s del aplicativo&comma; o tambi\u00e9n se puede hacer a trav\u00e9s de un software de computadora o acceso web?<\/strong><\/h4>\n<p style='margin: 0; color: inherit;'>Toda la administraci\u00f3n se hace desde la aplicaci\u00f3n de celular&comma; no es posible por software en computadora o acceso web.<\/p>\n<\/p><\/div>\n<div style='margin-bottom: 20px;'>\n<h4 style='font-size: 18px; margin-top: 0; margin-bottom: 10px; color: inherit; opacity: 0.8;'><strong>\u00bfEl sistema puede generar reportes&comma; de apertura y cierre&comma; pre-alarmas o fallas&comma; ejemplo falla de bater\u00eda del dispositivo y que se reporten al aplicativo&comma; y\/o plataforma?<\/strong><\/h4>\n<p style='margin: 0; color: inherit;'>El sistema muestra los registros de uso de apertura y cierre&comma; por teclado&comma; manuales o por APP&comma; tambi\u00e9n tiene notificaci\u00f3n PUSH que indican el estado de la cerradura&comma; si est\u00e1 abierta o cerrada. OJO solo indica el estado de la cerradura&comma; no de la puerta en s\u00ed&comma; si la puerta fue forzada de alguna forma sin modificar o forzar la cerradura&comma; la aplicaci\u00f3n no lo mostrar\u00e1.<\/p>\n<\/p><\/div>\n<div style='margin-bottom: 20px;'>\n<h4 style='font-size: 18px; margin-top: 0; margin-bottom: 10px; color: inherit; opacity: 0.8;'><strong>\u00bfHay forma de saber si la puerta se encuentra abierta o cerrada&comma; tendr\u00e1 el equipo alg\u00fan sensor de posici\u00f3n o contacto magn\u00e9tico de estado para diferenciar entre abierta y cerrada&comma; as\u00ed mismo se refleja en la aplicaci\u00f3n?<\/strong><\/h4>\n<p style='margin: 0; color: inherit;'>Como se menciona en la pregunta anterior&comma; la aplicaci\u00f3n si tiene estado de la cerradura&comma; pero no de la puerta aun cuando se tenga un contacto magn\u00e9tico.<\/p>\n<\/p><\/div>\n<div style='margin-bottom: 20px;'>\n<h4 style='font-size: 18px; margin-top: 0; margin-bottom: 10px; color: inherit; opacity: 0.8;'><strong>\u00bfCuentan con alguna presentaci\u00f3n o video para poderla presentar a mi cliente<\/strong><\/h4>\n<p style='margin: 0; color: inherit;'>Puede ver el siguiente v\u00eddeo: <a style='color: inherit; text-decoration: underline;' href='https:\/\/www.youtube.com\/watch?v=_gLu33hS47o&#038;feature=emb_logo' target='_blank' rel='noopener'>https:\/\/www.youtube.com\/watch?v=_gLu33hS47o&#038;feature=emb_logo<\/a><\/p>\n<\/p><\/div>\n<div style='position: relative; padding-bottom: 56.25%; height: 0; overflow: hidden; margin-bottom: 30px;'>   <\/div>\n<\/p><\/div>\n<hr style='border: 0; border-top: 1px solid rgba(150&comma; 150&comma; 150&comma; 0.3); margin: 30px 0;'> <\/div>\n","protected":false},"excerpt":{"rendered":"<p>Kit de Hub con Cerradura YDF40A: C\u00f3digo, Biometria y apertura Smartphone en cualquier parte el Mundo<\/p>\n","protected":false},"featured_media":1909,"comment_status":"open","ping_status":"closed","template":"","meta":[],"product_brand":[],"product_cat":[86],"product_tag":[88,87,395],"class_list":{"0":"post-1910","1":"product","2":"type-product","3":"status-publish","4":"has-post-thumbnail","6":"product_cat-autonomas-inteligentes","7":"product_tag-autonomas-inteligentes","8":"product_tag-cerraduras","9":"product_tag-yale-assa-abloy","11":"first","12":"outofstock","13":"sale","14":"shipping-taxable","15":"purchasable","16":"product-type-simple"},"_links":{"self":[{"href":"https:\/\/soydeaqui.ddns.net\/pachuca\/index.php\/wp-json\/wp\/v2\/product\/1910","targetHints":{"allow":["GET"]}}],"collection":[{"href":"https:\/\/soydeaqui.ddns.net\/pachuca\/index.php\/wp-json\/wp\/v2\/product"}],"about":[{"href":"https:\/\/soydeaqui.ddns.net\/pachuca\/index.php\/wp-json\/wp\/v2\/types\/product"}],"replies":[{"embeddable":true,"href":"https:\/\/soydeaqui.ddns.net\/pachuca\/index.php\/wp-json\/wp\/v2\/comments?post=1910"}],"wp:featuredmedia":[{"embeddable":true,"href":"https:\/\/soydeaqui.ddns.net\/pachuca\/index.php\/wp-json\/wp\/v2\/media\/1909"}],"wp:attachment":[{"href":"https:\/\/soydeaqui.ddns.net\/pachuca\/index.php\/wp-json\/wp\/v2\/media?parent=1910"}],"wp:term":[{"taxonomy":"product_brand","embeddable":true,"href":"https:\/\/soydeaqui.ddns.net\/pachuca\/index.php\/wp-json\/wp\/v2\/product_brand?post=1910"},{"taxonomy":"product_cat","embeddable":true,"href":"https:\/\/soydeaqui.ddns.net\/pachuca\/index.php\/wp-json\/wp\/v2\/product_cat?post=1910"},{"taxonomy":"product_tag","embeddable":true,"href":"https:\/\/soydeaqui.ddns.net\/pachuca\/index.php\/wp-json\/wp\/v2\/product_tag?post=1910"}],"curies":[{"name":"wp","href":"https:\/\/api.w.org\/{rel}","templated":true}]}}