{"id":191,"date":"2026-03-18T05:36:53","date_gmt":"2026-03-18T05:36:53","guid":{"rendered":"https:\/\/soydeaqui.ddns.net\/pachuca\/index.php\/producto\/juego-de-cortador-de-tubo-y-avellanador\/"},"modified":"2026-03-18T05:36:53","modified_gmt":"2026-03-18T05:36:53","slug":"juego-de-cortador-de-tubo-y-avellanador","status":"publish","type":"product","link":"https:\/\/soydeaqui.ddns.net\/pachuca\/index.php\/producto\/juego-de-cortador-de-tubo-y-avellanador\/","title":{"rendered":"Juego de cortador de Tubo y Avellanador"},"content":{"rendered":"<\/p>\n<p style='text-align: center;'><span style='font-family: tahoma&comma; arial&comma; helvetica&comma; sans-serif; font-size: 12pt;'><img class='fr-fic fr-dii' src='data:image\/png;base64&comma;iVBORw0KGgoAAAANSUhEUgAAANcAAABnCAIAAAAc1UCXAAAT7klEQVR4Ae2dd1gbR\/rHBTZuJE7suCUmubSLfYmd\/iTPXS6\/5HJpvzzJJffLpdwjATZgg8GY2MEluLfExnFix7Fjp5zL4TSrAqIITDFgehEguqkSIASoorba2V+khWG1orotQcOzf8xKu7Pzvu9nvzPzzshmYY4\/FpuLDuSBm+wBkj0Mw1iIwpvsevQ46AFEIdJ+5j2AKGQ+BlAS3LaAKEQUMu8BRCHzMXBbCYSGIwoRhcx7AFHIfAygJLhtAVGIKGTeA4hC5mPgthIIDUcUIgqZ9wCikPkYQElw2wKiEFHIvAcQhczHwG0lEBqOKEQUMu8BRCHzMYCS4LYFRCGikHkPIAqZj4HbSiA0HFGIKGTeA4hC5mMAJcFtC4hCRCHzHkAUMh8Dt5VAaDiiEFHIvAcQhczHAEqC2xYQhYhC5j2AKGQ+Bm4rgdBwRCGikHkPIAqZjwGUBLctIAoRhcx7AFHIfAzcVgKh4YhCRCHzHkAUMh8DKAluW0AUIgqZ9wCikPkYuK0EQsMRhYhC5j2AKGQ+BlAS3LaAKEQUMu8BRCHzMXBbCYSG3xAKH94kqZBrcQBGOKw2vENrzqzrjk6sfzU62ztQ6MGZhEB4cLhT\/XhLN0nWxkjP5rQmV3VJarsFJYrdouq\/H8ia5s+flFZDvMZYuDEUbpZUKnTEmP8AQbSrTd9mNL1yIGtOcOwYmz7BL5u2gv\/0jrSdgqpyudaGgyGd0W2wnM5qfuuLnElj9dUFZUJQCCPUY7D8N6d1eVTK1Rkzce6aHxr\/eWJ9Q5cBB0PzB00mCKLHYBGWtL\/4Wabb6uLEopAgCBwQnVrz8\/szJw5S423J8q2p1e264fSPyh+13G2whJwpnerHG+\/jJsH1E45CMjAao\/Wdo7lefvzfnYuf25shbdNQ8Rp7WWfC1v8oneb\/+7P6GsN0QyicvyYu7FzZbkH1cMceYfWBhLrT2S3ZDT1Gi23IOFW1657dnX6N5t3k2x\/alFzcMjSCOCDkGlNJq7a4RdPYY8Rs+JBWG8y2iPPlnr52Rbzn4yR43GRDbvLjbgiFHmzuFF\/eVL8RDv40f753oHBeSNzDn6SczGjqc2ERACKpUnmT3XEtj5u9SjQkghYb\/kuh4sWDWYvDxQtC4xeExt0VLn5mT8bXaY1mbIg3sMdgeePzHJY\/X642kUdbr5E1qXvqG0LheGM5xZf3zle5DV0GV3nwO1U43toYuX6qH28bT0YbC2I2UNyiefGzS8M16aHNEolMabIO6iJmA9Xtun8ezWWt4ENvAABY\/pN5vHhDKPQOFP55T8Yr0VnweHbX6H3rC\/szG1V90PVkobXHOH9N3HBRnDif\/2mzpKxNS208ZgPcQsV96xNHbuRv6njCLop2EOW9puiEugc+TrLfgigc2XGjfvtQZHJmbXen1gyPpIrOUe9isbnvfJVnsjp1UjgAvkzIodcKgc\/6xPsik2cECvtbzuGyODz74fKf93pwuKtOl1idh3rSVs2DHyd5uFzsevu8NXFJlcpL9d3P78ucsVLQfwGi0NVT4\/rkYZesdUFj71hqmBMcKyrtoCoKQRAxOa1THKN1sgYPNnduSOxbR3LP5baVKXRShY5b2u77XdH80DjqZSw297Ck4VRG88mMpk\/FtbcECb0DhAtC4xZvSLorImFucKzXUFNRL3\/+Q5slx9MblXoz2Qy9GbtQpHhyV1pJq6al19jSawz4TwnNFi8\/vrC0ndpsGw7e+TKXdtkIp7eHxE2lJQScKfTw589YKbgjJG7R2viFYfG3rxYNmdPx4HBvDRI+\/+mlI6lXJLWqi\/U932Q0vX44Z67zWsDCtfHrL1QekDQckDT4\/1A8M0AwK0AwLyRuUbh4YWjc7FUimidhy29fHftydPbx9KbMKz0ZDT0nM5teO5yzdLMk\/KfyHbE1G3myJZsl8OKxF25Ij3zVFHr68iLOS8nuCQY1p657cbiYNMnLn\/\/G4Zz0GhXmvBoBCKK0VcM5VUh1X6e2n6QOjdnvu6If89ra1CYzhuvNWEmbdqeg6r4NTt3lzABBxHlpu8YEHw0LJgyHY76Pfiyn+dc7SNSlt8CLCYLIrOumtoR2\/ZhOnSl84WDWibTGyg59b5+1U2fOqu\/ZcqHyXpfu\/vn9mbGlHTRVttrw9BrVP768DF+8ZVtSZAOLW5IKpe+pwjM5rTWdenWftVNrlsiUYefKZq8SUds51Y\/\/v5\/nSGRKi7Pk4wA0dBl0Jsyefu+zvn1kHO8erH9iUchic1+Nzob0kHGt7dA\/ue0ii8315PA+PFHQ1mukxptaVukt4eel0DZYD2YDKr2FtohhwfA4acfs1YO+Dj8vVRut1AqHLLtS+MSONFrlnGsfRVApJIjmHiNtFcZqw7lFCp91CdDeP+\/LqFcaaJdBEzp15oDvi8kcEJVCdZ+1t49udZ\/Fxi1S3BrU7xxPDu+D4wWtw3uefMrkofDRqNQGpdNkuV1tetGxlLJkYzJMCNtw0NjddyT1yiFJQ6VicKECAADXXSCFMBI4ALQgRQmqyCgu2SLB8P65qhnDz+e1\/e1Q9lN70veLa2k650oh+2QhfARBEBgOfD4ahANSMr4ChUJYOa3xBEFs+qWCrHZhWDxspw0H9UpDdHL97vja4hYN7DdqO\/VPbktlsblUCoerHAAicqDypRuTy+X9cy8cB3K16fTl1jOXW1t6jNQlyslD4ZKNyTUdeugagiBUBsur0dksNnfTLxUkRAYz9ll87W0DMjZ9pSA8Rqoa6BP5xe3ejikFlUKl1nyhQL5LVP1dRtMVSkqoXWuetkLg6cuLyW0jH6rus\/p9V0RqBovN9eBwX\/g0s6V7UIBdKdzwo5TaYKXOsjAsfnzMuU5inCnUGrFEaedRSUPM5VbH8nT\/AysVWnsv4cvbwa8igdCZsF2CqlkDk6pZgcID4loyHQsAsTe2xoNDp1Cls\/CLFMdSGn7Nb+ugDEhSZF1zQ+wJiq1cGSn2BrPtYELt3DX9O05mr47dJaiGHcjkoXDZJyl1nU5aqDJYXnNQWNSiJn2fWN55+2qnrTeevry9ohoyDLWd+ie223twSKHBbNvwUzmJ5jR\/\/svRWdSR0x8+TrozXAwF+MuUBtddBatPl0DOXCn86LwThSr99adwl7B6bojdZC9\/\/ptfXFao+wevVgz3XiWcHxonqVSSLTyd1TwrQDjVn788KjXkbOm5nJbiZjUcapfLtZ4cHlULNUar78kCktrpKwX\/+OKyeqCDLmvTLnXMNmTt\/Tuk4so6aJ738uMfkTSQIj15KPyf\/ZltvU7zg3aN6W+fXpoWJIJrfUOmsl\/Yn0lOLFQGy5tfXqZSKO81LqaMnzw43HzKOtuyranP7EgjNcCGg5eis1xlbOYqEQykK4XvnyiAjDo2ZIA\/bHDk\/FwVbuyfOGvhLZS3ztOPl17dRT4RB2BRuPjhLSlSR7bSaLUdSKj7NKGuVmkwU2ZUsHkmKz5rdSyVwuRK5TyH4JFWewcKEyv6ga7u0D++LfWW1SJ8YC743tf5rs555WCWymCfnE0eCv2\/LdKbnVKG9UrD09sv3r4mDs5SXz+U4+qLZ3amXXEkvTVG7N1jeVQKW7uNd1AczWJzLzb0wMA8uu0ipBDDwYsHh6IwSARXOFwpXBaVShuxBZ+hZ3NcGzzKJxQKXddOkgZAwQFYHJHw+NbUaudhDLSOfCt6+6wyhU4s7djOl80IEFApFBW3z6EgPitACJNlDgov+kQkwNH0c\/uG2Ov0l93pLT32EcskoXDGSsHRlH55h37Mbei5JyJhqj+\/2\/HCEQSxjStzDeFbX1zWGO35gg6t+RWHnsEeubXbOM95AYZG4d0fJTQPLNvsFtW4Vv7e8XzImSuFMwOFcspwiiCIkhb1tBXXtjWGQiFBECzn7GYyhUKfiMQHI5MKm\/qHK9BvAAC5xiQq7djOq\/rn0dxHtkhmBvSnxJ0oLBmFwpkBQtgPhJ4rc3XO20dytZMpU3N3REJtp9PUhCCIXwvkZKIrvryTdLFMoaWlyrz8+NwiBTmClrZp\/7gx2UkLXZYBaRR6+vISKvor1xgxclgJ3X3v+sSm7sGlRVcKp\/rxfsrvn9yQLcQBsfL7IljD1RRGpFDiTOGsQCG\/SAH5a9eaT11qfv2LnDvXim8NEs4Pje9fFRwYD4yLQhabm3ull6y8qEm9wHni5eXHvzDg+cmghZ6+vJ2iauhKsgAAWHOmlIwi+5tCo2N9DwdALO14dmfanWvj7wyLf2SL5Ex2C+w1jl+8QmaMB7VwNApZbO5LB7Pgvp7ePmvYubLln6Qs3ZT87ld5JS0aajrQlUIPDpdzqhB22WTL6zv1T2y76DrRoRHpwebeHZEQW9bx4YmCOcGxgyt+I1M4MBfBAfCJsOfe\/b8tglOulKqup7ZfvGuteFFY\/PJPUn641NylM792MAvu16RSGDuaFrLY3LCzpWTlGA7O57U9FpU6f03c\/DVxSzYlf5\/ZBD3\/u6fQk8N7\/3i+3mzvUql\/3XqLz7r+hZOFofG8IgVMUCm15vTqrrSqLupspqpdB9\/7cVH428+U9sXWQJJwAJR6S5vGBJNtsFWuFLLY3Ps\/TsobEAzyShyAVFnX4458O4086un9G5J+LZBbbcBoscVcbh3cUjlOCm8NEv6Y1wbfFpXecqlGlSLrahlIdyu15tcdqQZavjC2dJQemcXm+qxLSJF1kWMSQBBNqj5xWYe4rKNpYBhDmvz7pnCKL++D4\/nyoVLzURcGh4AeHO7SjclFTf29A8QCFmRy3SNbBtcxx0Uhi829bZXooLiWlFtYp2thSAo9fXnhMVI4fyLvwgFo7DKs+L7Ya8gxIof76qHs0hYN1DAbDuS9pq08+wSCuqdm1HEhifWc4Nif8tugMtFaXtqq+SO5W8c5az0WLfTk8J7akVbnvJpAq\/93MDspaVbPDY69g3aExC4Ijbs\/MulQYp2rCtrH+K0aT5fdnd6BopPpjR1qk9Fis+HAhgOTFVfpLNxC+QPO+ZHWXqMFwy0Y3qA03OE8O0mq6ya\/smD4sq325QTymOLLe\/dYXnGzWqkza42YzoSp9Jaqdt1mnszi2HxFEESEyzoyee+0lYLUqn7BoEYIB6CgWR10puTBzRKfdWKfcPG9kUnvnyiQyLpo1JJ3KbXm5\/aks1bwSeswHGA4oM1OEqSdNsfnFgxfNLDIzmJzZweJtvGqmlV9WhNmxnCLzb5oLu81Hk1psJM9YOYjWyTlbfZfBmI4EBQpnOfIAkFxO\/noSoXuMcdaC3njorViXrFCpTdbMHuHBABhseE9Bktdp97g2KQ80bVQa8LSalTpzkdGTXdRi4ZcCKeGjSzLe41vHB4iI8Ni23\/h+9jW1ODTJXuE1XtF1eH\/Lfvr3ozpLnqz5mxp5M8VkT9XBJ8uHdwx5YjEBycLyK8if66YF0rfvzh9peDpnWn\/+irv38cL\/rovc05I7JtHcuFIYMX3xTCctMKd4eL0ahWcTdOMIn+CrdCYRpBbld7i\/10Ri8P9bXP1Ln7VLn7VTl7VDp6MRdlVxGJzfU8Wkt9u58q8gwb2npGQcbj3bUh671j++vPSjT9XsE8WLN0smeL8Mi8IjQs7W2qvnF\/14df5VOd4+fH\/fbyArDzsbOmitU6LQNNX8J\/fl7nxp4rDSfWHk+o3\/VLx8oGsfx3PJ1eiewyWtx2ZWppbRj29SbsZaPEY9dRsxdfFSGesGHx9h7Xk+v2W3suf\/9zejEe3pnpS0iILw8XrYqTNjnwYQRAAgGVRg9rp2qrlUSmZNcOCOLLhnVoz+1QhXDx0rZzZT+ZQ+hNPPx5J9oMbk2EPoFCbXhp+Y\/kIjZ9wFAKC6DPb1sYMkZcawYzr8tVd4eLiVg0AQG20VrTrcpvUTd32Ph2iAwgiWTb6T2F8IhIu1XZbbXCqACsYtgAAIe81vn0012OoXbTXxbprrGThWnFjlyG\/SX0osS7sXFngD8VbuTJxhRKjmJlT33N1C+gTi0KjxZZUoXztkH3vws0\/PvimYMiBGsmODQeXG3rIddVR2zYjQBD5c0Vxi3pUFnEAWnuMP1xqemTLxP23ADw4vOAzJTCTNeTL1KW3\/J9jyWpU57heMCEoBATRpTP\/ki9\/71je4nDxqDk2VzOuyyfvn8jPquvus2Cu08wOjf0XIX\/aLPEcs1b9lspesjF59X9Kkis6yaUFWvBsOF4u1+6LrXlubwZc1bguhlz3SrwDhV+lNAz361UbDrLre16NzqaNPsfejBtC4bw1ccHnyrYJqkY9oriy4NMlT+9KmxkgHHuAx27euK70cGyknRUk\/MvezODTpVH8qm3CqrCzpc\/sSvfyu\/p\/1siTw7vNsVF+y6+VhyUNxy427hTVsE8W3LM+cYovj6lXblyeIbcYPxCZtC5G+muRokFlMFttJqututPwQ1bLywezXKeG46r\/hlA4rhagi5EHEIUMDEARdjQPIAoRhcx7AFHIfAxowuCGp4hCRCHzHkAUMh8DNxQ\/msmIQkQh8x5AFDIfA5owuOEpohBRyLwHEIXMx8ANxY9mMqIQUci8BxCFzMeAJgxueIooRBQy7wFEIfMxcEPxo5mMKEQUMu8BRCHzMaAJgxueIgoRhcx7AFHIfAzcUPxoJiMKEYXMewBRyHwMaMLghqeIQkQh8x5AFDIfAzcUP5rJiEJEIfMeQBQyHwOaMLjhKaIQUci8BxCFzMfADcWPZjKiEFHIvAcQhczHgCYMbniKKEQUMu8BRCHzMXBD8aOZjChEFDLvAUQh8zGgCYMbniIKEYXMewBRyHwM3FD8aCYjChGFzHsAUvj\/h+E3fXQU5i0AAAAASUVORK5CYII=' alt=''><\/span><\/p>\n<p style='text-align: justify;'><span style='font-family: helvetica&comma; arial&comma; sans-serif;'>El juego Especializado <strong>D114000<\/strong><\/span><span style='font-family: helvetica&comma; arial&comma; sans-serif;'> esta dise\u00f1ado para expandir y cortar aberturas en tuber\u00edas de metales no ferrosos&comma; como cobre y aluminio; ampliamente utilizado en trabajos de mantenimiento de equipos de refrigeraci\u00f3n&comma; tuber\u00edas hidr\u00e1ulicas mec\u00e1nicas&comma; tuber\u00edas de aceite para motores de combusti\u00f3n interna&comma; etc.<\/span><\/p>\n<\/p>\n<div class='row'>\n<div class='col-sm-12'>\n<div style='border-left: 5px solid #E42327; border-radius: 5px; padding: 5px; box-shadow: 2px 2px 10px #d8d8d8; -webkit-box-shadow: 2px 2px 10px #d8d8d8;'>\n<p><span style='color: #2880b9; font-family: helvetica&comma; arial&comma; sans-serif; font-size: 16px; font-weight: bold; background-color: #ffffff;'>Caracter\u00edsiticas:<\/span><\/p>\n<ul>\n<li style='text-align: justify;'><span style='font-family: helvetica&comma; arial&comma; sans-serif;'>Abocardado preciso para evitar fugas<\/span><\/li>\n<li style='text-align: justify;'><span style='font-family: helvetica&comma; arial&comma; sans-serif;'>Construcci\u00f3n robusta y resistente al desgaste<\/span><\/li>\n<li style='text-align: justify;'><span style='font-family: helvetica&comma; arial&comma; sans-serif;'>Compatible con tuber\u00eda de cobre&comma; aluminio blando y lat\u00f3n<\/span><\/li>\n<li style='text-align: justify;'><span style='font-family: helvetica&comma; arial&comma; sans-serif;'>Incluye:<\/span><\/li>\n<\/ul>\n<table style='border-collapse: collapse; width: 420pt; height: 160px;' border='0' width='560' cellspacing='0' cellpadding='0'>\n<colgroup>\n<col style='mso-width-source: userset; mso-width-alt: 20480; width: 420pt;' width='560'><\/colgroup>\n<tbody>\n<tr style='height: 20px;'>\n<td class='xl65' style='height: 20px; width: 560px;' height='27'><span style='font-family: helvetica&comma; arial&comma; sans-serif;'><strong>*<\/strong>Placa de sujeci\u00f3n A<\/span><\/td>\n<\/tr>\n<tr style='height: 20px;'>\n<td class='xl66' style='height: 20px; width: 560px;' height='27'><span style='font-family: helvetica&comma; arial&comma; sans-serif;'>3&comma; 4&comma; 5&comma; 9&comma; 16&comma; 19mm<\/span><\/td>\n<\/tr>\n<tr style='height: 20px;'>\n<td class='xl65' style='height: 20px; width: 560px;' height='27'><span style='font-family: helvetica&comma; arial&comma; sans-serif;'><strong>*<\/strong><\/span><span style='font-family: helvetica&comma; arial&comma; sans-serif;'>Placa de sujeci\u00f3n B<\/span><\/td>\n<\/tr>\n<tr style='height: 20px;'>\n<td class='xl66' style='height: 20px; width: 560px;' height='27'><span style='font-family: helvetica&comma; arial&comma; sans-serif;'> 6&comma; 8&comma; 10&comma; 12&comma; 14&comma; 15mm<\/span><\/td>\n<\/tr>\n<tr style='height: 20px;'>\n<td class='xl65' style='height: 20px; width: 560px;' height='27'><span style='font-family: helvetica&comma; arial&comma; sans-serif;'><strong>*<\/strong>Cortatubos met\u00e1lico tipo G 3-28mm.<\/span><\/td>\n<\/tr>\n<tr style='height: 20px;'>\n<td class='xl65' style='height: 20px; width: 560px;' height='27'><span style='font-family: helvetica&comma; arial&comma; sans-serif;'><strong>*<\/strong>Expansor de Tubo<\/span><\/td>\n<\/tr>\n<tr style='height: 20px;'>\n<td class='xl65' style='height: 20px; width: 560px;' height='27'> <\/td>\n<\/tr>\n<tr style='height: 20px;'>\n<td class='xl65' style='height: 20px; width: 560px;' height='27'> <\/td>\n<\/tr>\n<\/tbody>\n<\/table>\n<\/div>\n<\/div>\n<\/div>\n<p style='text-align: center;'><img src='data:image\/png;base64&comma;iVBORw0KGgoAAAANSUhEUgAAAQwAAACJCAYAAADZhgZMAAAAAXNSR0IArs4c6QAAAARnQU1BAACxjwv8YQUAAAAJcEhZcwAADsMAAA7DAcdvqGQAABSlSURBVHhe7Z0\/bBrZvse\/ebL1BIXNM1e6LrBsb8FKzwWslFuQImHtYl\/hq3gLR3oVpEuqJS7jSMFSnBKTKi6eZGi9xSVair2FHZziTnF93w6Fn7RTrMmDwk9ashg9wXuypdzCDHdmOOAZ5hyYGX4ficJnHII5M9\/z+3d+587nz58\/gyAIwgT\/ZBwgCILoBwkGQRCmIcEgCMI0JBgEQZiGBIMgCNOQYBAEYRoSDIIgTEOCQRCEaUgwCIIwDQkGQRCmIcEgCMI0JBgEQZiGBIMgCNOQYBAEYZo7dra3V+ot5KSacZgQQDwcBABEQzMI+KeNl8dCuqgYhwgBqHO+FPRhKeg3Xh4ptgSjpNTxdUYyDhOCWZzzIf5lEBuReWxE542XR8adJ0XjECGYWd8U4uHfYSP6eyRjC8bLwiHBcDmLcz6k\/xgez81DgjFWZn1TSK19gdTq8sisTophuJyPn9p4nC8j+uoD5GrTeJnwMJfta+wUFSxtH6EgXxgvC4GrhZGIhcay0k0CcrWJRvsKJaWOE6VuvNzl5XoY6fWwcVgIWgsjEppB9tGK7jrBh0q9hUq9DbnaREn5FZfta+OvAJ3nL7u5ItTa4CoYo7xZJ5lG6wqF8gXSPyj4+KltvIxELIRcImoc5o5WMB6EgyhtxXTXCTEU5Atkj8+ZC0ckNIPSVkyYaJBL4kIC\/mkkYwuovF7D3uYKZn1Tuut5qYZkXtaNEd5hIzqP0lYM77diWJzz6a6Va03EMxIarSvdOC9IMFxOam0Z8ov7iIRmdON5qUZpT48TDwchv7iPRCykGy\/XmtjYP9WN8YIEwwMsBf0obcXwoFOrobJTVFBimK2Edwj4p5FLRHtE40SpC1kwSDA8QsA\/jcKTuz2WRjJHrskkwBKNnaKCSr2lG7MLCYaHCPinUdqK6WIaHz+1haw0hPPIJaI9VmYyX9b9bBcSDI8R8E\/3pDezR7\/ofia8Sy4R0f18otS5WhkkGB4kGVvQrTSX7WvkpKrudwhvshT097gmPC1MEgyPkjTcNAX5f3Q\/E97FWAvFswqUBMOjJGMLuljGuzK\/m4ZwNktBPx5G\/rEp8bJ9zW3bAAmGh4mHf6f7mddNQzgftR2CCq\/0OgmGh4ku6FOsPINfhLMRNfckGB7GuMrINbIwJgVRc0+CQRCEaUgwCIIwDQkGMXFU6i0U5AukiwqSeRnxjNR93XlSxJ0nRd1Y6vAM6c6+HFG7QN0C9cPwMKLnx039MAryBQrlC5R+rjN7iFghEppBPBxEPBwca0\/V2xAxP2RhEJ5FrjaRzMsIPPsR3+6fIi\/VbIsFOtvH3xyf49v9UwSe\/YjU4Rm3LITTIcEgPEdJqSOekfDV7gfkpVrflnY8uGxf483xOZa3jxHPSNzqHZwKCQbhGVSh+DojMdvXieak4wJuvD31rMVBgkG4nkbrCqnDM9NCsTjnQyIWwkEigvdbMfyW+Qaf99eZr98y3+D9Vgx7mytIxEI9LfFYvCtfYHn7mOumL6dAgkG4mpJSR\/TVB7w5Pjde0hEJzWBvcwXnu6uovF5DLhFFMraAeDg4sGFuwD+NeDiI1NoycokoKq\/X8NP2fbxcD98qHjtFxXPHP5BgEK4le3SOrzPSwEBmIhbCT9v3Ib+4j9TaMpejBqMLM0ivh1F5vYb3jNaIWm6a8v7FM+0FSDAIV5LMy3j2\/ZlxuMvDyDzOd1eRS0R79lXwJN5JVw4Sjsv2NR7ny55wUTxdh1Gpt5AuKqjU+69AwxDwTSO9HhZ6I\/JA9PyIyPObIZmXke9zCPjinA+5ZLRnL8WoyElVpA7P+mZmRnVmDATNj6cFY+n50UBz1Q6zvilUdtcG+r\/jRvT8iLghb2Pj7Wnf3h6jOPnLDI3WFTb2T\/sGYEclGiLmx7MuSUG+ECYW6JiZhT43LiGGZF7uKxYHiQhyiejYxQKaZswv+4hzXqohddjfnXIy3hUMzY21t7nSky4z8zrfXdW9pxFqezc6UodnTDdk1jeFn7bvO\/JM3\/R6GAeGprwqb47PXRkI9a5gaPoYbkR\/r7tmlttiH+\/KFxO\/GWkUFOQLZtp01jeF0tY9R8eSkrGFvqLxOF92XcrVk4JRkC+6QacH4eDQqTQzZb7kloilUm8xz4l1g1ioDBKNjbd\/ddWi403B0DzExu7ZVjCj\/uSWiCWZLzMzDqLTpbxJxhawt6k\/LwYuPGjKm4KhdUc03ZOtIlcvjUM9kFsijuzROTPT8HI97Oht5f1IrS33nBmCTjzDjDXrBDwnGFp35GFkfuioeaN1ZTrLQm4JfxqtK6SLPxuH8SAc5JoaHjXZzRVmSblbzsD1nmBoHt5hg52w2DQ1x4jeE\/bIHp\/3uCKzvqmeowDdRsA\/jVyytwbj46e2K7Im3hMMTu6IFROR9\/mVk06jdcU8Dza19sXQAWwnEQ8Hma5J+gfnxzI8JRi83BEMcY4DBT\/5wbIuFud8rnZFjGQ3V3Qn08ElVoanBEPrGthxR2AyQ6LF6RPtJnJ\/6f0u038UIxZytYnU4RniGQmBZz92mwAvPT9CPCMhXVQs3wtmCPinkVr7wjjsePfWM4LRaF3pyobtuCPobEu2QrnWtGyVEL2wSvoX53zcKzlzUhVLz4\/w1e5NL40Tpa6zaj5+auNEqWOnqOCr3Q9C2u+lVpeNQ453bz0jGNpgp113ZNgbg9wS+7AyTsl7\/MSiUm8hnpHwOF\/uCtOsbwoPwkG8XA\/rXtrt6tr2e7zS6AH\/NDOWkT3qrWp1Ct4RDM3DOmp3RIXcEvtog9YqdorvtMjVJqKvPnRrOxbnfDhIRNDY+zeUtmJId3bzqq9Sp33fy\/VwN97wrnyBeEbiJhosS3jYBWsUeEIweLsjcu32gi0W5JbYo2RwC9BprccjMyJXbzpfqe\/\/3eoyKq\/XbnV1Av6b3ieV3TU87NxXN120+IjGRnS+J\/jp5PvIE4KhNWMTsZAtdwQmNp0NgtyS4WGtrDwqOhutK2y8\/WtXLA4SEWQf9ZZpDyLgn0bh6d2uC1GuNbGxf2r8taFg\/Y2s78IJeEMwtO6ITesCHX91WMgtGR7WQ8Kjc1a6qHTjFXubK7daFYPIJaJd0ThR6lziDay\/cVi3WDSuFwytOzLrm2KqtRXsTpSTzUmnw9q7w3qYrFCpt7pb4x9G5pFa681MWCWXiCISutn4li7+bNs1Yf2NViqNR4nrBUNfCm5PLGAjfqHF6bl0p8KKX9hFawFkH\/2r7podVJeGR+c1VoyGJZ5OwP2CwdkdsWthoE+knxgMyx1hPUhWUefiYWSey\/upxMPBrqDxWCCMHceN4ukUXC8YjfY\/zMFv90+7lXrDvlidnaxiteiLYGO334VcbXZjF3ZT7SxUi9ZOzGsQTnRtXS8YS8HercLjxrhaEONB+8Cx4gR20b4ny0KyAuvz2cnWicL1gpHtnHn5IBx0xOthZB6FJ3eNH5O4BR6uoBFt4JCnO6IS5RBjcRuePpdk0hE9P3c4nnuRLirYMbSqs\/t5te\/5eX\/deJkL6nfwfivGtBLMwvr77b4nz\/lRcb2FQXgDJ7qWt+HEGINoSDAIRyDCZdCuziIebm2MIeCzV11st5ZjVDjOJZGrTdt5bRbR0AyXOo1G6wo5qabLzvAg4JtGkkNZuxYR86OFp8lr\/Kzg8Hkr9RaWt4+BTjm4nQpPFqnDs25Wza7LE89IPdmW3zLf2LofeM6PiqMEw\/h+vLH7+QAg+uqDsLRpJDQD+cV94\/DQGL9PHn+\/Fp43pFxt4qvdD7oxu+8Jzfm6PN7LiPreDyPzKDy1F+hmCYZdEeI5PyqOcklE78NgdXKyglxtChMLdOo3JrXoi1VzwcNMV3tpnCh126lPLTmpyrXGwygWrM7iTsBRFkbg2Y\/dCrf3Q6phTqoyz+BU+Wn7PvPmNIPWBP1udXkoF+ei+f\/49\/\/4T+NwF54ne\/OeHyO8VzB1xdZid5VttK6wtH2Ey\/Y1Nwuu0bpC9NUHfPzUxuKcD5XXa8ZfsYQo64r3\/MBJFoaxgW88HBzq1WgNLqm1Y8VoV\/\/U2nLP\/23mNT\/zz7r3NDKpFgYARBdmjUO2rQJt78xyrck8dtEqSU23Lqvb5Fmw9i\/FbaRTReIcweB1nsgtm3aGfSC1vSbtNHW57QG4bF8P\/RndDsvy4\/FdpNfD3X0feamG1OGZ8VdMk8zL3d3RiVhoKCvTCKuHilOLwpwjGBzOEzFzWtnHT+2hqgr157UOH20383+LyBK5Ada83yawZiltxbqi8eb43HJvzkq9heirD113NxKaQZZxVuowlJRfjUNkYQzC6I4Mm0oy20NgGLdEJ2gCLSBwWlXdSHRhRli7uoB\/Wica78oXWNo+QrqoDHx\/uXrjxixvH3cD3mo8YNj7VIv23leJhGa4vLcIHCEYvM4TMbsaWRUM7aTacUfMWECYcLeEZeLz6GoFjWh812nvf9m+xk5RwfL2MZaeH2Hj7SnSRQXpooJ4RuoeQ6ANor\/sNAfm9UCztsbbsWBFM3bB4NnA14y5jyEeSG7uiEkLCBPslrC+35xUteQ+DCLgn0b20Qreb8W6TX3RcVXflS+w09nTcaLUdeKeiIVwvrvKNctUqbd0976KnUVTNGMXDJ7niQwyLY1YeSC14mKn5b1ZCwgT7JbEw8GeGoTL9jWyHPqUaImHgyg8vYvz3VUcJCLMHc\/frS7jIBHBb5lvkEtEh7Ys+5E2bDaDgEY\/vBm\/YHA8T8RKUZXZB5JXfAUWBe2yfW3ZdfIKrCMEs0e\/cLMytCwF\/UjGFpBLRFHaiule2Uc3DYPtzHk\/KvUWs16IR89RkYxVMHi6I1ZWb1hwS3ile2HBZVJhpdsmgWQs1BP8FGFljJPU4X8Zh7A453NsdkRlrILB0x2x+jDCpFvCI92rYsUCQieSL2JVdTraYistO4IORh41BfmCGbvgUQQmmvEKhmYFtRMbQJ9qudu4zcLg6Y5YtYBUzIiaF0mvh3tiGegUTrlZRButK2a16YNwkJkhchpjEwytOzKu80Ruc0vG6Y6oTKpbgj4rbrnWROr74Ss1x83G\/mlP3QU6rSbdwNgEg\/d5IlbNfZV+K3ijdcXVHRnGAsIEuyXo3Bfa1KdKXqq5MiCczMs9u1LRqe1glcU7kfEJBsfzRIZdvTHALSmU+bkjsNkBup+oTQK5RKQnAAoAj\/NlV4lGv13UkdAM19oO0YxFMLi7I0Ou3hjglvBM94LR78AKk+yWBPzTKDz9g3EYcJFo5KQqHufLxmHM+qZsN94ZNWMRDN7uiB0LA4wVnGe6Fxw+3yS7JegUWR0kIsZhwAWikS4qTLEAgMLTPzi6SIvFWARDuzfA7sMIiyXXLPJSTfdA8kz3wqYFpGIUtUkjGVvonppu5HG+bGvLugjUbIjx6ACVg0TE8TUXLEYuGJV6qxug5OGOwKa5r6J9IHm7I3YtDEy4W6KSS0T7isab43PEM5KlalpRyNUm4hmJGbOAoIbEo2LkLfq0\/2bWN8XssmSF\/\/2\/a\/ztv+2v4NrPrm0V+IDDKlCuNbm4FFbb1Q0zP1YQ0QLODMm83PdhnPVNIb3+5dhKrFkHEmkZpViImJ+RC4a29buT0E4kq4PzuBmmH+Uw82MFETekWbJH53g2oB4jEppB9tHKyMz+nFRF+gelb\/uCWd9Ud2\/KqBAxPyN3SZaCfhz0SZWNi0QspJvI7OYKs8pwXCzO+bg1BvYKqbVl\/OnJ3b73UbnWxNcZCfGMJCwo2mhdISdVsfT8CI81fT6NLM75UNq6N1KxEMXILQxidIieHxErmFUq9RaS+fKtFqEaL9uIzNuKmzVaVygpdRTKF7qtA\/14GJlHLhGxHTgfBhHzM3ILgyB4shT0o7QVw97mSl9rA516m7xUw7f7p7jzpIh4RkK6qCAnVVFS6sxgqVxtoqTUkZOqSB2eIZ6R8C9bf8a3+6fIS7WBYjHrm8KfntxF4endsYiFKMjC8DCi50fECmaHSr2FdFHpGxAdFS\/Xw0itLo9dKETMD1kYhGdYCvqRS0RxvrvaN\/0qilnfFL5bXe628Ru3WIiCBIPwHKpw\/Jb5BnuCA9iR0AwOEhFUdteQfbTiuspNq5BgEJ7lphHPMiqv1\/DT9n3sba7YrquZ9U3hYWQee5srON9dhfzivrA2fk6EYhgeRvT8iPCRR4VcvTnvRN1W0K\/BkVrHEQ8HsRT0ucqCEDE\/JBgeRvT8iLghCX6ImB9bLknApzfDeJQ\/E+5hUBqT8Ca2BMPYJcjurlHCXWj3Ad1WOEV4A1uCYaTya2\/xCzE5kIXpfWwLhjbq\/PFTm26aCcK4satf4JDwDrYFI9o5DVtl0hu9TBI095OHbcEwrjKs06gJb2Kc+4I82a0EJwHbgrERnddV0p0odTJNJ4SAf1pXgu214wyJXmwLBgAk7+n3+TutvyIhDmOPh+zRL8ydn4Q34CIYqdVlXU6+XGsyj7InvEc8HNQFvi\/b10j26ZJNuB8ughHwTyO9\/qVubKfTa4DwPsZj\/k6UOvP8UML9cBEMdFqmGTf2OP3MCIIP0YUZvDSUnOelGomGB+EmGABQYPRYfJwvk3syAaTXwz0LhioalDnxDlwFI+CfRmnrXo9o7BQVxDMSZU88TuHJXUQMtRl5qYboqw9kaXoEroKBjnnKEo2Tzs7JeEZinmVKuJ+bBSPWIxofP7XxOF\/G0vMj5KQqWRwuxtb29kFU6i1svD3tnnLG4kE4iGhoZmKaj4yaSr2l62\/Je3t7PxqtK6S+PxvYWzMSmkF0YcZV\/SXchvZAJV7b24UJhkq6qCB79MvADsvEaBiVYKgU5AukDs\/6ntdBjA5egsHdJTGSXg+jsruGl+vhHjeF8DYb0XnIL25a44nsq0mMDuEWhpZG6wqF8gVKSh2ln+u08oyYUVsYRgpyZ+6V+kBXleAPLwtjpILBgjIno8NpPSnlahONNgVAR0HAN93T8GoYxi4YBEG4B+ExDIIgvAMJBkEQpiHBIAjCNCQYBEGYhgSDIAjTkGAQBGEaEgyCIExDgkEQhGlIMAiCMA0JBkEQpiHBIAjCNCQYBEGY5u+O\/PxxXaRT9QAAAABJRU5ErkJggg==' alt='' class='fr-fic fr-dii'><\/p>\n","protected":false},"excerpt":{"rendered":"<p>Juego de cortador de Tubo y Avellanador<\/p>\n","protected":false},"featured_media":190,"comment_status":"open","ping_status":"closed","template":"","meta":[],"product_brand":[],"product_cat":[130],"product_tag":[132,25,131],"class_list":{"0":"post-191","1":"product","2":"type-product","3":"status-publish","4":"has-post-thumbnail","6":"product_cat-herramientas-electricas","7":"product_tag-dongcheng","8":"product_tag-herramientas","9":"product_tag-herramientas-electricas","11":"first","12":"outofstock","13":"sale","14":"shipping-taxable","15":"purchasable","16":"product-type-simple"},"_links":{"self":[{"href":"https:\/\/soydeaqui.ddns.net\/pachuca\/index.php\/wp-json\/wp\/v2\/product\/191","targetHints":{"allow":["GET"]}}],"collection":[{"href":"https:\/\/soydeaqui.ddns.net\/pachuca\/index.php\/wp-json\/wp\/v2\/product"}],"about":[{"href":"https:\/\/soydeaqui.ddns.net\/pachuca\/index.php\/wp-json\/wp\/v2\/types\/product"}],"replies":[{"embeddable":true,"href":"https:\/\/soydeaqui.ddns.net\/pachuca\/index.php\/wp-json\/wp\/v2\/comments?post=191"}],"wp:featuredmedia":[{"embeddable":true,"href":"https:\/\/soydeaqui.ddns.net\/pachuca\/index.php\/wp-json\/wp\/v2\/media\/190"}],"wp:attachment":[{"href":"https:\/\/soydeaqui.ddns.net\/pachuca\/index.php\/wp-json\/wp\/v2\/media?parent=191"}],"wp:term":[{"taxonomy":"product_brand","embeddable":true,"href":"https:\/\/soydeaqui.ddns.net\/pachuca\/index.php\/wp-json\/wp\/v2\/product_brand?post=191"},{"taxonomy":"product_cat","embeddable":true,"href":"https:\/\/soydeaqui.ddns.net\/pachuca\/index.php\/wp-json\/wp\/v2\/product_cat?post=191"},{"taxonomy":"product_tag","embeddable":true,"href":"https:\/\/soydeaqui.ddns.net\/pachuca\/index.php\/wp-json\/wp\/v2\/product_tag?post=191"}],"curies":[{"name":"wp","href":"https:\/\/api.w.org\/{rel}","templated":true}]}}