{"id":19068,"date":"2026-03-18T09:56:07","date_gmt":"2026-03-18T09:56:07","guid":{"rendered":"https:\/\/soydeaqui.ddns.net\/pachuca\/index.php\/producto\/placa-acopladora-lightverse-3-conectores-dplex-sc-acepta-hasta-6-hilos-de-fibra-monomodo-o-multimodo-no-shuttered\/"},"modified":"2026-03-18T09:56:08","modified_gmt":"2026-03-18T09:56:08","slug":"placa-acopladora-lightverse-3-conectores-dplex-sc-acepta-hasta-6-hilos-de-fibra-monomodo-o-multimodo-no-shuttered","status":"publish","type":"product","link":"https:\/\/soydeaqui.ddns.net\/pachuca\/index.php\/producto\/placa-acopladora-lightverse-3-conectores-dplex-sc-acepta-hasta-6-hilos-de-fibra-monomodo-o-multimodo-no-shuttered\/","title":{"rendered":"Placa Acopladora LightVerse, 3 Conectores D?plex SC, Acepta hasta 6 Hilos de Fibra Monomodo o Multimodo (No Shuttered)"},"content":{"rendered":"<div style='width: 100%; max-width: 1200px; margin: 0 auto; font-family: sans-serif; line-height: 1.6; color: inherit; background-color: transparent;'>\n<div style='display: flex; flex-wrap: wrap; gap: 30px; margin-bottom: 30px;'>\n<div style='flex: 1 1 300px; min-width: 280px;'>\n<h3 style='font-size: 22px; border-bottom: 2px solid currentColor; padding-bottom: 5px; margin-top: 0; color: inherit; opacity: 0.8;'>Caracter\u00edsticas Principales<\/h3>\n<ul style='padding-left: 20px; font-size: 15px; color: inherit;'>\n<li style='margin-bottom: 5px;'>Conexiones de fibra de alto rendimiento en espacio compacto<\/li>\n<li style='margin-bottom: 5px;'>Opciones de fibra monomodo y multimodo<\/li>\n<li style='margin-bottom: 5px;'>Compatibilidad con paneles LightVerse Core&comma; Plus y Pro<\/li>\n<li style='margin-bottom: 5px;'>Instalaci\u00f3n y extracci\u00f3n f\u00e1cil con pestillo integrado<\/li>\n<li style='margin-bottom: 5px;'>Dise\u00f1o que permite mezcla de conectores seg\u00fan necesidades<\/li>\n<\/ul><\/div>\n<div style='flex: 1 1 300px; min-width: 280px;'>\n<h3 style='font-size: 22px; border-bottom: 2px solid currentColor; padding-bottom: 5px; margin-top: 0; color: inherit; opacity: 0.8;'>Especificaciones T\u00e9cnicas<\/h3>\n<ul style='padding-left: 20px; font-size: 15px; color: inherit;'>\n<li style='margin-bottom: 5px;'><strong>Modelo:<\/strong> LVA06SCBBMA<\/li>\n<li style='margin-bottom: 5px;'><strong>Tipo:<\/strong> Placa Acopladora<\/li>\n<li style='margin-bottom: 5px;'><strong>Conectores:<\/strong> 3 Conectores D\u00faplex SC<\/li>\n<li style='margin-bottom: 5px;'><strong>Acepta:<\/strong> Hasta 6 hilos de fibra<\/li>\n<li style='margin-bottom: 5px;'><strong>Tipo de Fibra:<\/strong> Monomodo o Multimodo<\/li>\n<li style='margin-bottom: 5px;'><strong>Shutter:<\/strong> No Shuttered<\/li>\n<li style='margin-bottom: 5px;'><strong>Color:<\/strong> Negro con manga met\u00e1lica<\/li>\n<\/ul><\/div>\n<\/p><\/div>\n<div style='display: flex; flex-wrap: wrap; gap: 20px; margin-bottom: 30px;'>\n<div style='flex: 1 1 250px; border: 1px solid rgba(150&comma; 150&comma; 150&comma; 0.4); border-radius: 8px; overflow: hidden; display: flex; flex-direction: column;'>\n<div style='padding: 15px; border-bottom: 1px solid rgba(150&comma; 150&comma; 150&comma; 0.2); font-weight: bold; font-size: 18px; color: inherit;'>Compatibilidad<\/div>\n<div style='padding: 15px; color: inherit;'>\n<ul style='padding-left: 20px; margin: 0; font-size: 14px; list-style-type: disc;'>\n<li style='margin-bottom: 5px;'>Paneles LightVerse Core<\/li>\n<li style='margin-bottom: 5px;'>Paneles LightVerse Plus<\/li>\n<li style='margin-bottom: 5px;'>Paneles LightVerse Pro<\/li>\n<\/ul><\/div>\n<\/p><\/div>\n<div style='flex: 1 1 250px; border: 1px solid rgba(150&comma; 150&comma; 150&comma; 0.4); border-radius: 8px; overflow: hidden; display: flex; flex-direction: column;'>\n<div style='padding: 15px; border-bottom: 1px solid rgba(150&comma; 150&comma; 150&comma; 0.2); font-weight: bold; font-size: 18px; color: inherit;'>Opciones de Conectores<\/div>\n<div style='padding: 15px; color: inherit;'>\n<ul style='padding-left: 20px; margin: 0; font-size: 14px; list-style-type: disc;'>\n<li style='margin-bottom: 5px;'>LC<\/li>\n<li style='margin-bottom: 5px;'>MTP<\/li>\n<li style='margin-bottom: 5px;'>SC<\/li>\n<li style='margin-bottom: 5px;'>ST<\/li>\n<li style='margin-bottom: 5px;'>APC FC<\/li>\n<\/ul><\/div>\n<\/p><\/div>\n<div style='flex: 1 1 250px; border: 1px solid rgba(150&comma; 150&comma; 150&comma; 0.4); border-radius: 8px; overflow: hidden; display: flex; flex-direction: column;'>\n<div style='padding: 15px; border-bottom: 1px solid rgba(150&comma; 150&comma; 150&comma; 0.2); font-weight: bold; font-size: 18px; color: inherit;'>Opciones de Fibra<\/div>\n<div style='padding: 15px; color: inherit;'>\n<ul style='padding-left: 20px; margin: 0; font-size: 14px; list-style-type: disc;'>\n<li style='margin-bottom: 5px;'>Monomodo (SM)<\/li>\n<li style='margin-bottom: 5px;'>Multimodo (MM)<\/li>\n<\/ul><\/div>\n<\/p><\/div>\n<\/p><\/div>\n<div style='display: flex; flex-wrap: wrap; gap: 20px; margin-bottom: 30px;'>\n<div style='flex: 1 1 250px; border: 1px solid rgba(150&comma; 150&comma; 150&comma; 0.4); border-radius: 8px; overflow: hidden; display: flex; flex-direction: column;'>\n<div style='padding: 15px; border-bottom: 1px solid rgba(150&comma; 150&comma; 150&comma; 0.2); font-weight: bold; font-size: 18px; color: inherit;'>Opciones de Conteo de Fibra<\/div>\n<div style='padding: 15px; color: inherit;'>\n<ul style='padding-left: 20px; margin: 0; font-size: 14px; list-style-type: disc;'>\n<li style='margin-bottom: 5px;'>6 hilos<\/li>\n<li style='margin-bottom: 5px;'>8 hilos<\/li>\n<li style='margin-bottom: 5px;'>12 hilos<\/li>\n<li style='margin-bottom: 5px;'>16 hilos<\/li>\n<li style='margin-bottom: 5px;'>24 hilos<\/li>\n<\/ul><\/div>\n<\/p><\/div>\n<div style='flex: 1 1 250px; border: 1px solid rgba(150&comma; 150&comma; 150&comma; 0.4); border-radius: 8px; overflow: hidden; display: flex; flex-direction: column;'>\n<div style='padding: 15px; border-bottom: 1px solid rgba(150&comma; 150&comma; 150&comma; 0.2); font-weight: bold; font-size: 18px; color: inherit;'>Opciones de Color<\/div>\n<div style='padding: 15px; color: inherit;'>\n<ul style='padding-left: 20px; margin: 0; font-size: 14px; list-style-type: disc;'>\n<li style='margin-bottom: 5px;'>Beige<\/li>\n<li style='margin-bottom: 5px;'>Azul<\/li>\n<li style='margin-bottom: 5px;'>Erika Violet<\/li>\n<li style='margin-bottom: 5px;'>Aqua<\/li>\n<li style='margin-bottom: 5px;'>Verde<\/li>\n<li style='margin-bottom: 5px;'>Gris<\/li>\n<li style='margin-bottom: 5px;'>Negro<\/li>\n<li style='margin-bottom: 5px;'>Piel<\/li>\n<\/ul><\/div>\n<\/p><\/div>\n<\/p><\/div>\n<div style='display: flex; flex-wrap: wrap; gap: 30px; margin-bottom: 30px;'>\n<div style='flex: 1 1 300px; min-width: 280px;'>\n<h3 style='font-size: 22px; border-bottom: 2px solid currentColor; padding-bottom: 5px; margin-top: 0; color: inherit; opacity: 0.8;'>Caracter\u00edsticas de Instalaci\u00f3n<\/h3>\n<ul style='padding-left: 20px; font-size: 15px; color: inherit;'>\n<li style='margin-bottom: 5px;'>Pestillo integrado para instalaci\u00f3n y extracci\u00f3n con una sola mano<\/li>\n<li style='margin-bottom: 5px;'>Dise\u00f1o que permite acceso desde fronta y trasera del gabinete<\/li>\n<li style='margin-bottom: 5px;'>Dise\u00f1o compacto para entornos de alta densidad<\/li>\n<\/ul><\/div>\n<\/p><\/div>\n<hr style='border: 0; border-top: 1px solid rgba(150&comma; 150&comma; 150&comma; 0.3); margin: 30px 0;'> <\/div>\n","protected":false},"excerpt":{"rendered":"<p>Placa Acopladora LightVerse, 3 Conectores D?plex SC, Acepta hasta 6 Hilos de Fibra Monomodo o Multimodo (No Shuttered)<\/p>\n","protected":false},"featured_media":19067,"comment_status":"open","ping_status":"closed","template":"","meta":[],"product_brand":[],"product_cat":[621],"product_tag":[622,611,600],"class_list":{"0":"post-19068","1":"product","2":"type-product","3":"status-publish","4":"has-post-thumbnail","6":"product_cat-distribuidores-de-fibra-optica","7":"product_tag-distribuidores-de-fibra-optica","8":"product_tag-fibra-optica","9":"product_tag-siemon","11":"first","12":"instock","13":"sale","14":"shipping-taxable","15":"purchasable","16":"product-type-simple"},"_links":{"self":[{"href":"https:\/\/soydeaqui.ddns.net\/pachuca\/index.php\/wp-json\/wp\/v2\/product\/19068","targetHints":{"allow":["GET"]}}],"collection":[{"href":"https:\/\/soydeaqui.ddns.net\/pachuca\/index.php\/wp-json\/wp\/v2\/product"}],"about":[{"href":"https:\/\/soydeaqui.ddns.net\/pachuca\/index.php\/wp-json\/wp\/v2\/types\/product"}],"replies":[{"embeddable":true,"href":"https:\/\/soydeaqui.ddns.net\/pachuca\/index.php\/wp-json\/wp\/v2\/comments?post=19068"}],"wp:featuredmedia":[{"embeddable":true,"href":"https:\/\/soydeaqui.ddns.net\/pachuca\/index.php\/wp-json\/wp\/v2\/media\/19067"}],"wp:attachment":[{"href":"https:\/\/soydeaqui.ddns.net\/pachuca\/index.php\/wp-json\/wp\/v2\/media?parent=19068"}],"wp:term":[{"taxonomy":"product_brand","embeddable":true,"href":"https:\/\/soydeaqui.ddns.net\/pachuca\/index.php\/wp-json\/wp\/v2\/product_brand?post=19068"},{"taxonomy":"product_cat","embeddable":true,"href":"https:\/\/soydeaqui.ddns.net\/pachuca\/index.php\/wp-json\/wp\/v2\/product_cat?post=19068"},{"taxonomy":"product_tag","embeddable":true,"href":"https:\/\/soydeaqui.ddns.net\/pachuca\/index.php\/wp-json\/wp\/v2\/product_tag?post=19068"}],"curies":[{"name":"wp","href":"https:\/\/api.w.org\/{rel}","templated":true}]}}