{"id":19059,"date":"2026-03-18T09:55:54","date_gmt":"2026-03-18T09:55:54","guid":{"rendered":"https:\/\/soydeaqui.ddns.net\/pachuca\/index.php\/producto\/placa-acopladora-lightverse-6-conectores-dplex-lc-upc-shuttered-acepta-hasta-12-fibras-multimodo-om3-y-om4\/"},"modified":"2026-03-18T09:55:55","modified_gmt":"2026-03-18T09:55:55","slug":"placa-acopladora-lightverse-6-conectores-dplex-lc-upc-shuttered-acepta-hasta-12-fibras-multimodo-om3-y-om4","status":"publish","type":"product","link":"https:\/\/soydeaqui.ddns.net\/pachuca\/index.php\/producto\/placa-acopladora-lightverse-6-conectores-dplex-lc-upc-shuttered-acepta-hasta-12-fibras-multimodo-om3-y-om4\/","title":{"rendered":"Placa Acopladora LightVerse, 6 Conectores D?plex LC\/UPC Shuttered, Acepta hasta 12 Fibras Multimodo OM3 y OM4"},"content":{"rendered":"<div style='width: 100%; max-width: 1200px; margin: 0 auto; font-family: sans-serif; line-height: 1.6; color: inherit; background-color: transparent;'>\n<div style='display: flex; flex-wrap: wrap; gap: 30px; margin-bottom: 30px;'>\n<div style='flex: 1 1 300px; min-width: 280px;'>\n<h3 style='font-size: 22px; border-bottom: 2px solid currentColor; padding-bottom: 5px; margin-top: 0; color: inherit; opacity: 0.8;'>Descripci\u00f3n<\/h3>\n<p style='font-size: 15px; color: inherit;'>Las placas adaptadoras <strong>LightVerse<\/strong> proporcionan conexiones de fibra de paso de alto rendimiento en un espacio compacto. Disponibles en opciones de fibra monomodo y multimodo y varios tipos de conectores&comma; las placas adaptadoras LightVerse permiten a los usuarios mezclar y combinar sin problemas diferentes tipos seg\u00fan sea necesario para satisfacer sus necesidades de aplicaci\u00f3n \u00fanicas.<\/p>\n<p style='font-size: 15px; color: inherit;'>El pestillo integrado permite una f\u00e1cil instalaci\u00f3n y extracci\u00f3n con una sola mano&comma; lo que permite a los usuarios trabajar de manera eficiente incluso en los entornos m\u00e1s densos.<\/p>\n<\/p><\/div>\n<\/p><\/div>\n<div style='display: flex; flex-wrap: wrap; gap: 20px; margin-bottom: 30px;'>\n<div style='flex: 1 1 250px; border: 1px solid rgba(150&comma; 150&comma; 150&comma; 0.4); border-radius: 8px; overflow: hidden; display: flex; flex-direction: column;'>\n<div style='padding: 15px; border-bottom: 1px solid rgba(150&comma; 150&comma; 150&comma; 0.2); font-weight: bold; font-size: 18px; color: inherit;'>Compatibilidad<\/div>\n<div style='padding: 15px; color: inherit;'>\n<ul style='padding-left: 20px; margin: 0; font-size: 14px; list-style-type: disc;'>\n<li style='margin-bottom: 5px;'><strong>Paneles compatibles:<\/strong> LightVerse Core&comma; Plus y Pro<\/li>\n<\/ul><\/div>\n<\/p><\/div>\n<\/p><\/div>\n<hr style='border: 0; border-top: 1px solid rgba(150&comma; 150&comma; 150&comma; 0.3); margin: 30px 0;'> <\/div>\n","protected":false},"excerpt":{"rendered":"<p>Placa Acopladora LightVerse, 6 Conectores D?plex LC\/UPC Shuttered, Acepta hasta 12 Fibras Multimodo OM3 y OM4<\/p>\n","protected":false},"featured_media":19058,"comment_status":"open","ping_status":"closed","template":"","meta":[],"product_brand":[],"product_cat":[621],"product_tag":[622,611,600],"class_list":{"0":"post-19059","1":"product","2":"type-product","3":"status-publish","4":"has-post-thumbnail","6":"product_cat-distribuidores-de-fibra-optica","7":"product_tag-distribuidores-de-fibra-optica","8":"product_tag-fibra-optica","9":"product_tag-siemon","11":"first","12":"outofstock","13":"sale","14":"shipping-taxable","15":"purchasable","16":"product-type-simple"},"_links":{"self":[{"href":"https:\/\/soydeaqui.ddns.net\/pachuca\/index.php\/wp-json\/wp\/v2\/product\/19059","targetHints":{"allow":["GET"]}}],"collection":[{"href":"https:\/\/soydeaqui.ddns.net\/pachuca\/index.php\/wp-json\/wp\/v2\/product"}],"about":[{"href":"https:\/\/soydeaqui.ddns.net\/pachuca\/index.php\/wp-json\/wp\/v2\/types\/product"}],"replies":[{"embeddable":true,"href":"https:\/\/soydeaqui.ddns.net\/pachuca\/index.php\/wp-json\/wp\/v2\/comments?post=19059"}],"wp:featuredmedia":[{"embeddable":true,"href":"https:\/\/soydeaqui.ddns.net\/pachuca\/index.php\/wp-json\/wp\/v2\/media\/19058"}],"wp:attachment":[{"href":"https:\/\/soydeaqui.ddns.net\/pachuca\/index.php\/wp-json\/wp\/v2\/media?parent=19059"}],"wp:term":[{"taxonomy":"product_brand","embeddable":true,"href":"https:\/\/soydeaqui.ddns.net\/pachuca\/index.php\/wp-json\/wp\/v2\/product_brand?post=19059"},{"taxonomy":"product_cat","embeddable":true,"href":"https:\/\/soydeaqui.ddns.net\/pachuca\/index.php\/wp-json\/wp\/v2\/product_cat?post=19059"},{"taxonomy":"product_tag","embeddable":true,"href":"https:\/\/soydeaqui.ddns.net\/pachuca\/index.php\/wp-json\/wp\/v2\/product_tag?post=19059"}],"curies":[{"name":"wp","href":"https:\/\/api.w.org\/{rel}","templated":true}]}}