{"id":1901,"date":"2026-03-18T05:51:15","date_gmt":"2026-03-18T05:51:15","guid":{"rendered":"https:\/\/soydeaqui.ddns.net\/pachuca\/index.php\/producto\/cerradura-autonoma-ymf40a-con-teclado-y-biometrica-con-huella-de-alto-diseno-estetico-para-puertas-de-35-a-90-mm-de-espesor\/"},"modified":"2026-03-18T05:51:18","modified_gmt":"2026-03-18T05:51:18","slug":"cerradura-autonoma-ymf40a-con-teclado-y-biometrica-con-huella-de-alto-diseno-estetico-para-puertas-de-35-a-90-mm-de-espesor","status":"publish","type":"product","link":"https:\/\/soydeaqui.ddns.net\/pachuca\/index.php\/producto\/cerradura-autonoma-ymf40a-con-teclado-y-biometrica-con-huella-de-alto-diseno-estetico-para-puertas-de-35-a-90-mm-de-espesor\/","title":{"rendered":"Cerradura Aut\u00f3noma YMF40A con Teclado y  Biom\u00e9trica con Huella de Alto Dise\u00f1o Est\u00e9tico! Para puertas de 35 a 90 mm de espesor"},"content":{"rendered":"<div style='width: 100%; max-width: 1200px; margin: 0 auto; font-family: sans-serif; line-height: 1.6; color: inherit; background-color: transparent;'>\n<div style='display: flex; flex-wrap: wrap; gap: 30px; margin-bottom: 30px;'>\n<div style='flex: 1 1 300px; min-width: 280px;'> <img style='width: 100%; height: auto; border: 1px solid rgba(150&comma;150&comma;150&comma;0.3); border-radius: 8px;' src='http:\/\/ftp3.syscom.mx\/usuarios\/ftp\/2017\/01\/03\/43ba4\/yale-logo.jpg' alt=''> <\/div>\n<div style='flex: 1 1 300px; min-width: 280px;'>\n<h3 style='font-size: 22px; border-bottom: 2px solid currentColor; padding-bottom: 5px; margin-top: 0; color: inherit; opacity: 0.8;'>Caracter\u00edsticas Principales<\/h3>\n<ul style='padding-left: 20px; font-size: 15px; color: inherit;'>\n<li style='margin-bottom: 5px;'>Cerradura de embutir<\/li>\n<li style='margin-bottom: 5px;'>Registra hasta <strong style='color: inherit;'>100 usuarios<\/strong> con huella digital<\/li>\n<li style='margin-bottom: 5px;'>Registra hasta <strong style='color: inherit;'>100 usuarios<\/strong> con c\u00f3digo PIN<\/li>\n<li style='margin-bottom: 5px;'>Cierre autom\u00e1tico por sensor<\/li>\n<li style='margin-bottom: 5px;'>Para puertas de <strong style='color: inherit;'>35 a 90<\/strong> mm de espesor<\/li>\n<li style='margin-bottom: 5px;'>Men\u00fa asistido por voz<\/li>\n<li style='margin-bottom: 5px;'>Salida antip\u00e1nico<\/li>\n<li style='margin-bottom: 5px;'>Alarma de intrusi\u00f3n o da\u00f1o<\/li>\n<li style='margin-bottom: 5px;'>Funciona con 4 pilas alcalinas AA<\/li>\n<li style='margin-bottom: 5px;'>Puerto auxiliar para pila de 9 V<\/li>\n<li style='margin-bottom: 5px;'>2 llaves de alta seguridad<\/li>\n<li style='margin-bottom: 5px;'>Requiere modulo Smartconnect <strong style='color: inherit;'>MX89325 para Conexi\u00f3n con HUB (no incluido)<\/strong><\/li>\n<\/ul><\/div>\n<\/p><\/div>\n<div style='display: flex; flex-wrap: wrap; gap: 20px; margin-bottom: 30px;'>\n<div style='flex: 1 1 250px; border: 1px solid rgba(150&comma; 150&comma; 150&comma; 0.4); border-radius: 8px; overflow: hidden; display: flex; flex-direction: column;'>\n<div style='padding: 15px; border-bottom: 1px solid rgba(150&comma; 150&comma; 150&comma; 0.2); font-weight: bold; font-size: 18px; color: inherit;'>Nota Importante<\/div>\n<div style='padding: 15px; color: inherit;'>\n<p style='margin: 0; font-size: 14px; color: inherit;'> <span style='font-weight: bold; color: inherit;'>NOTA<\/span> .- EL uso del aplicaci\u00f3n de YALE solo esta disponible para uso en MEXICO&comma; no aplica el uso desde otros paises. <\/p>\n<\/p><\/div>\n<\/p><\/div>\n<\/p><\/div>\n<\/p><\/div>\n","protected":false},"excerpt":{"rendered":"<p>Cerradura Aut\u00f3noma YMF40A con Teclado y  Biom\u00e9trica con Huella de Alto Dise\u00f1o Est\u00e9tico! Para puertas de 35 a 90 mm de espesor<\/p>\n","protected":false},"featured_media":1900,"comment_status":"open","ping_status":"closed","template":"","meta":[],"product_brand":[],"product_cat":[86],"product_tag":[88,87,395],"class_list":{"0":"post-1901","1":"product","2":"type-product","3":"status-publish","4":"has-post-thumbnail","6":"product_cat-autonomas-inteligentes","7":"product_tag-autonomas-inteligentes","8":"product_tag-cerraduras","9":"product_tag-yale-assa-abloy","11":"first","12":"instock","13":"sale","14":"shipping-taxable","15":"purchasable","16":"product-type-simple"},"_links":{"self":[{"href":"https:\/\/soydeaqui.ddns.net\/pachuca\/index.php\/wp-json\/wp\/v2\/product\/1901","targetHints":{"allow":["GET"]}}],"collection":[{"href":"https:\/\/soydeaqui.ddns.net\/pachuca\/index.php\/wp-json\/wp\/v2\/product"}],"about":[{"href":"https:\/\/soydeaqui.ddns.net\/pachuca\/index.php\/wp-json\/wp\/v2\/types\/product"}],"replies":[{"embeddable":true,"href":"https:\/\/soydeaqui.ddns.net\/pachuca\/index.php\/wp-json\/wp\/v2\/comments?post=1901"}],"wp:featuredmedia":[{"embeddable":true,"href":"https:\/\/soydeaqui.ddns.net\/pachuca\/index.php\/wp-json\/wp\/v2\/media\/1900"}],"wp:attachment":[{"href":"https:\/\/soydeaqui.ddns.net\/pachuca\/index.php\/wp-json\/wp\/v2\/media?parent=1901"}],"wp:term":[{"taxonomy":"product_brand","embeddable":true,"href":"https:\/\/soydeaqui.ddns.net\/pachuca\/index.php\/wp-json\/wp\/v2\/product_brand?post=1901"},{"taxonomy":"product_cat","embeddable":true,"href":"https:\/\/soydeaqui.ddns.net\/pachuca\/index.php\/wp-json\/wp\/v2\/product_cat?post=1901"},{"taxonomy":"product_tag","embeddable":true,"href":"https:\/\/soydeaqui.ddns.net\/pachuca\/index.php\/wp-json\/wp\/v2\/product_tag?post=1901"}],"curies":[{"name":"wp","href":"https:\/\/api.w.org\/{rel}","templated":true}]}}