{"id":18996,"date":"2026-03-18T09:54:44","date_gmt":"2026-03-18T09:54:44","guid":{"rendered":"https:\/\/soydeaqui.ddns.net\/pachuca\/index.php\/producto\/tapa-final-para-canaleta-de-piso-afr4bcbl6-material-pvc-rigido-color-negro\/"},"modified":"2026-03-18T09:54:48","modified_gmt":"2026-03-18T09:54:48","slug":"tapa-final-para-canaleta-de-piso-afr4bcbl6-material-pvc-rigido-color-negro","status":"publish","type":"product","link":"https:\/\/soydeaqui.ddns.net\/pachuca\/index.php\/producto\/tapa-final-para-canaleta-de-piso-afr4bcbl6-material-pvc-rigido-color-negro\/","title":{"rendered":"Tapa Final Para Canaleta de Piso AFR4BCBL6, Material PVC R\u00edgido, Color Negro"},"content":{"rendered":"<div style='width: 100%; max-width: 1200px; margin: 0 auto; font-family: sans-serif; line-height: 1.6; color: inherit; background-color: transparent;'>\n<div style='display: flex; flex-wrap: wrap; gap: 30px; margin-bottom: 30px;'>\n<div style='flex: 1 1 300px; min-width: 280px;'>\n<h3 style='font-size: 22px; border-bottom: 2px solid currentColor; padding-bottom: 5px; margin-top: 0; color: inherit; opacity: 0.8;'>Descripci\u00f3n<\/h3>\n<p style='margin: 0 0 15px; color: inherit;'>La canaleta de piso es una canalizaci\u00f3n no met\u00e1lica de 4 v\u00edas que se utiliza para enrutar&comma; proteger y ocultar cableado de datos&comma; voz&comma; video&comma; fibra \u00f3ptica y alimentaci\u00f3n sobre piso. El dise\u00f1o de ingenier\u00eda estructural cumple con ADA&comma; es resistente a manipulaciones y est\u00e1 hecho de PVC r\u00edgido.<\/p>\n<h3 style='font-size: 22px; border-bottom: 2px solid currentColor; padding-bottom: 5px; margin-top: 25px; margin-bottom: 15px; color: inherit; opacity: 0.8;'>Capacidad de llenado<\/h3>\n<p style='margin: 0 0 15px; color: inherit;'><img style='width: 100%; height: auto; border: 1px solid rgba(150&comma;150&comma;150&comma;0.3); border-radius: 8px;' src='https:\/\/ftp3.syscom.mx\/usuarios\/fotos\/AFR4BCBL6\/191506-captura_de_pantalla_2022-06-17_a_la(s)_8.52.58.png' alt=''><\/p>\n<\/p><\/div>\n<div style='flex: 1 1 300px; min-width: 280px;'>\n<h3 style='font-size: 22px; border-bottom: 2px solid currentColor; padding-bottom: 5px; margin-top: 0; color: inherit; opacity: 0.8;'>Especificaciones<\/h3>\n<ul style='padding-left: 20px; margin: 0 0 15px; color: inherit;'>\n<li style='margin-bottom: 5px;'><strong style='color: inherit;'>Material:<\/strong> PVC<\/li>\n<li style='margin-bottom: 5px;'><strong style='color: inherit;'>Color:<\/strong> negro<\/li>\n<li style='margin-bottom: 5px;'><strong style='color: inherit;'>Ancho total (mm):<\/strong> 184.1<\/li>\n<li style='margin-bottom: 5px;'><strong style='color: inherit;'>Altura total (mm):<\/strong> 14.7<\/li>\n<li style='margin-bottom: 5px;'><strong style='color: inherit;'>\u00c1rea Interna (in\u00b2):<\/strong> 12.33<\/li>\n<li style='margin-bottom: 5px;'><strong style='color: inherit;'>Capacidad de carga:<\/strong> 907 kg<\/li>\n<li style='margin-bottom: 5px;'>Para uso con los sistemas de comunicaci\u00f3n Panduit\u00ae Pan-Net y Net-Key<\/li>\n<li style='margin-bottom: 5px;'>Cumple con los est\u00e1ndares: UL94V-0 y E116129&comma; UL-5A 600 VCA CSA C22.2 No. 62.1-03 600 V<\/li>\n<li style='margin-bottom: 5px;'>Cumple con RoHS<\/li>\n<\/ul><\/div>\n<\/p><\/div>\n<\/p><\/div>\n","protected":false},"excerpt":{"rendered":"<p>Tapa Final Para Canaleta de Piso AFR4BCBL6, Material PVC R\u00edgido, Color Negro<\/p>\n","protected":false},"featured_media":18995,"comment_status":"open","ping_status":"closed","template":"","meta":[],"product_brand":[],"product_cat":[571],"product_tag":[573,572,445],"class_list":{"0":"post-18996","1":"product","2":"type-product","3":"status-publish","4":"has-post-thumbnail","6":"product_cat-accesorios-para-canaletas","7":"product_tag-accesorios-para-canaletas","8":"product_tag-canalizacion","9":"product_tag-panduit","11":"first","12":"instock","13":"sale","14":"shipping-taxable","15":"purchasable","16":"product-type-simple"},"_links":{"self":[{"href":"https:\/\/soydeaqui.ddns.net\/pachuca\/index.php\/wp-json\/wp\/v2\/product\/18996","targetHints":{"allow":["GET"]}}],"collection":[{"href":"https:\/\/soydeaqui.ddns.net\/pachuca\/index.php\/wp-json\/wp\/v2\/product"}],"about":[{"href":"https:\/\/soydeaqui.ddns.net\/pachuca\/index.php\/wp-json\/wp\/v2\/types\/product"}],"replies":[{"embeddable":true,"href":"https:\/\/soydeaqui.ddns.net\/pachuca\/index.php\/wp-json\/wp\/v2\/comments?post=18996"}],"wp:featuredmedia":[{"embeddable":true,"href":"https:\/\/soydeaqui.ddns.net\/pachuca\/index.php\/wp-json\/wp\/v2\/media\/18995"}],"wp:attachment":[{"href":"https:\/\/soydeaqui.ddns.net\/pachuca\/index.php\/wp-json\/wp\/v2\/media?parent=18996"}],"wp:term":[{"taxonomy":"product_brand","embeddable":true,"href":"https:\/\/soydeaqui.ddns.net\/pachuca\/index.php\/wp-json\/wp\/v2\/product_brand?post=18996"},{"taxonomy":"product_cat","embeddable":true,"href":"https:\/\/soydeaqui.ddns.net\/pachuca\/index.php\/wp-json\/wp\/v2\/product_cat?post=18996"},{"taxonomy":"product_tag","embeddable":true,"href":"https:\/\/soydeaqui.ddns.net\/pachuca\/index.php\/wp-json\/wp\/v2\/product_tag?post=18996"}],"curies":[{"name":"wp","href":"https:\/\/api.w.org\/{rel}","templated":true}]}}