{"id":18976,"date":"2026-03-18T09:54:23","date_gmt":"2026-03-18T09:54:23","guid":{"rendered":"https:\/\/soydeaqui.ddns.net\/pachuca\/index.php\/producto\/tapa-para-canaleta-ranurada-de-23-9-de-ancho-1830-mm-de-largo-color-gris\/"},"modified":"2026-03-18T09:54:24","modified_gmt":"2026-03-18T09:54:24","slug":"tapa-para-canaleta-ranurada-de-23-9-de-ancho-1830-mm-de-largo-color-gris","status":"publish","type":"product","link":"https:\/\/soydeaqui.ddns.net\/pachuca\/index.php\/producto\/tapa-para-canaleta-ranurada-de-23-9-de-ancho-1830-mm-de-largo-color-gris\/","title":{"rendered":"Tapa para Canaleta Ranurada, de 23.9 de Ancho, 1830 mm de Largo, Color Gris"},"content":{"rendered":"<div style='width: 100%; max-width: 1200px; margin: 0 auto; font-family: sans-serif; line-height: 1.6; color: inherit; background-color: transparent;'> <!-- Secci\u00f3n de caracter\u00edsticas --> <\/p>\n<div style='display: flex; flex-wrap: wrap; gap: 30px; margin-bottom: 30px;'>\n<div style='flex: 1 1 300px; min-width: 280px;'>\n<h3 style='font-size: 22px; border-bottom: 2px solid currentColor; padding-bottom: 5px; margin-top: 0; color: inherit; opacity: 0.8;'>Especificaciones<\/h3>\n<ul style='padding-left: 20px; font-size: 15px; color: inherit;'>\n<li style='margin-bottom: 5px;'><strong>Nota:<\/strong> Base and Cover Sold Separately.<\/li>\n<li style='margin-bottom: 5px;'><strong>Tipo de producto:<\/strong> Flushed Duct Cover<\/li>\n<li style='margin-bottom: 5px;'><strong>Submarca:<\/strong> Panduct\u00ae<\/li>\n<li style='margin-bottom: 5px;'><strong>Aplicaci\u00f3n:<\/strong> Cover for Wiring Duct<\/li>\n<li style='margin-bottom: 5px;'><strong>Color:<\/strong> Light Gray<\/li>\n<li style='margin-bottom: 5px;'><strong>Para usar con:<\/strong> Type G&comma; Type F&comma; Type D and Type FS Duct Base<\/li>\n<li style='margin-bottom: 5px;'><strong>Material:<\/strong> PVC<\/li>\n<li style='margin-bottom: 5px;'><strong>Propiedades del material:<\/strong> Lead-Free<\/li>\n<li style='margin-bottom: 5px;'><strong>Cumple las normas:<\/strong> UL Recognized; Flammability Ratings: UL94 V-0; CSA Certified; CE Compliant; RoHS Compliant<\/li>\n<li style='margin-bottom: 5px;'><strong>Anchura de conducto compatible (in):<\/strong> 0.75<\/li>\n<li style='margin-bottom: 5px;'><strong>Anchura de conducto compatible (mm):<\/strong> 19<\/li>\n<li style='margin-bottom: 5px;'><strong>Longitud total (ft):<\/strong> 6<\/li>\n<li style='margin-bottom: 5px;'><strong>Longitud total (m):<\/strong> 1.83<\/li>\n<li style='margin-bottom: 5px;'><strong>Anchura total (in):<\/strong> 0.94<\/li>\n<li style='margin-bottom: 5px;'><strong>Anchura total (mm):<\/strong> 23.9<\/li>\n<li style='margin-bottom: 5px;'><strong>Altura total (in):<\/strong> 0.24<\/li>\n<li style='margin-bottom: 5px;'><strong>Altura total (mm):<\/strong> 6.1<\/li>\n<li style='margin-bottom: 5px;'><strong>M\u00e9todo de montaje:<\/strong> Snap-On<\/li>\n<li style='margin-bottom: 5px;'><strong>Estilo de conductor de cableado:<\/strong> Flush Cover<\/li>\n<li style='margin-bottom: 5px;'><strong>Caracts. pza.:<\/strong> Cubierta con revestimiento antideslizante para evitar el deslizamiento de la cubierta&comma; dise\u00f1o de cubierta a ras. Dise\u00f1ado para que sea f\u00e1cil de instalar y de extraer. Material de PVC sin plomo<\/li>\n<\/ul><\/div>\n<\/p><\/div>\n<p> <!-- Separador --> <\/p>\n<hr style='border: 0; border-top: 1px solid rgba(150&comma; 150&comma; 150&comma; 0.3); margin: 30px 0;'> <\/div>\n","protected":false},"excerpt":{"rendered":"<p>Tapa para Canaleta Ranurada, de 23.9 de Ancho, 1830 mm de Largo, Color Gris<\/p>\n","protected":false},"featured_media":18975,"comment_status":"open","ping_status":"closed","template":"","meta":[],"product_brand":[],"product_cat":[581],"product_tag":[582,572,445],"class_list":{"0":"post-18976","1":"product","2":"type-product","3":"status-publish","4":"has-post-thumbnail","6":"product_cat-canaletas","7":"product_tag-canaletas","8":"product_tag-canalizacion","9":"product_tag-panduit","11":"first","12":"instock","13":"sale","14":"shipping-taxable","15":"purchasable","16":"product-type-simple"},"_links":{"self":[{"href":"https:\/\/soydeaqui.ddns.net\/pachuca\/index.php\/wp-json\/wp\/v2\/product\/18976","targetHints":{"allow":["GET"]}}],"collection":[{"href":"https:\/\/soydeaqui.ddns.net\/pachuca\/index.php\/wp-json\/wp\/v2\/product"}],"about":[{"href":"https:\/\/soydeaqui.ddns.net\/pachuca\/index.php\/wp-json\/wp\/v2\/types\/product"}],"replies":[{"embeddable":true,"href":"https:\/\/soydeaqui.ddns.net\/pachuca\/index.php\/wp-json\/wp\/v2\/comments?post=18976"}],"wp:featuredmedia":[{"embeddable":true,"href":"https:\/\/soydeaqui.ddns.net\/pachuca\/index.php\/wp-json\/wp\/v2\/media\/18975"}],"wp:attachment":[{"href":"https:\/\/soydeaqui.ddns.net\/pachuca\/index.php\/wp-json\/wp\/v2\/media?parent=18976"}],"wp:term":[{"taxonomy":"product_brand","embeddable":true,"href":"https:\/\/soydeaqui.ddns.net\/pachuca\/index.php\/wp-json\/wp\/v2\/product_brand?post=18976"},{"taxonomy":"product_cat","embeddable":true,"href":"https:\/\/soydeaqui.ddns.net\/pachuca\/index.php\/wp-json\/wp\/v2\/product_cat?post=18976"},{"taxonomy":"product_tag","embeddable":true,"href":"https:\/\/soydeaqui.ddns.net\/pachuca\/index.php\/wp-json\/wp\/v2\/product_tag?post=18976"}],"curies":[{"name":"wp","href":"https:\/\/api.w.org\/{rel}","templated":true}]}}