{"id":18972,"date":"2026-03-18T09:54:20","date_gmt":"2026-03-18T09:54:20","guid":{"rendered":"https:\/\/soydeaqui.ddns.net\/pachuca\/index.php\/producto\/placa-acopladora-lightverse-6-conectores-dplex-lc-upc-acepta-hasta-12-fibras-monomodo-no-shuttered\/"},"modified":"2026-03-18T09:54:21","modified_gmt":"2026-03-18T09:54:21","slug":"placa-acopladora-lightverse-6-conectores-dplex-lc-upc-acepta-hasta-12-fibras-monomodo-no-shuttered","status":"publish","type":"product","link":"https:\/\/soydeaqui.ddns.net\/pachuca\/index.php\/producto\/placa-acopladora-lightverse-6-conectores-dplex-lc-upc-acepta-hasta-12-fibras-monomodo-no-shuttered\/","title":{"rendered":"Placa Acopladora LightVerse, 6 Conectores D?plex LC\/UPC, Acepta hasta 12 Fibras Monomodo (No Shuttered)"},"content":{"rendered":"<div style='width: 100%; max-width: 1200px; margin: 0 auto; font-family: sans-serif; line-height: 1.6; color: inherit; background-color: transparent;'>\n<div style='margin-bottom: 30px;'>\n<p style='margin: 0 0 15px; color: inherit; font-size: 15px; line-height: 1.6;'> Las placas adaptadoras proporcionan conexiones de fibra de paso de alto rendimiento en un espacio compacto. Disponibles en opciones de fibra monomodo y multimodo y varios tipos de conectores&comma; las placas adaptadoras <strong>LightVerse<\/strong> permiten a los usuarios mezclar y combinar sin problemas diferentes tipos seg\u00fan sea necesario para satisfacer sus necesidades de aplicaci\u00f3n \u00fanicas. El pestillo integrado permite una f\u00e1cil instalaci\u00f3n y extracci\u00f3n con una sola mano&comma; lo que permite a los usuarios trabajar de manera eficiente incluso en los entornos m\u00e1s densos. <\/p>\n<p style='margin: 0 0 15px; color: inherit; font-size: 15px; line-height: 1.6;'> <strong style='color: inherit;'>Compatible con Paneles de Fibra \u00f3ptica LightVerse Core&comma; Plus y Pro<\/strong> <\/p>\n<\/p><\/div>\n<\/p><\/div>\n","protected":false},"excerpt":{"rendered":"<p>Placa Acopladora LightVerse, 6 Conectores D?plex LC\/UPC, Acepta hasta 12 Fibras Monomodo (No Shuttered)<\/p>\n","protected":false},"featured_media":18971,"comment_status":"open","ping_status":"closed","template":"","meta":[],"product_brand":[],"product_cat":[621],"product_tag":[622,611,600],"class_list":{"0":"post-18972","1":"product","2":"type-product","3":"status-publish","4":"has-post-thumbnail","6":"product_cat-distribuidores-de-fibra-optica","7":"product_tag-distribuidores-de-fibra-optica","8":"product_tag-fibra-optica","9":"product_tag-siemon","11":"first","12":"instock","13":"sale","14":"shipping-taxable","15":"purchasable","16":"product-type-simple"},"_links":{"self":[{"href":"https:\/\/soydeaqui.ddns.net\/pachuca\/index.php\/wp-json\/wp\/v2\/product\/18972","targetHints":{"allow":["GET"]}}],"collection":[{"href":"https:\/\/soydeaqui.ddns.net\/pachuca\/index.php\/wp-json\/wp\/v2\/product"}],"about":[{"href":"https:\/\/soydeaqui.ddns.net\/pachuca\/index.php\/wp-json\/wp\/v2\/types\/product"}],"replies":[{"embeddable":true,"href":"https:\/\/soydeaqui.ddns.net\/pachuca\/index.php\/wp-json\/wp\/v2\/comments?post=18972"}],"wp:featuredmedia":[{"embeddable":true,"href":"https:\/\/soydeaqui.ddns.net\/pachuca\/index.php\/wp-json\/wp\/v2\/media\/18971"}],"wp:attachment":[{"href":"https:\/\/soydeaqui.ddns.net\/pachuca\/index.php\/wp-json\/wp\/v2\/media?parent=18972"}],"wp:term":[{"taxonomy":"product_brand","embeddable":true,"href":"https:\/\/soydeaqui.ddns.net\/pachuca\/index.php\/wp-json\/wp\/v2\/product_brand?post=18972"},{"taxonomy":"product_cat","embeddable":true,"href":"https:\/\/soydeaqui.ddns.net\/pachuca\/index.php\/wp-json\/wp\/v2\/product_cat?post=18972"},{"taxonomy":"product_tag","embeddable":true,"href":"https:\/\/soydeaqui.ddns.net\/pachuca\/index.php\/wp-json\/wp\/v2\/product_tag?post=18972"}],"curies":[{"name":"wp","href":"https:\/\/api.w.org\/{rel}","templated":true}]}}