{"id":18952,"date":"2026-03-18T09:53:56","date_gmt":"2026-03-18T09:53:56","guid":{"rendered":"https:\/\/soydeaqui.ddns.net\/pachuca\/index.php\/producto\/accesorio-de-curvas-e-intersecciones-para-charolas-wire-basket-2-in-50-mm-de-alto-color-negro\/"},"modified":"2026-03-18T09:54:00","modified_gmt":"2026-03-18T09:54:00","slug":"accesorio-de-curvas-e-intersecciones-para-charolas-wire-basket-2-in-50-mm-de-alto-color-negro","status":"publish","type":"product","link":"https:\/\/soydeaqui.ddns.net\/pachuca\/index.php\/producto\/accesorio-de-curvas-e-intersecciones-para-charolas-wire-basket-2-in-50-mm-de-alto-color-negro\/","title":{"rendered":"Accesorio de Curvas e Intersecciones, Para Charolas Wire Basket, 2 in (50 mm) De Alto, Color Negro"},"content":{"rendered":"<div style='width: 100%; max-width: 1200px; margin: 0 auto; font-family: sans-serif; line-height: 1.6; color: inherit; background-color: transparent;'> <!-- Secci\u00f3n de descripci\u00f3n principal --> <\/p>\n<div style='margin-bottom: 30px;'>\n<p style='font-size: 15px; color: inherit; margin-bottom: 15px;'>El sistema de enrutamiento de la bandeja portacables tipo malla a\u00e9rea (Wire Basket) debe constar de secciones de enrutamiento&comma; conectores de uni\u00f3n&comma; paredes laterales&comma; bajantes tipo cascada&comma; soportes de montaje y accesorios dise\u00f1ados para enrutar y organizar cableado de cobre&comma; fibra \u00f3ptica o el\u00e9ctrico. Las secciones de enrutamiento est\u00e1n disponibles en las siguientes anchuras: 102mm (4&#8242;)&comma; 152mm (6&#8242;)&comma; 203mm (8&#8242;)&comma; 305mm (12&#8242;)&comma; 457mm (18&#8242;) y 609mm (24&#8242;). Las bandejas tipo malla vienen con paredes de distintas alturas: 50mm (2&#8242;)&comma; 102mm (4&#8242;) y 152mm (6&#8242;). Soportes tipo trapecio&comma; tipo m\u00e9nsula y de montaje en muro est\u00e1n disponibles para soportar el sistema. Las bandejas&comma; accesorios y componentes est\u00e1n disponibles en negro&comma; blanco y electrozincado.<\/p>\n<\/p><\/div>\n<p> <!-- Secci\u00f3n de especificaciones --> <\/p>\n<div style='display: flex; flex-wrap: wrap; gap: 20px;'>\n<div style='flex: 1 1 250px; border: 1px solid rgba(150&comma; 150&comma; 150&comma; 0.4); border-radius: 8px; overflow: hidden; display: flex; flex-direction: column;'>\n<div style='padding: 15px; border-bottom: 1px solid rgba(150&comma; 150&comma; 150&comma; 0.2); font-weight: bold; font-size: 18px; color: inherit;'>Especificaciones T\u00e9cnicas<\/div>\n<div style='padding: 15px; color: inherit;'>\n<ul style='padding-left: 20px; margin: 0; font-size: 14px; list-style-type: disc;'>\n<li style='margin-bottom: 5px;'><strong>Aplicaciones:<\/strong> Centros de datos&comma; edificios conectados y aplicaciones de automatizaci\u00f3n industrial<\/li>\n<li style='margin-bottom: 5px;'><strong>Color:<\/strong> Negro<\/li>\n<li style='margin-bottom: 5px;'><strong>Acabado\/recubrimiento:<\/strong> Con recubrimiento en polvo<\/li>\n<li style='margin-bottom: 5px;'><strong>Material:<\/strong> Acero<\/li>\n<\/ul><\/div>\n<\/p><\/div>\n<\/p><\/div>\n<p> <!-- Separador --> <\/p>\n<hr style='border: 0; border-top: 1px solid rgba(150&comma; 150&comma; 150&comma; 0.3); margin: 30px 0;'> <\/div>\n","protected":false},"excerpt":{"rendered":"<p>Accesorio de Curvas e Intersecciones, Para Charolas Wire Basket, 2 in (50 mm) De Alto, Color Negro<\/p>\n","protected":false},"featured_media":18951,"comment_status":"open","ping_status":"closed","template":"","meta":[],"product_brand":[],"product_cat":[597],"product_tag":[93,593,445],"class_list":{"0":"post-18952","1":"product","2":"type-product","3":"status-publish","4":"has-post-thumbnail","6":"product_cat-accesorios-charola","7":"product_tag-accesorios","8":"product_tag-charola","9":"product_tag-panduit","11":"first","12":"outofstock","13":"sale","14":"shipping-taxable","15":"purchasable","16":"product-type-simple"},"_links":{"self":[{"href":"https:\/\/soydeaqui.ddns.net\/pachuca\/index.php\/wp-json\/wp\/v2\/product\/18952","targetHints":{"allow":["GET"]}}],"collection":[{"href":"https:\/\/soydeaqui.ddns.net\/pachuca\/index.php\/wp-json\/wp\/v2\/product"}],"about":[{"href":"https:\/\/soydeaqui.ddns.net\/pachuca\/index.php\/wp-json\/wp\/v2\/types\/product"}],"replies":[{"embeddable":true,"href":"https:\/\/soydeaqui.ddns.net\/pachuca\/index.php\/wp-json\/wp\/v2\/comments?post=18952"}],"wp:featuredmedia":[{"embeddable":true,"href":"https:\/\/soydeaqui.ddns.net\/pachuca\/index.php\/wp-json\/wp\/v2\/media\/18951"}],"wp:attachment":[{"href":"https:\/\/soydeaqui.ddns.net\/pachuca\/index.php\/wp-json\/wp\/v2\/media?parent=18952"}],"wp:term":[{"taxonomy":"product_brand","embeddable":true,"href":"https:\/\/soydeaqui.ddns.net\/pachuca\/index.php\/wp-json\/wp\/v2\/product_brand?post=18952"},{"taxonomy":"product_cat","embeddable":true,"href":"https:\/\/soydeaqui.ddns.net\/pachuca\/index.php\/wp-json\/wp\/v2\/product_cat?post=18952"},{"taxonomy":"product_tag","embeddable":true,"href":"https:\/\/soydeaqui.ddns.net\/pachuca\/index.php\/wp-json\/wp\/v2\/product_tag?post=18952"}],"curies":[{"name":"wp","href":"https:\/\/api.w.org\/{rel}","templated":true}]}}