{"id":1891,"date":"2026-03-18T05:51:09","date_gmt":"2026-03-18T05:51:09","guid":{"rendered":"https:\/\/soydeaqui.ddns.net\/pachuca\/index.php\/producto\/juego-hvac-de-multimetro-fluke-116-y-amperimetro-de-gancho-fluke-323\/"},"modified":"2026-03-18T05:51:11","modified_gmt":"2026-03-18T05:51:11","slug":"juego-hvac-de-multimetro-fluke-116-y-amperimetro-de-gancho-fluke-323","status":"publish","type":"product","link":"https:\/\/soydeaqui.ddns.net\/pachuca\/index.php\/producto\/juego-hvac-de-multimetro-fluke-116-y-amperimetro-de-gancho-fluke-323\/","title":{"rendered":"Juego HVAC de Mult\u00edmetro FLUKE-116 y Amper\u00edmetro de Gancho Fluke-323"},"content":{"rendered":"<div style='width: 100%; max-width: 1200px; margin: 0 auto; font-family: sans-serif; line-height: 1.6; color: inherit; background-color: transparent;'> <!-- Logo --> <\/p>\n<div style='display: flex; justify-content: center; margin-bottom: 30px;'> <img style='width: 100%; max-width: 500px; height: auto; border: 1px solid rgba(150&comma;150&comma;150&comma;0.3); border-radius: 8px;' src='https:\/\/www.risoul.com.mx\/hs-fs\/hubfs\/Fluke-Logo.png?width=1557&#038;name=Fluke-Logo.png' alt='Distribuidor productos Fluke'> <\/div>\n<p> <!-- Descripci\u00f3n --> <\/p>\n<div style='margin-bottom: 30px; font-size: 15px; color: inherit;'>\n<p>Tener la herramienta adecuada para el trabajo es esencial. Tener todas las herramientas adecuadas cuando las necesita es a\u00fan mejor. El kit combinado Fluke 116\/323 HVAC le ofrece lo mejor en un mult\u00edmetro robusto y vers\u00e1til y una pinza amperim\u00e9trica de acci\u00f3n r\u00e1pida para uso general.<\/p>\n<p>El Fluke 116 viene con la sonda de temperatura DMM integrada Fluke 80BK-A; no es necesario llevar un term\u00f3metro aparte. La funci\u00f3n de microamperios permite la medici\u00f3n del sensor de llama hasta 0&comma;1 microamperios. La funci\u00f3n AutoV\/LoZ evita lecturas falsas causadas por voltaje fantasma. El Fluke 116 tambi\u00e9n tiene una gran retroiluminaci\u00f3n LED blanca para trabajar en \u00e1reas con poca iluminaci\u00f3n. Mide la resistencia&comma; la continuidad&comma; la frecuencia y la capacitancia y proporciona lecturas m\u00ednimas&comma; m\u00e1ximas y promedio con el tiempo transcurrido para registrar las fluctuaciones de la se\u00f1al.<\/p>\n<p>Los mult\u00edmetros Fluke 116 se prueban de forma independiente para un uso seguro en entornos CAT III de 600 V.<\/p>\n<p>Las medidas de verdadero valor eficaz y la ergonom\u00eda optimizada hacen que la pinza amperim\u00e9trica de verdadero valor eficaz Fluke 323 sea la mejor pinza amperim\u00e9trica de uso general para electricistas comerciales y residenciales. El modelo Fluke 323 es ideal para mediciones de corriente de hasta 400 A en compartimentos de cables estrechos<\/p>\n<p>Juntos&comma; el mult\u00edmetro Fluke 116 HVAC y la pinza amperim\u00e9trica de verdadero valor eficaz 323 brindan a los electricistas las herramientas adecuadas para el trabajo.<\/p>\n<p><strong>Kit combinado HVAC Fluke 116\/323 HVAC&comma; incluye: Mult\u00edmetro FLUKE-166 y Pinza Amperim\u00e9trica FLUKE-323&comma; Puntas de Prueba TL175&comma; Soporte Magn\u00e9tico TPak ToolPak&comma; Pinza termocupla flexible&comma; Sonda de Temperatura 80BK&comma; Adaptador para termocupla 80AK-A y Estuche de lujo con correa para hombro.<\/strong><\/p>\n<p><strong>Mult\u00edmetro HVAC Fluke 116 con temperatura y microamperios<\/strong><\/p>\n<\/p><\/div>\n<p> <!-- Especificaciones Mult\u00edmetro --> <\/p>\n<div style='display: flex; flex-wrap: wrap; gap: 20px; margin-bottom: 30px;'>\n<div style='flex: 1 1 250px; border: 1px solid rgba(150&comma; 150&comma; 150&comma; 0.4); border-radius: 8px; overflow: hidden; display: flex; flex-direction: column;'>\n<div style='padding: 15px; border-bottom: 1px solid rgba(150&comma; 150&comma; 150&comma; 0.2); font-weight: bold; font-size: 18px; color: inherit;'>Especificaciones Generales<\/div>\n<div style='padding: 15px; color: inherit;'>\n<ul style='padding-left: 20px; margin: 0; font-size: 14px; list-style-type: disc;'>\n<li style='margin-bottom: 5px;'><strong>Voltaje m\u00e1ximo entre cualquier terminal y tierra:<\/strong> 600 V<\/li>\n<li style='margin-bottom: 5px;'><strong>Protecci\u00f3n contra sobretensiones:<\/strong> Pico de 6 kV seg\u00fan IEC 61010-1 600 V CAT III&comma; grado de contaminaci\u00f3n 2<\/li>\n<li style='margin-bottom: 5px;'><strong>Visualizaci\u00f3n:<\/strong> 6000 conteos&comma; actualizaciones 4 por segundo<\/li>\n<li style='margin-bottom: 5px;'><strong>Gr\u00e1fico de barras:<\/strong> 33 segmentos&comma; actualizaciones 32 por segundo<\/li>\n<li style='margin-bottom: 5px;'><strong>Temperatura de funcionamiento:<\/strong> -10\u00b0C a +50\u00b0C<\/li>\n<li style='margin-bottom: 5px;'><strong>Temperatura de almacenamiento:<\/strong> -40\u00b0C a +60\u00b0C<\/li>\n<li style='margin-bottom: 5px;'><strong>Tipo de Bater\u00eda:<\/strong> Alcalina de 9 voltios&comma; NEDA 1604A\/ IEC 6LR61<\/li>\n<li style='margin-bottom: 5px;'><strong>Duraci\u00f3n de la bater\u00eda:<\/strong> 400 horas t\u00edpicas&comma; sin retroiluminaci\u00f3n<\/li>\n<\/ul><\/div>\n<\/p><\/div>\n<div style='flex: 1 1 250px; border: 1px solid rgba(150&comma; 150&comma; 150&comma; 0.4); border-radius: 8px; overflow: hidden; display: flex; flex-direction: column;'>\n<div style='padding: 15px; border-bottom: 1px solid rgba(150&comma; 150&comma; 150&comma; 0.2); font-weight: bold; font-size: 18px; color: inherit;'>Especificaciones de Precisi\u00f3n<\/div>\n<div style='padding: 15px; color: inherit;'>\n<ul style='padding-left: 20px; margin: 0; font-size: 14px; list-style-type: disc;'>\n<li style='margin-bottom: 5px;'><strong>Milivoltios de CC:<\/strong> \u00b1([% de lectura] + [cuentas]): 0&comma;5% + 2<\/li>\n<li style='margin-bottom: 5px;'><strong>Voltios CC:<\/strong> \u00b1([% de lectura] + [cuentas]): 0&comma;5% + 2<\/li>\n<li style='margin-bottom: 5px;'><strong>Voltios autom\u00e1ticos:<\/strong> 2&comma;0% + 3 (CC&comma; 45 Hz a 500 Hz)&comma; 4&comma;0% + 3 (500 Hz a 1 kHz)<\/li>\n<li style='margin-bottom: 5px;'><strong>AC milivoltios\u00b9 True RMS:<\/strong> 1&comma;0% + 3 (CC&comma; 45 Hz a 500 Hz)&comma; 2&comma;0% + 3 (500 Hz a 1 kHz)<\/li>\n<li style='margin-bottom: 5px;'><strong>Voltios de CA\u00b9 RMS real:<\/strong> 1&comma;0% + 3 (CC&comma; 45 Hz a 500 Hz)&comma; 2&comma;0% + 3 (500 Hz a 1 kHz)<\/li>\n<li style='margin-bottom: 5px;'><strong>Continuidad:<\/strong> Zumbador encendido < 20 \u03a9&comma; apagado > 250 \u03a9; detecta aperturas o cortocircuitos de 500 \u03bcs o m\u00e1s<\/li>\n<\/ul><\/div>\n<\/p><\/div>\n<div style='flex: 1 1 250px; border: 1px solid rgba(150&comma; 150&comma; 150&comma; 0.4); border-radius: 8px; overflow: hidden; display: flex; flex-direction: column;'>\n<div style='padding: 15px; border-bottom: 1px solid rgba(150&comma; 150&comma; 150&comma; 0.2); font-weight: bold; font-size: 18px; color: inherit;'>Especificaciones Adicionales<\/div>\n<div style='padding: 15px; color: inherit;'>\n<ul style='padding-left: 20px; margin: 0; font-size: 14px; list-style-type: disc;'>\n<li style='margin-bottom: 5px;'><strong>Ohmios:<\/strong> 0&comma;9% + 1 a 1&comma;5% + 2<\/li>\n<li style='margin-bottom: 5px;'><strong>Prueba de diodo:<\/strong> 0&comma;9% + 2<\/li>\n<li style='margin-bottom: 5px;'><strong>Capacidad:<\/strong> 1&comma;9% + 2 a 5% + 20%<\/li>\n<li style='margin-bottom: 5px;'><strong>Temperatura\u00b2 (termopar tipo K):<\/strong> 1% + 10\u00b2 a 1% + 18\u00b2<\/li>\n<li style='margin-bottom: 5px;'><strong>CA \u03bcamps True RMS (45 Hz a 500 Hz):<\/strong> 1&comma;0% + 2<\/li>\n<li style='margin-bottom: 5px;'><strong>Amperios de CC:<\/strong> 1&comma;0% + 2<\/li>\n<li style='margin-bottom: 5px;'><strong>Hz (entrada V o A)\u00b2:<\/strong> 0&comma;1% + 2<\/li>\n<\/ul><\/div>\n<\/p><\/div>\n<div style='flex: 1 1 250px; border: 1px solid rgba(150&comma; 150&comma; 150&comma; 0.4); border-radius: 8px; overflow: hidden; display: flex; flex-direction: column;'>\n<div style='padding: 15px; border-bottom: 1px solid rgba(150&comma; 150&comma; 150&comma; 0.2); font-weight: bold; font-size: 18px; color: inherit;'>Especificaciones Mec\u00e1nicas<\/div>\n<div style='padding: 15px; color: inherit;'>\n<ul style='padding-left: 20px; margin: 0; font-size: 14px; list-style-type: disc;'>\n<li style='margin-bottom: 5px;'><strong>Tama\u00f1o:<\/strong> 167 x 84 x 46 mm (6&comma;57 x 3&comma;31 x 1&comma;82 pulgadas)<\/li>\n<li style='margin-bottom: 5px;'><strong>Peso:<\/strong> 550 gramos<\/li>\n<li style='margin-bottom: 5px;'><strong>Garant\u00eda:<\/strong> 3 a\u00f1os<\/li>\n<\/ul><\/div>\n<\/p><\/div>\n<\/p><\/div>\n<p> <!-- Especificaciones Pinza Amperim\u00e9trica --> <\/p>\n<div style='margin-bottom: 30px;'>\n<h3 style='font-size: 22px; border-bottom: 2px solid currentColor; padding-bottom: 5px; margin-top: 0; color: inherit; opacity: 0.8;'>Pinza amperim\u00e9trica de verdadero valor eficaz Fluke 323<\/h3>\n<div style='display: flex; flex-wrap: wrap; gap: 20px;'>\n<div style='flex: 1 1 250px; border: 1px solid rgba(150&comma; 150&comma; 150&comma; 0.4); border-radius: 8px; overflow: hidden; display: flex; flex-direction: column;'>\n<div style='padding: 15px; border-bottom: 1px solid rgba(150&comma; 150&comma; 150&comma; 0.2); font-weight: bold; font-size: 18px; color: inherit;'>Especificaciones El\u00e9ctricas<\/div>\n<div style='padding: 15px; color: inherit;'>\n<ul style='padding-left: 20px; margin: 0; font-size: 14px; list-style-type: disc;'>\n<li style='margin-bottom: 5px;'><strong>Corriente alterna:<\/strong> 2% \u00b15 d\u00edgitos (45 Hz a 65 Hz)&comma; 2&comma;5% \u00b15 d\u00edgitos (65 Hz a 400 Hz)<\/li>\n<li style='margin-bottom: 5px;'><strong>Voltaje de corriente alterna:<\/strong> 1&comma;5% \u00b15 d\u00edgitos<\/li>\n<li style='margin-bottom: 5px;'><strong>Voltaje de CC:<\/strong> 1&comma;0% \u00b15 d\u00edgitos<\/li>\n<li style='margin-bottom: 5px;'><strong>Resistencia:<\/strong> 1&comma;0% \u00b15 d\u00edgitos<\/li>\n<li style='margin-bottom: 5px;'><strong>Continuidad:<\/strong> \u2264 70 \u03a9<\/li>\n<\/ul><\/div>\n<\/p><\/div>\n<div style='flex: 1 1 250px; border: 1px solid rgba(150&comma; 150&comma; 150&comma; 0.4); border-radius: 8px; overflow: hidden; display: flex; flex-direction: column;'>\n<div style='padding: 15px; border-bottom: 1px solid rgba(150&comma; 150&comma; 150&comma; 0.2); font-weight: bold; font-size: 18px; color: inherit;'>Especificaciones Mec\u00e1nicas<\/div>\n<div style='padding: 15px; color: inherit;'>\n<ul style='padding-left: 20px; margin: 0; font-size: 14px; list-style-type: disc;'>\n<li style='margin-bottom: 5px;'><strong>Dimensiones:<\/strong> 207x75x34 mm<\/li>\n<li style='margin-bottom: 5px;'><strong>Di\u00e1metro m\u00e1ximo del cable:<\/strong> 30 mm (600 MCM)<\/li>\n<li style='margin-bottom: 5px;'><strong>Peso:<\/strong> 265 gramos<\/li>\n<li style='margin-bottom: 5px;'><strong>Calificaci\u00f3n de categor\u00eda:<\/strong> CAT III 600 V&comma; CAT IV 300 V<\/li>\n<li style='margin-bottom: 5px;'><strong>Garant\u00eda:<\/strong> Dos a\u00f1os<\/li>\n<\/ul><\/div>\n<\/p><\/div>\n<\/p><\/div>\n<\/p><\/div>\n<p> <!-- Notas --> <\/p>\n<div style='margin-bottom: 30px; font-size: 14px; color: inherit;'>\n<p><strong>Notas:<\/strong><\/p>\n<ul style='padding-left: 20px; margin: 0; font-size: 14px; list-style-type: disc;'>\n<li style='margin-bottom: 5px;'>1. Todos los rangos de voltaje de CA excepto Auto-V\/LoZ se especifican del 1 % al 100 % del rango. Auto-V\/LoZ se especifica a partir de 0&comma;0 V.<\/li>\n<li style='margin-bottom: 5px;'>2. La incertidumbre de la temperatura (precisi\u00f3n) no incluye el error de la sonda del termopar.<\/li>\n<li style='margin-bottom: 5px;'>\u2022 La frecuencia est\u00e1 acoplada a CA&comma; de 5 Hz a 50 kHz para voltaje de CA. La frecuencia est\u00e1 acoplada a CC&comma; de 45 Hz a 5 kHz para corriente CA.<\/li>\n<li style='margin-bottom: 5px;'>\u2022 Rango de temperatura\/Resoluci\u00f3n: -40 \u00b0F a 752 \u00b0F\/0&comma;2 \u00b0F<\/li>\n<\/ul><\/div>\n<p> <!-- Separador --> <\/p>\n<hr style='border: 0; border-top: 1px solid rgba(150&comma; 150&comma; 150&comma; 0.3); margin: 30px 0;'> <\/div>\n","protected":false},"excerpt":{"rendered":"<p>Juego HVAC de Mult\u00edmetro FLUKE-116 y Amper\u00edmetro de Gancho Fluke-323<\/p>\n","protected":false},"featured_media":1890,"comment_status":"open","ping_status":"closed","template":"","meta":[],"product_brand":[],"product_cat":[392],"product_tag":[393,25,131],"class_list":{"0":"post-1891","1":"product","2":"type-product","3":"status-publish","4":"has-post-thumbnail","6":"product_cat-herramientas-electricas-herramientas-deteccion-de-fuego","7":"product_tag-fluke","8":"product_tag-herramientas","9":"product_tag-herramientas-electricas","11":"first","12":"outofstock","13":"sale","14":"shipping-taxable","15":"purchasable","16":"product-type-simple"},"_links":{"self":[{"href":"https:\/\/soydeaqui.ddns.net\/pachuca\/index.php\/wp-json\/wp\/v2\/product\/1891","targetHints":{"allow":["GET"]}}],"collection":[{"href":"https:\/\/soydeaqui.ddns.net\/pachuca\/index.php\/wp-json\/wp\/v2\/product"}],"about":[{"href":"https:\/\/soydeaqui.ddns.net\/pachuca\/index.php\/wp-json\/wp\/v2\/types\/product"}],"replies":[{"embeddable":true,"href":"https:\/\/soydeaqui.ddns.net\/pachuca\/index.php\/wp-json\/wp\/v2\/comments?post=1891"}],"wp:featuredmedia":[{"embeddable":true,"href":"https:\/\/soydeaqui.ddns.net\/pachuca\/index.php\/wp-json\/wp\/v2\/media\/1890"}],"wp:attachment":[{"href":"https:\/\/soydeaqui.ddns.net\/pachuca\/index.php\/wp-json\/wp\/v2\/media?parent=1891"}],"wp:term":[{"taxonomy":"product_brand","embeddable":true,"href":"https:\/\/soydeaqui.ddns.net\/pachuca\/index.php\/wp-json\/wp\/v2\/product_brand?post=1891"},{"taxonomy":"product_cat","embeddable":true,"href":"https:\/\/soydeaqui.ddns.net\/pachuca\/index.php\/wp-json\/wp\/v2\/product_cat?post=1891"},{"taxonomy":"product_tag","embeddable":true,"href":"https:\/\/soydeaqui.ddns.net\/pachuca\/index.php\/wp-json\/wp\/v2\/product_tag?post=1891"}],"curies":[{"name":"wp","href":"https:\/\/api.w.org\/{rel}","templated":true}]}}