{"id":18896,"date":"2026-03-18T09:52:46","date_gmt":"2026-03-18T09:52:46","guid":{"rendered":"https:\/\/soydeaqui.ddns.net\/pachuca\/index.php\/producto\/mdulo-plug-play-lightverse-hasta-24-fibras-base-8-hembra-shuttered-lc-upc-para-fibra-multimodo-om4-std-loss\/"},"modified":"2026-03-18T09:52:47","modified_gmt":"2026-03-18T09:52:47","slug":"mdulo-plug-play-lightverse-hasta-24-fibras-base-8-hembra-shuttered-lc-upc-para-fibra-multimodo-om4-std-loss","status":"publish","type":"product","link":"https:\/\/soydeaqui.ddns.net\/pachuca\/index.php\/producto\/mdulo-plug-play-lightverse-hasta-24-fibras-base-8-hembra-shuttered-lc-upc-para-fibra-multimodo-om4-std-loss\/","title":{"rendered":"M?dulo Plug &#038; Play LightVerse, Hasta 24 Fibras, Base 8 Hembra, Shuttered LC\/UPC para Fibra Multimodo OM4, STD Loss"},"content":{"rendered":"<div style='width: 100%; max-width: 1200px; margin: 0 auto; font-family: sans-serif; line-height: 1.6; color: inherit; background-color: transparent;'>\n<div style='display: flex; flex-wrap: wrap; gap: 30px; margin-bottom: 30px;'>\n<div style='flex: 1 1 300px; min-width: 280px;'>\n<h3 style='font-size: 22px; border-bottom: 2px solid currentColor; padding-bottom: 5px; margin-top: 0; color: inherit; opacity: 0.8;'>Caracter\u00edsticas Principales<\/h3>\n<ul style='padding-left: 20px; font-size: 15px; color: inherit;'>\n<li style='margin-bottom: 5px;'>M\u00f3dulo Plug &#038; Play para fibra \u00f3ptica<\/li>\n<li style='margin-bottom: 5px;'>Soporta hasta 24 fibras<\/li>\n<li style='margin-bottom: 5px;'>Configuraci\u00f3n Base 8 Hembra<\/li>\n<li style='margin-bottom: 5px;'>Conectores LC\/UPC con obturador<\/li>\n<li style='margin-bottom: 5px;'>Fibra Multimodo OM4<\/li>\n<li style='margin-bottom: 5px;'>P\u00e9rdida est\u00e1ndar (STD Loss)<\/li>\n<li style='margin-bottom: 5px;'>Color Erika Violet Blue<\/li>\n<\/ul>\n<\/div>\n<div style='flex: 1 1 300px; min-width: 280px;'>\n<h3 style='font-size: 22px; border-bottom: 2px solid currentColor; padding-bottom: 5px; margin-top: 0; color: inherit; opacity: 0.8;'>Especificaciones T\u00e9cnicas<\/h3>\n<ul style='padding-left: 20px; font-size: 15px; color: inherit;'>\n<li style='margin-bottom: 5px;'><strong>Tipo de fibra:<\/strong> Multimodo OM4 (50\/125\u03bcm 10G)<\/li>\n<li style='margin-bottom: 5px;'><strong>P\u00e9rdida de inserci\u00f3n:<\/strong> 0.40 dB (MTP)&comma; 0.25 dB (LC)<\/li>\n<li style='margin-bottom: 5px;'><strong>Retorno de p\u00e9rdida:<\/strong> 20 dB (MTP)&comma; 30 dB (LC)<\/li>\n<li style='margin-bottom: 5px;'><strong>Clase de performance:<\/strong> XGLO 550<\/li>\n<li style='margin-bottom: 5px;'><strong>G\u00e9nero MTP:<\/strong> Hembra<\/li>\n<li style='margin-bottom: 5px;'><strong>Conector LC:<\/strong> Shuttered LC\/UPC<\/li>\n<li style='margin-bottom: 5px;'><strong>Polaridad:<\/strong> Universal (patentado)<\/li>\n<\/ul>\n<\/div>\n<\/div>\n<div style='display: flex; flex-wrap: wrap; gap: 20px; margin-bottom: 30px;'>\n<div style='flex: 1 1 250px; border: 1px solid rgba(150&comma; 150&comma; 150&comma; 0.4); border-radius: 8px; overflow: hidden; display: flex; flex-direction: column;'>\n<div style='padding: 15px; border-bottom: 1px solid rgba(150&comma; 150&comma; 150&comma; 0.2); font-weight: bold; font-size: 18px; color: inherit;'>Dise\u00f1o y Construcci\u00f3n<\/div>\n<div style='padding: 15px; color: inherit;'>\n<ul style='padding-left: 20px; margin: 0; font-size: 14px; list-style-type: disc;'>\n<li style='margin-bottom: 5px;'>Construcci\u00f3n robusta de pl\u00e1stico moldeado<\/li>\n<li style='margin-bottom: 5px;'>Obturadores LC para protecci\u00f3n adicional<\/li>\n<li style='margin-bottom: 5px;'>Tether integrado para f\u00e1cil instalaci\u00f3n y remoci\u00f3n<\/li>\n<li style='margin-bottom: 5px;'>Soporta configuraciones frontales y traseras<\/li>\n<\/ul>\n<\/div>\n<\/div>\n<div style='flex: 1 1 250px; border: 1px solid rgba(150&comma; 150&comma; 150&comma; 0.4); border-radius: 8px; overflow: hidden; display: flex; flex-direction: column;'>\n<div style='padding: 15px; border-bottom: 1px solid rgba(150&comma; 150&comma; 150&comma; 0.2); font-weight: bold; font-size: 18px; color: inherit;'>Aplicaciones<\/div>\n<div style='padding: 15px; color: inherit;'>\n<ul style='padding-left: 20px; margin: 0; font-size: 14px; list-style-type: disc;'>\n<li style='margin-bottom: 5px;'>Transici\u00f3n de cables backbone MTP a conectividad LC simplex<\/li>\n<li style='margin-bottom: 5px;'>Agregaci\u00f3n de redes y configuraciones breakout<\/li>\n<li style='margin-bottom: 5px;'>Entornos de alta densidad<\/li>\n<li style='margin-bottom: 5px;'>Redes con requerimientos de movimiento&comma; adici\u00f3n y cambios frecuentes<\/li>\n<\/ul>\n<\/div>\n<\/div>\n<div style='flex: 1 1 250px; border: 1px solid rgba(150&comma; 150&comma; 150&comma; 0.4); border-radius: 8px; overflow: hidden; display: flex; flex-direction: column;'>\n<div style='padding: 15px; border-bottom: 1px solid rgba(150&comma; 150&comma; 150&comma; 0.2); font-weight: bold; font-size: 18px; color: inherit;'>Compatibilidad<\/div>\n<div style='padding: 15px; color: inherit;'>\n<ul style='padding-left: 20px; margin: 0; font-size: 14px; list-style-type: disc;'>\n<li style='margin-bottom: 5px;'>Soporta configuraciones Base-8<\/li>\n<li style='margin-bottom: 5px;'>Compatible con otros m\u00f3dulos LightVerse<\/li>\n<li style='margin-bottom: 5px;'>Interoperable con sistemas MTP y LC<\/li>\n<\/ul>\n<\/div>\n<\/div>\n<\/div>\n<hr style='border: 0; border-top: 1px solid rgba(150&comma; 150&comma; 150&comma; 0.3); margin: 30px 0;'><\/div>\n","protected":false},"excerpt":{"rendered":"<p>M?dulo Plug &#038; Play LightVerse, Hasta 24 Fibras, Base 8 Hembra, Shuttered LC\/UPC para Fibra Multimodo OM4, STD Loss<\/p>\n","protected":false},"featured_media":18895,"comment_status":"open","ping_status":"closed","template":"","meta":[],"product_brand":[],"product_cat":[621],"product_tag":[622,611,600],"class_list":{"0":"post-18896","1":"product","2":"type-product","3":"status-publish","4":"has-post-thumbnail","6":"product_cat-distribuidores-de-fibra-optica","7":"product_tag-distribuidores-de-fibra-optica","8":"product_tag-fibra-optica","9":"product_tag-siemon","11":"first","12":"outofstock","13":"sale","14":"shipping-taxable","15":"purchasable","16":"product-type-simple"},"_links":{"self":[{"href":"https:\/\/soydeaqui.ddns.net\/pachuca\/index.php\/wp-json\/wp\/v2\/product\/18896","targetHints":{"allow":["GET"]}}],"collection":[{"href":"https:\/\/soydeaqui.ddns.net\/pachuca\/index.php\/wp-json\/wp\/v2\/product"}],"about":[{"href":"https:\/\/soydeaqui.ddns.net\/pachuca\/index.php\/wp-json\/wp\/v2\/types\/product"}],"replies":[{"embeddable":true,"href":"https:\/\/soydeaqui.ddns.net\/pachuca\/index.php\/wp-json\/wp\/v2\/comments?post=18896"}],"wp:featuredmedia":[{"embeddable":true,"href":"https:\/\/soydeaqui.ddns.net\/pachuca\/index.php\/wp-json\/wp\/v2\/media\/18895"}],"wp:attachment":[{"href":"https:\/\/soydeaqui.ddns.net\/pachuca\/index.php\/wp-json\/wp\/v2\/media?parent=18896"}],"wp:term":[{"taxonomy":"product_brand","embeddable":true,"href":"https:\/\/soydeaqui.ddns.net\/pachuca\/index.php\/wp-json\/wp\/v2\/product_brand?post=18896"},{"taxonomy":"product_cat","embeddable":true,"href":"https:\/\/soydeaqui.ddns.net\/pachuca\/index.php\/wp-json\/wp\/v2\/product_cat?post=18896"},{"taxonomy":"product_tag","embeddable":true,"href":"https:\/\/soydeaqui.ddns.net\/pachuca\/index.php\/wp-json\/wp\/v2\/product_tag?post=18896"}],"curies":[{"name":"wp","href":"https:\/\/api.w.org\/{rel}","templated":true}]}}