{"id":18887,"date":"2026-03-18T09:52:37","date_gmt":"2026-03-18T09:52:37","guid":{"rendered":"https:\/\/soydeaqui.ddns.net\/pachuca\/index.php\/producto\/cincho-pan-ty-miniatura-de-nailon-6-6-99-mm-largo-x-2-5mm-ancho-color-natural-paquete-de-1000-piezas\/"},"modified":"2026-03-18T09:52:40","modified_gmt":"2026-03-18T09:52:40","slug":"cincho-pan-ty-miniatura-de-nailon-6-6-99-mm-largo-x-2-5mm-ancho-color-natural-paquete-de-1000-piezas","status":"publish","type":"product","link":"https:\/\/soydeaqui.ddns.net\/pachuca\/index.php\/producto\/cincho-pan-ty-miniatura-de-nailon-6-6-99-mm-largo-x-2-5mm-ancho-color-natural-paquete-de-1000-piezas\/","title":{"rendered":"Cincho Pan-Ty Miniatura de Nailon 6.6, 99 mm largo x 2.5mm ancho, Color Natural. Paquete de 1000 Piezas."},"content":{"rendered":"<div style='width: 100%; max-width: 1200px; margin: 0 auto; font-family: sans-serif; line-height: 1.6; color: inherit; background-color: transparent;'>\n<div style='display: flex; flex-direction: column; align-items: center; text-align: center; margin-bottom: 30px;'> <img style='width: 100%; max-width: 300px; height: auto; border: 1px solid rgba(150&comma;150&comma;150&comma;0.3); border-radius: 8px;' src='https:\/\/ftp3.syscom.mx\/usuarios\/fotos\/SCL2\/0X\/214870-217843-panduit-logo-tm-negro-fondo_trans30-01_(002)_(1).png' alt=''> <\/p>\n<h1 style='font-size: 24px; margin-top: 20px; margin-bottom: 10px; color: inherit; font-weight: 500; line-height: 1.2; text-align: center; max-width: 800px;'>Cincho de bloqueo Panduit PLT1M-M&comma; Nylon 6.6&comma; 3.9&#8242; Color Natural<\/h1>\n<\/p><\/div>\n<div style='display: flex; flex-wrap: wrap; gap: 30px; margin-bottom: 30px;'>\n<div style='flex: 1 1 300px; min-width: 280px;'>\n<h3 style='font-size: 20px; border-bottom: 2px solid currentColor; padding-bottom: 5px; margin-top: 0; color: inherit; opacity: 0.8;'>Descripci\u00f3n<\/h3>\n<p style='font-size: 15px; color: inherit;'>Los cinchos de bloqueo Panduit PLT1M-M est\u00e1n dise\u00f1adas para satisfacer las necesidades de aplicaciones generales y ofrecen rendimiento y confiabilidad uniformes. Gracias a la punta curva&comma; el levantamiento desde las superficies planas es f\u00e1cil y el enroscamiento inicial es m\u00e1s r\u00e1pido. Secci\u00f3n transversal miniatura&comma; 3.9&#8242; (99mm) de largo. Producto para interiores&comma; fabricado con Nylon 6.6. Color natural. Paquete de 1000 piezas.<\/p>\n<\/p><\/div>\n<\/p><\/div>\n<div style='display: flex; justify-content: center; margin: 30px 0;'> <img style='width: 100%; max-width: 700px; height: auto; border: 1px solid rgba(150&comma;150&comma;150&comma;0.3); border-radius: 8px;' src='https:\/\/ftp3.syscom.mx\/usuarios\/fotos\/PLT1MM\/211865-captura_de_pantalla_2023-07-17_a_la(s)_16.46.03.png' alt=''> <\/div>\n<\/p><\/div>\n","protected":false},"excerpt":{"rendered":"<p>Cincho Pan-Ty Miniatura de Nailon 6.6, 99 mm largo x 2.5mm ancho, Color Natural. Paquete de 1000 Piezas.<\/p>\n","protected":false},"featured_media":18886,"comment_status":"open","ping_status":"closed","template":"","meta":[],"product_brand":[],"product_cat":[574],"product_tag":[572,575,445],"class_list":{"0":"post-18887","1":"product","2":"type-product","3":"status-publish","4":"has-post-thumbnail","6":"product_cat-fijacion","7":"product_tag-canalizacion","8":"product_tag-fijacion","9":"product_tag-panduit","11":"first","12":"instock","13":"sale","14":"shipping-taxable","15":"purchasable","16":"product-type-simple"},"_links":{"self":[{"href":"https:\/\/soydeaqui.ddns.net\/pachuca\/index.php\/wp-json\/wp\/v2\/product\/18887","targetHints":{"allow":["GET"]}}],"collection":[{"href":"https:\/\/soydeaqui.ddns.net\/pachuca\/index.php\/wp-json\/wp\/v2\/product"}],"about":[{"href":"https:\/\/soydeaqui.ddns.net\/pachuca\/index.php\/wp-json\/wp\/v2\/types\/product"}],"replies":[{"embeddable":true,"href":"https:\/\/soydeaqui.ddns.net\/pachuca\/index.php\/wp-json\/wp\/v2\/comments?post=18887"}],"wp:featuredmedia":[{"embeddable":true,"href":"https:\/\/soydeaqui.ddns.net\/pachuca\/index.php\/wp-json\/wp\/v2\/media\/18886"}],"wp:attachment":[{"href":"https:\/\/soydeaqui.ddns.net\/pachuca\/index.php\/wp-json\/wp\/v2\/media?parent=18887"}],"wp:term":[{"taxonomy":"product_brand","embeddable":true,"href":"https:\/\/soydeaqui.ddns.net\/pachuca\/index.php\/wp-json\/wp\/v2\/product_brand?post=18887"},{"taxonomy":"product_cat","embeddable":true,"href":"https:\/\/soydeaqui.ddns.net\/pachuca\/index.php\/wp-json\/wp\/v2\/product_cat?post=18887"},{"taxonomy":"product_tag","embeddable":true,"href":"https:\/\/soydeaqui.ddns.net\/pachuca\/index.php\/wp-json\/wp\/v2\/product_tag?post=18887"}],"curies":[{"name":"wp","href":"https:\/\/api.w.org\/{rel}","templated":true}]}}