{"id":18877,"date":"2026-03-18T09:52:28","date_gmt":"2026-03-18T09:52:28","guid":{"rendered":"https:\/\/soydeaqui.ddns.net\/pachuca\/index.php\/producto\/cable-de-fibra-ptica-multimodo-om4-50-125-12-hilos-interior-exterior-tight-buffer-900m-ofnr-riser-dielctrica-precio-por-metro-hasta-2000-metros-6562-pies-en-un-solo-tramo-de-cable\/"},"modified":"2026-03-18T09:52:28","modified_gmt":"2026-03-18T09:52:28","slug":"cable-de-fibra-ptica-multimodo-om4-50-125-12-hilos-interior-exterior-tight-buffer-900m-ofnr-riser-dielctrica-precio-por-metro-hasta-2000-metros-6562-pies-en-un-solo-tramo-de-cable","status":"publish","type":"product","link":"https:\/\/soydeaqui.ddns.net\/pachuca\/index.php\/producto\/cable-de-fibra-ptica-multimodo-om4-50-125-12-hilos-interior-exterior-tight-buffer-900m-ofnr-riser-dielctrica-precio-por-metro-hasta-2000-metros-6562-pies-en-un-solo-tramo-de-cable\/","title":{"rendered":"Cable de Fibra ?ptica Multimodo OM4 50\/125, 12 Hilos, Interior\/Exterior, Tight Buffer 900?m, OFNR Riser, Diel?ctrica, Precio Por Metro, (Hasta 2000 Metros (6562 Pies) en un Solo Tramo de Cable)"},"content":{"rendered":"<div style='width: 100%; max-width: 1200px; margin: 0 auto; font-family: sans-serif; line-height: 1.6; color: inherit; background-color: transparent;'> <!-- Imagen --> <\/p>\n<div style='width: 100%; margin-bottom: 30px;'> <img style='width: 100%; height: auto; border: 1px solid rgba(150&comma;150&comma;150&comma;0.3); border-radius: 8px;' src='https:\/\/ftp3.syscom.mx\/usuarios\/orobles\/LinkedPro\/LinkedPro-fiber2.jpg' alt=''> <\/div>\n<p> <!-- Descripci\u00f3n principal --> <\/p>\n<div style='width: 100%; margin-bottom: 30px;'>\n<p style='font-size: 16px; margin: 0 0 15px; color: inherit;'>El cable de fibra \u00f3ptica LP-IOC-OM4-R-12 est\u00e1 dise\u00f1ado para instalaciones en interiores o exteriores tanto horizontales como verticales al contar con forro retardante al fuego Riser (OFNR). Los hilos de fibra cumplen con la clasificaci\u00f3n OM4 de fibra optimizada para 10G.<\/p>\n<\/p><\/div>\n<p> <!-- Especificaciones T\u00e9cnicas --> <\/p>\n<div style='display: flex; flex-wrap: wrap; gap: 20px; margin-bottom: 30px;'>\n<div style='flex: 1 1 250px; border: 1px solid rgba(150&comma; 150&comma; 150&comma; 0.4); border-radius: 8px; overflow: hidden; display: flex; flex-direction: column;'>\n<div style='padding: 15px; border-bottom: 1px solid rgba(150&comma; 150&comma; 150&comma; 0.2); font-weight: bold; font-size: 18px; color: inherit;'>Especificaciones T\u00e9cnicas<\/div>\n<div style='padding: 15px; color: inherit;'>\n<ul style='padding-left: 20px; margin: 0; font-size: 14px; list-style-type: disc;'>\n<li style='margin-bottom: 5px;'>Fibra \u00d3ptica OM4 50\/125 Multimodo<\/li>\n<li style='margin-bottom: 5px;'>Tight Buffer (900 \u00b5m)<\/li>\n<li style='margin-bottom: 5px;'>Forro: OFNR Riser\/LSZH con protecci\u00f3n contra rayos UV<\/li>\n<li style='margin-bottom: 5px;'>M\u00e1xima tensi\u00f3n: 600 N<\/li>\n<li style='margin-bottom: 5px;'>Temperatura de operaci\u00f3n: -10\u00baC ~ +60\u00baC<\/li>\n<li style='margin-bottom: 5px;'>Temperatura de almacenaje: -20\u00baC ~ +60\u00baC<\/li>\n<li style='margin-bottom: 5px;'>Di\u00e1metro nominal (D): 6.5 \u00b1 0.5 mm<\/li>\n<li style='margin-bottom: 5px;'>Radio m\u00ednimo de curvatura: Instalaci\u00f3n 20D&comma; Operaci\u00f3n 10D<\/li>\n<li style='margin-bottom: 5px;'>Resistencia al aplastamiento: 500N\/10cm<\/li>\n<li style='margin-bottom: 5px;'>12 hilos<\/li>\n<li style='margin-bottom: 5px;'>Instalaci\u00f3n: Interior\/Exterior (No instalaci\u00f3n a\u00e9rea&comma; ni enterrado directo)<\/li>\n<\/ul><\/div>\n<\/p><\/div>\n<p> <!-- Caracter\u00edsticas mec\u00e1nicas y ambientales --> <\/p>\n<div style='flex: 1 1 250px; border: 1px solid rgba(150&comma; 150&comma; 150&comma; 0.4); border-radius: 8px; overflow: hidden; display: flex; flex-direction: column;'>\n<div style='padding: 15px; border-bottom: 1px solid rgba(150&comma; 150&comma; 150&comma; 0.2); font-weight: bold; font-size: 18px; color: inherit;'>Caracter\u00edsticas mec\u00e1nicas y ambientales<\/div>\n<div style='padding: 15px; color: inherit;'>\n<ul style='padding-left: 20px; margin: 0; font-size: 14px; list-style-type: disc;'>\n<li style='margin-bottom: 5px;'>Tensi\u00f3n: IEC 60794-1-2-E1<\/li>\n<li style='margin-bottom: 5px;'>Aplastamiento: IEC 60794-1-2-E3<\/li>\n<li style='margin-bottom: 5px;'>Impacto: IEC 60794-1-2-E4<\/li>\n<li style='margin-bottom: 5px;'>Dobles: IEC 60794-1-2-E11<\/li>\n<li style='margin-bottom: 5px;'>Dobles repetitivo: IEC 60794-1-2-E6<\/li>\n<li style='margin-bottom: 5px;'>Torsi\u00f3n: IEC 60794-1-2-E7<\/li>\n<\/ul><\/div>\n<\/p><\/div>\n<\/p><\/div>\n<p> <!-- Notas --> <\/p>\n<div style='width: 100%; margin-bottom: 30px;'>\n<div style='padding: 15px; border-left: 4px solid rgba(255&comma; 165&comma; 0&comma; 0.6); background-color: rgba(255&comma; 255&comma; 255&comma; 0.03); color: inherit;'>\n<p style='margin: 0 0 10px; font-weight: bold; color: inherit;'>NOTA:<\/p>\n<p style='margin: 0; font-size: 14px; color: inherit;'>Se recibe en carretes de 2000 metros (2 KM)&comma; hasta 2000 metros en un solo tramo.<\/p>\n<\/p><\/div>\n<\/p><\/div>\n<p> <!-- Precio --> <\/p>\n<div style='width: 100%; margin-bottom: 30px;'>\n<div style='padding: 10px; background-color: rgba(0&comma; 128&comma; 0&comma; 0.05); border: 1px solid rgba(0&comma; 128&comma; 0&comma; 0.2); border-radius: 6px; color: inherit;'>\n<p style='margin: 0; font-size: 14px; color: inherit; text-align: center;'><strong>Precio por metro<\/strong><\/p>\n<\/p><\/div>\n<\/p><\/div>\n<\/p><\/div>\n","protected":false},"excerpt":{"rendered":"<p>Cable de Fibra ?ptica Multimodo OM4 50\/125, 12 Hilos, Interior\/Exterior, Tight Buffer 900?m, OFNR Riser, Diel?ctrica, Precio Por Metro, (Hasta 2000 Metros (6562 Pies) en un Solo Tramo de Cable)<\/p>\n","protected":false},"featured_media":18876,"comment_status":"open","ping_status":"closed","template":"","meta":[],"product_brand":[],"product_cat":[610],"product_tag":[612,611,435],"class_list":{"0":"post-18877","1":"product","2":"type-product","3":"status-publish","4":"has-post-thumbnail","6":"product_cat-cable","7":"product_tag-cable","8":"product_tag-fibra-optica","9":"product_tag-linkedpro-by-epcom","11":"first","12":"instock","13":"sale","14":"shipping-taxable","15":"purchasable","16":"product-type-simple"},"_links":{"self":[{"href":"https:\/\/soydeaqui.ddns.net\/pachuca\/index.php\/wp-json\/wp\/v2\/product\/18877","targetHints":{"allow":["GET"]}}],"collection":[{"href":"https:\/\/soydeaqui.ddns.net\/pachuca\/index.php\/wp-json\/wp\/v2\/product"}],"about":[{"href":"https:\/\/soydeaqui.ddns.net\/pachuca\/index.php\/wp-json\/wp\/v2\/types\/product"}],"replies":[{"embeddable":true,"href":"https:\/\/soydeaqui.ddns.net\/pachuca\/index.php\/wp-json\/wp\/v2\/comments?post=18877"}],"wp:featuredmedia":[{"embeddable":true,"href":"https:\/\/soydeaqui.ddns.net\/pachuca\/index.php\/wp-json\/wp\/v2\/media\/18876"}],"wp:attachment":[{"href":"https:\/\/soydeaqui.ddns.net\/pachuca\/index.php\/wp-json\/wp\/v2\/media?parent=18877"}],"wp:term":[{"taxonomy":"product_brand","embeddable":true,"href":"https:\/\/soydeaqui.ddns.net\/pachuca\/index.php\/wp-json\/wp\/v2\/product_brand?post=18877"},{"taxonomy":"product_cat","embeddable":true,"href":"https:\/\/soydeaqui.ddns.net\/pachuca\/index.php\/wp-json\/wp\/v2\/product_cat?post=18877"},{"taxonomy":"product_tag","embeddable":true,"href":"https:\/\/soydeaqui.ddns.net\/pachuca\/index.php\/wp-json\/wp\/v2\/product_tag?post=18877"}],"curies":[{"name":"wp","href":"https:\/\/api.w.org\/{rel}","templated":true}]}}