{"id":1886,"date":"2026-03-18T05:51:06","date_gmt":"2026-03-18T05:51:06","guid":{"rendered":"https:\/\/soydeaqui.ddns.net\/pachuca\/index.php\/producto\/ax-hub-detector-dual-tech-inalambrico-para-exterior-montaje-de-pared\/"},"modified":"2026-03-18T05:51:07","modified_gmt":"2026-03-18T05:51:07","slug":"ax-hub-detector-dual-tech-inalambrico-para-exterior-montaje-de-pared","status":"publish","type":"product","link":"https:\/\/soydeaqui.ddns.net\/pachuca\/index.php\/producto\/ax-hub-detector-dual-tech-inalambrico-para-exterior-montaje-de-pared\/","title":{"rendered":"(AX HUB) Detector Dual-Tech Inal\u00e1mbrico para Exterior + Montaje de Pared"},"content":{"rendered":"<div style='width: 100%; max-width: 1200px; margin: 0 auto; font-family: sans-serif; line-height: 1.6; color: inherit; background-color: transparent;'> <!-- Logo --> <\/p>\n<div style='text-align: center; margin: 20px 0;'> <img style='width: 45%; height: auto; border: 1px solid rgba(150&comma;150&comma;150&comma;0.3); border-radius: 8px;' src='https:\/\/ftp3.syscom.mx\/usuarios\/jsosa\/HIKVISION\/imagenes\/logo\/hikvision%20see%20far.png' alt='Logo Hikvision'> <\/div>\n<p> <!-- Informaci\u00f3n del KIT --> <\/p>\n<div style='text-align: center; margin: 30px 0;'>\n<h1 style='color: inherit; font-size: 24px; margin: 10px 0;'>DS-PD2-T12P-WEL\/W<\/h1>\n<h3 style='color: inherit; font-size: 18px; margin: 10px 0;'>KIT incluye:<\/h3>\n<div style='display: flex; justify-content: center; flex-wrap: wrap; gap: 10px; margin-top: 15px;'>\n<div style='flex: 1 1 200px; min-width: 180px;'>\n<p style='margin: 5px 0; font-size: 15px; color: inherit;'> 1 x <a href='https:\/\/www.syscom.mx\/producto\/DS-PD2-T12P-WEL-HIKVISION-167404.html' target='_blank' rel='noopener' style='color: inherit; text-decoration: underline;'> <strong>DS-PD2-T12P-WEL<\/strong> <\/a> <\/p>\n<\/p><\/div>\n<div style='flex: 1 1 200px; min-width: 180px;'>\n<p style='margin: 5px 0; font-size: 15px; color: inherit;'> 1 x <a href='https:\/\/www.syscom.mx\/producto\/DS-PDB-EX-W-HIKVISION-183323.html' target='_blank' rel='noopener' style='color: inherit; text-decoration: underline;'> <strong>DS-PDB-EX-W<\/strong> <\/a> <\/p>\n<\/p><\/div>\n<\/p><\/div>\n<\/p><\/div>\n<p> <!-- Productos del KIT --> <\/p>\n<div style='display: flex; flex-wrap: wrap; gap: 30px; margin: 30px 0;'> <!-- Producto 1 --> <\/p>\n<div style='flex: 1 1 400px; min-width: 300px; border: 1px solid rgba(150&comma;150&comma;150&comma;0.3); border-radius: 8px; overflow: hidden;'>\n<div style='background-color: rgba(238&comma;238&comma;238&comma;0.8); text-align: center; padding: 15px;'> <a href='https:\/\/www.syscom.mx\/producto\/DS-PD2-T12P-WEL-HIKVISION-167404.html' target='_blank' rel='noopener'> <img style='width: 100%; height: auto; max-width: 400px; border: 1px solid rgba(150&comma;150&comma;150&comma;0.3); border-radius: 8px;' src='https:\/\/ftp3.syscom.mx\/usuarios\/fotos\/BancoFotografiasSyscom\/HIKVISION\/DSPD2T12PWEL\/DSPD2T12PWEL-p.PNG' alt='DS-PD2-T12P-WEL'> <\/a> <\/div>\n<div style='border-top: 5px solid #DF001D; padding: 15px;'>\n<h4 style='color: inherit; font-size: 16px; margin: 10px 0;'> 1 x <a href='https:\/\/www.syscom.mx\/producto\/DS-PD2-T12P-WEL-HIKVISION-167404.html' target='_blank' rel='noopener' style='color: inherit; text-decoration: underline;'> <strong>DS-PD2-T12P-WEL<\/strong> <\/a> <\/h4>\n<h4 style='color: rgba(128&comma;128&comma;128&comma;0.8); font-size: 16px; margin: 10px 0;'>Caracter\u00edsticas:<\/h4>\n<ul style='padding-left: 20px; margin: 10px 0; font-size: 14px; color: inherit;'>\n<li style='margin-bottom: 8px;'>Microondas + 2 PIR independientes.<\/li>\n<li style='margin-bottom: 8px;'>Inmunidad a mascotas (35kg).<\/li>\n<li style='margin-bottom: 8px;'>Alimentaci\u00f3n: 2 bater\u00edas de Litio de 3V 4700mAH (Bater\u00edas Incluidas).<\/li>\n<\/ul><\/div>\n<\/p><\/div>\n<p> <!-- Producto 2 --> <\/p>\n<div style='flex: 1 1 400px; min-width: 300px; border: 1px solid rgba(150&comma;150&comma;150&comma;0.3); border-radius: 8px; overflow: hidden;'>\n<div style='background-color: rgba(238&comma;238&comma;238&comma;0.8); text-align: center; padding: 15px;'> <a href='https:\/\/www.syscom.mx\/producto\/DS-PDB-EX-F-HIKVISION-183325.html' target='_blank' rel='noopener'> <img style='width: 100%; height: auto; max-width: 400px; border: 1px solid rgba(150&comma;150&comma;150&comma;0.3); border-radius: 8px;' src='https:\/\/ftp3.syscom.mx\/usuarios\/fotos\/BancoFotografiasSyscom\/HIKVISION\/DSPDBEXW\/DSPDBEXW-p.PNG' alt='DS-PDB-EX-W'> <\/a> <\/div>\n<div style='border-top: 5px solid #DF001D; padding: 15px;'>\n<h4 style='color: inherit; font-size: 16px; margin: 10px 0;'> 1 x <a href='https:\/\/www.syscom.mx\/producto\/DS-PDB-EX-W-HIKVISION-183323.html' target='_blank' rel='noopener' style='color: inherit; text-decoration: underline;'> <strong>DS-PDB-EX-W<\/strong> <\/a> <\/h4>\n<h4 style='color: rgba(128&comma;128&comma;128&comma;0.8); font-size: 16px; margin: 10px 0;'>Caracter\u00edsticas:<\/h4>\n<ul style='padding-left: 20px; margin: 10px 0; font-size: 14px; color: inherit;'>\n<li style='margin-bottom: 8px;'>Montaje para sensor PIR exterior Hikvision<\/li>\n<li style='margin-bottom: 8px;'>Ajustable a 45\u00b0 a la derecha y 45\u00b0 a la izquierda.<\/li>\n<\/ul><\/div>\n<\/p><\/div>\n<\/p><\/div>\n<p> <!-- Diagrama de compatibilidad --> <\/p>\n<div style='margin: 30px 0;'>\n<h3 style='text-align: center; color: inherit; font-size: 18px; margin: 20px 0;'> Para verificar la compatibilidad de la serie de clic en la imagen o <a href='https:\/\/www.syscom.mx\/principal\/promociones\/paneles_y_accesorios_de_alarmas_de_hikvision-4053.html?ordenar=Relevancia&#038;pag=1' target='_blank' rel='noopener' style='color: inherit; text-decoration: underline;'> aqu\u00ed <\/a>. <\/h3>\n<div style='text-align: center; margin: 20px 0;'> <img style='width: 100%; height: auto; border: 1px solid rgba(150&comma;150&comma;150&comma;0.3); border-radius: 8px;' src='https:\/\/ftp3.syscom.mx\/usuarios\/jsosa\/HIKVISION\/alarmas\/imagenes\/panel%20ax%20hub%20diagrama%20hikvision.jpg' alt='Diagrama de compatibilidad'> <\/div>\n<\/p><\/div>\n<p> <!-- Banner promocional --> <\/p>\n<div style='margin: 30px 0; text-align: center;'> <a title='Paneles y accesorios de alarma de Hikvision' href='https:\/\/www.syscom.mx\/principal\/listadoproductosazul\/intrusion-hikvision-paneles-de-alarma-y-accesorios-ax-hub-series-66285.html?ordenar=Precio_de_Menor_a_Mayor&#038;pag=1' target='_blank' rel='noopener'> <img style='width: 100%; height: auto; border: 1px solid rgba(150&comma;150&comma;150&comma;0.3); border-radius: 8px;' src='https:\/\/ftp3.syscom.mx\/usuarios\/jsosa\/banners\/hikvision-integracion.jpg' alt='Banner promocional'> <\/a> <\/div>\n<\/p><\/div>\n","protected":false},"excerpt":{"rendered":"<p>(AX HUB) Detector Dual-Tech Inal\u00e1mbrico para Exterior + Montaje de Pared<\/p>\n","protected":false},"featured_media":1885,"comment_status":"open","ping_status":"closed","template":"","meta":[],"product_brand":[],"product_cat":[389],"product_tag":[390,54,69],"class_list":{"0":"post-1886","1":"product","2":"type-product","3":"status-publish","4":"has-post-thumbnail","6":"product_cat-ax-hub-series","7":"product_tag-ax-hub-series","8":"product_tag-hikvision","9":"product_tag-paneles-de-alarma-y-accesorios-hikvision","11":"first","12":"outofstock","13":"sale","14":"shipping-taxable","15":"purchasable","16":"product-type-simple"},"_links":{"self":[{"href":"https:\/\/soydeaqui.ddns.net\/pachuca\/index.php\/wp-json\/wp\/v2\/product\/1886","targetHints":{"allow":["GET"]}}],"collection":[{"href":"https:\/\/soydeaqui.ddns.net\/pachuca\/index.php\/wp-json\/wp\/v2\/product"}],"about":[{"href":"https:\/\/soydeaqui.ddns.net\/pachuca\/index.php\/wp-json\/wp\/v2\/types\/product"}],"replies":[{"embeddable":true,"href":"https:\/\/soydeaqui.ddns.net\/pachuca\/index.php\/wp-json\/wp\/v2\/comments?post=1886"}],"wp:featuredmedia":[{"embeddable":true,"href":"https:\/\/soydeaqui.ddns.net\/pachuca\/index.php\/wp-json\/wp\/v2\/media\/1885"}],"wp:attachment":[{"href":"https:\/\/soydeaqui.ddns.net\/pachuca\/index.php\/wp-json\/wp\/v2\/media?parent=1886"}],"wp:term":[{"taxonomy":"product_brand","embeddable":true,"href":"https:\/\/soydeaqui.ddns.net\/pachuca\/index.php\/wp-json\/wp\/v2\/product_brand?post=1886"},{"taxonomy":"product_cat","embeddable":true,"href":"https:\/\/soydeaqui.ddns.net\/pachuca\/index.php\/wp-json\/wp\/v2\/product_cat?post=1886"},{"taxonomy":"product_tag","embeddable":true,"href":"https:\/\/soydeaqui.ddns.net\/pachuca\/index.php\/wp-json\/wp\/v2\/product_tag?post=1886"}],"curies":[{"name":"wp","href":"https:\/\/api.w.org\/{rel}","templated":true}]}}