{"id":18850,"date":"2026-03-18T09:51:58","date_gmt":"2026-03-18T09:51:58","guid":{"rendered":"https:\/\/soydeaqui.ddns.net\/pachuca\/index.php\/producto\/gabinete-fijo-para-montaje-en-pared-con-puerta-perforada-6ur-600-x-372-x-600-mm-an-x-al-x-prof\/"},"modified":"2026-03-18T09:52:00","modified_gmt":"2026-03-18T09:52:00","slug":"gabinete-fijo-para-montaje-en-pared-con-puerta-perforada-6ur-600-x-372-x-600-mm-an-x-al-x-prof","status":"publish","type":"product","link":"https:\/\/soydeaqui.ddns.net\/pachuca\/index.php\/producto\/gabinete-fijo-para-montaje-en-pared-con-puerta-perforada-6ur-600-x-372-x-600-mm-an-x-al-x-prof\/","title":{"rendered":"Gabinete Fijo para Montaje en Pared con Puerta Perforada, 6UR (600 x 372 x 600 mm) (An. x Al. x Prof.)"},"content":{"rendered":"<div style='width: 100%; max-width: 1200px; margin: 0 auto; font-family: sans-serif; line-height: 1.6; color: inherit; background-color: transparent;'>\n<div style='display: flex; flex-wrap: wrap; gap: 30px; margin-bottom: 30px;'>\n<div style='flex: 1 1 300px; min-width: 280px;'>\n<div style='text-align: center; margin-bottom: 20px;'> <img style='width: 100%; height: auto; border: 1px solid rgba(150&comma;150&comma;150&comma;0.3); border-radius: 8px;' src='https:\/\/ftp3.syscom.mx\/usuarios\/fotos\/logotipos\/cyberpower.png' alt=''> <\/div>\n<\/p><\/div>\n<\/p><\/div>\n<div style='display: flex; flex-wrap: wrap; gap: 30px; margin-bottom: 30px;'>\n<div style='flex: 1 1 300px; min-width: 280px;'>\n<h3 style='font-size: 22px; border-bottom: 2px solid currentColor; padding-bottom: 5px; margin-top: 0; color: inherit; opacity: 0.8;'>Descripci\u00f3n<\/h3>\n<p style='font-size: 15px; color: inherit; margin-bottom: 15px;'> El gabinete CR6U61001 es perfecto para centros de datos&comma; salas de servidores y aplicaciones de back office. El gabinete de montaje en pared con dise\u00f1o perforado hexagonal en la puerta frontal y paneles laterales puede mejorar de manera eficiente el flujo de aire. Las puertas y paneles laterales con cerraduras aumentan la seguridad. <\/p>\n<p style='font-size: 15px; color: inherit; margin-bottom: 15px;'> Las caracter\u00edsticas incluyen puerta frontal reversible&comma; puertas extra\u00edbles y paneles laterales&comma; profundidad de montaje ajustable&comma; orificios de montaje dobles&comma; indexado de las unidades de rack para un f\u00e1cil montaje de equipos&comma; kit de ruedas opcionales y sistema de puesta a tierra integrado. El dise\u00f1o est\u00e1ndar es compatible con varios accesorios para personalizar soluciones de TI basadas en diferentes necesidades. <\/p>\n<\/p><\/div>\n<\/p><\/div>\n<div style='display: flex; flex-wrap: wrap; gap: 20px; margin-bottom: 30px;'>\n<div style='flex: 1 1 250px; border: 1px solid rgba(150&comma; 150&comma; 150&comma; 0.4); border-radius: 8px; overflow: hidden; display: flex; flex-direction: column;'>\n<div style='padding: 15px; border-bottom: 1px solid rgba(150&comma; 150&comma; 150&comma; 0.2); font-weight: bold; font-size: 18px; color: inherit;'>Caracter\u00edsticas Destacadas<\/div>\n<div style='padding: 15px; color: inherit;'>\n<ul style='padding-left: 20px; margin: 0; font-size: 14px; list-style-type: disc;'>\n<li style='margin-bottom: 5px;'>Tipo de Instalaci\u00f3n: En pared.<\/li>\n<li style='margin-bottom: 5px;'>Profundidad de montaje adaptable.<\/li>\n<li style='margin-bottom: 5px;'>Orificios hexagonales para mejorar la capacidad de ventilaci\u00f3n.<\/li>\n<li style='margin-bottom: 5px;'>Profundidad estandar de industria.<\/li>\n<li style='margin-bottom: 5px;'>Puerta delantera reversible.<\/li>\n<li style='margin-bottom: 5px;'>Profundidad de montaje adaptable.<\/li>\n<li style='margin-bottom: 5px;'>Kit de ruedas opcional para movilidad.<\/li>\n<li style='margin-bottom: 5px;'>F\u00e1cil acceso a cables superior e inferior.<\/li>\n<li style='margin-bottom: 5px;'>Puertas y paneles laterales extra\u00edbles.<\/li>\n<li style='margin-bottom: 5px;'>Puntos de puesta a tierra integrados.<\/li>\n<\/ul><\/div>\n<\/p><\/div>\n<div style='flex: 1 1 250px; border: 1px solid rgba(150&comma; 150&comma; 150&comma; 0.4); border-radius: 8px; overflow: hidden; display: flex; flex-direction: column;'>\n<div style='padding: 15px; border-bottom: 1px solid rgba(150&comma; 150&comma; 150&comma; 0.2); font-weight: bold; font-size: 18px; color: inherit;'>Aplicaci\u00f3n<\/div>\n<div style='padding: 15px; color: inherit;'>\n<ul style='padding-left: 20px; margin: 0; font-size: 14px; list-style-type: disc;'>\n<li style='margin-bottom: 5px;'>Gabinetes de red.<\/li>\n<li style='margin-bottom: 5px;'>Ubicaciones minoristas.<\/li>\n<li style='margin-bottom: 5px;'>Back Office.<\/li>\n<li style='margin-bottom: 5px;'>Aulas.<\/li>\n<\/ul><\/div>\n<\/p><\/div>\n<div style='flex: 1 1 250px; border: 1px solid rgba(150&comma; 150&comma; 150&comma; 0.4); border-radius: 8px; overflow: hidden; display: flex; flex-direction: column;'>\n<div style='padding: 15px; border-bottom: 1px solid rgba(150&comma; 150&comma; 150&comma; 0.2); font-weight: bold; font-size: 18px; color: inherit;'>Equipo Incluido<\/div>\n<div style='padding: 15px; color: inherit;'>\n<ul style='padding-left: 20px; margin: 0; font-size: 14px; list-style-type: disc;'>\n<li style='margin-bottom: 5px;'>Cuerpo met\u00e1lico (tapas laterales&comma; postes racks&comma; puerta frontal y trasera)<\/li>\n<li style='margin-bottom: 5px;'>Taquete expansivo.<\/li>\n<li style='margin-bottom: 5px;'>2 llaves para cerradura de seguridad.<\/li>\n<li style='margin-bottom: 5px;'>Torniller\u00eda color negro para armado.<\/li>\n<li style='margin-bottom: 5px;'>Torniller\u00eda para instalaci\u00f3n de equipos en postes rack (30 tuercas enjauladas y 30 tornillos + 30 arandelas).<\/li>\n<li style='margin-bottom: 5px;'>Manual de usuario + garant\u00eda.<\/li>\n<\/ul><\/div>\n<\/p><\/div>\n<div style='flex: 1 1 250px; border: 1px solid rgba(150&comma; 150&comma; 150&comma; 0.4); border-radius: 8px; overflow: hidden; display: flex; flex-direction: column;'>\n<div style='padding: 15px; border-bottom: 1px solid rgba(150&comma; 150&comma; 150&comma; 0.2); font-weight: bold; font-size: 18px; color: inherit;'>Caracter\u00edsticas F\u00edsicas<\/div>\n<div style='padding: 15px; color: inherit;'>\n<ul style='padding-left: 20px; margin: 0; font-size: 14px; list-style-type: disc;'>\n<li style='margin-bottom: 5px;'>Aplicaci\u00f3n: Interior.<\/li>\n<li style='margin-bottom: 5px;'>Peso: 16.9 Kg (sin embalaje).<\/li>\n<li style='margin-bottom: 5px;'>Capacidad de carga: 60 Kg.<\/li>\n<li style='margin-bottom: 5px;'>Dimensiones: 600 x 372 x 600 mm (Ancho x Alto x Profundidad).<\/li>\n<li style='margin-bottom: 5px;'>Unidades Rack: 6<\/li>\n<li style='margin-bottom: 5px;'>Profundidad de trabajo max.: 562 mm<\/li>\n<li style='margin-bottom: 5px;'>Color: Negro.<\/li>\n<li style='margin-bottom: 5px;'>Pintura en Polvo RAL 9005<\/li>\n<li style='margin-bottom: 5px;'><strong style='color: inherit;'>Garant\u00eda: 5 a\u00f1os<\/strong><\/li>\n<\/ul><\/div>\n<\/p><\/div>\n<\/p><\/div>\n<hr style='border: 0; border-top: 1px solid rgba(150&comma; 150&comma; 150&comma; 0.3); margin: 30px 0;'> <\/div>\n","protected":false},"excerpt":{"rendered":"<p>Gabinete Fijo para Montaje en Pared con Puerta Perforada, 6UR (600 x 372 x 600 mm) (An. x Al. x Prof.)<\/p>\n","protected":false},"featured_media":18849,"comment_status":"open","ping_status":"closed","template":"","meta":[],"product_brand":[],"product_cat":[708],"product_tag":[677,624,605],"class_list":{"0":"post-18850","1":"product","2":"type-product","3":"status-publish","4":"has-post-thumbnail","6":"product_cat-racks-cerrados-racks-y-gabinetes-cableado-estructurado","7":"product_tag-cyberpower","8":"product_tag-racks-cerrados","9":"product_tag-racks-y-gabinetes","11":"first","12":"outofstock","13":"sale","14":"shipping-taxable","15":"purchasable","16":"product-type-simple"},"_links":{"self":[{"href":"https:\/\/soydeaqui.ddns.net\/pachuca\/index.php\/wp-json\/wp\/v2\/product\/18850","targetHints":{"allow":["GET"]}}],"collection":[{"href":"https:\/\/soydeaqui.ddns.net\/pachuca\/index.php\/wp-json\/wp\/v2\/product"}],"about":[{"href":"https:\/\/soydeaqui.ddns.net\/pachuca\/index.php\/wp-json\/wp\/v2\/types\/product"}],"replies":[{"embeddable":true,"href":"https:\/\/soydeaqui.ddns.net\/pachuca\/index.php\/wp-json\/wp\/v2\/comments?post=18850"}],"wp:featuredmedia":[{"embeddable":true,"href":"https:\/\/soydeaqui.ddns.net\/pachuca\/index.php\/wp-json\/wp\/v2\/media\/18849"}],"wp:attachment":[{"href":"https:\/\/soydeaqui.ddns.net\/pachuca\/index.php\/wp-json\/wp\/v2\/media?parent=18850"}],"wp:term":[{"taxonomy":"product_brand","embeddable":true,"href":"https:\/\/soydeaqui.ddns.net\/pachuca\/index.php\/wp-json\/wp\/v2\/product_brand?post=18850"},{"taxonomy":"product_cat","embeddable":true,"href":"https:\/\/soydeaqui.ddns.net\/pachuca\/index.php\/wp-json\/wp\/v2\/product_cat?post=18850"},{"taxonomy":"product_tag","embeddable":true,"href":"https:\/\/soydeaqui.ddns.net\/pachuca\/index.php\/wp-json\/wp\/v2\/product_tag?post=18850"}],"curies":[{"name":"wp","href":"https:\/\/api.w.org\/{rel}","templated":true}]}}