{"id":1883,"date":"2026-03-18T05:51:03","date_gmt":"2026-03-18T05:51:03","guid":{"rendered":"https:\/\/soydeaqui.ddns.net\/pachuca\/index.php\/producto\/ax-hub-detector-dual-tech-inalambrico-para-exterior-montaje-de-pared-adaptador\/"},"modified":"2026-03-18T05:51:05","modified_gmt":"2026-03-18T05:51:05","slug":"ax-hub-detector-dual-tech-inalambrico-para-exterior-montaje-de-pared-adaptador","status":"publish","type":"product","link":"https:\/\/soydeaqui.ddns.net\/pachuca\/index.php\/producto\/ax-hub-detector-dual-tech-inalambrico-para-exterior-montaje-de-pared-adaptador\/","title":{"rendered":"(AX HUB) Detector Dual-Tech Inal\u00e1mbrico para Exterior + Montaje de Pared + Adaptador"},"content":{"rendered":"<div style='width: 100%; max-width: 1200px; margin: 0 auto; font-family: sans-serif; line-height: 1.6; color: inherit; background-color: transparent;'> <!-- LOGO --> <\/p>\n<div style='text-align: center; margin: 30px 0;'> <img style='width: 45%; height: auto; border: none;' src='https:\/\/ftp3.syscom.mx\/usuarios\/jsosa\/HIKVISION\/imagenes\/logo\/hikvision%20see%20far.png' alt='Logo Hikvision'> <\/div>\n<p> <!-- Informaci\u00f3n del KIT --> <\/p>\n<div style='text-align: center; margin: 30px 0;'>\n<h1 style='color: inherit; font-size: 24px; margin: 0 0 10px; font-weight: bold;'>DS-PD2-T12P-WEL\/WA<\/h1>\n<h3 style='color: inherit; font-size: 18px; margin: 0 0 20px;'>KIT incluye:<\/h3>\n<div style='display: flex; flex-direction: column; align-items: center; gap: 10px;'>\n<p style='margin: 0; font-size: 15px;'><a href='https:\/\/www.syscom.mx\/producto\/DS-PD2-T12P-WEL-HIKVISION-167404.html' target='_blank' rel='noopener' style='color: inherit; text-decoration: underline;'>1 x DS-PD2-T12P-WEL<\/a><\/p>\n<p style='margin: 0; font-size: 15px;'><a href='https:\/\/www.syscom.mx\/producto\/DS-PDB-EX-W-HIKVISION-183323.html' target='_blank' rel='noopener' style='color: inherit; text-decoration: underline;'>1 x DS-PDB-EX-W<\/a><\/p>\n<p style='margin: 0; font-size: 15px;'><a href='https:\/\/www.syscom.mx\/producto\/DS-PDB-EX-A-HIKVISION-183324.html' target='_blank' rel='noopener' style='color: inherit; text-decoration: underline;'>1 x DS-PDB-EX-A<\/a><\/p>\n<\/p><\/div>\n<\/p><\/div>\n<p> <!-- Bloque de informaci\u00f3n de componentes --> <\/p>\n<div style='display: flex; flex-wrap: wrap; gap: 30px; margin: 40px 0;'> <!-- Componente 1 --> <\/p>\n<div style='flex: 1 1 300px; min-width: 280px;'>\n<div style='border: 1px solid rgba(150&comma; 150&comma; 150&comma; 0.3); border-radius: 8px; overflow: hidden; display: flex; flex-direction: column; height: 100%;'>\n<div style='background-color: rgba(238&comma; 238&comma; 238&comma; 0.8); text-align: center; padding: 15px;'> <a href='https:\/\/www.syscom.mx\/producto\/DS-PD2-T12P-WEL-HIKVISION-167404.html' target='_blank' rel='noopener' style='display: inline-block;'> <img style='width: 100%; height: auto; max-width: 400px; border: none;' src='https:\/\/ftp3.syscom.mx\/usuarios\/fotos\/BancoFotografiasSyscom\/HIKVISION\/DSPD2T12PWEL\/DSPD2T12PWEL-p.PNG' alt='DS-PD2-T12P-WEL'> <\/a> <\/div>\n<div style='padding: 15px; flex-grow: 1;'>\n<h4 style='margin-top: 0; margin-bottom: 15px; font-size: 18px; color: inherit;'> <a href='https:\/\/www.syscom.mx\/producto\/DS-PD2-T12P-WEL-HIKVISION-167404.html' target='_blank' rel='noopener' style='color: inherit; text-decoration: underline;'>DS-PD2-T12P-WEL<\/a> <\/h4>\n<h5 style='color: rgba(0&comma; 0&comma; 0&comma; 0.6); margin-bottom: 10px; font-size: 16px;'>Caracter\u00edsticas:<\/h5>\n<ul style='padding-left: 20px; margin: 0; font-size: 14px;'>\n<li style='margin-bottom: 8px;'>Microondas + 2 PIR independientes.<\/li>\n<li style='margin-bottom: 8px;'>Inmunidad a mascotas (35kg).<\/li>\n<li style='margin-bottom: 8px;'>Alimentaci\u00f3n: 2 bater\u00edas de Litio de 3V 4700mAH (Bater\u00edas Incluidas).<\/li>\n<\/ul><\/div>\n<\/p><\/div>\n<\/p><\/div>\n<p> <!-- Componente 2 --> <\/p>\n<div style='flex: 1 1 300px; min-width: 280px;'>\n<div style='border: 1px solid rgba(150&comma; 150&comma; 150&comma; 0.3); border-radius: 8px; overflow: hidden; display: flex; flex-direction: column; height: 100%;'>\n<div style='background-color: rgba(238&comma; 238&comma; 238&comma; 0.8); padding: 15px; text-align: center;'> <a href='https:\/\/www.syscom.mx\/producto\/DS-PDB-EX-W-HIKVISION-183323.html' target='_blank' rel='noopener' style='display: inline-block;'> <img style='width: 100%; height: auto; max-width: 400px; border: none;' src='https:\/\/ftp3.syscom.mx\/usuarios\/fotos\/BancoFotografiasSyscom\/HIKVISION\/DSPDBEXW\/DSPDBEXW-p.PNG' alt='DS-PDB-EX-W'> <\/a> <\/div>\n<div style='padding: 15px; flex-grow: 1;'>\n<h4 style='margin-top: 0; margin-bottom: 15px; font-size: 18px; color: inherit;'> <a href='https:\/\/www.syscom.mx\/producto\/DS-PDB-EX-W-HIKVISION-183323.html' target='_blank' rel='noopener' style='color: inherit; text-decoration: underline;'>DS-PDB-EX-W<\/a> <\/h4>\n<h5 style='color: rgba(0&comma; 0&comma; 0&comma; 0.6); margin-bottom: 10px; font-size: 16px;'>Caracter\u00edsticas:<\/h5>\n<ul style='padding-left: 20px; margin: 0; font-size: 14px;'>\n<li style='margin-bottom: 8px;'>Montaje para sensor PIR exterior Hikvision<\/li>\n<li style='margin-bottom: 8px;'>Ajustable a 45\u00b0 a la derecha y 45\u00b0 a la izquierda.<\/li>\n<\/ul><\/div>\n<\/p><\/div>\n<\/p><\/div>\n<p> <!-- Componente 3 --> <\/p>\n<div style='flex: 1 1 300px; min-width: 280px;'>\n<div style='border: 1px solid rgba(150&comma; 150&comma; 150&comma; 0.3); border-radius: 8px; overflow: hidden; display: flex; flex-direction: column; height: 100%;'>\n<div style='background-color: rgba(238&comma; 238&comma; 238&comma; 0.8); padding: 15px; text-align: center;'> <a href='https:\/\/www.syscom.mx\/producto\/DS-PDB-EX-A-HIKVISION-183324.html' target='_blank' rel='noopener' style='display: inline-block;'> <img style='width: 100%; height: auto; max-width: 400px; border: none;' src='https:\/\/ftp3.syscom.mx\/usuarios\/fotos\/BancoFotografiasSyscom\/HIKVISION\/DSPDBEXA\/DSPDBEXA-p.PNG' alt='DS-PDB-EX-A'> <\/a> <\/div>\n<div style='padding: 15px; flex-grow: 1;'>\n<h4 style='margin-top: 0; margin-bottom: 15px; font-size: 18px; color: inherit;'> <a href='https:\/\/www.syscom.mx\/producto\/DS-PDB-EX-A-HIKVISION-183324.html' target='_blank' rel='noopener' style='color: inherit; text-decoration: underline;'>DS-PDB-EX-A<\/a> <\/h4>\n<h5 style='color: rgba(0&comma; 0&comma; 0&comma; 0.6); margin-bottom: 10px; font-size: 16px;'>Caracter\u00edsticas:<\/h5>\n<ul style='padding-left: 20px; margin: 0; font-size: 14px;'>\n<li style='margin-bottom: 8px;'>Adaptador para montaje para sensor PIR exterior Hikvision.<\/li>\n<li style='margin-bottom: 8px;'>Extiende la cobertura de movimiento a 90\u00b0.<\/li>\n<\/ul><\/div>\n<\/p><\/div>\n<\/p><\/div>\n<\/p><\/div>\n<p> <!-- Familia --> <\/p>\n<div style='text-align: center; margin: 40px 0;'>\n<p style='margin: 0; font-size: 15px;'> <a href='https:\/\/www.syscom.mx\/principal\/promociones\/paneles_y_accesorios_de_alarmas_de_hikvision-4053.html?ordenar=Relevancia&#038;pag=1' target='_blank' rel='noopener' style='color: inherit; text-decoration: underline;'> Para verificar la compatibilidad de la serie de clic en la imagen o aqu\u00ed. <\/a> <\/p>\n<\/p><\/div>\n<p> <!-- Diagrama --> <\/p>\n<div style='margin: 40px 0;'> <img style='width: 100%; height: auto; border: 1px solid rgba(150&comma;150&comma;150&comma;0.3); border-radius: 8px;' src='https:\/\/ftp3.syscom.mx\/usuarios\/jsosa\/HIKVISION\/alarmas\/imagenes\/panel%20ax%20hub%20diagrama%20hikvision.jpg' alt='Diagrama AX Hub Hikvision'> <\/div>\n<p> <!-- Consideraciones --> <\/p>\n<div style='margin: 40px 0;'>\n<div style='border-left: 5px solid #ff0000; border-radius: 5px; padding: 15px; box-shadow: 2px 2px 10px rgba(216&comma; 216&comma; 216&comma; 0.5); -webkit-box-shadow: 2px 2px 10px rgba(216&comma; 216&comma; 216&comma; 0.5);'>\n<p style='margin: 0; font-size: 15px; color: inherit;'> <strong>Consideraciones:<\/strong> <\/p>\n<ul style='padding-left: 20px; margin: 15px 0 0 20px; font-size: 14px;'>\n<li style='margin-bottom: 8px;'><\/li>\n<\/ul><\/div>\n<\/p><\/div>\n<p> <!-- Banner --> <\/p>\n<div style='margin: 40px 0;'> <a href='https:\/\/www.syscom.mx\/principal\/listadoproductosazul\/intrusion-hikvision-paneles-de-alarma-y-accesorios-ax-hub-series-66285.html?ordenar=Precio_de_Menor_a_Mayor&#038;pag=1' target='_blank' rel='noopener'> <img style='width: 100%; height: auto; border: none; border-radius: 8px;' src='https:\/\/ftp3.syscom.mx\/usuarios\/jsosa\/banners\/hikvision-integracion.jpg' alt='Paneles y accesorios de alarma de Hikvision'> <\/a> <\/div>\n<\/p><\/div>\n","protected":false},"excerpt":{"rendered":"<p>(AX HUB) Detector Dual-Tech Inal\u00e1mbrico para Exterior + Montaje de Pared + Adaptador<\/p>\n","protected":false},"featured_media":1882,"comment_status":"open","ping_status":"closed","template":"","meta":[],"product_brand":[],"product_cat":[389],"product_tag":[390,54,69],"class_list":{"0":"post-1883","1":"product","2":"type-product","3":"status-publish","4":"has-post-thumbnail","6":"product_cat-ax-hub-series","7":"product_tag-ax-hub-series","8":"product_tag-hikvision","9":"product_tag-paneles-de-alarma-y-accesorios-hikvision","11":"first","12":"outofstock","13":"sale","14":"shipping-taxable","15":"purchasable","16":"product-type-simple"},"_links":{"self":[{"href":"https:\/\/soydeaqui.ddns.net\/pachuca\/index.php\/wp-json\/wp\/v2\/product\/1883","targetHints":{"allow":["GET"]}}],"collection":[{"href":"https:\/\/soydeaqui.ddns.net\/pachuca\/index.php\/wp-json\/wp\/v2\/product"}],"about":[{"href":"https:\/\/soydeaqui.ddns.net\/pachuca\/index.php\/wp-json\/wp\/v2\/types\/product"}],"replies":[{"embeddable":true,"href":"https:\/\/soydeaqui.ddns.net\/pachuca\/index.php\/wp-json\/wp\/v2\/comments?post=1883"}],"wp:featuredmedia":[{"embeddable":true,"href":"https:\/\/soydeaqui.ddns.net\/pachuca\/index.php\/wp-json\/wp\/v2\/media\/1882"}],"wp:attachment":[{"href":"https:\/\/soydeaqui.ddns.net\/pachuca\/index.php\/wp-json\/wp\/v2\/media?parent=1883"}],"wp:term":[{"taxonomy":"product_brand","embeddable":true,"href":"https:\/\/soydeaqui.ddns.net\/pachuca\/index.php\/wp-json\/wp\/v2\/product_brand?post=1883"},{"taxonomy":"product_cat","embeddable":true,"href":"https:\/\/soydeaqui.ddns.net\/pachuca\/index.php\/wp-json\/wp\/v2\/product_cat?post=1883"},{"taxonomy":"product_tag","embeddable":true,"href":"https:\/\/soydeaqui.ddns.net\/pachuca\/index.php\/wp-json\/wp\/v2\/product_tag?post=1883"}],"curies":[{"name":"wp","href":"https:\/\/api.w.org\/{rel}","templated":true}]}}