{"id":18775,"date":"2026-03-18T09:50:31","date_gmt":"2026-03-18T09:50:31","guid":{"rendered":"https:\/\/soydeaqui.ddns.net\/pachuca\/index.php\/producto\/conector-de-fibra-ptica-pre-pulido-re-terminable-monomodo-lc-upc-900um-2-0-mm-3-0-mm\/"},"modified":"2026-03-18T09:50:32","modified_gmt":"2026-03-18T09:50:32","slug":"conector-de-fibra-ptica-pre-pulido-re-terminable-monomodo-lc-upc-900um-2-0-mm-3-0-mm","status":"publish","type":"product","link":"https:\/\/soydeaqui.ddns.net\/pachuca\/index.php\/producto\/conector-de-fibra-ptica-pre-pulido-re-terminable-monomodo-lc-upc-900um-2-0-mm-3-0-mm\/","title":{"rendered":"Conector de Fibra ?ptica Pre-pulido Re-terminable Monomodo LC\/UPC 900um, 2.0 mm, 3.0 mm"},"content":{"rendered":"<div style='width: 100%; max-width: 1200px; margin: 0 auto; font-family: sans-serif; line-height: 1.6; color: inherit; background-color: transparent;'>\n<div style='display: flex; flex-direction: column; align-items: center; margin-bottom: 30px;'> <img style='width: 100%; max-width: 432px; height: auto; border: 1px solid rgba(150&comma;150&comma;150&comma;0.3); border-radius: 8px;' src='https:\/\/ftp3.syscom.mx\/usuarios\/orobles\/LinkedPro\/linkedpro_logo.png' alt=''> <\/div>\n<div style='margin-bottom: 30px;'>\n<p style='font-size: 16px; margin-bottom: 20px; color: inherit; text-align: justify;'> Los conectores r\u00e1pidos <strong>LP-SM-LCUPC<\/strong> de instalaci\u00f3n en campo&comma; proporcionan una implementaci\u00f3n sencilla sin necesidad de pulir y son la mejor opci\u00f3n para terminaci\u00f3n en cables de fibra \u00f3ptica. <\/p>\n<ul style='padding-left: 20px; font-size: 15px; margin-bottom: 20px; color: inherit;'>\n<li style='margin-bottom: 10px;'><strong>F\u00e1cil instalaci\u00f3n<\/strong> sin necesidad de herramientas especiales para abrir o cerrar el conector<\/li>\n<li style='margin-bottom: 10px;'><strong>Conexi\u00f3n verificable<\/strong> f\u00e1cilmente despu\u00e9s de la instalaci\u00f3n<\/li>\n<\/ul><\/div>\n<div style='margin-bottom: 30px;'>\n<h3 style='font-size: 22px; border-bottom: 2px solid currentColor; padding-bottom: 5px; margin-top: 0; margin-bottom: 20px; color: inherit; opacity: 0.8;'>Especificaciones<\/h3>\n<ul style='padding-left: 20px; font-size: 15px; color: inherit;'>\n<li style='margin-bottom: 10px;'><strong>Tipo de conector:<\/strong> LC\/UPC<\/li>\n<li style='margin-bottom: 10px;'><strong>Aplicable para fibra \u00f3ptica:<\/strong> 900um&comma; 2.0 mm&comma; 3.0 mm<\/li>\n<li style='margin-bottom: 10px;'><strong>Reterminable:<\/strong> Hasta 3 veces<\/li>\n<li style='margin-bottom: 10px;'><strong>P\u00e9rdida de inserci\u00f3n:<\/strong>\n<ul style='padding-left: 30px; margin-top: 10px; margin-bottom: 10px; color: inherit;'>\n<li>M\u00e1ximo \u2264 0.50 dB<\/li>\n<\/ul>\n<\/li>\n<li style='margin-bottom: 10px;'><strong>P\u00e9rdida de retorno:<\/strong>\n<ul style='padding-left: 30px; margin-top: 10px; margin-bottom: 10px; color: inherit;'>\n<li>UPC \u2264 45 dB<\/li>\n<\/ul>\n<\/li>\n<li style='margin-bottom: 10px;'><strong>Temperatura de operaci\u00f3n:<\/strong> -40 a 75\u00baC<\/li>\n<\/ul><\/div>\n<div style='margin-bottom: 30px;'>\n<h3 style='font-size: 22px; border-bottom: 2px solid currentColor; padding-bottom: 5px; margin-top: 0; margin-bottom: 20px; color: inherit; opacity: 0.8;'>Terminaci\u00f3n del conector<\/h3>\n<div style='display: flex; justify-content: center;'> <img style='width: 100%; max-width: 350px; height: auto; border: 1px solid rgba(150&comma;150&comma;150&comma;0.3); border-radius: 8px;' src='https:\/\/ftp3.syscom.mx\/usuarios\/fotos\/LPSMLCUPC\/209736-lp-sm-lcupc.png' alt='LP-SM-LCUPC'> <\/div>\n<\/p><\/div>\n<hr style='border: 0; border-top: 1px solid rgba(150&comma;150&comma;150&comma;0.3); margin: 30px 0;'> <\/div>\n","protected":false},"excerpt":{"rendered":"<p>Conector de Fibra ?ptica Pre-pulido Re-terminable Monomodo LC\/UPC 900um, 2.0 mm, 3.0 mm<\/p>\n","protected":false},"featured_media":18774,"comment_status":"open","ping_status":"closed","template":"","meta":[],"product_brand":[],"product_cat":[615],"product_tag":[616,611,435],"class_list":{"0":"post-18775","1":"product","2":"type-product","3":"status-publish","4":"has-post-thumbnail","6":"product_cat-conectores","7":"product_tag-conectores","8":"product_tag-fibra-optica","9":"product_tag-linkedpro-by-epcom","11":"first","12":"instock","13":"sale","14":"shipping-taxable","15":"purchasable","16":"product-type-simple"},"_links":{"self":[{"href":"https:\/\/soydeaqui.ddns.net\/pachuca\/index.php\/wp-json\/wp\/v2\/product\/18775","targetHints":{"allow":["GET"]}}],"collection":[{"href":"https:\/\/soydeaqui.ddns.net\/pachuca\/index.php\/wp-json\/wp\/v2\/product"}],"about":[{"href":"https:\/\/soydeaqui.ddns.net\/pachuca\/index.php\/wp-json\/wp\/v2\/types\/product"}],"replies":[{"embeddable":true,"href":"https:\/\/soydeaqui.ddns.net\/pachuca\/index.php\/wp-json\/wp\/v2\/comments?post=18775"}],"wp:featuredmedia":[{"embeddable":true,"href":"https:\/\/soydeaqui.ddns.net\/pachuca\/index.php\/wp-json\/wp\/v2\/media\/18774"}],"wp:attachment":[{"href":"https:\/\/soydeaqui.ddns.net\/pachuca\/index.php\/wp-json\/wp\/v2\/media?parent=18775"}],"wp:term":[{"taxonomy":"product_brand","embeddable":true,"href":"https:\/\/soydeaqui.ddns.net\/pachuca\/index.php\/wp-json\/wp\/v2\/product_brand?post=18775"},{"taxonomy":"product_cat","embeddable":true,"href":"https:\/\/soydeaqui.ddns.net\/pachuca\/index.php\/wp-json\/wp\/v2\/product_cat?post=18775"},{"taxonomy":"product_tag","embeddable":true,"href":"https:\/\/soydeaqui.ddns.net\/pachuca\/index.php\/wp-json\/wp\/v2\/product_tag?post=18775"}],"curies":[{"name":"wp","href":"https:\/\/api.w.org\/{rel}","templated":true}]}}