{"id":1875,"date":"2026-03-18T05:50:55","date_gmt":"2026-03-18T05:50:55","guid":{"rendered":"https:\/\/soydeaqui.ddns.net\/pachuca\/index.php\/producto\/control-remoto-pico-inalambrico-con-4-botones-encender-apagar-grupo-escenas-complemente-con-un-atenuador-o-switch-on-off-2\/"},"modified":"2026-03-18T05:50:55","modified_gmt":"2026-03-18T05:50:55","slug":"control-remoto-pico-inalambrico-con-4-botones-encender-apagar-grupo-escenas-complemente-con-un-atenuador-o-switch-on-off-2","status":"publish","type":"product","link":"https:\/\/soydeaqui.ddns.net\/pachuca\/index.php\/producto\/control-remoto-pico-inalambrico-con-4-botones-encender-apagar-grupo-escenas-complemente-con-un-atenuador-o-switch-on-off-2\/","title":{"rendered":"Control remoto PICO inal\u00e1mbrico con 4 botones  encender\/apagar grupo\/escenas,  complemente con un atenuador o switch on\/off"},"content":{"rendered":"<div style='width: 100%; max-width: 1200px; margin: 0 auto; font-family: sans-serif; line-height: 1.6; color: inherit; background-color: transparent;'>\n<div style='display: flex; flex-wrap: wrap; gap: 30px; margin-bottom: 30px;'>\n<div style='flex: 1 1 300px; min-width: 280px;'>\n<h3 style='font-size: 22px; border-bottom: 2px solid currentColor; padding-bottom: 5px; margin-top: 0; color: inherit; opacity: 0.8;'>Opciones de Control<\/h3>\n<ul style='padding-left: 20px; font-size: 15px; color: inherit;'>\n<li style='margin-bottom: 5px;'>Control de atenuaci\u00f3n &#8211; encendido\/apagado total y bajar\/subir con dise\u00f1o de 4 botones<\/li>\n<li style='margin-bottom: 5px;'>Dos grupos de control de interruptores &#8211; Controla dos grupos de luces independientes<\/li>\n<li style='margin-bottom: 5px;'>Control de tres escenas &#8211; Creaci\u00f3n de tres escenas diferentes&comma; as\u00ed como apagar las luces<\/li>\n<\/ul><\/div>\n<div style='flex: 1 1 300px; min-width: 280px;'>\n<h3 style='font-size: 22px; border-bottom: 2px solid currentColor; padding-bottom: 5px; margin-top: 0; color: inherit; opacity: 0.8;'>Caracter\u00edsticas T\u00e9cnicas<\/h3>\n<ul style='padding-left: 20px; font-size: 15px; color: inherit;'>\n<li style='margin-bottom: 5px;'><strong>Alimentaci\u00f3n:<\/strong> Bater\u00eda CR2032 (incluida)<\/li>\n<li style='margin-bottom: 5px;'><strong>Vida \u00fatil de bater\u00eda:<\/strong> 10 a\u00f1os<\/li>\n<li style='margin-bottom: 5px;'><strong>Comunicaci\u00f3n:<\/strong> RF de 431 MHz a 437 MHz<\/li>\n<li style='margin-bottom: 5px;'><strong>Temperatura de operaci\u00f3n:<\/strong> 32 \u02daF a 140 \u02daF (0 \u02daC a 60 \u02daC)<\/li>\n<li style='margin-bottom: 5px;'><strong>Humedad:<\/strong> M\u00e1ximo 90% humedad relativa no condensante<\/li>\n<li style='margin-bottom: 5px;'><strong>Alcance:<\/strong> 30 ft (9 m) a trav\u00e9s de paredes&comma; 60 ft (18 m) en l\u00ednea de visi\u00f3n<\/li>\n<\/ul><\/div>\n<div style='flex: 1 1 300px; min-width: 280px;'>\n<h3 style='font-size: 22px; border-bottom: 2px solid currentColor; padding-bottom: 5px; margin-top: 0; color: inherit; opacity: 0.8;'>Montaje<\/h3>\n<ul style='padding-left: 20px; font-size: 15px; color: inherit;'>\n<li style='margin-bottom: 5px;'>Montaje independiente (incluye adhesivo)<\/li>\n<li style='margin-bottom: 5px;'>Montaje con tornillos (kit opcional PICO-SM-KIT)<\/li>\n<li style='margin-bottom: 5px;'>Montaje en pared (adaptador opcional PICO-WBX-ADAPT)<\/li>\n<li style='margin-bottom: 5px;'>Montaje en visor de auto (opcional PICO-CARVISOR-CL)<\/li>\n<li style='margin-bottom: 5px;'>Montaje en superficies met\u00e1licas (requiere PICO-MOUNT-1-XX-CPN5733)<\/li>\n<\/ul><\/div>\n<\/p><\/div>\n<div style='display: flex; flex-wrap: wrap; gap: 20px; margin-bottom: 30px;'>\n<div style='flex: 1 1 250px; border: 1px solid rgba(150&comma; 150&comma; 150&comma; 0.4); border-radius: 8px; overflow: hidden; display: flex; flex-direction: column;'>\n<div style='padding: 15px; border-bottom: 1px solid rgba(150&comma; 150&comma; 150&comma; 0.2); font-weight: bold; font-size: 18px; color: inherit;'>Compatibilidad<\/div>\n<div style='padding: 15px; color: inherit;'>\n<ul style='padding-left: 20px; margin: 0; font-size: 14px; list-style-type: disc; color: inherit;'>\n<li style='margin-bottom: 5px;'>Caseta Wireless<\/li>\n<li style='margin-bottom: 5px;'>Energi Savr NodeT<\/li>\n<li style='margin-bottom: 5px;'>Quantum y myRoomT (con QSM)<\/li>\n<li style='margin-bottom: 5px;'>Vive Systems<\/li>\n<li style='margin-bottom: 5px;'>GRAFIK Eye QS<\/li>\n<li style='margin-bottom: 5px;'>HomeWorks QS<\/li>\n<li style='margin-bottom: 5px;'>RadioRA 2<\/li>\n<li style='margin-bottom: 5px;'>Serena RF<\/li>\n<li style='margin-bottom: 5px;'>Sivoia QS<\/li>\n<\/ul><\/div>\n<\/p><\/div>\n<div style='flex: 1 1 250px; border: 1px solid rgba(150&comma; 150&comma; 150&comma; 0.4); border-radius: 8px; overflow: hidden; display: flex; flex-direction: column;'>\n<div style='padding: 15px; border-bottom: 1px solid rgba(150&comma; 150&comma; 150&comma; 0.2); font-weight: bold; font-size: 18px; color: inherit;'>Especificaciones<\/div>\n<div style='padding: 15px; color: inherit;'>\n<ul style='padding-left: 20px; margin: 0; font-size: 14px; list-style-type: disc; color: inherit;'>\n<li style='margin-bottom: 5px;'><strong>Dimensiones:<\/strong> 2.6&#8242; (66 mm) de alto<\/li>\n<li style='margin-bottom: 5px;'><strong>Garant\u00eda:<\/strong> 1 a\u00f1o<\/li>\n<li style='margin-bottom: 5px;'><strong>Normativas:<\/strong> FCC&comma; IC&comma; COFETEL&comma; SUTEL&comma; Anatel<\/li>\n<li style='margin-bottom: 5px;'><strong>Colores:<\/strong> Blanco (WH)&comma; Negro (BL)&comma; Marfil (IV)&comma; Almendra Claro (LA)&comma; Blanco\/Gris (WG)<\/li>\n<\/ul><\/div>\n<\/p><\/div>\n<\/p><\/div>\n<div style='display: flex; flex-wrap: wrap; gap: 30px; margin-bottom: 30px;'>\n<div style='flex: 1 1 300px; min-width: 280px;'>\n<h3 style='font-size: 22px; border-bottom: 2px solid currentColor; padding-bottom: 5px; margin-top: 0; color: inherit; opacity: 0.8;'>Configuraci\u00f3n de Botones<\/h3>\n<ul style='padding-left: 20px; font-size: 15px; color: inherit;'>\n<li style='margin-bottom: 5px;'><strong>C\u00f3digo:<\/strong> 4B (4 botones)<\/li>\n<li style='margin-bottom: 5px;'><strong>Funciones:<\/strong> Encender\/Apagar&comma; Subir\/Bajar&comma; Escena 1&comma; Escena 2<\/li>\n<\/ul><\/div>\n<div style='flex: 1 1 300px; min-width: 280px;'>\n<h3 style='font-size: 22px; border-bottom: 2px solid currentColor; padding-bottom: 5px; margin-top: 0; color: inherit; opacity: 0.8;'>Aplicaciones<\/h3>\n<ul style='padding-left: 20px; font-size: 15px; color: inherit;'>\n<li style='margin-bottom: 5px;'>Control de iluminaci\u00f3n<\/li>\n<li style='margin-bottom: 5px;'>Control de cortinas y persianas<\/li>\n<li style='margin-bottom: 5px;'>Escenas de iluminaci\u00f3n<\/li>\n<li style='margin-bottom: 5px;'>Control multi-zona<\/li>\n<\/ul><\/div>\n<\/p><\/div>\n<div style='display: flex; flex-wrap: wrap; gap: 30px; margin-bottom: 30px;'>\n<div style='flex: 1 1 300px; min-width: 280px;'>\n<h3 style='font-size: 22px; border-bottom: 2px solid currentColor; padding-bottom: 5px; margin-top: 0; color: inherit; opacity: 0.8;'>Notas de Instalaci\u00f3n<\/h3>\n<ul style='padding-left: 20px; font-size: 15px; color: inherit;'>\n<li style='margin-bottom: 5px;'>Evitar montar en superficies met\u00e1licas sin adaptador<\/li>\n<li style='margin-bottom: 5px;'>Requiere configuraci\u00f3n inicial con sistema Lutron<\/li>\n<li style='margin-bottom: 5px;'>Verificar compatibilidad con dispositivos existentes<\/li>\n<\/ul><\/div>\n<\/p><\/div>\n<div style='position: relative; padding-bottom: 56.25%; height: 0; overflow: hidden; margin-bottom: 30px;'>   <\/div>\n<div style='display: flex; flex-wrap: wrap; gap: 30px; margin-bottom: 30px;'>\n<div style='flex: 1 1 300px; min-width: 280px;'> <img style='width: 100%; height: auto; border: 1px solid rgba(150&comma;150&comma;150&comma;0.3); border-radius: 8px;' src='http:\/\/ftp3.syscom.mx\/usuarios\/yhermosillo\/LUTRON\/Casetawireless\/SystemOverviewcaseta.jpg' alt=''> <\/div>\n<\/p><\/div>\n<\/p><\/div>\n","protected":false},"excerpt":{"rendered":"<p>Control remoto PICO inal\u00e1mbrico con 4 botones  encender\/apagar grupo\/escenas,  complemente con un atenuador o switch on\/off<\/p>\n","protected":false},"featured_media":1874,"comment_status":"open","ping_status":"closed","template":"","meta":[],"product_brand":[],"product_cat":[34],"product_tag":[30,35,36],"class_list":{"0":"post-1875","1":"product","2":"type-product","3":"status-publish","4":"has-post-thumbnail","6":"product_cat-lutron","7":"product_tag-automatizacion-casa-inteligente","8":"product_tag-lutron","9":"product_tag-lutron-electronics","11":"first","12":"outofstock","13":"sale","14":"shipping-taxable","15":"purchasable","16":"product-type-simple"},"_links":{"self":[{"href":"https:\/\/soydeaqui.ddns.net\/pachuca\/index.php\/wp-json\/wp\/v2\/product\/1875","targetHints":{"allow":["GET"]}}],"collection":[{"href":"https:\/\/soydeaqui.ddns.net\/pachuca\/index.php\/wp-json\/wp\/v2\/product"}],"about":[{"href":"https:\/\/soydeaqui.ddns.net\/pachuca\/index.php\/wp-json\/wp\/v2\/types\/product"}],"replies":[{"embeddable":true,"href":"https:\/\/soydeaqui.ddns.net\/pachuca\/index.php\/wp-json\/wp\/v2\/comments?post=1875"}],"wp:featuredmedia":[{"embeddable":true,"href":"https:\/\/soydeaqui.ddns.net\/pachuca\/index.php\/wp-json\/wp\/v2\/media\/1874"}],"wp:attachment":[{"href":"https:\/\/soydeaqui.ddns.net\/pachuca\/index.php\/wp-json\/wp\/v2\/media?parent=1875"}],"wp:term":[{"taxonomy":"product_brand","embeddable":true,"href":"https:\/\/soydeaqui.ddns.net\/pachuca\/index.php\/wp-json\/wp\/v2\/product_brand?post=1875"},{"taxonomy":"product_cat","embeddable":true,"href":"https:\/\/soydeaqui.ddns.net\/pachuca\/index.php\/wp-json\/wp\/v2\/product_cat?post=1875"},{"taxonomy":"product_tag","embeddable":true,"href":"https:\/\/soydeaqui.ddns.net\/pachuca\/index.php\/wp-json\/wp\/v2\/product_tag?post=1875"}],"curies":[{"name":"wp","href":"https:\/\/api.w.org\/{rel}","templated":true}]}}