{"id":18696,"date":"2026-03-18T09:49:00","date_gmt":"2026-03-18T09:49:00","guid":{"rendered":"https:\/\/soydeaqui.ddns.net\/pachuca\/index.php\/producto\/gabinete-de-acero-ip66-uso-en-intemperie-300-x-400-x-200-mm-con-placa-trasera-interior-y-compuerta-inferior-atornillable-incluye-chapa-y-llave-5\/"},"modified":"2026-03-18T09:49:00","modified_gmt":"2026-03-18T09:49:00","slug":"gabinete-de-acero-ip66-uso-en-intemperie-300-x-400-x-200-mm-con-placa-trasera-interior-y-compuerta-inferior-atornillable-incluye-chapa-y-llave-5","status":"publish","type":"product","link":"https:\/\/soydeaqui.ddns.net\/pachuca\/index.php\/producto\/gabinete-de-acero-ip66-uso-en-intemperie-300-x-400-x-200-mm-con-placa-trasera-interior-y-compuerta-inferior-atornillable-incluye-chapa-y-llave-5\/","title":{"rendered":"Gabinete de Acero IP66 Uso en Intemperie (300 x 400 x 200 mm) con Placa Trasera Interior y Compuerta Inferior Atornillable (Incluye Chapa y Llave)."},"content":{"rendered":"<div style='width: 100%; max-width: 1200px; margin: 0 auto; font-family: sans-serif; line-height: 1.6; color: inherit;'> <!-- Secci\u00f3n de descripci\u00f3n --> <\/p>\n<div style='margin-bottom: 30px;'>\n<p style='margin-top: 0; margin-bottom: 15px;'>Gabinete de acero para uso en aplicaciones en exterior como postes&comma; torres de telecomunicaci\u00f3n o pared donde no se cuente con protecci\u00f3n contra lluvia o polvo excesivo.<\/p>\n<p> <img style='width: 100%; height: auto; border: 1px solid rgba(150&comma;150&comma;150&comma;0.3); border-radius: 8px;' src='https:\/\/ftp3.syscom.mx\/usuarios\/fotos\/PST253015A\/154654-precisionlogosolid.jpg' alt='' \/> <\/div>\n<p> <!-- Secci\u00f3n de caracter\u00edsticas --> <\/p>\n<div style='display: flex; flex-wrap: wrap; gap: 30px; margin-bottom: 30px;'>\n<div style='flex: 1 1 300px; min-width: 280px;'>\n<h3 style='font-size: 22px; border-bottom: 2px solid currentColor; padding-bottom: 5px; margin-top: 0; color: inherit; opacity: 0.8;'>Caracter\u00edsticas f\u00edsicas<\/h3>\n<ul style='padding-left: 20px; font-size: 15px; color: inherit;'>\n<li style='margin-bottom: 5px;'><strong>Material:<\/strong> Acero<\/li>\n<li style='margin-bottom: 5px;'><strong>Pintura:<\/strong> En polvo base poliester<\/li>\n<li style='margin-bottom: 5px;'><strong>Nivel de protecci\u00f3n:<\/strong> IP66<\/li>\n<li style='margin-bottom: 5px;'><strong>Resistencia contra impactos:<\/strong> IK10<\/li>\n<li style='margin-bottom: 5px;'><strong>Material de placa trasera:<\/strong> Acero galvanizado<\/li>\n<li style='margin-bottom: 5px;'><strong>Peso:<\/strong> 7.07 kg<\/li>\n<li style='margin-bottom: 5px;'><strong>Dimensiones:<\/strong> 300 x 400 x 200 mm (ancho x alto x profundidad)<\/li>\n<li style='margin-bottom: 5px;'><strong>Peso m\u00e1ximo de almacenaje:<\/strong> 30 kg<\/li>\n<\/ul><\/div>\n<div style='flex: 1 1 300px; min-width: 280px;'>\n<h3 style='font-size: 22px; border-bottom: 2px solid currentColor; padding-bottom: 5px; margin-top: 0; color: inherit; opacity: 0.8;'>Incluye<\/h3>\n<ul style='padding-left: 20px; font-size: 15px; color: inherit;'>\n<li style='margin-bottom: 5px;'>Cuerpo y puerta de acero<\/li>\n<li style='margin-bottom: 5px;'>Placa trasera para montaje de equipo<\/li>\n<li style='margin-bottom: 5px;'>Cerradura de seguridad con llave<\/li>\n<li style='margin-bottom: 5px;'>Tapa inferior para instalaci\u00f3n de conectores tipo gl\u00e1ndula<\/li>\n<li style='margin-bottom: 5px;'>Empaque<\/li>\n<\/ul><\/div>\n<div style='flex: 1 1 300px; min-width: 280px;'>\n<h3 style='font-size: 22px; border-bottom: 2px solid currentColor; padding-bottom: 5px; margin-top: 0; color: inherit; opacity: 0.8;'>Aplicaci\u00f3n<\/h3>\n<ul style='padding-left: 20px; font-size: 15px; color: inherit;'>\n<li style='margin-bottom: 5px;'>Instalaci\u00f3n de POE&#8217;s en torre&comma; poste o pared<\/li>\n<li style='margin-bottom: 5px;'>Almacenamiento de bater\u00edas (se recomienda agregar respiraci\u00f3n)<\/li>\n<li style='margin-bottom: 5px;'>Resguardo de protecotes de pico&comma; fusibles o tablillas el\u00e9ctricas<\/li>\n<\/ul><\/div>\n<\/p><\/div>\n<p> <!-- Secci\u00f3n de recomendaciones --> <\/p>\n<div style='margin-bottom: 30px;'>\n<h3 style='font-size: 22px; border-bottom: 2px solid currentColor; padding-bottom: 5px; margin-top: 0; color: inherit; opacity: 0.8;'>Recomendaciones<\/h3>\n<p style='margin-bottom: 15px;'>Se recomienda utilizar conectores tipo gl\u00e1ndula para salida de cableado (<a href='https:\/\/www.syscom.mx\/principal\/consultarproductosazul?global_search=txgb&#038;ordenar=Relevancia&#038;pag=1' style='color: inherit; text-decoration: underline;'>Ver modelos<\/a>).<\/p>\n<p style='margin-bottom: 15px;'><em style='color: inherit;'>La implementaci\u00f3n de ventiladores es posible&comma; sin embargo los orificios deben realizarse manualmente en el gabinete.<\/em><\/p>\n<p style='margin-bottom: 15px;'>Se recomienda tener una entrada de aire fresco en la parte inferior y una salida de aire caliente en la parte superior&comma; para esto es recomendable la implementaci\u00f3n de 2 ventilas modelo <a href='https:\/\/www.syscom.mx\/producto\/PST-BC-V60-PRECISION-169494.html' style='color: inherit; text-decoration: underline;'>PST-BC-V60<\/a> (No incluidas) y es necesario que al menos uno de ellos cuente con un ventilador de 60 x 60 mm&comma; el modelo recomendado es el siguiente: <a href='https:\/\/www.syscom.mx\/producto\/FAN-602512-TXPRO-67614.html' style='color: inherit; text-decoration: underline;'>FAN-602512<\/a> (No incluido).<\/p>\n<p style='margin-bottom: 15px;'><em style='color: inherit;'>El instalar los elementos anteriores reducir\u00e1 el nivel de protecci\u00f3n (IP) del gabinete pero mejorar\u00e1 la disipaci\u00f3n de calor<\/em><\/p>\n<\/p><\/div>\n<\/p><\/div>\n","protected":false},"excerpt":{"rendered":"<p>Gabinete de Acero IP66 Uso en Intemperie (300 x 400 x 200 mm) con Placa Trasera Interior y Compuerta Inferior Atornillable (Incluye Chapa y Llave).<\/p>\n","protected":false},"featured_media":32,"comment_status":"open","ping_status":"closed","template":"","meta":[],"product_brand":[],"product_cat":[637],"product_tag":[638,248,605],"class_list":{"0":"post-18696","1":"product","2":"type-product","3":"status-publish","4":"has-post-thumbnail","6":"product_cat-gabinetes-para-intemperie","7":"product_tag-gabinetes-para-intemperie","8":"product_tag-precision","9":"product_tag-racks-y-gabinetes","11":"first","12":"outofstock","13":"sale","14":"shipping-taxable","15":"purchasable","16":"product-type-simple"},"_links":{"self":[{"href":"https:\/\/soydeaqui.ddns.net\/pachuca\/index.php\/wp-json\/wp\/v2\/product\/18696","targetHints":{"allow":["GET"]}}],"collection":[{"href":"https:\/\/soydeaqui.ddns.net\/pachuca\/index.php\/wp-json\/wp\/v2\/product"}],"about":[{"href":"https:\/\/soydeaqui.ddns.net\/pachuca\/index.php\/wp-json\/wp\/v2\/types\/product"}],"replies":[{"embeddable":true,"href":"https:\/\/soydeaqui.ddns.net\/pachuca\/index.php\/wp-json\/wp\/v2\/comments?post=18696"}],"wp:featuredmedia":[{"embeddable":true,"href":"https:\/\/soydeaqui.ddns.net\/pachuca\/index.php\/wp-json\/wp\/v2\/media\/32"}],"wp:attachment":[{"href":"https:\/\/soydeaqui.ddns.net\/pachuca\/index.php\/wp-json\/wp\/v2\/media?parent=18696"}],"wp:term":[{"taxonomy":"product_brand","embeddable":true,"href":"https:\/\/soydeaqui.ddns.net\/pachuca\/index.php\/wp-json\/wp\/v2\/product_brand?post=18696"},{"taxonomy":"product_cat","embeddable":true,"href":"https:\/\/soydeaqui.ddns.net\/pachuca\/index.php\/wp-json\/wp\/v2\/product_cat?post=18696"},{"taxonomy":"product_tag","embeddable":true,"href":"https:\/\/soydeaqui.ddns.net\/pachuca\/index.php\/wp-json\/wp\/v2\/product_tag?post=18696"}],"curies":[{"name":"wp","href":"https:\/\/api.w.org\/{rel}","templated":true}]}}