{"id":18690,"date":"2026-03-18T09:48:51","date_gmt":"2026-03-18T09:48:51","guid":{"rendered":"https:\/\/soydeaqui.ddns.net\/pachuca\/index.php\/producto\/caja-cuadrada-4-11-16-x-4-11-16-profundidad-2-1-8-4-entradas-1-4-entradas-3-4-1-entrada-1-2-y-3-tko-1-2-3-4\/"},"modified":"2026-03-18T09:48:55","modified_gmt":"2026-03-18T09:48:55","slug":"caja-cuadrada-4-11-16-x-4-11-16-profundidad-2-1-8-4-entradas-1-4-entradas-3-4-1-entrada-1-2-y-3-tko-1-2-3-4","status":"publish","type":"product","link":"https:\/\/soydeaqui.ddns.net\/pachuca\/index.php\/producto\/caja-cuadrada-4-11-16-x-4-11-16-profundidad-2-1-8-4-entradas-1-4-entradas-3-4-1-entrada-1-2-y-3-tko-1-2-3-4\/","title":{"rendered":"Caja Cuadrada 4 11\/16&#8243; x 4 11\/16&#8243;\/ Profundidad 2- 1\/8&#8243;\/ 4 Entradas 1&#8243;, 4 Entradas 3\/4&#8243;, 1 Entrada 1\/2&#8243; y 3 TKO (1\/2&#8243;-3\/4&#8243;)."},"content":{"rendered":"<div style='width: 100%; max-width: 1200px; margin: 0 auto; font-family: sans-serif; line-height: 1.6; color: inherit; background-color: transparent;'>\n<div style='display: flex; flex-wrap: wrap; gap: 30px; margin-bottom: 30px;'>\n<div style='flex: 1 1 300px; min-width: 280px;'>\n<h3 style='font-size: 22px; border-bottom: 2px solid currentColor; padding-bottom: 5px; margin-top: 0; color: inherit; opacity: 0.8;'>Descripci\u00f3n<\/h3>\n<p style='font-size: 15px; color: inherit; margin-top: 0; margin-bottom: 15px;'>Caja cuadrada acero galvanizado para instalaciones el\u00e9ctricas.<\/p>\n<h4 style='font-size: 18px; color: inherit; margin-top: 15px; margin-bottom: 5px;'>Aplicaciones:<\/h4>\n<p style='font-size: 15px; color: inherit; margin-top: 0; margin-bottom: 15px;'>Las cajas RACO\u00ae&comma; tambi\u00e9n llamadas cajas utilitarias son utilizadas para implementar tomacorrientes&comma; interruptores o peque\u00f1as cajas de conexiones.<\/p>\n<p style='font-size: 15px; color: inherit; margin-top: 0; margin-bottom: 15px;'>Son muy pr\u00e1cticas ya que ofrecen completa exposici\u00f3n para f\u00e1cil trabajo de cableado al instalarse sobre la pared.<\/p>\n<p style='font-size: 15px; color: inherit; margin-top: 0; margin-bottom: 15px;'>La norma NEC recomienda en todo momento utilizar estas cajas con tuber\u00eda conduit EMT (pared delgada) para asegurar una correcta instalaci\u00f3n.<\/p>\n<\/p><\/div>\n<\/p><\/div>\n<div style='display: flex; flex-wrap: wrap; gap: 20px; margin-bottom: 30px;'>\n<div style='flex: 1 1 250px; border: 1px solid rgba(150&comma; 150&comma; 150&comma; 0.4); border-radius: 8px; overflow: hidden; display: flex; flex-direction: column;'>\n<div style='padding: 15px; border-bottom: 1px solid rgba(150&comma; 150&comma; 150&comma; 0.2); font-weight: bold; font-size: 18px; color: inherit;'>Especificaciones<\/div>\n<div style='padding: 15px; color: inherit;'>\n<ul style='padding-left: 20px; margin: 0; font-size: 14px; list-style-type: disc;'>\n<li style='margin-bottom: 5px;'><strong>Montaje:<\/strong> Caja<\/li>\n<li style='margin-bottom: 5px;'><strong>Resistencia al Fuego:<\/strong> No<\/li>\n<li style='margin-bottom: 5px;'><strong>Material:<\/strong> Acero<\/li>\n<li style='margin-bottom: 5px;'><strong>Tipo:<\/strong> Soldada<\/li>\n<li style='margin-bottom: 5px;'><strong>UPC:<\/strong> 50169902653<\/li>\n<li style='margin-bottom: 5px;'><strong>Profundidad:<\/strong> 2-1\/8 in<\/li>\n<li style='margin-bottom: 5px;'><strong>Capacidad:<\/strong> 42 in3 (688.2) cm3<\/li>\n<li style='margin-bottom: 5px;'><strong>Alto:<\/strong> 4.688 in<\/li>\n<li style='margin-bottom: 5px;'><strong>Ancho:<\/strong> 4.688 in<\/li>\n<li style='margin-bottom: 5px;'><strong>Peso:<\/strong> 1.108 Lbs (0.5 kg)<\/li>\n<li style='margin-bottom: 5px;'><strong>Entradas Laterales:<\/strong> 4-3\/4&#8217;&comma; 4-1&#8242;<\/li>\n<li style='margin-bottom: 5px;'><strong>Entradas Finales:<\/strong> 1-1\/2&#8217;&comma; 3 TKO<\/li>\n<li style='margin-bottom: 5px;'><strong>Certificado:<\/strong> UL Listed<\/li>\n<\/ul><\/div>\n<\/p><\/div>\n<\/p><\/div>\n<hr style='border: 0; border-top: 1px solid rgba(150&comma; 150&comma; 150&comma; 0.3); margin: 30px 0;'> <\/div>\n","protected":false},"excerpt":{"rendered":"<p>Caja Cuadrada 4 11\/16&#8243; x 4 11\/16&#8243;\/ Profundidad 2- 1\/8&#8243;\/ 4 Entradas 1&#8243;, 4 Entradas 3\/4&#8243;, 1 Entrada 1\/2&#8243; y 3 TKO (1\/2&#8243;-3\/4&#8243;).<\/p>\n","protected":false},"featured_media":18689,"comment_status":"open","ping_status":"closed","template":"","meta":[],"product_brand":[],"product_cat":[655],"product_tag":[572,699,656],"class_list":{"0":"post-18690","1":"product","2":"type-product","3":"status-publish","4":"has-post-thumbnail","6":"product_cat-tuberia-metalica-conduit-accesorios","7":"product_tag-canalizacion","8":"product_tag-raco","9":"product_tag-tuberia-metalica-conduit-accesorios","11":"first","12":"instock","13":"sale","14":"shipping-taxable","15":"purchasable","16":"product-type-simple"},"_links":{"self":[{"href":"https:\/\/soydeaqui.ddns.net\/pachuca\/index.php\/wp-json\/wp\/v2\/product\/18690","targetHints":{"allow":["GET"]}}],"collection":[{"href":"https:\/\/soydeaqui.ddns.net\/pachuca\/index.php\/wp-json\/wp\/v2\/product"}],"about":[{"href":"https:\/\/soydeaqui.ddns.net\/pachuca\/index.php\/wp-json\/wp\/v2\/types\/product"}],"replies":[{"embeddable":true,"href":"https:\/\/soydeaqui.ddns.net\/pachuca\/index.php\/wp-json\/wp\/v2\/comments?post=18690"}],"wp:featuredmedia":[{"embeddable":true,"href":"https:\/\/soydeaqui.ddns.net\/pachuca\/index.php\/wp-json\/wp\/v2\/media\/18689"}],"wp:attachment":[{"href":"https:\/\/soydeaqui.ddns.net\/pachuca\/index.php\/wp-json\/wp\/v2\/media?parent=18690"}],"wp:term":[{"taxonomy":"product_brand","embeddable":true,"href":"https:\/\/soydeaqui.ddns.net\/pachuca\/index.php\/wp-json\/wp\/v2\/product_brand?post=18690"},{"taxonomy":"product_cat","embeddable":true,"href":"https:\/\/soydeaqui.ddns.net\/pachuca\/index.php\/wp-json\/wp\/v2\/product_cat?post=18690"},{"taxonomy":"product_tag","embeddable":true,"href":"https:\/\/soydeaqui.ddns.net\/pachuca\/index.php\/wp-json\/wp\/v2\/product_tag?post=18690"}],"curies":[{"name":"wp","href":"https:\/\/api.w.org\/{rel}","templated":true}]}}