{"id":1866,"date":"2026-03-18T05:50:50","date_gmt":"2026-03-18T05:50:50","guid":{"rendered":"https:\/\/soydeaqui.ddns.net\/pachuca\/index.php\/producto\/altavoz-ominidireccional-de-1600w-interior-y-exterior\/"},"modified":"2026-03-18T05:50:51","modified_gmt":"2026-03-18T05:50:51","slug":"altavoz-ominidireccional-de-1600w-interior-y-exterior","status":"publish","type":"product","link":"https:\/\/soydeaqui.ddns.net\/pachuca\/index.php\/producto\/altavoz-ominidireccional-de-1600w-interior-y-exterior\/","title":{"rendered":"Altavoz Ominidireccional de 1600W | Interior y Exterior"},"content":{"rendered":"<div style='width: 100%; max-width: 1200px; margin: 0 auto; font-family: sans-serif; line-height: 1.6; color: inherit; background-color: transparent;'>\n<div style='display: flex; flex-wrap: wrap; gap: 30px; margin-bottom: 30px;'>\n<div style='flex: 1 1 300px; min-width: 280px;'>\n<h3 style='font-size: 22px; border-bottom: 2px solid currentColor; padding-bottom: 5px; margin-top: 0; color: inherit; opacity: 0.8;'>Serie MA<\/h3>\n<p style='font-size: 15px; color: inherit; margin-bottom: 15px;'>La l\u00ednea de productos HyperSpike\u00ae MA es una serie de sistemas de alto poder para notificaciones masivas en 360 grados que est\u00e1n probadas y certificadas en el campo de batalla. Con una cobertura total de materiales compuestos a prueba de agua y resistente a los rayos ultravioletas&comma; los productos MA pueden soportar cualquier condici\u00f3n del medio ambiente.<\/p>\n<p style='font-size: 15px; color: inherit; margin-bottom: 15px;'>Este altavoz ligero y compacto se mezcla de forma homog\u00e9nea en cualquier medio ambiente con un ensamblaje m\u00ednimo y provee una buena apariencia est\u00e9tica. Hay un sinf\u00edn de aplicaciones para la serie MA. Desde la seguridad militar a las notificaciones de emergencia en un campus&comma; HyperSpike\u00ae cubre todas las posibilidades.<\/p>\n<p style='font-size: 15px; color: inherit; margin-bottom: 15px;'>Con un rendimiento ac\u00fastico poderoso&comma; una amplia gama de usos y la m\u00e1s alta inteligibilidad en la industria&comma; se garantiza que su mensaje se oir\u00e1 y se entender\u00e1. Cuando el mensaje importa&comma; HyperSpike\u00ae cumple lo que promete.<\/p>\n<\/p><\/div>\n<\/p><\/div>\n<div style='display: flex; flex-wrap: wrap; gap: 30px; margin-bottom: 30px;'>\n<div style='flex: 1 1 300px; min-width: 280px;'>\n<h3 style='font-size: 22px; border-bottom: 2px solid currentColor; padding-bottom: 5px; margin-top: 0; color: inherit; opacity: 0.8;'>MA-1<\/h3>\n<p style='font-size: 15px; color: inherit; margin-bottom: 15px;'>Ideal para la movilizaci\u00f3n r\u00e1pida en el campo o el montaje est\u00e1tico&comma; el MA-1 es flexible y configurable para cualquier situaci\u00f3n&comma; convirti\u00e9ndolo en la elecci\u00f3n para alertar y facilitar una respuesta antes&comma; durante&comma; o despu\u00e9s de un evento. Con los cinco componentes activados&comma; el MA-1 es capaz de un rendimiento ac\u00fastico de 143 dB y tiene un alcance de hasta 4 millas cuadradas.<\/p>\n<\/p><\/div>\n<\/p><\/div>\n<div style='display: flex; flex-wrap: wrap; gap: 20px; margin-bottom: 30px;'>\n<div style='flex: 1 1 250px; border: 1px solid rgba(150&comma; 150&comma; 150&comma; 0.4); border-radius: 8px; overflow: hidden; display: flex; flex-direction: column;'>\n<div style='padding: 15px; border-bottom: 1px solid rgba(150&comma; 150&comma; 150&comma; 0.2); font-weight: bold; font-size: 18px; color: inherit;'>Caracter\u00edsticas<\/div>\n<div style='padding: 15px; color: inherit;'>\n<ul style='padding-left: 20px; margin: 0; font-size: 14px; list-style-type: disc;'>\n<li style='margin-bottom: 5px; font-size: 14px;'><strong>Aplicaciones:<\/strong> Interiores y exteriores con condiciones h\u00famedas<\/li>\n<li style='margin-bottom: 5px; font-size: 14px;'><strong>\u00c1ngulo de dispersi\u00f3n:<\/strong> 360\u00b0 de energ\u00eda ac\u00fastica<\/li>\n<li style='margin-bottom: 5px; font-size: 14px;'><strong>Optimizaci\u00f3n:<\/strong> Para voz humana<\/li>\n<li style='margin-bottom: 5px; font-size: 14px;'><strong>Inteligibilidad:<\/strong> Excelente inteligibilidad de la voz<\/li>\n<li style='margin-bottom: 5px; font-size: 14px;'><strong>Temperatura de funcionamiento:<\/strong> -20\u00b0 C a 60 \u00b0C<\/li>\n<li style='margin-bottom: 5px; font-size: 14px;'><strong>Certificaci\u00f3n:<\/strong> Cumple con UL1480A<\/li>\n<li style='margin-bottom: 5px; font-size: 14px;'><strong>Clasificaci\u00f3n:<\/strong> Certificados para Clase I lugares peligrosos&comma; divisi\u00f3n 2&comma; grupos A&comma; B&comma; C y D<\/li>\n<li style='margin-bottom: 5px; font-size: 14px;'><strong>Voltaje de entrada:<\/strong> 41 VRMS &#8211; 90 VRMS<\/li>\n<li style='margin-bottom: 5px; font-size: 14px;'><strong>Impedancia:<\/strong> 4 Ohms<\/li>\n<li style='margin-bottom: 5px; font-size: 14px;'><strong>Respuesta en frecuencia:<\/strong> 125Hz &#8211; 8000Hz<\/li>\n<li style='margin-bottom: 5px; font-size: 14px;'><strong>Direccionalidad:<\/strong> 360\u00b0 Omnidireccional<\/li>\n<li style='margin-bottom: 5px; font-size: 14px;'><strong>Peso:<\/strong> 9 kg<\/li>\n<li style='margin-bottom: 5px; font-size: 14px;'><strong>Dimensiones:<\/strong> 32.5 cm di\u00e1metro x 66.6 cm altura<\/li>\n<li style='margin-bottom: 5px; font-size: 14px;'><strong>Potencia:<\/strong> 320W de potencia por lado<\/li>\n<li style='margin-bottom: 5px; font-size: 14px;'><strong>Potencia total:<\/strong> 1600W por arreglo de altavoces<\/li>\n<\/ul><\/div>\n<\/p><\/div>\n<div style='flex: 1 1 250px; border: 1px solid rgba(150&comma; 150&comma; 150&comma; 0.4); border-radius: 8px; overflow: hidden; display: flex; flex-direction: column;'>\n<div style='padding: 15px; border-bottom: 1px solid rgba(150&comma; 150&comma; 150&comma; 0.2); font-weight: bold; font-size: 18px; color: inherit;'>Aplicaciones<\/div>\n<div style='padding: 15px; color: inherit;'>\n<ul style='padding-left: 20px; margin: 0; font-size: 14px; list-style-type: disc;'>\n<li style='margin-bottom: 5px; font-size: 14px;'>Notificaci\u00f3n de emergencias<\/li>\n<li style='margin-bottom: 5px; font-size: 14px;'>Protecci\u00f3n de ej\u00e9rcito<\/li>\n<li style='margin-bottom: 5px; font-size: 14px;'>Notificaci\u00f3n en desastres naturales<\/li>\n<li style='margin-bottom: 5px; font-size: 14px;'>Seguridad militar<\/li>\n<li style='margin-bottom: 5px; font-size: 14px;'>Seguridad en Campus<\/li>\n<li style='margin-bottom: 5px; font-size: 14px;'>Cubiertas de aterrizaje<\/li>\n<li style='margin-bottom: 5px; font-size: 14px;'>F\u00e1bricas<\/li>\n<li style='margin-bottom: 5px; font-size: 14px;'>Estadios<\/li>\n<\/ul><\/div>\n<\/p><\/div>\n<\/p><\/div>\n<div style='display: flex; flex-wrap: wrap; gap: 30px; margin-bottom: 30px;'>\n<div style='flex: 1 1 300px; min-width: 280px;'> <img style='width: 100%; height: auto; border: 1px solid rgba(150&comma;150&comma;150&comma;0.3); border-radius: 8px;' src='https:\/\/ftp3.syscom.mx\/usuarios\/fotos\/90145A80104L\/196470-caracteristicas.jpg' alt=''> <\/div>\n<\/p><\/div>\n<hr style='border: 0; border-top: 1px solid rgba(150&comma; 150&comma; 150&comma; 0.3); margin: 30px 0;'> <\/div>\n","protected":false},"excerpt":{"rendered":"<p>Altavoz Ominidireccional de 1600W | Interior y Exterior<\/p>\n","protected":false},"featured_media":1865,"comment_status":"open","ping_status":"closed","template":"","meta":[],"product_brand":[],"product_cat":[208],"product_tag":[209,197,109],"class_list":{"0":"post-1866","1":"product","2":"type-product","3":"status-publish","4":"has-post-thumbnail","6":"product_cat-honeywell","7":"product_tag-honeywell","8":"product_tag-hyperspike","9":"product_tag-megafonia-y-audioevacuacion","11":"first","12":"outofstock","13":"sale","14":"shipping-taxable","15":"purchasable","16":"product-type-simple"},"_links":{"self":[{"href":"https:\/\/soydeaqui.ddns.net\/pachuca\/index.php\/wp-json\/wp\/v2\/product\/1866","targetHints":{"allow":["GET"]}}],"collection":[{"href":"https:\/\/soydeaqui.ddns.net\/pachuca\/index.php\/wp-json\/wp\/v2\/product"}],"about":[{"href":"https:\/\/soydeaqui.ddns.net\/pachuca\/index.php\/wp-json\/wp\/v2\/types\/product"}],"replies":[{"embeddable":true,"href":"https:\/\/soydeaqui.ddns.net\/pachuca\/index.php\/wp-json\/wp\/v2\/comments?post=1866"}],"wp:featuredmedia":[{"embeddable":true,"href":"https:\/\/soydeaqui.ddns.net\/pachuca\/index.php\/wp-json\/wp\/v2\/media\/1865"}],"wp:attachment":[{"href":"https:\/\/soydeaqui.ddns.net\/pachuca\/index.php\/wp-json\/wp\/v2\/media?parent=1866"}],"wp:term":[{"taxonomy":"product_brand","embeddable":true,"href":"https:\/\/soydeaqui.ddns.net\/pachuca\/index.php\/wp-json\/wp\/v2\/product_brand?post=1866"},{"taxonomy":"product_cat","embeddable":true,"href":"https:\/\/soydeaqui.ddns.net\/pachuca\/index.php\/wp-json\/wp\/v2\/product_cat?post=1866"},{"taxonomy":"product_tag","embeddable":true,"href":"https:\/\/soydeaqui.ddns.net\/pachuca\/index.php\/wp-json\/wp\/v2\/product_tag?post=1866"}],"curies":[{"name":"wp","href":"https:\/\/api.w.org\/{rel}","templated":true}]}}