{"id":18637,"date":"2026-03-18T09:47:55","date_gmt":"2026-03-18T09:47:55","guid":{"rendered":"https:\/\/soydeaqui.ddns.net\/pachuca\/index.php\/producto\/conector-rapido-de-instalacion-en-campo-multimodo-om3-om4-lc-upc-pre-pulido-re-terminable\/"},"modified":"2026-03-18T09:47:56","modified_gmt":"2026-03-18T09:47:56","slug":"conector-rapido-de-instalacion-en-campo-multimodo-om3-om4-lc-upc-pre-pulido-re-terminable","status":"publish","type":"product","link":"https:\/\/soydeaqui.ddns.net\/pachuca\/index.php\/producto\/conector-rapido-de-instalacion-en-campo-multimodo-om3-om4-lc-upc-pre-pulido-re-terminable\/","title":{"rendered":"Conector R\u00e1pido de Instalaci\u00f3n en Campo, Multimodo (OM3\/OM4), LC\/UPC, pre-pulido, re-terminable"},"content":{"rendered":"<div style='width: 100%; max-width: 1200px; margin: 0 auto; font-family: sans-serif; line-height: 1.6; color: inherit; background-color: transparent;'> <!-- Descripci\u00f3n principal --> <\/p>\n<div style='margin-bottom: 30px;'>\n<p style='font-size: 16px; color: inherit; margin-bottom: 15px;'> Los conectores r\u00e1pidos LC de instalaci\u00f3n en campo&comma; proporcionan una implementaci\u00f3n sencilla sin necesidad de pulir y son la mejor opci\u00f3n para terminaci\u00f3n en cables de fibra \u00f3ptica multimodo Tight Buffer (900\u00b5m). <\/p>\n<ul style='padding-left: 20px; font-size: 15px; color: inherit; list-style-type: disc;'>\n<li style='margin-bottom: 10px;'><strong style='color: inherit;'>F\u00e1cil instalaci\u00f3n:<\/strong> Sin necesidad de herramientas especiales para abrir o cerrar el conector<\/li>\n<li style='margin-bottom: 10px;'><strong style='color: inherit;'>Conexi\u00f3n verificable:<\/strong> F\u00e1cilmente despu\u00e9s de la instalaci\u00f3n<\/li>\n<\/ul><\/div>\n<p> <!-- Especificaciones --> <\/p>\n<div style='margin-bottom: 30px;'>\n<h3 style='font-size: 22px; border-bottom: 2px solid currentColor; padding-bottom: 5px; margin-top: 0; margin-bottom: 15px; color: inherit; opacity: 0.8;'>Especificaciones<\/h3>\n<ul style='padding-left: 20px; font-size: 15px; color: inherit; list-style-type: disc;'>\n<li style='margin-bottom: 10px;'><strong style='color: inherit;'>Tipo de conector:<\/strong> LC\/UPC<\/li>\n<li style='margin-bottom: 10px;'><strong style='color: inherit;'>Para fibra:<\/strong> Tight Buffer (900\u00b5m)<\/li>\n<li style='margin-bottom: 10px;'><strong style='color: inherit;'>Reterminable:<\/strong> Hasta 3 veces<\/li>\n<li style='margin-bottom: 10px;'><strong style='color: inherit;'>P\u00e9rdida de inserci\u00f3n:<\/strong>\n<ul style='padding-left: 25px; margin-top: 8px; margin-bottom: 8px;'>\n<li style='margin-bottom: 5px;'>M\u00e1ximo \u2264 0.50 dB<\/li>\n<li style='margin-bottom: 5px;'>T\u00edpico \u2264 0.30 dB<\/li>\n<\/ul>\n<\/li>\n<li style='margin-bottom: 10px;'><strong style='color: inherit;'>P\u00e9rdida de retorno:<\/strong>\n<ul style='padding-left: 25px; margin-top: 8px; margin-bottom: 8px;'>\n<li style='margin-bottom: 5px;'>UPC \u2264 45 dB<\/li>\n<\/ul>\n<\/li>\n<li style='margin-bottom: 10px;'><strong style='color: inherit;'>Temperatura de operaci\u00f3n:<\/strong> -45 a 85\u00baC<\/li>\n<\/ul><\/div>\n<p> <!-- Separador --> <\/p>\n<hr style='border: 0; border-top: 1px solid rgba(150&comma; 150&comma; 150&comma; 0.3); margin: 30px 0;'> <\/div>\n","protected":false},"excerpt":{"rendered":"<p>Conector R\u00e1pido de Instalaci\u00f3n en Campo, Multimodo (OM3\/OM4), LC\/UPC, pre-pulido, re-terminable<\/p>\n","protected":false},"featured_media":32,"comment_status":"open","ping_status":"closed","template":"","meta":[],"product_brand":[],"product_cat":[615],"product_tag":[616,611,435],"class_list":{"0":"post-18637","1":"product","2":"type-product","3":"status-publish","4":"has-post-thumbnail","6":"product_cat-conectores","7":"product_tag-conectores","8":"product_tag-fibra-optica","9":"product_tag-linkedpro-by-epcom","11":"first","12":"instock","13":"sale","14":"shipping-taxable","15":"purchasable","16":"product-type-simple"},"_links":{"self":[{"href":"https:\/\/soydeaqui.ddns.net\/pachuca\/index.php\/wp-json\/wp\/v2\/product\/18637","targetHints":{"allow":["GET"]}}],"collection":[{"href":"https:\/\/soydeaqui.ddns.net\/pachuca\/index.php\/wp-json\/wp\/v2\/product"}],"about":[{"href":"https:\/\/soydeaqui.ddns.net\/pachuca\/index.php\/wp-json\/wp\/v2\/types\/product"}],"replies":[{"embeddable":true,"href":"https:\/\/soydeaqui.ddns.net\/pachuca\/index.php\/wp-json\/wp\/v2\/comments?post=18637"}],"wp:featuredmedia":[{"embeddable":true,"href":"https:\/\/soydeaqui.ddns.net\/pachuca\/index.php\/wp-json\/wp\/v2\/media\/32"}],"wp:attachment":[{"href":"https:\/\/soydeaqui.ddns.net\/pachuca\/index.php\/wp-json\/wp\/v2\/media?parent=18637"}],"wp:term":[{"taxonomy":"product_brand","embeddable":true,"href":"https:\/\/soydeaqui.ddns.net\/pachuca\/index.php\/wp-json\/wp\/v2\/product_brand?post=18637"},{"taxonomy":"product_cat","embeddable":true,"href":"https:\/\/soydeaqui.ddns.net\/pachuca\/index.php\/wp-json\/wp\/v2\/product_cat?post=18637"},{"taxonomy":"product_tag","embeddable":true,"href":"https:\/\/soydeaqui.ddns.net\/pachuca\/index.php\/wp-json\/wp\/v2\/product_tag?post=18637"}],"curies":[{"name":"wp","href":"https:\/\/api.w.org\/{rel}","templated":true}]}}