{"id":1863,"date":"2026-03-18T05:50:47","date_gmt":"2026-03-18T05:50:47","guid":{"rendered":"https:\/\/soydeaqui.ddns.net\/pachuca\/index.php\/producto\/altavoz-ominidireccional-de-1600w-interior-y-exterior-multicanal\/"},"modified":"2026-03-18T05:50:49","modified_gmt":"2026-03-18T05:50:49","slug":"altavoz-ominidireccional-de-1600w-interior-y-exterior-multicanal","status":"publish","type":"product","link":"https:\/\/soydeaqui.ddns.net\/pachuca\/index.php\/producto\/altavoz-ominidireccional-de-1600w-interior-y-exterior-multicanal\/","title":{"rendered":"Altavoz Ominidireccional de 1600W | Interior y Exterior | Multicanal"},"content":{"rendered":"<div style='width: 100%; max-width: 1200px; margin: 0 auto; font-family: sans-serif; line-height: 1.6; color: inherit; background-color: transparent;'> <!-- Secci\u00f3n de descripci\u00f3n --> <\/p>\n<div style='margin-bottom: 30px;'>\n<h2 style='font-size: 24px; margin-top: 0; margin-bottom: 15px; color: inherit; opacity: 0.9;'>Serie MA<\/h2>\n<div style='margin-bottom: 20px; font-size: 15px; color: inherit;'> La l\u00ednea de productos HyperSpike\u00ae MA es una serie de sistemas de alto poder para notificaciones masivas en 360 grados que est\u00e1n probadas y certificadas en el campo de batalla. Con una cobertura total de materiales compuestos a prueba de agua y resistente a los rayos ultravioletas&comma; los productos MA pueden soportar cualquier condici\u00f3n del medio ambiente. Este altavoz ligero y compacto se mezcla de forma homog\u00e9nea en cualquier medio ambiente con un ensamblaje m\u00ednimo y provee una buena apariencia est\u00e9tica. Hay un sinf\u00edn de aplicaciones para la serie MA. Desde la seguridad militar a las notificaciones de emergencia en un campus&comma; HyperSpike\u00ae cubre todas las posibilidades. <\/div>\n<div style='margin-bottom: 20px; font-size: 15px; color: inherit;'> Con un rendimiento ac\u00fastico poderoso&comma; una amplia gama de usos y la m\u00e1s alta inteligibilidad en la industria&comma; se garantiza que su mensaje se oir\u00e1 y se entender\u00e1. Cuando el mensaje importa&comma; HyperSpike\u00ae cumple lo que promete. <\/div>\n<\/p><\/div>\n<p> <!-- Secci\u00f3n de modelo espec\u00edfico --> <\/p>\n<div style='margin-bottom: 30px;'>\n<h3 style='font-size: 22px; border-bottom: 2px solid currentColor; padding-bottom: 5px; margin-top: 0; color: inherit; opacity: 0.8;'>MA-1<\/h3>\n<div style='font-size: 15px; color: inherit;'> Ideal para la movilizaci\u00f3n r\u00e1pida en el campo o el montaje est\u00e1tico&comma; el MA-1 es flexible y configurable para cualquier situaci\u00f3n&comma; convirti\u00e9ndolo en la elecci\u00f3n ideal para alertar y facilitar una respuesta antes&comma; durante&comma; o despu\u00e9s de un evento. Con los cinco componentes activados&comma; el MA-1 es capaz de un rendimiento ac\u00fastico de 143 dB y tiene un alcance de hasta 4 millas cuadradas. <\/div>\n<\/p><\/div>\n<p> <!-- Secci\u00f3n de caracter\u00edsticas --> <\/p>\n<div style='display: flex; flex-wrap: wrap; gap: 30px; margin-bottom: 30px;'>\n<div style='flex: 1 1 300px; min-width: 280px;'>\n<h3 style='font-size: 22px; border-bottom: 2px solid currentColor; padding-bottom: 5px; margin-top: 0; color: inherit; opacity: 0.8;'>Caracter\u00edsticas<\/h3>\n<ul style='padding-left: 20px; font-size: 15px; color: inherit;'>\n<li style='margin-bottom: 5px;'><strong>Aplicaciones:<\/strong> En interior o exterior<\/li>\n<li style='margin-bottom: 5px;'><strong>Patr\u00f3n de cobertura:<\/strong> 360\u00b0 de energ\u00eda ac\u00fastica<\/li>\n<li style='margin-bottom: 5px;'><strong>\u00d3ptimizado para:<\/strong> Voz humana<\/li>\n<li style='margin-bottom: 5px;'><strong>Inteligibilidad:<\/strong> Excelente<\/li>\n<li style='margin-bottom: 5px;'><strong>Temperatura de funcionamiento:<\/strong> -20\u00b0 C a 60 \u00b0C<\/li>\n<li style='margin-bottom: 5px;'><strong>Certificaci\u00f3n:<\/strong> UL1480A<\/li>\n<li style='margin-bottom: 5px;'><strong>Certificaci\u00f3n de seguridad:<\/strong> Clase I lugares peligrosos&comma; divisi\u00f3n 2&comma; grupos A&comma; B&comma; C y D<\/li>\n<li style='margin-bottom: 5px;'><strong>Voltaje de entrada:<\/strong> 41 VRMS &#8211; 90 VRMS<\/li>\n<li style='margin-bottom: 5px;'><strong>Impedancia:<\/strong> 4 Ohms<\/li>\n<li style='margin-bottom: 5px;'><strong>Respuesta en frecuencia:<\/strong> 125Hz &#8211; 8000Hz<\/li>\n<li style='margin-bottom: 5px;'><strong>Patr\u00f3n de radiaci\u00f3n:<\/strong> 360\u00b0 Omnidireccional<\/li>\n<li style='margin-bottom: 5px;'><strong>Peso:<\/strong> 9 kg<\/li>\n<li style='margin-bottom: 5px;'><strong>Dimensiones:<\/strong> 32.5 cm di\u00e1metro x 66.6 cm altura<\/li>\n<li style='margin-bottom: 5px;'><strong>Potencia por lado:<\/strong> 320W<\/li>\n<li style='margin-bottom: 5px;'><strong>Potencia total:<\/strong> 1600W por arreglo de altavoces<\/li>\n<\/ul><\/div>\n<\/p><\/div>\n<p> <!-- Secci\u00f3n de aplicaciones --> <\/p>\n<div style='margin-bottom: 30px;'>\n<h3 style='font-size: 22px; border-bottom: 2px solid currentColor; padding-bottom: 5px; margin-top: 0; color: inherit; opacity: 0.8;'>Aplicaciones<\/h3>\n<ul style='padding-left: 20px; font-size: 15px; color: inherit;'>\n<li style='margin-bottom: 5px;'>Notificaci\u00f3n de emergencias<\/li>\n<li style='margin-bottom: 5px;'>Protecci\u00f3n de ej\u00e9rcito<\/li>\n<li style='margin-bottom: 5px;'>Notificaci\u00f3n en desastres naturales<\/li>\n<li style='margin-bottom: 5px;'>Seguridad militar<\/li>\n<li style='margin-bottom: 5px;'>Seguridad en Campus<\/li>\n<li style='margin-bottom: 5px;'>Cubiertas de aterrizaje<\/li>\n<li style='margin-bottom: 5px;'>F\u00e1bricas<\/li>\n<li style='margin-bottom: 5px;'>Estadios<\/li>\n<\/ul><\/div>\n<p> <!-- Secci\u00f3n de imagen --> <\/p>\n<div style='margin-bottom: 30px;'> <img style='width: 100%; height: auto; border: 1px solid rgba(150&comma;150&comma;150&comma;0.3); border-radius: 8px;' src='https:\/\/ftp3.syscom.mx\/usuarios\/fotos\/90145A80104L\/196470-caracteristicas.jpg' alt=''> <\/div>\n<p> <!-- Separador final --> <\/p>\n<hr style='border: 0; border-top: 1px solid rgba(150&comma; 150&comma; 150&comma; 0.3); margin: 30px 0;'> <\/div>\n","protected":false},"excerpt":{"rendered":"<p>Altavoz Ominidireccional de 1600W | Interior y Exterior | Multicanal<\/p>\n","protected":false},"featured_media":1862,"comment_status":"open","ping_status":"closed","template":"","meta":[],"product_brand":[],"product_cat":[208],"product_tag":[209,197,109],"class_list":{"0":"post-1863","1":"product","2":"type-product","3":"status-publish","4":"has-post-thumbnail","6":"product_cat-honeywell","7":"product_tag-honeywell","8":"product_tag-hyperspike","9":"product_tag-megafonia-y-audioevacuacion","11":"first","12":"outofstock","13":"sale","14":"shipping-taxable","15":"purchasable","16":"product-type-simple"},"_links":{"self":[{"href":"https:\/\/soydeaqui.ddns.net\/pachuca\/index.php\/wp-json\/wp\/v2\/product\/1863","targetHints":{"allow":["GET"]}}],"collection":[{"href":"https:\/\/soydeaqui.ddns.net\/pachuca\/index.php\/wp-json\/wp\/v2\/product"}],"about":[{"href":"https:\/\/soydeaqui.ddns.net\/pachuca\/index.php\/wp-json\/wp\/v2\/types\/product"}],"replies":[{"embeddable":true,"href":"https:\/\/soydeaqui.ddns.net\/pachuca\/index.php\/wp-json\/wp\/v2\/comments?post=1863"}],"wp:featuredmedia":[{"embeddable":true,"href":"https:\/\/soydeaqui.ddns.net\/pachuca\/index.php\/wp-json\/wp\/v2\/media\/1862"}],"wp:attachment":[{"href":"https:\/\/soydeaqui.ddns.net\/pachuca\/index.php\/wp-json\/wp\/v2\/media?parent=1863"}],"wp:term":[{"taxonomy":"product_brand","embeddable":true,"href":"https:\/\/soydeaqui.ddns.net\/pachuca\/index.php\/wp-json\/wp\/v2\/product_brand?post=1863"},{"taxonomy":"product_cat","embeddable":true,"href":"https:\/\/soydeaqui.ddns.net\/pachuca\/index.php\/wp-json\/wp\/v2\/product_cat?post=1863"},{"taxonomy":"product_tag","embeddable":true,"href":"https:\/\/soydeaqui.ddns.net\/pachuca\/index.php\/wp-json\/wp\/v2\/product_tag?post=1863"}],"curies":[{"name":"wp","href":"https:\/\/api.w.org\/{rel}","templated":true}]}}