{"id":18623,"date":"2026-03-18T09:47:38","date_gmt":"2026-03-18T09:47:38","guid":{"rendered":"https:\/\/soydeaqui.ddns.net\/pachuca\/index.php\/producto\/cable-de-parcheo-utp-cat6-2m-azul\/"},"modified":"2026-03-18T09:47:41","modified_gmt":"2026-03-18T09:47:41","slug":"cable-de-parcheo-utp-cat6-2m-azul","status":"publish","type":"product","link":"https:\/\/soydeaqui.ddns.net\/pachuca\/index.php\/producto\/cable-de-parcheo-utp-cat6-2m-azul\/","title":{"rendered":"Cable de Parcheo UTP Cat6 \/ 2m \/ Azul"},"content":{"rendered":"<div style='width: 100%; max-width: 1200px; margin: 0 auto; font-family: sans-serif; line-height: 1.6; color: inherit; background-color: transparent;'> <!-- Secci\u00f3n de descripci\u00f3n --> <\/p>\n<div style='margin-bottom: 30px;'>\n<h3 style='font-size: 22px; border-bottom: 2px solid currentColor; padding-bottom: 5px; margin-top: 0; color: inherit; opacity: 0.8;'>Descripci\u00f3n<\/h3>\n<p style='font-size: 15px; color: inherit;'>El cable Ugreen CAT6 es un cable ideal para conectar dispositivos en su red. Admite una velocidad de red de 10\/100\/1000 Mbps de frecuencia operativa de hasta 250 MHz. Cobre puro y pines de contacto chapados en oro de 24k&comma; el n\u00facleo de reducci\u00f3n de ruido cruzado proporciona una capacidad de transmisi\u00f3n de se\u00f1al estable y duradera durante largos per\u00edodos de uso.<\/p>\n<\/p><\/div>\n<p> <!-- Secci\u00f3n de caracter\u00edsticas --> <\/p>\n<div style='display: flex; flex-wrap: wrap; gap: 30px; margin-bottom: 30px;'>\n<div style='flex: 1 1 300px; min-width: 280px;'>\n<h3 style='font-size: 22px; border-bottom: 2px solid currentColor; padding-bottom: 5px; margin-top: 0; color: inherit; opacity: 0.8;'>Caracter\u00edsticas<\/h3>\n<ul style='padding-left: 20px; font-size: 15px; color: inherit;'>\n<li style='margin-bottom: 5px;'>Transmisi\u00f3n estable<\/li>\n<li style='margin-bottom: 5px;'>Aplicaci\u00f3n amplia<\/li>\n<li style='margin-bottom: 5px;'>Plug and play&comma; no requiere controlador<\/li>\n<li style='margin-bottom: 5px;'>Anti-interferencia<\/li>\n<li style='margin-bottom: 5px;'>N\u00facleo ultragrueso<\/li>\n<\/ul><\/div>\n<p> <!-- Secci\u00f3n de especificaciones t\u00e9cnicas --> <\/p>\n<div style='flex: 1 1 300px; min-width: 280px;'>\n<h3 style='font-size: 22px; border-bottom: 2px solid currentColor; padding-bottom: 5px; margin-top: 0; color: inherit; opacity: 0.8;'>Especificaciones T\u00e9cnicas<\/h3>\n<ul style='padding-left: 20px; font-size: 15px; color: inherit;'>\n<li style='margin-bottom: 5px;'><strong>Cable est\u00e1ndar:<\/strong> Cat6<\/li>\n<li style='margin-bottom: 5px;'><strong>Conductor:<\/strong> 26AWG CCA<\/li>\n<li style='margin-bottom: 5px;'><strong>Conector:<\/strong> Cobre puro chapado en oro<\/li>\n<li style='margin-bottom: 5px;'><strong>Ancho de banda:<\/strong> 250MHz<\/li>\n<li style='margin-bottom: 5px;'><strong>N\u00facleo:<\/strong> 8 pares de n\u00facleos trenzados<\/li>\n<li style='margin-bottom: 5px;'><strong>Blindaje de se\u00f1al:<\/strong> Sistema de aislamiento cruzado<\/li>\n<li style='margin-bottom: 5px;'><strong>Velocidad de transmisi\u00f3n:<\/strong> 1000Mbps<\/li>\n<li style='margin-bottom: 5px;'><strong>Color:<\/strong> Azul<\/li>\n<li style='margin-bottom: 5px;'><strong>Longitud:<\/strong> 2 Metros<\/li>\n<\/ul><\/div>\n<p> <!-- Secci\u00f3n de especificaciones del paquete --> <\/p>\n<div style='flex: 1 1 300px; min-width: 280px;'>\n<h3 style='font-size: 22px; border-bottom: 2px solid currentColor; padding-bottom: 5px; margin-top: 0; color: inherit; opacity: 0.8;'>Especificaciones del Paquete<\/h3>\n<ul style='padding-left: 20px; font-size: 15px; color: inherit;'>\n<li style='margin-bottom: 5px;'><strong>Peso:<\/strong> 55g<\/li>\n<li style='margin-bottom: 5px;'><strong>Dimensiones:<\/strong> 16&comma;8 x 1&comma;5 x 23 cm<\/li>\n<\/ul><\/div>\n<\/p><\/div>\n<p> <!-- Garant\u00eda --> <\/p>\n<div style='margin-bottom: 30px;'>\n<h4 style='font-size: 18px; color: inherit; opacity: 0.8; margin-top: 0;'>1 A\u00f1o de Garant\u00eda<\/h4>\n<\/p><\/div>\n<\/p><\/div>\n","protected":false},"excerpt":{"rendered":"<p>Cable de Parcheo UTP Cat6 \/ 2m \/ Azul<\/p>\n","protected":false},"featured_media":18622,"comment_status":"open","ping_status":"closed","template":"","meta":[],"product_brand":[],"product_cat":[598],"product_tag":[586,599,650],"class_list":{"0":"post-18623","1":"product","2":"type-product","3":"status-publish","4":"has-post-thumbnail","6":"product_cat-patch-cords","7":"product_tag-cableado-de-cobre","8":"product_tag-patch-cords","9":"product_tag-ugreen","11":"first","12":"outofstock","13":"sale","14":"shipping-taxable","15":"purchasable","16":"product-type-simple"},"_links":{"self":[{"href":"https:\/\/soydeaqui.ddns.net\/pachuca\/index.php\/wp-json\/wp\/v2\/product\/18623","targetHints":{"allow":["GET"]}}],"collection":[{"href":"https:\/\/soydeaqui.ddns.net\/pachuca\/index.php\/wp-json\/wp\/v2\/product"}],"about":[{"href":"https:\/\/soydeaqui.ddns.net\/pachuca\/index.php\/wp-json\/wp\/v2\/types\/product"}],"replies":[{"embeddable":true,"href":"https:\/\/soydeaqui.ddns.net\/pachuca\/index.php\/wp-json\/wp\/v2\/comments?post=18623"}],"wp:featuredmedia":[{"embeddable":true,"href":"https:\/\/soydeaqui.ddns.net\/pachuca\/index.php\/wp-json\/wp\/v2\/media\/18622"}],"wp:attachment":[{"href":"https:\/\/soydeaqui.ddns.net\/pachuca\/index.php\/wp-json\/wp\/v2\/media?parent=18623"}],"wp:term":[{"taxonomy":"product_brand","embeddable":true,"href":"https:\/\/soydeaqui.ddns.net\/pachuca\/index.php\/wp-json\/wp\/v2\/product_brand?post=18623"},{"taxonomy":"product_cat","embeddable":true,"href":"https:\/\/soydeaqui.ddns.net\/pachuca\/index.php\/wp-json\/wp\/v2\/product_cat?post=18623"},{"taxonomy":"product_tag","embeddable":true,"href":"https:\/\/soydeaqui.ddns.net\/pachuca\/index.php\/wp-json\/wp\/v2\/product_tag?post=18623"}],"curies":[{"name":"wp","href":"https:\/\/api.w.org\/{rel}","templated":true}]}}