{"id":18615,"date":"2026-03-18T09:47:30","date_gmt":"2026-03-18T09:47:30","guid":{"rendered":"https:\/\/soydeaqui.ddns.net\/pachuca\/index.php\/producto\/cable-de-parcheo-utp-cat5e-2m-amarillo\/"},"modified":"2026-03-18T09:47:31","modified_gmt":"2026-03-18T09:47:31","slug":"cable-de-parcheo-utp-cat5e-2m-amarillo","status":"publish","type":"product","link":"https:\/\/soydeaqui.ddns.net\/pachuca\/index.php\/producto\/cable-de-parcheo-utp-cat5e-2m-amarillo\/","title":{"rendered":"Cable de Parcheo UTP Cat5e \/ 2m \/ Amarillo"},"content":{"rendered":"<div style='width: 100%; max-width: 1200px; margin: 0 auto; font-family: sans-serif; line-height: 1.6; color: inherit; background-color: transparent;'>\n<div style='width: 100%; margin-bottom: 30px;'> <img style='width: 100%; height: auto; border: 1px solid rgba(150&comma;150&comma;150&comma;0.3); border-radius: 8px;' src='http:\/\/ftp3.syscom.mx\/usuarios\/maguilar\/Ugreen\/11230\/11230-Banner.png' alt=''> <\/div>\n<div style='display: flex; flex-wrap: wrap; gap: 30px; margin-bottom: 30px;'>\n<div style='flex: 1 1 300px; min-width: 280px;'>\n<h3 style='font-size: 22px; border-bottom: 2px solid currentColor; padding-bottom: 5px; margin-top: 0; color: inherit; opacity: 0.8;'>Cable Ideal<\/h3>\n<p style='font-size: 15px; color: inherit; margin-top: 0; margin-bottom: 0; padding: 0;'>El cable Ugreen CAT5e es un cable ideal para conectar dispositivos en su red. Admite una velocidad de red de 10\/100 Mbps de frecuencia operativa de hasta 350 MHz. Cobre puro y pines de contacto enchapados en oro de 24k&comma; el n\u00facleo de reducci\u00f3n de ruido cruzado proporciona una capacidad de transmisi\u00f3n de se\u00f1al estable y duradera durante largos per\u00edodos de uso.<\/p>\n<\/p><\/div>\n<\/p><\/div>\n<div style='display: flex; flex-wrap: wrap; gap: 20px; margin-bottom: 30px;'>\n<div style='flex: 1 1 250px; border: 1px solid rgba(150&comma; 150&comma; 150&comma; 0.4); border-radius: 8px; overflow: hidden; display: flex; flex-direction: column;'>\n<div style='padding: 15px; border-bottom: 1px solid rgba(150&comma; 150&comma; 150&comma; 0.2); font-weight: bold; font-size: 18px; color: inherit;'>Caracter\u00edsticas<\/div>\n<div style='padding: 15px; color: inherit;'>\n<ul style='padding-left: 20px; margin: 0; font-size: 14px; list-style-type: disc;'>\n<li style='margin-bottom: 5px;'>Transmisi\u00f3n estable<\/li>\n<li style='margin-bottom: 5px;'>Aplicaci\u00f3n amplia<\/li>\n<li style='margin-bottom: 5px;'>Plug and play&comma; no requiere controlador<\/li>\n<li style='margin-bottom: 5px;'>Anti-interferencia<\/li>\n<\/ul><\/div>\n<\/p><\/div>\n<div style='flex: 1 1 250px; border: 1px solid rgba(150&comma; 150&comma; 150&comma; 0.4); border-radius: 8px; overflow: hidden; display: flex; flex-direction: column;'>\n<div style='padding: 15px; border-bottom: 1px solid rgba(150&comma; 150&comma; 150&comma; 0.2); font-weight: bold; font-size: 18px; color: inherit;'>Especificaciones<\/div>\n<div style='padding: 15px; color: inherit;'>\n<ul style='padding-left: 20px; margin: 0; font-size: 14px; list-style-type: disc;'>\n<li style='margin-bottom: 5px;'><strong>Cable est\u00e1ndar:<\/strong> Cat5e<\/li>\n<li style='margin-bottom: 5px;'><strong>Rendimiento:<\/strong> 350MHz<\/li>\n<li style='margin-bottom: 5px;'><strong>Material conductor:<\/strong> CCA<\/li>\n<li style='margin-bottom: 5px;'><strong>Material de la carcasa de la sustancia:<\/strong> PVC<\/li>\n<li style='margin-bottom: 5px;'><strong>Cancelaci\u00f3n de ruido:<\/strong> reducci\u00f3n del ruido de par trenzado (UTP)<\/li>\n<\/ul><\/div>\n<\/p><\/div>\n<div style='flex: 1 1 250px; border: 1px solid rgba(150&comma; 150&comma; 150&comma; 0.4); border-radius: 8px; overflow: hidden; display: flex; flex-direction: column;'>\n<div style='padding: 15px; border-bottom: 1px solid rgba(150&comma; 150&comma; 150&comma; 0.2); font-weight: bold; font-size: 18px; color: inherit;'>Especificaciones del Paquete<\/div>\n<div style='padding: 15px; color: inherit;'>\n<ul style='padding-left: 20px; margin: 0; font-size: 14px; list-style-type: disc;'>\n<li style='margin-bottom: 5px;'><strong>Peso:<\/strong> 61g<\/li>\n<li style='margin-bottom: 5px;'><strong>Dimensiones (largo x ancho x alto):<\/strong> 16&comma;7 x 1&comma;5 x 23 cm.<\/li>\n<\/ul><\/div>\n<\/p><\/div>\n<\/p><\/div>\n<div style='display: flex; flex-wrap: wrap; gap: 30px; margin-bottom: 30px;'>\n<div style='flex: 1 1 300px; min-width: 280px;'>\n<h3 style='font-size: 22px; border-bottom: 2px solid currentColor; padding-bottom: 5px; margin-top: 0; color: inherit; opacity: 0.8;'>Garant\u00eda<\/h3>\n<ul style='padding-left: 20px; font-size: 15px; color: inherit;'>\n<li style='margin-bottom: 5px;'>1 A\u00f1o de Garant\u00eda<\/li>\n<\/ul><\/div>\n<\/p><\/div>\n<\/p><\/div>\n","protected":false},"excerpt":{"rendered":"<p>Cable de Parcheo UTP Cat5e \/ 2m \/ Amarillo<\/p>\n","protected":false},"featured_media":18614,"comment_status":"open","ping_status":"closed","template":"","meta":[],"product_brand":[],"product_cat":[598],"product_tag":[586,599,650],"class_list":{"0":"post-18615","1":"product","2":"type-product","3":"status-publish","4":"has-post-thumbnail","6":"product_cat-patch-cords","7":"product_tag-cableado-de-cobre","8":"product_tag-patch-cords","9":"product_tag-ugreen","11":"first","12":"outofstock","13":"sale","14":"shipping-taxable","15":"purchasable","16":"product-type-simple"},"_links":{"self":[{"href":"https:\/\/soydeaqui.ddns.net\/pachuca\/index.php\/wp-json\/wp\/v2\/product\/18615","targetHints":{"allow":["GET"]}}],"collection":[{"href":"https:\/\/soydeaqui.ddns.net\/pachuca\/index.php\/wp-json\/wp\/v2\/product"}],"about":[{"href":"https:\/\/soydeaqui.ddns.net\/pachuca\/index.php\/wp-json\/wp\/v2\/types\/product"}],"replies":[{"embeddable":true,"href":"https:\/\/soydeaqui.ddns.net\/pachuca\/index.php\/wp-json\/wp\/v2\/comments?post=18615"}],"wp:featuredmedia":[{"embeddable":true,"href":"https:\/\/soydeaqui.ddns.net\/pachuca\/index.php\/wp-json\/wp\/v2\/media\/18614"}],"wp:attachment":[{"href":"https:\/\/soydeaqui.ddns.net\/pachuca\/index.php\/wp-json\/wp\/v2\/media?parent=18615"}],"wp:term":[{"taxonomy":"product_brand","embeddable":true,"href":"https:\/\/soydeaqui.ddns.net\/pachuca\/index.php\/wp-json\/wp\/v2\/product_brand?post=18615"},{"taxonomy":"product_cat","embeddable":true,"href":"https:\/\/soydeaqui.ddns.net\/pachuca\/index.php\/wp-json\/wp\/v2\/product_cat?post=18615"},{"taxonomy":"product_tag","embeddable":true,"href":"https:\/\/soydeaqui.ddns.net\/pachuca\/index.php\/wp-json\/wp\/v2\/product_tag?post=18615"}],"curies":[{"name":"wp","href":"https:\/\/api.w.org\/{rel}","templated":true}]}}