{"id":1854,"date":"2026-03-18T05:50:42","date_gmt":"2026-03-18T05:50:42","guid":{"rendered":"https:\/\/soydeaqui.ddns.net\/pachuca\/index.php\/producto\/caja-de-pared-para-contactos-varios-6-mini-espacios\/"},"modified":"2026-03-18T05:50:42","modified_gmt":"2026-03-18T05:50:42","slug":"caja-de-pared-para-contactos-varios-6-mini-espacios","status":"publish","type":"product","link":"https:\/\/soydeaqui.ddns.net\/pachuca\/index.php\/producto\/caja-de-pared-para-contactos-varios-6-mini-espacios\/","title":{"rendered":"Caja de pared para contactos varios, 6 mini espacios."},"content":{"rendered":"<div style='width: 100%; max-width: 1200px; margin: 0 auto; font-family: sans-serif; line-height: 1.6; color: inherit; background-color: transparent;'>\n<h2 id='product_title_139285' style='font-size: 1.8em; margin-top: 0; margin-bottom: 10px; color: inherit; font-weight: 500;'>Caja de pared para contactos varios&comma; 6 mini espacios.<\/h2>\n<p style='margin: 0 0 10px; color: inherit; font-size: 14px; text-align: justify;'>El marco de 6 puertos de Lutron Satin Colors es una adici\u00f3n simple y limpia a cualquier habitaci\u00f3n con conectores de cable \/ red&comma; fibra o tel\u00e9fono. El marco de 6 puertos de Satin Colors es f\u00e1cil de instalar y usar. Para conectar una toma&comma; simplemente saque los espacios en blanco donde le gustar\u00eda conectarla y enc\u00e1jela. Con 20 colores satinados&comma; puede elegir el mejor color para complementar o acentuar cada habitaci\u00f3n de su hogar.<\/p>\n<ul style='margin: 0 0 10px; padding-left: 20px; color: inherit; font-size: 14px;'>\n<li style='text-align: justify; margin-bottom: 5px;'> <span style='color: rgba(126&comma; 140&comma; 141&comma; 0.8);'> <strong>No incluye la tapa de pared&comma; considerar el siguiente modelo SC-1-SW.<\/strong> <\/span> <\/li>\n<\/ul><\/div>\n","protected":false},"excerpt":{"rendered":"<p>Caja de pared para contactos varios, 6 mini espacios.<\/p>\n","protected":false},"featured_media":1853,"comment_status":"open","ping_status":"closed","template":"","meta":[],"product_brand":[],"product_cat":[90],"product_tag":[30,36,91],"class_list":{"0":"post-1854","1":"product","2":"type-product","3":"status-publish","4":"has-post-thumbnail","6":"product_cat-lutron-maestro","7":"product_tag-automatizacion-casa-inteligente","8":"product_tag-lutron-electronics","9":"product_tag-lutron-maestro","11":"first","12":"outofstock","13":"sale","14":"shipping-taxable","15":"purchasable","16":"product-type-simple"},"_links":{"self":[{"href":"https:\/\/soydeaqui.ddns.net\/pachuca\/index.php\/wp-json\/wp\/v2\/product\/1854","targetHints":{"allow":["GET"]}}],"collection":[{"href":"https:\/\/soydeaqui.ddns.net\/pachuca\/index.php\/wp-json\/wp\/v2\/product"}],"about":[{"href":"https:\/\/soydeaqui.ddns.net\/pachuca\/index.php\/wp-json\/wp\/v2\/types\/product"}],"replies":[{"embeddable":true,"href":"https:\/\/soydeaqui.ddns.net\/pachuca\/index.php\/wp-json\/wp\/v2\/comments?post=1854"}],"wp:featuredmedia":[{"embeddable":true,"href":"https:\/\/soydeaqui.ddns.net\/pachuca\/index.php\/wp-json\/wp\/v2\/media\/1853"}],"wp:attachment":[{"href":"https:\/\/soydeaqui.ddns.net\/pachuca\/index.php\/wp-json\/wp\/v2\/media?parent=1854"}],"wp:term":[{"taxonomy":"product_brand","embeddable":true,"href":"https:\/\/soydeaqui.ddns.net\/pachuca\/index.php\/wp-json\/wp\/v2\/product_brand?post=1854"},{"taxonomy":"product_cat","embeddable":true,"href":"https:\/\/soydeaqui.ddns.net\/pachuca\/index.php\/wp-json\/wp\/v2\/product_cat?post=1854"},{"taxonomy":"product_tag","embeddable":true,"href":"https:\/\/soydeaqui.ddns.net\/pachuca\/index.php\/wp-json\/wp\/v2\/product_tag?post=1854"}],"curies":[{"name":"wp","href":"https:\/\/api.w.org\/{rel}","templated":true}]}}