{"id":18479,"date":"2026-03-18T09:45:00","date_gmt":"2026-03-18T09:45:00","guid":{"rendered":"https:\/\/soydeaqui.ddns.net\/pachuca\/index.php\/producto\/acoplador-rj45-de-uso-industrial-estilo-tg-categora-6a-con-tapa-protectora-proteccin-ip67\/"},"modified":"2026-03-18T09:45:04","modified_gmt":"2026-03-18T09:45:04","slug":"acoplador-rj45-de-uso-industrial-estilo-tg-categora-6a-con-tapa-protectora-proteccin-ip67","status":"publish","type":"product","link":"https:\/\/soydeaqui.ddns.net\/pachuca\/index.php\/producto\/acoplador-rj45-de-uso-industrial-estilo-tg-categora-6a-con-tapa-protectora-proteccin-ip67\/","title":{"rendered":"Acoplador RJ45 de Uso Industrial Estilo TG, Categor?a 6A, con Tapa Protectora, Protecci?n IP67"},"content":{"rendered":"<div style='width: 100%; max-width: 1200px; margin: 0 auto; font-family: sans-serif; line-height: 1.6; color: inherit; background-color: transparent;'>\n<div style='display: flex; flex-wrap: wrap; gap: 30px; margin-bottom: 30px;'>\n<div style='flex: 1 1 300px; min-width: 280px;'>\n<h3 style='font-size: 22px; border-bottom: 2px solid currentColor; padding-bottom: 5px; margin-top: 0; color: inherit; opacity: 0.8;'>Descripci\u00f3n<\/h3>\n<p style='font-size: 15px; color: inherit; margin-top: 0; margin-bottom: 15px;'>El conector industrial de 8 posiciones es apto para su uso en entornos de fabricaci\u00f3n y cumple o supera los est\u00e1ndares ANSI\/TIA 568.2-D para los requisitos de rendimiento de Categor\u00eda. El conector Bulkhead y el plug RJ45 incorporan un sello con clasificaci\u00f3n IP67 y est\u00e1n dise\u00f1ados para brindar protecci\u00f3n contra el polvo y contra la inmersi\u00f3n temporal en agua que normalmente se encuentran en entornos industriales hostiles. La tapa protectora conectada garantiza la protecci\u00f3n IP67 del conector y el plug en la condici\u00f3n no acoplada.<\/p>\n<\/p><\/div>\n<\/p><\/div>\n<div style='display: flex; flex-wrap: wrap; gap: 20px; margin-bottom: 30px;'>\n<div style='flex: 1 1 250px; border: 1px solid rgba(150&comma; 150&comma; 150&comma; 0.4); border-radius: 8px; overflow: hidden; display: flex; flex-direction: column;'>\n<div style='padding: 15px; border-bottom: 1px solid rgba(150&comma; 150&comma; 150&comma; 0.2); font-weight: bold; font-size: 18px; color: inherit;'>Especificaciones T\u00e9cnicas<\/div>\n<div style='padding: 15px; color: inherit;'>\n<ul style='padding-left: 20px; margin: 0; font-size: 14px; list-style-type: disc;'>\n<li style='margin-bottom: 5px;'><strong>Rendimiento:<\/strong> Supera los requisitos de canal y componentes de las normas ANSI\/ TIA568.2-D Categor\u00eda 6A e ISO11801 Clase EA.<\/li>\n<li style='margin-bottom: 5px;'><strong>Rendimiento El\u00e9ctrico\/Mec\u00e1nico:<\/strong> Cumple con todos los requisitos de rendimiento el\u00e9ctrico y mec\u00e1nico ODVA Ethernet\/IP<\/li>\n<li style='margin-bottom: 5px;'><strong>Cumplimiento FCC y ANSI\/TIA:<\/strong> Cumple con ANSI\/TIA-1096-A; contactos chapados con 50 micropulgadas de oro para un rendimiento superior<\/li>\n<li style='margin-bottom: 5px;'><strong>Cumplimiento IEC:<\/strong> Cumple con las especificaciones IEC 60603-7<\/li>\n<li style='margin-bottom: 5px;'><strong>Cumplimiento IP:<\/strong> Clasificaci\u00f3n IP67 para protecci\u00f3n contra el polvo e inmersi\u00f3n temporal en l\u00edquido<\/li>\n<li style='margin-bottom: 5px;'><strong>Cumplimiento NEMA\/UL:<\/strong> Clasificado UL Tipo 12&comma; 6\/6P&comma; 4X<\/li>\n<\/ul><\/div>\n<\/p><\/div>\n<\/p><\/div>\n<hr style='border: 0; border-top: 1px solid rgba(150&comma; 150&comma; 150&comma; 0.3); margin: 30px 0;'> <\/div>\n","protected":false},"excerpt":{"rendered":"<p>Acoplador RJ45 de Uso Industrial Estilo TG, Categor?a 6A, con Tapa Protectora, Protecci?n IP67<\/p>\n","protected":false},"featured_media":18478,"comment_status":"open","ping_status":"closed","template":"","meta":[],"product_brand":[],"product_cat":[595],"product_tag":[586,596,445],"class_list":{"0":"post-18479","1":"product","2":"type-product","3":"status-publish","4":"has-post-thumbnail","6":"product_cat-jacks-plugs","7":"product_tag-cableado-de-cobre","8":"product_tag-jacks-plugs","9":"product_tag-panduit","11":"first","12":"outofstock","13":"sale","14":"shipping-taxable","15":"purchasable","16":"product-type-simple"},"_links":{"self":[{"href":"https:\/\/soydeaqui.ddns.net\/pachuca\/index.php\/wp-json\/wp\/v2\/product\/18479","targetHints":{"allow":["GET"]}}],"collection":[{"href":"https:\/\/soydeaqui.ddns.net\/pachuca\/index.php\/wp-json\/wp\/v2\/product"}],"about":[{"href":"https:\/\/soydeaqui.ddns.net\/pachuca\/index.php\/wp-json\/wp\/v2\/types\/product"}],"replies":[{"embeddable":true,"href":"https:\/\/soydeaqui.ddns.net\/pachuca\/index.php\/wp-json\/wp\/v2\/comments?post=18479"}],"wp:featuredmedia":[{"embeddable":true,"href":"https:\/\/soydeaqui.ddns.net\/pachuca\/index.php\/wp-json\/wp\/v2\/media\/18478"}],"wp:attachment":[{"href":"https:\/\/soydeaqui.ddns.net\/pachuca\/index.php\/wp-json\/wp\/v2\/media?parent=18479"}],"wp:term":[{"taxonomy":"product_brand","embeddable":true,"href":"https:\/\/soydeaqui.ddns.net\/pachuca\/index.php\/wp-json\/wp\/v2\/product_brand?post=18479"},{"taxonomy":"product_cat","embeddable":true,"href":"https:\/\/soydeaqui.ddns.net\/pachuca\/index.php\/wp-json\/wp\/v2\/product_cat?post=18479"},{"taxonomy":"product_tag","embeddable":true,"href":"https:\/\/soydeaqui.ddns.net\/pachuca\/index.php\/wp-json\/wp\/v2\/product_tag?post=18479"}],"curies":[{"name":"wp","href":"https:\/\/api.w.org\/{rel}","templated":true}]}}