{"id":18474,"date":"2026-03-18T09:44:52","date_gmt":"2026-03-18T09:44:52","guid":{"rendered":"https:\/\/soydeaqui.ddns.net\/pachuca\/index.php\/producto\/cable-de-interconexin-de-12-fibras-pticas-multimodo-om4-con-conector-pan-mpo-hembra-hembra-polaridad-a-lszh-de-17-metros-55-77-pies\/"},"modified":"2026-03-18T09:44:52","modified_gmt":"2026-03-18T09:44:52","slug":"cable-de-interconexin-de-12-fibras-pticas-multimodo-om4-con-conector-pan-mpo-hembra-hembra-polaridad-a-lszh-de-17-metros-55-77-pies","status":"publish","type":"product","link":"https:\/\/soydeaqui.ddns.net\/pachuca\/index.php\/producto\/cable-de-interconexin-de-12-fibras-pticas-multimodo-om4-con-conector-pan-mpo-hembra-hembra-polaridad-a-lszh-de-17-metros-55-77-pies\/","title":{"rendered":"Cable de Interconexi?n de 12 Fibras ?pticas Multimodo OM4, Con Conector Pan-MPO Hembra &#8211; Hembra, Polaridad A, LSZH, de 17 Metros (55.77 Pies)"},"content":{"rendered":"<div style='width: 100%; max-width: 1200px; margin: 0 auto; font-family: sans-serif; line-height: 1.6; color: inherit; background-color: transparent;'> <!-- Secci\u00f3n de descripci\u00f3n --> <\/p>\n<div style='margin-bottom: 30px;'>\n<p style='font-size: 15px; color: inherit; margin-bottom: 15px;'>Los ensambles de cables de interconexi\u00f3n MPO son ensambles pre-terminados de cables de 8&comma; 12 o 24 fibras que se utilizan en aplicaciones de redes de alta densidad. Estos ensambles de cables de interconexi\u00f3n se utilizan con casetes pre-terminados en \u00e1reas de distribuci\u00f3n de cableado principal y horizontal&comma; o para conectar directamente dispositivos a trav\u00e9s de conectividad MPO para soportar aplicaciones \u00f3pticas paralelas de 40G &#8211; 400G. El sistema QuickNet\u2122 cumple con las demandas de Ethernet de 10G &#8211; 400G y de los sistemas Fibre Channel de alta velocidad. El dise\u00f1o modular de alta densidad se adapta a los distribuidores de casetes de fibra de montaje en rack para garantizar un uso eficiente del espacio y una r\u00e1pida implementaci\u00f3n de la red.<\/p>\n<\/p><\/div>\n<p> <!-- Secci\u00f3n de especificaciones --> <\/p>\n<div style='display: flex; flex-wrap: wrap; gap: 30px; margin-bottom: 30px;'>\n<div style='flex: 1 1 300px; min-width: 280px;'>\n<h3 style='font-size: 22px; border-bottom: 2px solid currentColor; padding-bottom: 5px; margin-top: 0; color: inherit; opacity: 0.8;'>Especificaciones T\u00e9cnicas<\/h3>\n<ul style='padding-left: 20px; font-size: 15px; color: inherit;'>\n<li style='margin-bottom: 5px;'><strong>Tipo de fibra:<\/strong> OM4<\/li>\n<li style='margin-bottom: 5px;'><strong>N\u00famero de fibras:<\/strong> 12<\/li>\n<li style='margin-bottom: 5px;'><strong>Tipo de conector 1:<\/strong> PanMPO\u2122-12 Female<\/li>\n<li style='margin-bottom: 5px;'><strong>Tipo de conector 2:<\/strong> PanMPO\u2122-12 Female<\/li>\n<li style='margin-bottom: 5px;'><strong>Grado de inflamabilidad:<\/strong> LSZH<\/li>\n<li style='margin-bottom: 5px;'><strong>Clasificaci\u00f3n de flamabilidad EuroClass:<\/strong> Dca\/Eca<\/li>\n<li style='margin-bottom: 5px;'><strong>Rendimiento por p\u00e9rdida de inserci\u00f3n:<\/strong> Optimized<\/li>\n<li style='margin-bottom: 5px;'><strong>Di\u00e1metro exterior (mm):<\/strong> 3<\/li>\n<li style='margin-bottom: 5px;'><strong>Longitud total (m):<\/strong> 17<\/li>\n<li style='margin-bottom: 5px;'><strong>Polaridad:<\/strong> A<\/li>\n<li style='margin-bottom: 5px;'><strong>Color de cable:<\/strong> Aqua<\/li>\n<\/ul><\/div>\n<p> <!-- Secci\u00f3n de normas --> <\/p>\n<div style='flex: 1 1 300px; min-width: 280px;'>\n<h3 style='font-size: 22px; border-bottom: 2px solid currentColor; padding-bottom: 5px; margin-top: 0; color: inherit; opacity: 0.8;'>Cumple las normas<\/h3>\n<ul style='padding-left: 20px; font-size: 15px; color: inherit;'>\n<li style='margin-bottom: 5px;'>ISO\/IEC 11801<\/li>\n<li style='margin-bottom: 5px;'>TIA\/EIA-568-C.3<\/li>\n<li style='margin-bottom: 5px;'>TIA-604-5 (FOCIS-5)<\/li>\n<li style='margin-bottom: 5px;'>TIA\/EIA-568-C.1<\/li>\n<li style='margin-bottom: 5px;'>RoHS Compliant<\/li>\n<\/ul><\/div>\n<\/p><\/div>\n<p> <!-- Separador --> <\/p>\n<hr style='border: 0; border-top: 1px solid rgba(150&comma; 150&comma; 150&comma; 0.3); margin: 30px 0;'> <\/div>\n","protected":false},"excerpt":{"rendered":"<p>Cable de Interconexi?n de 12 Fibras ?pticas Multimodo OM4, Con Conector Pan-MPO Hembra &#8211; Hembra, Polaridad A, LSZH, de 17 Metros (55.77 Pies)<\/p>\n","protected":false},"featured_media":18473,"comment_status":"open","ping_status":"closed","template":"","meta":[],"product_brand":[],"product_cat":[617],"product_tag":[611,618,445],"class_list":{"0":"post-18474","1":"product","2":"type-product","3":"status-publish","4":"has-post-thumbnail","6":"product_cat-jumpers-y-pigtails","7":"product_tag-fibra-optica","8":"product_tag-jumpers-y-pigtails","9":"product_tag-panduit","11":"first","12":"instock","13":"sale","14":"shipping-taxable","15":"purchasable","16":"product-type-simple"},"_links":{"self":[{"href":"https:\/\/soydeaqui.ddns.net\/pachuca\/index.php\/wp-json\/wp\/v2\/product\/18474","targetHints":{"allow":["GET"]}}],"collection":[{"href":"https:\/\/soydeaqui.ddns.net\/pachuca\/index.php\/wp-json\/wp\/v2\/product"}],"about":[{"href":"https:\/\/soydeaqui.ddns.net\/pachuca\/index.php\/wp-json\/wp\/v2\/types\/product"}],"replies":[{"embeddable":true,"href":"https:\/\/soydeaqui.ddns.net\/pachuca\/index.php\/wp-json\/wp\/v2\/comments?post=18474"}],"wp:featuredmedia":[{"embeddable":true,"href":"https:\/\/soydeaqui.ddns.net\/pachuca\/index.php\/wp-json\/wp\/v2\/media\/18473"}],"wp:attachment":[{"href":"https:\/\/soydeaqui.ddns.net\/pachuca\/index.php\/wp-json\/wp\/v2\/media?parent=18474"}],"wp:term":[{"taxonomy":"product_brand","embeddable":true,"href":"https:\/\/soydeaqui.ddns.net\/pachuca\/index.php\/wp-json\/wp\/v2\/product_brand?post=18474"},{"taxonomy":"product_cat","embeddable":true,"href":"https:\/\/soydeaqui.ddns.net\/pachuca\/index.php\/wp-json\/wp\/v2\/product_cat?post=18474"},{"taxonomy":"product_tag","embeddable":true,"href":"https:\/\/soydeaqui.ddns.net\/pachuca\/index.php\/wp-json\/wp\/v2\/product_tag?post=18474"}],"curies":[{"name":"wp","href":"https:\/\/api.w.org\/{rel}","templated":true}]}}