{"id":1841,"date":"2026-03-18T05:50:32","date_gmt":"2026-03-18T05:50:32","guid":{"rendered":"https:\/\/soydeaqui.ddns.net\/pachuca\/index.php\/producto\/gabinete-para-resguardo-de-sirena-de-30-w-sf581a-o-sf581l-no-incluida-preparacion-para-tamper-no-incluido\/"},"modified":"2026-03-18T05:50:37","modified_gmt":"2026-03-18T05:50:37","slug":"gabinete-para-resguardo-de-sirena-de-30-w-sf581a-o-sf581l-no-incluida-preparacion-para-tamper-no-incluido","status":"publish","type":"product","link":"https:\/\/soydeaqui.ddns.net\/pachuca\/index.php\/producto\/gabinete-para-resguardo-de-sirena-de-30-w-sf581a-o-sf581l-no-incluida-preparacion-para-tamper-no-incluido\/","title":{"rendered":"Gabinete para Resguardo de Sirena de 30 W (SF581A o SF581L No incluida), Preparaci\u00f3n para Tamper (No incluido)."},"content":{"rendered":"<div style='width: 100%; max-width: 1200px; margin: 0 auto; font-family: sans-serif; line-height: 1.6; color: inherit; background-color: transparent;'> <!-- Secciones de caracter\u00edsticas --> <\/p>\n<div style='display: flex; flex-wrap: wrap; gap: 30px; margin-bottom: 30px;'>\n<div style='flex: 1 1 300px; min-width: 280px;'>\n<h3 style='font-size: 22px; border-bottom: 2px solid currentColor; padding-bottom: 5px; margin-top: 0; color: inherit; opacity: 0.8;'>Caracter\u00edsticas<\/h3>\n<ul style='padding-left: 20px; font-size: 15px; color: inherit;'>\n<li style='margin-bottom: 5px;'>Fabricado en Acero<\/li>\n<li style='margin-bottom: 5px;'>Dise\u00f1ada para instalar en exterior de la vivienda o local comercial<\/li>\n<li style='margin-bottom: 5px;'>F\u00e1cil instalaci\u00f3n. Coloque la base con taquetes&comma; coloque sirena y coloque tapa<\/li>\n<li style='margin-bottom: 5px;'>Se puede instalar 1 switch tamper (no incluido) y alertan en caso de apertura o retiro de total de gabinete<\/li>\n<\/ul><\/div>\n<div style='flex: 1 1 300px; min-width: 280px;'>\n<h3 style='font-size: 22px; border-bottom: 2px solid currentColor; padding-bottom: 5px; margin-top: 0; color: inherit; opacity: 0.8;'>Caracter\u00edsticas F\u00edsicas<\/h3>\n<ul style='padding-left: 20px; font-size: 15px; color: inherit;'>\n<li style='margin-bottom: 5px;'><strong>Pintura:<\/strong> Beige Electroest\u00e1tica<\/li>\n<li style='margin-bottom: 5px;'><strong>Aplicaci\u00f3n:<\/strong> Exterior<\/li>\n<li style='margin-bottom: 5px;'><strong>Material:<\/strong> Acero calibre 26<\/li>\n<li style='margin-bottom: 5px;'><strong>Peso:<\/strong> 0.92 Kg<\/li>\n<li style='margin-bottom: 5px;'><strong>Dimensiones exteriores:<\/strong> 209 x 151 x 265 mm (Ancho x Alto x Profundidad)<\/li>\n<\/ul><\/div>\n<div style='flex: 1 1 300px; min-width: 280px;'>\n<h3 style='font-size: 22px; border-bottom: 2px solid currentColor; padding-bottom: 5px; margin-top: 0; color: inherit; opacity: 0.8;'>Equipo Compatible (No incluido)<\/h3>\n<ul style='padding-left: 20px; font-size: 14px; color: inherit;'>\n<li style='margin-bottom: 5px;'><a style='color: #005cb9; text-decoration: none; font-weight: 600;' href='https:\/\/www.syscom.mx\/producto\/SF-581A-SFIRE-144778.html'>SF-581A<\/a>. Sirena de dos tonos 30 W<\/li>\n<li style='margin-bottom: 5px;'><a style='color: #005cb9; text-decoration: none; font-weight: 600;' href='https:\/\/www.syscom.mx\/producto\/SF581L-SFIRE-67582.html'>SF581L<\/a> Sirena de dos tonos 30 W<\/li>\n<li style='margin-bottom: 5px;'><a style='color: #005cb9; text-decoration: none; font-weight: 600;' href='https:\/\/www.syscom.mx\/producto\/SFTAMP01-SFIRE-162703.html'>SFTAMP01<\/a>&comma; <a style='color: #005cb9; text-decoration: none; font-weight: 600;' href='https:\/\/www.syscom.mx\/producto\/SS072-SECO-LARM-USA-INC-31138.html'>SS072<\/a> o <a style='color: #005cb9; text-decoration: none; font-weight: 600;' href='https:\/\/www.syscom.mx\/producto\/SS073-SECO-LARM-31140.html'>SS073<\/a> Switch tipo tamper<\/li>\n<li style='margin-bottom: 5px;'><a style='color: #005cb9; text-decoration: none; font-weight: 600;' href='https:\/\/www.syscom.mx\/producto\/TP-0-KIT-THORSMAN-78357.html'>TP-0-KIT<\/a> Taquetes para instalaci\u00f3n a pared<\/li>\n<\/ul><\/div>\n<\/p><\/div>\n<p> <!-- Secci\u00f3n de recomendaciones --> <\/p>\n<div style='margin-bottom: 30px;'>\n<h3 style='font-size: 22px; border-bottom: 2px solid currentColor; padding-bottom: 5px; margin-top: 0; color: inherit; opacity: 0.8;'>Recomendaciones<\/h3>\n<ul style='padding-left: 20px; font-size: 15px; color: inherit;'>\n<li style='margin-bottom: 5px;'>Se recomienda que el lado perforado apunte hacia abajo para evitar la acumulaci\u00f3n de polvo y lluvia directa<\/li>\n<li style='margin-bottom: 5px;'>Aseg\u00farese de que la instalaci\u00f3n sea realizada por un profesional capacitado<\/li>\n<li style='margin-bottom: 5px;'>Peri\u00f3dicamente revise que la torniller\u00eda este correctamente ajustada<\/li>\n<li style='margin-bottom: 5px;'>Programe un plan de mantenimiento para eliminar exceso de polvo y suciedad en el equipo<\/li>\n<li style='margin-bottom: 5px; color: #e74c3c;'><strong>NO se recomienda utilizar el equipo en \u00e1reas de alta h\u00famedad o corrosi\u00f3n. Este uso puede provocar desprendimiento temprano de pintura y generaci\u00f3n de \u00f3xido de forma acelerada<\/strong><\/li>\n<\/ul><\/div>\n<p> <!-- Separador --> <\/p>\n<hr style='border: 0; border-top: 1px solid rgba(150&comma; 150&comma; 150&comma; 0.3); margin: 30px 0;'> <\/div>\n","protected":false},"excerpt":{"rendered":"<p>Gabinete para Resguardo de Sirena de 30 W (SF581A o SF581L No incluida), Preparaci\u00f3n para Tamper (No incluido).<\/p>\n","protected":false},"featured_media":1840,"comment_status":"open","ping_status":"closed","template":"","meta":[],"product_brand":[],"product_cat":[146],"product_tag":[93,181,147],"class_list":{"0":"post-1841","1":"product","2":"type-product","3":"status-publish","4":"has-post-thumbnail","6":"product_cat-sirenas-y-estrobos","7":"product_tag-accesorios","8":"product_tag-epcom-industrial","9":"product_tag-sirenas-y-estrobos","11":"first","12":"instock","13":"sale","14":"shipping-taxable","15":"purchasable","16":"product-type-simple"},"_links":{"self":[{"href":"https:\/\/soydeaqui.ddns.net\/pachuca\/index.php\/wp-json\/wp\/v2\/product\/1841","targetHints":{"allow":["GET"]}}],"collection":[{"href":"https:\/\/soydeaqui.ddns.net\/pachuca\/index.php\/wp-json\/wp\/v2\/product"}],"about":[{"href":"https:\/\/soydeaqui.ddns.net\/pachuca\/index.php\/wp-json\/wp\/v2\/types\/product"}],"replies":[{"embeddable":true,"href":"https:\/\/soydeaqui.ddns.net\/pachuca\/index.php\/wp-json\/wp\/v2\/comments?post=1841"}],"wp:featuredmedia":[{"embeddable":true,"href":"https:\/\/soydeaqui.ddns.net\/pachuca\/index.php\/wp-json\/wp\/v2\/media\/1840"}],"wp:attachment":[{"href":"https:\/\/soydeaqui.ddns.net\/pachuca\/index.php\/wp-json\/wp\/v2\/media?parent=1841"}],"wp:term":[{"taxonomy":"product_brand","embeddable":true,"href":"https:\/\/soydeaqui.ddns.net\/pachuca\/index.php\/wp-json\/wp\/v2\/product_brand?post=1841"},{"taxonomy":"product_cat","embeddable":true,"href":"https:\/\/soydeaqui.ddns.net\/pachuca\/index.php\/wp-json\/wp\/v2\/product_cat?post=1841"},{"taxonomy":"product_tag","embeddable":true,"href":"https:\/\/soydeaqui.ddns.net\/pachuca\/index.php\/wp-json\/wp\/v2\/product_tag?post=1841"}],"curies":[{"name":"wp","href":"https:\/\/api.w.org\/{rel}","templated":true}]}}