{"id":18379,"date":"2026-03-18T09:42:52","date_gmt":"2026-03-18T09:42:52","guid":{"rendered":"https:\/\/soydeaqui.ddns.net\/pachuca\/index.php\/producto\/flejadora-manual-con-ajuste-de-tensin-y-corte-para-uso-con-flejes-de-19-1-mm-0-75-pulgadas-de-ancho\/"},"modified":"2026-03-18T09:42:55","modified_gmt":"2026-03-18T09:42:55","slug":"flejadora-manual-con-ajuste-de-tensin-y-corte-para-uso-con-flejes-de-19-1-mm-0-75-pulgadas-de-ancho","status":"publish","type":"product","link":"https:\/\/soydeaqui.ddns.net\/pachuca\/index.php\/producto\/flejadora-manual-con-ajuste-de-tensin-y-corte-para-uso-con-flejes-de-19-1-mm-0-75-pulgadas-de-ancho\/","title":{"rendered":"Flejadora Manual Con Ajuste de Tensi?n y Corte, Para Uso Con Flejes de 19.1 mm (0.75 Pulgadas) de Ancho"},"content":{"rendered":"<div style='width: 100%; max-width: 1200px; margin: 0 auto; font-family: sans-serif; line-height: 1.6; color: inherit; background-color: transparent;'>\n<div style='display: flex; flex-wrap: wrap; gap: 30px; margin-bottom: 30px;'>\n<div style='flex: 1 1 300px; min-width: 280px;'>\n<div style='margin-bottom: 20px;'> <img style='width: 100%; height: auto; border: 1px solid rgba(150&comma;150&comma;150&comma;0.3); border-radius: 8px;' src='https:\/\/ftp3.syscom.mx\/usuarios\/fotos\/SCL2\/0X\/214870-217843-panduit-logo-tm-negro-fondo_trans30-01_(002)_(1).png' alt=''> <\/div>\n<\/p><\/div>\n<div style='flex: 1 1 300px; min-width: 280px;'>\n<h1 style='font-size: 26px; margin-top: 0; margin-bottom: 15px; color: inherit; opacity: 0.9; font-weight: 600; line-height: 1.3;'>Flejadora Manual Pan-Steel\u2122 con Ajuste de Tensi\u00f3n y Corte&comma; Para Uso Con Flejes de 19.1 mm de Ancho &comma; color Azul.<\/h1>\n<h3 style='font-size: 20px; margin: 0 0 15px 0; color: inherit; opacity: 0.8; font-weight: 600;'>BT75SDT<\/h3>\n<p style='font-size: 15px; margin-bottom: 20px; color: inherit;'>La herramienta de instalaci\u00f3n manual BT75SDT tensiona la correa con un mecanismo de destornillador que aplica tensi\u00f3n alta y reduce la fatiga del operador. La entrada por el lado de la correa permite insertar la correa f\u00e1cilmente y agiliza la instalaci\u00f3n.<\/p>\n<\/p><\/div>\n<\/p><\/div>\n<p> <!-- Secci\u00f3n de cards con especificaciones --> <\/p>\n<div style='display: flex; flex-wrap: wrap; gap: 20px; margin-bottom: 30px;'>\n<div style='flex: 1 1 250px; border: 1px solid rgba(150&comma; 150&comma; 150&comma; 0.4); border-radius: 8px; overflow: hidden; display: flex; flex-direction: column;'>\n<div style='padding: 15px; border-bottom: 1px solid rgba(150&comma; 150&comma; 150&comma; 0.2); font-weight: bold; font-size: 18px; color: inherit;'>Especificaciones<\/div>\n<div style='padding: 15px; color: inherit;'>\n<ul style='padding-left: 20px; margin: 0; font-size: 14px; list-style-type: disc;'>\n<li style='margin-bottom: 5px; background-color: rgba(239&comma;239&comma;239&comma;0.6); padding: 8px; border-radius: 4px;'><strong>Aplicaci\u00f3n:<\/strong> Herramienta de instalaci\u00f3n para correas MS75<\/li>\n<li style='margin-bottom: 5px; padding: 8px; border-radius: 4px;'><strong>Tipo de producto:<\/strong> Herramienta para colocaci\u00f3n de correas<\/li>\n<li style='margin-bottom: 5px; background-color: rgba(239&comma;239&comma;239&comma;0.6); padding: 8px; border-radius: 4px;'><strong>Color:<\/strong> Azul<\/li>\n<li style='margin-bottom: 5px; padding: 8px; border-radius: 4px;'><strong>Ancho m\u00e1ximo compatible de correa (in):<\/strong> 0.75<\/li>\n<li style='margin-bottom: 5px; background-color: rgba(239&comma;239&comma;239&comma;0.6); padding: 8px; border-radius: 4px;'><strong>Ancho m\u00e1ximo compatible de correa (mm):<\/strong> 19.1<\/li>\n<li style='margin-bottom: 5px; padding: 8px; border-radius: 4px;'><strong>Tipo de corte:<\/strong> Manual<\/li>\n<li style='margin-bottom: 5px; background-color: rgba(239&comma;239&comma;239&comma;0.6); padding: 8px; border-radius: 4px;'><strong>Para usar con:<\/strong> Correas MS75<\/li>\n<li style='margin-bottom: 5px; padding: 8px; border-radius: 4px;'><strong>Submarca:<\/strong> Pan-Steel\u2122<\/li>\n<li style='margin-bottom: 5px; background-color: rgba(239&comma;239&comma;239&comma;0.6); padding: 8px; border-radius: 4px;'><strong>Longitud total (in):<\/strong> 15<\/li>\n<li style='margin-bottom: 5px; padding: 8px; border-radius: 4px;'><strong>Longitud total (mm):<\/strong> 381<\/li>\n<li style='margin-bottom: 5px; background-color: rgba(239&comma;239&comma;239&comma;0.6); padding: 8px; border-radius: 4px;'><strong>Anchura total (in):<\/strong> 8<\/li>\n<li style='margin-bottom: 5px; padding: 8px; border-radius: 4px;'><strong>Anchura total (mm):<\/strong> 203<\/li>\n<li style='margin-bottom: 5px; background-color: rgba(239&comma;239&comma;239&comma;0.6); padding: 8px; border-radius: 4px;'><strong>Tipo de tensi\u00f3n:<\/strong> Tensi\u00f3n controlada<\/li>\n<li style='margin-bottom: 5px; padding: 8px; border-radius: 4px;'><strong>Tipo de herramienta:<\/strong> Funcionamiento manual<\/li>\n<\/ul><\/div>\n<\/p><\/div>\n<div style='flex: 1 1 250px; border: 1px solid rgba(150&comma; 150&comma; 150&comma; 0.4); border-radius: 8px; overflow: hidden; display: flex; flex-direction: column;'>\n<div style='padding: 15px; border-bottom: 1px solid rgba(150&comma; 150&comma; 150&comma; 0.2); font-weight: bold; font-size: 18px; color: inherit;'>Caracter\u00edsticas<\/div>\n<div style='padding: 15px; color: inherit;'>\n<p style='margin: 0; font-size: 14px; color: inherit;'>El mecanismo de destornillador permite aplicar tensi\u00f3n alta con esfuerzo m\u00ednimo&comma; lo que reduce la fatiga del operador. La construcci\u00f3n de alta resistencia prolonga la vida \u00fatil. La entrada del lado de la correa permite colocar la correa con rapidez en la herramienta y acelerar la instalaci\u00f3n.<\/p>\n<\/p><\/div>\n<\/p><\/div>\n<\/p><\/div>\n<p> <!-- Separador --> <\/p>\n<hr style='border: 0; border-top: 1px solid rgba(150&comma; 150&comma; 150&comma; 0.3); margin: 30px 0;'> <\/div>\n","protected":false},"excerpt":{"rendered":"<p>Flejadora Manual Con Ajuste de Tensi?n y Corte, Para Uso Con Flejes de 19.1 mm (0.75 Pulgadas) de Ancho<\/p>\n","protected":false},"featured_media":18378,"comment_status":"open","ping_status":"closed","template":"","meta":[],"product_brand":[],"product_cat":[608],"product_tag":[586,25,445],"class_list":{"0":"post-18379","1":"product","2":"type-product","3":"status-publish","4":"has-post-thumbnail","6":"product_cat-herramientas-cableado-de-cobre","7":"product_tag-cableado-de-cobre","8":"product_tag-herramientas","9":"product_tag-panduit","11":"first","12":"outofstock","13":"sale","14":"shipping-taxable","15":"purchasable","16":"product-type-simple"},"_links":{"self":[{"href":"https:\/\/soydeaqui.ddns.net\/pachuca\/index.php\/wp-json\/wp\/v2\/product\/18379","targetHints":{"allow":["GET"]}}],"collection":[{"href":"https:\/\/soydeaqui.ddns.net\/pachuca\/index.php\/wp-json\/wp\/v2\/product"}],"about":[{"href":"https:\/\/soydeaqui.ddns.net\/pachuca\/index.php\/wp-json\/wp\/v2\/types\/product"}],"replies":[{"embeddable":true,"href":"https:\/\/soydeaqui.ddns.net\/pachuca\/index.php\/wp-json\/wp\/v2\/comments?post=18379"}],"wp:featuredmedia":[{"embeddable":true,"href":"https:\/\/soydeaqui.ddns.net\/pachuca\/index.php\/wp-json\/wp\/v2\/media\/18378"}],"wp:attachment":[{"href":"https:\/\/soydeaqui.ddns.net\/pachuca\/index.php\/wp-json\/wp\/v2\/media?parent=18379"}],"wp:term":[{"taxonomy":"product_brand","embeddable":true,"href":"https:\/\/soydeaqui.ddns.net\/pachuca\/index.php\/wp-json\/wp\/v2\/product_brand?post=18379"},{"taxonomy":"product_cat","embeddable":true,"href":"https:\/\/soydeaqui.ddns.net\/pachuca\/index.php\/wp-json\/wp\/v2\/product_cat?post=18379"},{"taxonomy":"product_tag","embeddable":true,"href":"https:\/\/soydeaqui.ddns.net\/pachuca\/index.php\/wp-json\/wp\/v2\/product_tag?post=18379"}],"curies":[{"name":"wp","href":"https:\/\/api.w.org\/{rel}","templated":true}]}}