{"id":18300,"date":"2026-03-18T09:41:30","date_gmt":"2026-03-18T09:41:30","guid":{"rendered":"https:\/\/soydeaqui.ddns.net\/pachuca\/index.php\/producto\/gabinete-a-prueba-de-explosion-e-ignifugo-de-16-x-24-x-8-serie-exblt-aluminio-fundido-para-areas-clasificadas\/"},"modified":"2026-03-18T09:41:32","modified_gmt":"2026-03-18T09:41:32","slug":"gabinete-a-prueba-de-explosion-e-ignifugo-de-16-x-24-x-8-serie-exblt-aluminio-fundido-para-areas-clasificadas","status":"publish","type":"product","link":"https:\/\/soydeaqui.ddns.net\/pachuca\/index.php\/producto\/gabinete-a-prueba-de-explosion-e-ignifugo-de-16-x-24-x-8-serie-exblt-aluminio-fundido-para-areas-clasificadas\/","title":{"rendered":"Gabinete a Prueba de Explosi\u00f3n e Ignifugo de 16&#8243; x 24&#8243; x 8&#8243;\/ Serie EXBLT \/Aluminio Fundido \/ Para \u00c1reas Clasificadas."},"content":{"rendered":"<div style='width: 100%; max-width: 1200px; margin: 0 auto; font-family: sans-serif; line-height: 1.6; color: inherit; background-color: transparent;'>\n<div style='display: flex; flex-wrap: wrap; gap: 30px; margin-bottom: 30px;'>\n<div style='flex: 1 1 300px; min-width: 280px;'>\n<h3 style='font-size: 22px; border-bottom: 2px solid currentColor; padding-bottom: 5px; margin-top: 0; color: inherit; opacity: 0.8;'>Caracter\u00edsticas<\/h3>\n<p style='font-size: 15px; margin-top: 0; color: inherit;'>Las cajas EXBLT est\u00e1n hechas de aluminio fundido sin cobre&comma; con un contenido de cobre inferior a 4\/10 del 1%. La serie EXBLT es hasta un 35% m\u00e1s ligera que la serie EXB.<\/p>\n<p style='font-size: 15px; color: inherit;'>Las cubiertas de los EXBLT est\u00e1n hechas de placa de aluminio 6061-T6&comma; que tambi\u00e9n contiene menos de 4\/10 del 1% de contenido de cobre. Los gabinetes se suministran de manera est\u00e1ndar con una junta t\u00f3rica de nitrilo (BUNA-N) y orejetas de montaje d\u00factiles. Las cajas tienen protuberancias de montaje internas pretaladradas para bandejas de montaje instaladas en f\u00e1brica o en campo. Las opciones incluyen ventanas de visualizaci\u00f3n&comma; operadores de control&comma; manijas giratorias&comma; manijas de disyuntores&comma; aberturas de conductos NPT y aberturas de prensaestopas m\u00e9tricas.<\/p>\n<\/p><\/div>\n<\/p><\/div>\n<div style='display: flex; flex-wrap: wrap; gap: 20px; margin-bottom: 30px;'>\n<div style='flex: 1 1 250px; border: 1px solid rgba(150&comma; 150&comma; 150&comma; 0.4); border-radius: 8px; overflow: hidden; display: flex; flex-direction: column;'>\n<div style='padding: 15px; border-bottom: 1px solid rgba(150&comma; 150&comma; 150&comma; 0.2); font-weight: bold; font-size: 18px; color: inherit;'>Especificaciones<\/div>\n<div style='padding: 15px; color: inherit;'>\n<ul style='padding-left: 20px; margin: 0; font-size: 14px; list-style-type: disc; color: inherit;'>\n<li style='margin-bottom: 5px; color: inherit;'><strong style='color: inherit;'>Color:<\/strong> Gris<\/li>\n<li style='margin-bottom: 5px; color: inherit;'><strong style='color: inherit;'>Tipo de Tapa:<\/strong> Atornillada<\/li>\n<li style='margin-bottom: 5px; color: inherit;'><strong style='color: inherit;'>Material:<\/strong> Menos de 4\/10 del 1%<\/li>\n<li style='margin-bottom: 5px; color: inherit;'><strong style='color: inherit;'>Tama\u00f1o:<\/strong> x x in<\/li>\n<li style='margin-bottom: 5px; color: inherit;'><strong style='color: inherit;'>Tipo:<\/strong> Caja de conexiones<\/li>\n<li style='margin-bottom: 5px; color: inherit;'><strong style='color: inherit;'>N\u00famero de archivo CSA:<\/strong> LR11716<\/li>\n<li style='margin-bottom: 5px; color: inherit;'><strong style='color: inherit;'>Nema:<\/strong> 3&comma; 4&comma; 4X<\/li>\n<li style='margin-bottom: 5px; color: inherit;'><strong style='color: inherit;'>Clasificaci\u00f3n para \u00e1reas peligrosas:<\/strong><\/li>\n<ul style='padding-left: 30px; margin-top: 5px; margin-bottom: 0; color: inherit;'>\n<li style='margin-bottom: 3px; color: inherit;'>Clase I&comma; Divisiones 1 &#038; 2&comma; Grupos B&comma;C&comma;D<\/li>\n<li style='margin-bottom: 3px; color: inherit;'>Clase I&comma; Zonas 1 &#038; 2&comma; Grupos IIB + H2&comma; IIA<\/li>\n<li style='margin-bottom: 3px; color: inherit;'>Clase II&comma; Divisiones 1 &#038; 2&comma; Grupos E&comma;F&comma;G<\/li>\n<li style='margin-bottom: 5px; color: inherit;'>Clase III&comma; Divisiones 1 &#038; 2<\/li>\n<\/ul>\n<\/ul><\/div>\n<\/p><\/div>\n<\/p><\/div>\n<\/p><\/div>\n","protected":false},"excerpt":{"rendered":"<p>Gabinete a Prueba de Explosi\u00f3n e Ignifugo de 16&#8243; x 24&#8243; x 8&#8243;\/ Serie EXBLT \/Aluminio Fundido \/ Para \u00c1reas Clasificadas.<\/p>\n","protected":false},"featured_media":18299,"comment_status":"open","ping_status":"closed","template":"","meta":[],"product_brand":[],"product_cat":[655],"product_tag":[572,704,656],"class_list":{"0":"post-18300","1":"product","2":"type-product","3":"status-publish","4":"has-post-thumbnail","6":"product_cat-tuberia-metalica-conduit-accesorios","7":"product_tag-canalizacion","8":"product_tag-hubbell-killark","9":"product_tag-tuberia-metalica-conduit-accesorios","11":"first","12":"outofstock","13":"sale","14":"shipping-taxable","15":"purchasable","16":"product-type-simple"},"_links":{"self":[{"href":"https:\/\/soydeaqui.ddns.net\/pachuca\/index.php\/wp-json\/wp\/v2\/product\/18300","targetHints":{"allow":["GET"]}}],"collection":[{"href":"https:\/\/soydeaqui.ddns.net\/pachuca\/index.php\/wp-json\/wp\/v2\/product"}],"about":[{"href":"https:\/\/soydeaqui.ddns.net\/pachuca\/index.php\/wp-json\/wp\/v2\/types\/product"}],"replies":[{"embeddable":true,"href":"https:\/\/soydeaqui.ddns.net\/pachuca\/index.php\/wp-json\/wp\/v2\/comments?post=18300"}],"wp:featuredmedia":[{"embeddable":true,"href":"https:\/\/soydeaqui.ddns.net\/pachuca\/index.php\/wp-json\/wp\/v2\/media\/18299"}],"wp:attachment":[{"href":"https:\/\/soydeaqui.ddns.net\/pachuca\/index.php\/wp-json\/wp\/v2\/media?parent=18300"}],"wp:term":[{"taxonomy":"product_brand","embeddable":true,"href":"https:\/\/soydeaqui.ddns.net\/pachuca\/index.php\/wp-json\/wp\/v2\/product_brand?post=18300"},{"taxonomy":"product_cat","embeddable":true,"href":"https:\/\/soydeaqui.ddns.net\/pachuca\/index.php\/wp-json\/wp\/v2\/product_cat?post=18300"},{"taxonomy":"product_tag","embeddable":true,"href":"https:\/\/soydeaqui.ddns.net\/pachuca\/index.php\/wp-json\/wp\/v2\/product_tag?post=18300"}],"curies":[{"name":"wp","href":"https:\/\/api.w.org\/{rel}","templated":true}]}}