{"id":18283,"date":"2026-03-18T09:41:13","date_gmt":"2026-03-18T09:41:13","guid":{"rendered":"https:\/\/soydeaqui.ddns.net\/pachuca\/index.php\/producto\/tubo-conduit-cedula-40-de-1-27-mm-sin-cople\/"},"modified":"2026-03-18T09:41:14","modified_gmt":"2026-03-18T09:41:14","slug":"tubo-conduit-cedula-40-de-1-27-mm-sin-cople","status":"publish","type":"product","link":"https:\/\/soydeaqui.ddns.net\/pachuca\/index.php\/producto\/tubo-conduit-cedula-40-de-1-27-mm-sin-cople\/","title":{"rendered":"Tubo Conduit C\u00e9dula 40 de 1&#8243; (27 mm) \/ Sin Cople."},"content":{"rendered":"<div style='width: 100%; max-width: 1200px; margin: 0 auto; font-family: sans-serif; line-height: 1.6; color: inherit; background-color: transparent;'> <!-- Secci\u00f3n de aplicaciones --> <\/p>\n<div style='margin-bottom: 30px;'>\n<h3 style='font-size: 22px; border-bottom: 2px solid currentColor; padding-bottom: 5px; margin-top: 0; color: inherit; opacity: 0.8;'>Aplicaciones<\/h3>\n<p style='font-size: 15px; color: inherit; margin-top: 15px; margin-bottom: 0;'>La tuber\u00eda conduit Cedula 40&comma; se utiliza para la conducci\u00f3n de cableado el\u00e9ctrico tanto en instalaciones ocultas&comma; ya sea empotrados en concreto o paredes como en instalaciones visible o en la industria. Es utilizado en hospitales&comma; industrias&comma; cuartos de c\u00f3mputo y tableros de aislamiento&comma; entre otros.<\/p>\n<\/p><\/div>\n<p> <!-- Secci\u00f3n de caracter\u00edsticas --> <\/p>\n<div style='margin-bottom: 30px;'>\n<h3 style='font-size: 22px; border-bottom: 2px solid currentColor; padding-bottom: 5px; margin-top: 0; color: inherit; opacity: 0.8;'>Caracter\u00edsticas destacadas<\/h3>\n<ul style='padding-left: 20px; font-size: 15px; color: inherit; margin-top: 15px;'>\n<li style='margin-bottom: 5px;'><strong>Tipo:<\/strong> Cedula 40 (Etiqueta Naranja)&comma; con rosca sin cople.<\/li>\n<li style='margin-bottom: 5px;'><strong>Di\u00e1metro:<\/strong> 1&#8242; (27 mm)<\/li>\n<li style='margin-bottom: 5px;'><strong>Longitud:<\/strong> 3.20 m<\/li>\n<li style='margin-bottom: 5px;'><strong>Peso unitario:<\/strong> 6.94 Kg.<\/li>\n<li style='margin-bottom: 5px;'><strong>Espesor nominal:<\/strong> 3.20 mm (0.126&#8242;)<\/li>\n<li style='margin-bottom: 5px;'><strong>Di\u00e1metro exterior:<\/strong> 33.401 mm (1.315&#8242;)<\/li>\n<li style='margin-bottom: 5px;'><strong>No. de Hilos por pulgada:<\/strong> 11.5<\/li>\n<li style='margin-bottom: 5px;'><strong>Longitud efectiva de rosca:<\/strong> 24.90 mm<\/li>\n<li style='margin-bottom: 5px;'><strong>Extremos con rosca comercial:<\/strong> NPSM &#8216;Rosca Recta&#8217;<\/li>\n<li style='margin-bottom: 5px;'><strong>Material:<\/strong> Acero al carb\u00f3n galvanizado por inmersi\u00f3n en caliente en el exterior y con un recubrimiento interno de pintura tipo esmalte para una mayor resistencia a la corrosi\u00f3n.<\/li>\n<li style='margin-bottom: 5px;'><strong>No incluye:<\/strong> Cople<\/li>\n<li style='margin-bottom: 5px;'><strong>Color de tap\u00f3n:<\/strong> Rojo<\/li>\n<li style='margin-bottom: 5px;'><strong>Norma:<\/strong> Fabricados conforme a la norma NMX-J-534-ANCE-2016.<\/li>\n<\/ul><\/div>\n<p> <!-- Secci\u00f3n de notas --> <\/p>\n<div style='margin-bottom: 30px;'>\n<h3 style='font-size: 22px; border-bottom: 2px solid currentColor; padding-bottom: 5px; margin-top: 0; color: inherit; opacity: 0.8;'>Notas<\/h3>\n<ul style='padding-left: 20px; font-size: 14px; color: inherit; margin-top: 15px;'>\n<li style='margin-bottom: 5px;'><strong>Nota 1:<\/strong> Equipo recomendado para interior. Instalaciones en exterior deben ser en zonas de nula salinidad&comma; nula corrosi\u00f3n y muy baja humedad relativa (menos del 40%). No recomendado para instalaciones subterr\u00e1neas.<\/li>\n<li style='margin-bottom: 5px;'><strong>Nota 2:<\/strong> Unidad de venta: 1 tubo de 3.2 metros cada uno.<\/li>\n<\/ul><\/div>\n<\/p><\/div>\n","protected":false},"excerpt":{"rendered":"<p>Tubo Conduit C\u00e9dula 40 de 1&#8243; (27 mm) \/ Sin Cople.<\/p>\n","protected":false},"featured_media":18282,"comment_status":"open","ping_status":"closed","template":"","meta":[],"product_brand":[],"product_cat":[655],"product_tag":[572,657,656],"class_list":{"0":"post-18283","1":"product","2":"type-product","3":"status-publish","4":"has-post-thumbnail","6":"product_cat-tuberia-metalica-conduit-accesorios","7":"product_tag-canalizacion","8":"product_tag-jupiter","9":"product_tag-tuberia-metalica-conduit-accesorios","11":"first","12":"instock","13":"sale","14":"shipping-taxable","15":"purchasable","16":"product-type-simple"},"_links":{"self":[{"href":"https:\/\/soydeaqui.ddns.net\/pachuca\/index.php\/wp-json\/wp\/v2\/product\/18283","targetHints":{"allow":["GET"]}}],"collection":[{"href":"https:\/\/soydeaqui.ddns.net\/pachuca\/index.php\/wp-json\/wp\/v2\/product"}],"about":[{"href":"https:\/\/soydeaqui.ddns.net\/pachuca\/index.php\/wp-json\/wp\/v2\/types\/product"}],"replies":[{"embeddable":true,"href":"https:\/\/soydeaqui.ddns.net\/pachuca\/index.php\/wp-json\/wp\/v2\/comments?post=18283"}],"wp:featuredmedia":[{"embeddable":true,"href":"https:\/\/soydeaqui.ddns.net\/pachuca\/index.php\/wp-json\/wp\/v2\/media\/18282"}],"wp:attachment":[{"href":"https:\/\/soydeaqui.ddns.net\/pachuca\/index.php\/wp-json\/wp\/v2\/media?parent=18283"}],"wp:term":[{"taxonomy":"product_brand","embeddable":true,"href":"https:\/\/soydeaqui.ddns.net\/pachuca\/index.php\/wp-json\/wp\/v2\/product_brand?post=18283"},{"taxonomy":"product_cat","embeddable":true,"href":"https:\/\/soydeaqui.ddns.net\/pachuca\/index.php\/wp-json\/wp\/v2\/product_cat?post=18283"},{"taxonomy":"product_tag","embeddable":true,"href":"https:\/\/soydeaqui.ddns.net\/pachuca\/index.php\/wp-json\/wp\/v2\/product_tag?post=18283"}],"curies":[{"name":"wp","href":"https:\/\/api.w.org\/{rel}","templated":true}]}}