{"id":18232,"date":"2026-03-18T09:40:22","date_gmt":"2026-03-18T09:40:22","guid":{"rendered":"https:\/\/soydeaqui.ddns.net\/pachuca\/index.php\/producto\/pdu-monitoreable-mi-para-distribucion-de-energia-enchufe-de-entrada-nema-l21-30p-con-18-salidas-c13-y-4-c19-de-instalacion-vertical-120-o-220-vca-30-amp\/"},"modified":"2026-03-18T09:40:25","modified_gmt":"2026-03-18T09:40:25","slug":"pdu-monitoreable-mi-para-distribucion-de-energia-enchufe-de-entrada-nema-l21-30p-con-18-salidas-c13-y-4-c19-de-instalacion-vertical-120-o-220-vca-30-amp","status":"publish","type":"product","link":"https:\/\/soydeaqui.ddns.net\/pachuca\/index.php\/producto\/pdu-monitoreable-mi-para-distribucion-de-energia-enchufe-de-entrada-nema-l21-30p-con-18-salidas-c13-y-4-c19-de-instalacion-vertical-120-o-220-vca-30-amp\/","title":{"rendered":"PDU Monitoreable (MI) para Distribuci\u00f3n de Energ\u00eda, Enchufe de Entrada NEMA L21-30P, Con 18 Salidas C13 y 4 C19, de Instalaci\u00f3n Vertical, 120 o 220 Vca, 30 Amp"},"content":{"rendered":"<div style='width: 100%; max-width: 1200px; margin: 0 auto; font-family: sans-serif; line-height: 1.6; color: inherit; background-color: transparent;'>\n<div style='display: flex; flex-wrap: wrap; gap: 30px; margin-bottom: 30px;'>\n<div style='flex: 1 1 300px; min-width: 280px;'>\n<h3 style='font-size: 22px; border-bottom: 2px solid currentColor; padding-bottom: 5px; margin-top: 0; color: inherit; opacity: 0.8;'>Descripci\u00f3n General<\/h3>\n<p style='font-size: 15px; color: inherit; margin-bottom: 15px;'>Las iPDU de Panduit SmartZone G5 son m\u00e1s que unidades de distribuci\u00f3n de energ\u00eda y medici\u00f3n. Estas iPDU monitorean la energ\u00eda en todo el entorno del centro de datos (a nivel de gabinete)&comma; mediante la detecci\u00f3n continua de sobrecargas de circuitos el\u00e9ctricos y condiciones ambientales que ponen en riesgo los equipos de TI cr\u00edticos. Ofrecen datos precisos de medici\u00f3n para optimizar el uso de recursos energ\u00e9ticos&comma; tomar decisiones informadas sobre planificaci\u00f3n de capacidad&comma; mejorar el tiempo de actividad&comma; medir la PUE (eficacia del uso de energ\u00eda) y apoyar iniciativas de centros de datos verdes.<\/p>\n<p style='font-size: 15px; color: inherit; margin-bottom: 0;'>Las iPDUs para racks Panduit se instalan f\u00e1cilmente en gabinetes propios o de terceros. Distribuyen de forma segura y eficiente la corriente hacia m\u00faltiples dispositivos a trav\u00e9s de un solo conector de entrada por PDU&comma; mejorando la escalabilidad a medida que crece la red.<\/p>\n<\/p><\/div>\n<\/p><\/div>\n<div style='display: flex; flex-wrap: wrap; gap: 20px; margin-bottom: 30px;'>\n<div style='flex: 1 1 250px; border: 1px solid rgba(150&comma; 150&comma; 150&comma; 0.4); border-radius: 8px; overflow: hidden; display: flex; flex-direction: column;'>\n<div style='padding: 15px; border-bottom: 1px solid rgba(150&comma; 150&comma; 150&comma; 0.2); font-weight: bold; font-size: 18px; color: inherit;'>Monitoreo Agregado (MI)<\/div>\n<div style='padding: 15px; color: inherit;'>\n<ul style='padding-left: 20px; margin: 0; font-size: 14px; list-style-type: disc;'>\n<li style='margin-bottom: 5px;'>PDUs con capacidad de monitorear la potencia agregada<\/li>\n<li style='margin-bottom: 5px;'>Identificaci\u00f3n r\u00e1pida de posibles problemas de energ\u00eda<\/li>\n<li style='margin-bottom: 5px;'>Mejora de la capacidad de energ\u00eda disponible o subutilizada<\/li>\n<\/ul><\/div>\n<\/p><\/div>\n<div style='flex: 1 1 250px; border: 1px solid rgba(150&comma; 150&comma; 150&comma; 0.4); border-radius: 8px; overflow: hidden; display: flex; flex-direction: column;'>\n<div style='padding: 15px; border-bottom: 1px solid rgba(150&comma; 150&comma; 150&comma; 0.2); font-weight: bold; font-size: 18px; color: inherit;'>Medici\u00f3n de Energ\u00eda<\/div>\n<div style='padding: 15px; color: inherit;'>\n<ul style='padding-left: 20px; margin: 0; font-size: 14px; list-style-type: disc;'>\n<li style='margin-bottom: 5px;'>Medici\u00f3n de consumo de energ\u00eda (kWh)<\/li>\n<li style='margin-bottom: 5px;'>Mediciones de potencia nivel PDU (W)<\/li>\n<li style='margin-bottom: 5px;'>Mediciones de corriente a nivel de interruptor<\/li>\n<li style='margin-bottom: 5px;'>Bit\u00e1cora para datos hist\u00f3ricos<\/li>\n<li style='margin-bottom: 5px;'>Umbrales de alarma configurables<\/li>\n<\/ul><\/div>\n<\/p><\/div>\n<div style='flex: 1 1 250px; border: 1px solid rgba(150&comma; 150&comma; 150&comma; 0.4); border-radius: 8px; overflow: hidden; display: flex; flex-direction: column;'>\n<div style='padding: 15px; border-bottom: 1px solid rgba(150&comma; 150&comma; 150&comma; 0.2); font-weight: bold; font-size: 18px; color: inherit;'>Seguridad y Monitoreo Ambiental<\/div>\n<div style='padding: 15px; color: inherit;'>\n<ul style='padding-left: 20px; margin: 0; font-size: 14px; list-style-type: disc;'>\n<li style='margin-bottom: 5px;'>Sensores ambientales Plug &#038; Play (temperatura&comma; humedad&comma; contacto seco y fuga de agua)<\/li>\n<li style='margin-bottom: 5px;'>Umbrales de alarma configurables<\/li>\n<\/ul><\/div>\n<\/p><\/div>\n<div style='flex: 1 1 250px; border: 1px solid rgba(150&comma; 150&comma; 150&comma; 0.4); border-radius: 8px; overflow: hidden; display: flex; flex-direction: column;'>\n<div style='padding: 15px; border-bottom: 1px solid rgba(150&comma; 150&comma; 150&comma; 0.2); font-weight: bold; font-size: 18px; color: inherit;'>Gesti\u00f3n de Red<\/div>\n<div style='padding: 15px; color: inherit;'>\n<ul style='padding-left: 20px; margin: 0; font-size: 14px; list-style-type: disc;'>\n<li style='margin-bottom: 5px;'>Pantalla OLED de alta visibilidad<\/li>\n<li style='margin-bottom: 5px;'>Gesti\u00f3n de red con alertas via HTTP&comma; HTTPS&comma; SSH&comma; Telnet&comma; SNMP&comma; FTP y correo<\/li>\n<li style='margin-bottom: 5px;'>Encriptaci\u00f3n avanzada y opciones de autorizaci\u00f3n<\/li>\n<li style='margin-bottom: 5px;'>Conexi\u00f3n en serie para hasta 4 racks y 32 sensores ambientales<\/li>\n<\/ul><\/div>\n<\/p><\/div>\n<div style='flex: 1 1 250px; border: 1px solid rgba(150&comma; 150&comma; 150&comma; 0.4); border-radius: 8px; overflow: hidden; display: flex; flex-direction: column;'>\n<div style='padding: 15px; border-bottom: 1px solid rgba(150&comma; 150&comma; 150&comma; 0.2); font-weight: bold; font-size: 18px; color: inherit;'>Especificaciones T\u00e9cnicas<\/div>\n<div style='padding: 15px; color: inherit;'>\n<ul style='padding-left: 20px; margin: 0; font-size: 14px; list-style-type: disc;'>\n<li style='margin-bottom: 5px;'><strong>Voltaje entrada:<\/strong> 120 o 240 Vca<\/li>\n<li style='margin-bottom: 5px;'><strong>Voltaje salida:<\/strong> 120 o 240 Vca<\/li>\n<li style='margin-bottom: 5px;'><strong>Corriente:<\/strong> 30 Amp<\/li>\n<li style='margin-bottom: 5px;'><strong>Potencia:<\/strong> 8.6 kVA<\/li>\n<li style='margin-bottom: 5px;'><strong>Entrada:<\/strong> NEMA L21-30P<\/li>\n<li style='margin-bottom: 5px;'><strong>Cable:<\/strong> 3 m<\/li>\n<li style='margin-bottom: 5px;'><strong>Salidas:<\/strong> 18 C13 y 6 C19<\/li>\n<li style='margin-bottom: 5px;'><strong>Dimensiones:<\/strong> 52 x 1750 x 53 mm<\/li>\n<li style='margin-bottom: 5px;'><strong>Temp. operaci\u00f3n:<\/strong> 10 a 60 \u00b0C<\/li>\n<li style='margin-bottom: 5px;'><strong>Temp. almacenamiento:<\/strong> -20 a 60 \u00b0C<\/li>\n<li style='margin-bottom: 5px;'><strong>Humedad:<\/strong> 5 a 95% (sin condensaci\u00f3n)<\/li>\n<\/ul><\/div>\n<\/p><\/div>\n<\/p><\/div>\n<hr style='border: 0; border-top: 1px solid rgba(150&comma; 150&comma; 150&comma; 0.3); margin: 30px 0;'> <\/div>\n","protected":false},"excerpt":{"rendered":"<p>PDU Monitoreable (MI) para Distribuci\u00f3n de Energ\u00eda, Enchufe de Entrada NEMA L21-30P, Con 18 Salidas C13 y 4 C19, de Instalaci\u00f3n Vertical, 120 o 220 Vca, 30 Amp<\/p>\n","protected":false},"featured_media":18231,"comment_status":"open","ping_status":"closed","template":"","meta":[],"product_brand":[],"product_cat":[707],"product_tag":[606,445,605],"class_list":{"0":"post-18232","1":"product","2":"type-product","3":"status-publish","4":"has-post-thumbnail","6":"product_cat-accesorios-para-racks-y-gabinetes-racks-y-gabinetes-radiocomunicacion","7":"product_tag-accesorios-para-racks-y-gabinetes","8":"product_tag-panduit","9":"product_tag-racks-y-gabinetes","11":"first","12":"outofstock","13":"sale","14":"shipping-taxable","15":"purchasable","16":"product-type-simple"},"_links":{"self":[{"href":"https:\/\/soydeaqui.ddns.net\/pachuca\/index.php\/wp-json\/wp\/v2\/product\/18232","targetHints":{"allow":["GET"]}}],"collection":[{"href":"https:\/\/soydeaqui.ddns.net\/pachuca\/index.php\/wp-json\/wp\/v2\/product"}],"about":[{"href":"https:\/\/soydeaqui.ddns.net\/pachuca\/index.php\/wp-json\/wp\/v2\/types\/product"}],"replies":[{"embeddable":true,"href":"https:\/\/soydeaqui.ddns.net\/pachuca\/index.php\/wp-json\/wp\/v2\/comments?post=18232"}],"wp:featuredmedia":[{"embeddable":true,"href":"https:\/\/soydeaqui.ddns.net\/pachuca\/index.php\/wp-json\/wp\/v2\/media\/18231"}],"wp:attachment":[{"href":"https:\/\/soydeaqui.ddns.net\/pachuca\/index.php\/wp-json\/wp\/v2\/media?parent=18232"}],"wp:term":[{"taxonomy":"product_brand","embeddable":true,"href":"https:\/\/soydeaqui.ddns.net\/pachuca\/index.php\/wp-json\/wp\/v2\/product_brand?post=18232"},{"taxonomy":"product_cat","embeddable":true,"href":"https:\/\/soydeaqui.ddns.net\/pachuca\/index.php\/wp-json\/wp\/v2\/product_cat?post=18232"},{"taxonomy":"product_tag","embeddable":true,"href":"https:\/\/soydeaqui.ddns.net\/pachuca\/index.php\/wp-json\/wp\/v2\/product_tag?post=18232"}],"curies":[{"name":"wp","href":"https:\/\/api.w.org\/{rel}","templated":true}]}}