{"id":18227,"date":"2026-03-18T09:40:18","date_gmt":"2026-03-18T09:40:18","guid":{"rendered":"https:\/\/soydeaqui.ddns.net\/pachuca\/index.php\/producto\/atenuador-ptico-macho-hembra-con-conector-sc-apc-de-5-db-para-fibra-monomodo\/"},"modified":"2026-03-18T09:40:21","modified_gmt":"2026-03-18T09:40:21","slug":"atenuador-ptico-macho-hembra-con-conector-sc-apc-de-5-db-para-fibra-monomodo","status":"publish","type":"product","link":"https:\/\/soydeaqui.ddns.net\/pachuca\/index.php\/producto\/atenuador-ptico-macho-hembra-con-conector-sc-apc-de-5-db-para-fibra-monomodo\/","title":{"rendered":"Atenuador ?ptico Macho-Hembra con Conector SC\/APC de 5 dB para Fibra Monomodo"},"content":{"rendered":"<div style='width: 100%; max-width: 1200px; margin: 0 auto; font-family: sans-serif; line-height: 1.6; color: inherit; background-color: transparent;'> <!-- Logo --> <\/p>\n<div style='text-align: center; margin-bottom: 30px;'> <img style='width: 100%; max-width: 432px; height: auto; border: 1px solid rgba(150&comma;150&comma;150&comma;0.3); border-radius: 8px;' src='https:\/\/ftp3.syscom.mx\/usuarios\/orobles\/LinkedPro\/linkedpro_logo.png' alt=''> <\/div>\n<p> <!-- Descripci\u00f3n principal --> <\/p>\n<div style='margin-bottom: 30px;'>\n<p style='text-align: justify; font-size: 15px; color: inherit;'> El atenuador \u00f3ptico es un dispositivo pasivo utilizado para reducir el nivel de potencia de una se\u00f1al \u00f3ptica. Generalmente se usa en aplicaciones de larga distancia monomodo o redes FTTx para evitar la sobrecarga \u00f3ptica en el receptor. <\/p>\n<\/p><\/div>\n<p> <!-- Secci\u00f3n de caracter\u00edsticas y aplicaciones --> <\/p>\n<div style='display: flex; flex-wrap: wrap; gap: 30px;'> <!-- Caracter\u00edsticas Generales --> <\/p>\n<div style='flex: 1 1 300px; min-width: 280px;'>\n<h3 style='font-size: 20px; border-bottom: 2px solid currentColor; padding-bottom: 5px; margin-top: 0; color: inherit; opacity: 0.8;'>Caracter\u00edsticas Generales<\/h3>\n<ul style='padding-left: 20px; font-size: 15px; color: inherit;'>\n<li style='margin-bottom: 5px;'>Practico y f\u00e1cil de utilizar.<\/li>\n<li style='margin-bottom: 5px;'>Corrige la intensidad de la se\u00f1al.<\/li>\n<li style='margin-bottom: 5px;'>Baja perdida de retorno.<\/li>\n<li style='margin-bottom: 5px;'>Conector SC\/APC<\/li>\n<li style='margin-bottom: 5px;'>Longitud de onda: 1310 nm y 1550 nm<\/li>\n<li style='margin-bottom: 5px;'>5 dB de atenuacion<\/li>\n<\/ul><\/div>\n<p> <!-- Aplicaciones --> <\/p>\n<div style='flex: 1 1 300px; min-width: 280px;'>\n<h3 style='font-size: 20px; border-bottom: 2px solid currentColor; padding-bottom: 5px; margin-top: 0; color: inherit; opacity: 0.8;'>Aplicaciones<\/h3>\n<ul style='padding-left: 20px; font-size: 15px; color: inherit;'>\n<li style='margin-bottom: 5px;'>Sistema de red de fibra \u00f3ptica.<\/li>\n<li style='margin-bottom: 5px;'>FTTx<\/li>\n<li style='margin-bottom: 5px;'>CATV.<\/li>\n<li style='margin-bottom: 5px;'>Sistema de multiplexaci\u00f3n por divisi\u00f3n de longitud de onda (DWDM).<\/li>\n<\/ul><\/div>\n<\/p><\/div>\n<p> <!-- Separador --> <\/p>\n<hr style='border: 0; border-top: 1px solid rgba(150&comma; 150&comma; 150&comma; 0.3); margin: 30px 0;'> <\/div>\n","protected":false},"excerpt":{"rendered":"<p>Atenuador ?ptico Macho-Hembra con Conector SC\/APC de 5 dB para Fibra Monomodo<\/p>\n","protected":false},"featured_media":18226,"comment_status":"open","ping_status":"closed","template":"","meta":[],"product_brand":[],"product_cat":[615],"product_tag":[616,611,435],"class_list":{"0":"post-18227","1":"product","2":"type-product","3":"status-publish","4":"has-post-thumbnail","6":"product_cat-conectores","7":"product_tag-conectores","8":"product_tag-fibra-optica","9":"product_tag-linkedpro-by-epcom","11":"first","12":"instock","13":"sale","14":"shipping-taxable","15":"purchasable","16":"product-type-simple"},"_links":{"self":[{"href":"https:\/\/soydeaqui.ddns.net\/pachuca\/index.php\/wp-json\/wp\/v2\/product\/18227","targetHints":{"allow":["GET"]}}],"collection":[{"href":"https:\/\/soydeaqui.ddns.net\/pachuca\/index.php\/wp-json\/wp\/v2\/product"}],"about":[{"href":"https:\/\/soydeaqui.ddns.net\/pachuca\/index.php\/wp-json\/wp\/v2\/types\/product"}],"replies":[{"embeddable":true,"href":"https:\/\/soydeaqui.ddns.net\/pachuca\/index.php\/wp-json\/wp\/v2\/comments?post=18227"}],"wp:featuredmedia":[{"embeddable":true,"href":"https:\/\/soydeaqui.ddns.net\/pachuca\/index.php\/wp-json\/wp\/v2\/media\/18226"}],"wp:attachment":[{"href":"https:\/\/soydeaqui.ddns.net\/pachuca\/index.php\/wp-json\/wp\/v2\/media?parent=18227"}],"wp:term":[{"taxonomy":"product_brand","embeddable":true,"href":"https:\/\/soydeaqui.ddns.net\/pachuca\/index.php\/wp-json\/wp\/v2\/product_brand?post=18227"},{"taxonomy":"product_cat","embeddable":true,"href":"https:\/\/soydeaqui.ddns.net\/pachuca\/index.php\/wp-json\/wp\/v2\/product_cat?post=18227"},{"taxonomy":"product_tag","embeddable":true,"href":"https:\/\/soydeaqui.ddns.net\/pachuca\/index.php\/wp-json\/wp\/v2\/product_tag?post=18227"}],"curies":[{"name":"wp","href":"https:\/\/api.w.org\/{rel}","templated":true}]}}