{"id":18203,"date":"2026-03-18T09:39:52","date_gmt":"2026-03-18T09:39:52","guid":{"rendered":"https:\/\/soydeaqui.ddns.net\/pachuca\/index.php\/producto\/panel-de-distribucin-de-fibra-ptica-acepta-12-cassettes-hd-flex-y-144-fibras-por-ur-4-ur-2\/"},"modified":"2026-03-18T09:39:56","modified_gmt":"2026-03-18T09:39:56","slug":"panel-de-distribucin-de-fibra-ptica-acepta-12-cassettes-hd-flex-y-144-fibras-por-ur-4-ur-2","status":"publish","type":"product","link":"https:\/\/soydeaqui.ddns.net\/pachuca\/index.php\/producto\/panel-de-distribucin-de-fibra-ptica-acepta-12-cassettes-hd-flex-y-144-fibras-por-ur-4-ur-2\/","title":{"rendered":"Panel de Distribuci?n de Fibra ?ptica, Acepta 12 Cassettes HD Flex y 144 Fibras por UR, 4 UR"},"content":{"rendered":"<div style='width: 100%; max-width: 1200px; margin: 0 auto; font-family: sans-serif; line-height: 1.6; color: inherit; background-color: transparent;'> <!-- Descripci\u00f3n general --> <\/p>\n<div style='margin-bottom: 30px;'>\n<h2 style='font-size: 24px; border-bottom: 2px solid currentColor; padding-bottom: 8px; margin-top: 0; color: inherit; opacity: 0.9;'>Descripci\u00f3n<\/h2>\n<p style='font-size: 15px; margin-top: 10px; color: inherit;'>Los paneles HD Flex\u2122 organizan&comma; administran y protegen el cable de fibra \u00f3ptica&comma; las terminaciones&comma; los empalmes&comma; los conectores y los jumpers. Funciona con todos los casetes HD Flex\u2122 y paneles adaptadores de fibra (FAP).<\/p>\n<\/p><\/div>\n<p> <!-- Especificaciones t\u00e9cnicas --> <\/p>\n<div style='display: flex; flex-wrap: wrap; gap: 30px; margin-bottom: 30px;'>\n<div style='flex: 1 1 300px; min-width: 280px;'>\n<h3 style='font-size: 22px; border-bottom: 2px solid currentColor; padding-bottom: 5px; margin-top: 0; color: inherit; opacity: 0.8;'>Especificaciones T\u00e9cnicas<\/h3>\n<ul style='padding-left: 20px; font-size: 15px; color: inherit;'>\n<li style='margin-bottom: 5px;'><strong>N\u00famero de unidades de rack:<\/strong> 4<\/li>\n<li style='margin-bottom: 5px;'><strong>Ancho total:<\/strong> 19.69&#8242; (500.1 mm)<\/li>\n<li style='margin-bottom: 5px;'><strong>Profundidad total:<\/strong> 15.11&#8242; (383.7 mm)<\/li>\n<li style='margin-bottom: 5px;'><strong>Altura total:<\/strong> 6.63&#8242; (168.4 mm)<\/li>\n<li style='margin-bottom: 5px;'><strong>Cumple con RoHS:<\/strong> S\u00ed<\/li>\n<li style='margin-bottom: 5px;'><strong>Color:<\/strong> Negro<\/li>\n<li style='margin-bottom: 5px;'><strong>Material:<\/strong> Acero y pl\u00e1stico<\/li>\n<li style='margin-bottom: 5px;'><strong>Instalaci\u00f3n:<\/strong> Flange integrado para racks de 19&#8242; EIA-310<\/li>\n<\/ul><\/div>\n<p> <!-- Capacidad de fibra \u00f3ptica --> <\/p>\n<div style='flex: 1 1 300px; min-width: 280px;'>\n<h3 style='font-size: 22px; border-bottom: 2px solid currentColor; padding-bottom: 5px; margin-top: 0; color: inherit; opacity: 0.8;'>Capacidad de Fibra \u00d3ptica<\/h3>\n<ul style='padding-left: 20px; font-size: 15px; color: inherit;'>\n<li style='margin-bottom: 5px;'><strong>12F MPO a 6 Duplex LC:<\/strong> 144 fibras por UR<\/li>\n<li style='margin-bottom: 5px;'><strong>24F MPO a 12 Duplex LC:<\/strong> 144 fibras por UR<\/li>\n<li style='margin-bottom: 5px;'><strong>4-to-1 Breakout:<\/strong> 96 fibras por UR<\/li>\n<li style='margin-bottom: 5px;'><strong>12-to-3 Breakout:<\/strong> 144 fibras por UR<\/li>\n<li style='margin-bottom: 5px;'><strong>6-port 12F MPO FAP:<\/strong> 864 fibras por UR<\/li>\n<li style='margin-bottom: 5px;'><strong>6-port 24F MPO FAP:<\/strong> 1728 fibras por UR<\/li>\n<\/ul><\/div>\n<\/p><\/div>\n<p> <!-- Caracter\u00edsticas principales --> <\/p>\n<div style='margin-bottom: 30px;'>\n<h3 style='font-size: 22px; border-bottom: 2px solid currentColor; padding-bottom: 5px; margin-top: 0; color: inherit; opacity: 0.8;'>Caracter\u00edsticas Principales<\/h3>\n<ul style='padding-left: 20px; font-size: 15px; color: inherit;'>\n<li style='margin-bottom: 5px;'>Dise\u00f1o modular que acepta hasta 12 casetes HD Flex\u2122 por UR<\/li>\n<li style='margin-bottom: 5px;'>Dise\u00f1o convertible entre configuraciones de 6 y 12 puertos<\/li>\n<li style='margin-bottom: 5px;'>Acceso frontal y trasero a conexiones<\/li>\n<li style='margin-bottom: 5px;'>Bandeja dividida que permite operaci\u00f3n independiente de cada mitad<\/li>\n<li style='margin-bottom: 5px;'>Bandeja con posici\u00f3n de bloqueo en dos posiciones extendidas<\/li>\n<li style='margin-bottom: 5px;'>Instalaci\u00f3n frontal de casetes y paneles adaptadores<\/li>\n<li style='margin-bottom: 5px;'>Compatibilidad con todos los casetes y FAPs de fibra HD Flex\u2122<\/li>\n<\/ul><\/div>\n<p> <!-- Aplicaciones --> <\/p>\n<div style='margin-bottom: 30px;'>\n<h3 style='font-size: 22px; border-bottom: 2px solid currentColor; padding-bottom: 5px; margin-top: 0; color: inherit; opacity: 0.8;'>Aplicaciones<\/h3>\n<p style='font-size: 15px; margin-top: 10px; color: inherit;'>Los Enclosures de Fibra HD Flex\u2122 proporcionan un sistema para gestionar terminaciones de fibra \u00f3ptica&comma; conexiones de campo y parcheo en todos los tipos de aplicaciones. Los enclosures son un componente del Sistema de Cableado de Fibra HD Flex\u2122. Son ideales para soluciones de parcheo r\u00e1pidas&comma; flexibles y confiables dentro de las \u00e1reas de distribuci\u00f3n principal&comma; horizontal y\/o de equipos (MDA&comma; HDA y EDA).<\/p>\n<\/p><\/div>\n<p> <!-- Componentes compatibles --> <\/p>\n<div style='margin-bottom: 30px;'>\n<h3 style='font-size: 22px; border-bottom: 2px solid currentColor; padding-bottom: 5px; margin-top: 0; color: inherit; opacity: 0.8;'>Componentes Compatibles<\/h3>\n<ul style='padding-left: 20px; font-size: 15px; color: inherit;'>\n<li style='margin-bottom: 5px;'>Casetes HD Flex\u2122 de 12 fibras: FLEX-CLIP12<\/li>\n<li style='margin-bottom: 5px;'>Casetes HD Flex\u2122 de 18 fibras: FLEX-CLIP18<\/li>\n<li style='margin-bottom: 5px;'>Gestores de cable troncal universales: FLEX-CM12S (12 fibras) y FLEX-CM18S (18 fibras)<\/li>\n<li style='margin-bottom: 5px;'>Gestores de cable troncal PatchRunner\u2122: FLEX-CM12C (12 fibras) y FLEX-CM18C (18 fibras)<\/li>\n<li style='margin-bottom: 5px;'>Placas de gesti\u00f3n de fibra troncal: FLEX-PLATE1U (1 UR) y FLEX-PLATE4U (4 UR)<\/li>\n<\/ul><\/div>\n<p> <!-- Beneficios del sistema --> <\/p>\n<div style='margin-bottom: 30px;'>\n<h3 style='font-size: 22px; border-bottom: 2px solid currentColor; padding-bottom: 5px; margin-top: 0; color: inherit; opacity: 0.8;'>Beneficios del Sistema<\/h3>\n<ul style='padding-left: 20px; font-size: 15px; color: inherit;'>\n<li style='margin-bottom: 5px;'>Mayor densidad de campo de parcheo en menos unidades de rack<\/li>\n<li style='margin-bottom: 5px;'>Versatilidad y flexibilidad con soluci\u00f3n totalmente modular<\/li>\n<li style='margin-bottom: 5px;'>Acceso f\u00e1cil a conexiones para mejor servicio<\/li>\n<li style='margin-bottom: 5px;'>Facilita movimientos&comma; adiciones y cambios sin interrumpir conexiones de red<\/li>\n<li style='margin-bottom: 5px;'>Soporta opciones actuales y futuras de conectividad \u00f3ptica<\/li>\n<\/ul><\/div>\n<p> <!-- Separador final --> <\/p>\n<hr style='border: 0; border-top: 1px solid rgba(150&comma; 150&comma; 150&comma; 0.3); margin: 30px 0;'> <\/div>\n","protected":false},"excerpt":{"rendered":"<p>Panel de Distribuci?n de Fibra ?ptica, Acepta 12 Cassettes HD Flex y 144 Fibras por UR, 4 UR<\/p>\n","protected":false},"featured_media":18202,"comment_status":"open","ping_status":"closed","template":"","meta":[],"product_brand":[],"product_cat":[621],"product_tag":[622,611,445],"class_list":{"0":"post-18203","1":"product","2":"type-product","3":"status-publish","4":"has-post-thumbnail","6":"product_cat-distribuidores-de-fibra-optica","7":"product_tag-distribuidores-de-fibra-optica","8":"product_tag-fibra-optica","9":"product_tag-panduit","11":"first","12":"outofstock","13":"sale","14":"shipping-taxable","15":"purchasable","16":"product-type-simple"},"_links":{"self":[{"href":"https:\/\/soydeaqui.ddns.net\/pachuca\/index.php\/wp-json\/wp\/v2\/product\/18203","targetHints":{"allow":["GET"]}}],"collection":[{"href":"https:\/\/soydeaqui.ddns.net\/pachuca\/index.php\/wp-json\/wp\/v2\/product"}],"about":[{"href":"https:\/\/soydeaqui.ddns.net\/pachuca\/index.php\/wp-json\/wp\/v2\/types\/product"}],"replies":[{"embeddable":true,"href":"https:\/\/soydeaqui.ddns.net\/pachuca\/index.php\/wp-json\/wp\/v2\/comments?post=18203"}],"wp:featuredmedia":[{"embeddable":true,"href":"https:\/\/soydeaqui.ddns.net\/pachuca\/index.php\/wp-json\/wp\/v2\/media\/18202"}],"wp:attachment":[{"href":"https:\/\/soydeaqui.ddns.net\/pachuca\/index.php\/wp-json\/wp\/v2\/media?parent=18203"}],"wp:term":[{"taxonomy":"product_brand","embeddable":true,"href":"https:\/\/soydeaqui.ddns.net\/pachuca\/index.php\/wp-json\/wp\/v2\/product_brand?post=18203"},{"taxonomy":"product_cat","embeddable":true,"href":"https:\/\/soydeaqui.ddns.net\/pachuca\/index.php\/wp-json\/wp\/v2\/product_cat?post=18203"},{"taxonomy":"product_tag","embeddable":true,"href":"https:\/\/soydeaqui.ddns.net\/pachuca\/index.php\/wp-json\/wp\/v2\/product_tag?post=18203"}],"curies":[{"name":"wp","href":"https:\/\/api.w.org\/{rel}","templated":true}]}}