{"id":18194,"date":"2026-03-18T09:39:42","date_gmt":"2026-03-18T09:39:42","guid":{"rendered":"https:\/\/soydeaqui.ddns.net\/pachuca\/index.php\/producto\/bobina-de-cable-blindado-f-utp-de-4-pares-z-max-cat6a-soporte-de-aplicaciones-10gbase-t-cm-color-blanco-305-metros-1000-pies\/"},"modified":"2026-03-18T09:39:48","modified_gmt":"2026-03-18T09:39:48","slug":"bobina-de-cable-blindado-f-utp-de-4-pares-z-max-cat6a-soporte-de-aplicaciones-10gbase-t-cm-color-blanco-305-metros-1000-pies","status":"publish","type":"product","link":"https:\/\/soydeaqui.ddns.net\/pachuca\/index.php\/producto\/bobina-de-cable-blindado-f-utp-de-4-pares-z-max-cat6a-soporte-de-aplicaciones-10gbase-t-cm-color-blanco-305-metros-1000-pies\/","title":{"rendered":"Bobina de Cable Blindado F\/UTP de 4 Pares, Z-MAX, Cat6A, Soporte de Aplicaciones 10GBase-T, CM, Color Blanco, 305 Metros (1000 Pies)"},"content":{"rendered":"<div style='width: 100%; max-width: 1200px; margin: 0 auto; font-family: sans-serif; line-height: 1.6; color: inherit; background-color: transparent;'> <!-- Imagen principal --> <\/p>\n<div style='margin-bottom: 30px;'> <img style='width: 100%; height: auto; border: 1px solid rgba(150&comma;150&comma;150&comma;0.3); border-radius: 8px;' src='https:\/\/ftp3.syscom.mx\/usuarios\/fotos\/9A6M4A502\/209640-siemonarriba.jpg' alt=''> <\/div>\n<p> <!-- Descripci\u00f3n principal --> <\/p>\n<div style='margin-bottom: 30px;'>\n<p style='font-size: 16px; color: inherit; margin-bottom: 15px;'> El cable F\/UTP Categor\u00eda 6A de Siemon posee un rendimiento del canal superior a los requerimientos m\u00ednimos de los est\u00e1ndares ANSI\/TIA-568-C2 e ISO\/IEC 11801 Clase EA. Cuando se combina con nuestra serie de conectividad para categor\u00eda 6A blindada&comma; el resultado es un canal con la capacidad de transferir 10GBASE-T hasta 100 metros&comma; con topolog\u00eda de cuatro conectores. <\/p>\n<p style='font-size: 16px; color: inherit; margin-bottom: 15px;'> Adem\u00e1s&comma; la construcci\u00f3n del blindaje asegura que la diafon\u00eda externa sea virtualmente de cero. <\/p>\n<p style='font-size: 16px; color: inherit; margin-bottom: 15px;'> El sistema de cableado F\/UTP Categor\u00eda 6A soporta aplicaciones emergentes y convergentes como voz sobre IP (VoIP)&comma; v\u00eddeo por IP&comma; y futuras aplicaciones de 10Gbps. <\/p>\n<\/p><\/div>\n<p> <!-- Aplicaciones --> <\/p>\n<div style='margin-bottom: 30px;'>\n<h3 style='font-size: 22px; border-bottom: 2px solid currentColor; padding-bottom: 5px; margin-top: 0; color: inherit; opacity: 0.8;'>Aplicaciones<\/h3>\n<ul style='padding-left: 20px; font-size: 15px; color: inherit; margin-top: 15px;'>\n<li style='margin-bottom: 5px;'>Redes de Voz\/Datos y V\u00eddeo de Alta Velocidad<\/li>\n<li style='margin-bottom: 5px;'>Instalaciones de CCTV IP Megapixel<\/li>\n<li style='margin-bottom: 5px;'>Redes inal\u00e1mbricas<\/li>\n<li style='margin-bottom: 5px;'>Aplicaciones Power Over Ethernet IEEE 802.3af y 802.3at<\/li>\n<li style='margin-bottom: 5px;'>Aplicaciones en 10BASE-T&comma; 100BASE-T&comma; 1000BASE-T y 10GBASE-T<\/li>\n<\/ul><\/div>\n<p> <!-- Informaci\u00f3n t\u00e9cnica --> <\/p>\n<div style='margin-bottom: 30px;'>\n<h3 style='font-size: 22px; border-bottom: 2px solid currentColor; padding-bottom: 5px; margin-top: 0; color: inherit; opacity: 0.8;'>Informaci\u00f3n t\u00e9cnica<\/h3>\n<ul style='padding-left: 20px; font-size: 15px; color: inherit; margin-top: 15px;'>\n<li style='margin-bottom: 5px;'><strong>Rendimiento:<\/strong> Certificado hasta 100 metros<\/li>\n<li style='margin-bottom: 5px;'><strong>Color:<\/strong> Blanco<\/li>\n<li style='margin-bottom: 5px;'><strong>Conductor:<\/strong> Cobre solido de 23 AWG<\/li>\n<li style='margin-bottom: 5px;'><strong>Recubrimiento:<\/strong> PVC (CM)<\/li>\n<li style='margin-bottom: 5px;'><strong>Construcci\u00f3n:<\/strong> F\/UTP<\/li>\n<li style='margin-bottom: 5px;'><strong>Tensi\u00f3n m\u00e1xima:<\/strong> 110N<\/li>\n<li style='margin-bottom: 5px;'><strong>Clasificaci\u00f3n de temperatura:<\/strong> 0 a 60\u00b0C en instalaci\u00f3n. -20 a 75\u00b0C en almacenamiento y -20 a 75\u00b0C en operaci\u00f3n.<\/li>\n<li style='margin-bottom: 5px;'><strong>Frecuencia:<\/strong> 500MHz<\/li>\n<li style='margin-bottom: 5px;'><strong>Plug Recomendado:<\/strong> <a style='color: inherit; text-decoration: underline; font-weight: 600;' href='https:\/\/www.syscom.mx\/principal\/searchcont?route=ZP1-6AS-00S-SIEMON-143287&#038;autodetect=zplug'>ZP1-6AS-00S&comma;<\/a> <a style='color: inherit; text-decoration: underline; font-weight: 600;' href='https:\/\/www.syscom.mx\/principal\/searchcont?route=ZP1-6AS-01S-SIEMON-143289&#038;autodetect=zplug'>ZP1-6AS-01S<\/a><\/li>\n<li style='margin-bottom: 5px;'><strong>Herramienta para Plug:<\/strong> <a style='color: inherit; text-decoration: underline; font-weight: 600;' href='https:\/\/www.syscom.mx\/principal\/searchcont?route=ZTOOL-ZP-SIEMON-143275&#038;autodetect=zplug'>ZTOOL-ZP<\/a><\/li>\n<\/ul><\/div>\n<p> <!-- Im\u00e1genes adicionales --> <\/p>\n<div style='display: flex; flex-wrap: wrap; gap: 20px; margin-bottom: 30px;'>\n<div style='flex: 1 1 400px; min-width: 300px;'> <img style='width: 100%; height: auto; border: 1px solid rgba(150&comma;150&comma;150&comma;0.3); border-radius: 8px;' src='https:\/\/ftp3.syscom.mx\/usuarios\/fotos\/9A6R4A5\/88291-cat6a.jpg' alt=''> <\/div>\n<div style='flex: 1 1 400px; min-width: 300px;'> <img style='width: 100%; height: auto; border: 1px solid rgba(150&comma;150&comma;150&comma;0.3); border-radius: 8px;' src='https:\/\/ftp3.syscom.mx\/usuarios\/fotos\/9A6M4A502\/209640-siemonabajo.png' alt=''> <\/div>\n<\/p><\/div>\n<\/p><\/div>\n","protected":false},"excerpt":{"rendered":"<p>Bobina de Cable Blindado F\/UTP de 4 Pares, Z-MAX, Cat6A, Soporte de Aplicaciones 10GBase-T, CM, Color Blanco, 305 Metros (1000 Pies)<\/p>\n","protected":false},"featured_media":18193,"comment_status":"open","ping_status":"closed","template":"","meta":[],"product_brand":[],"product_cat":[671],"product_tag":[672,669,600],"class_list":{"0":"post-18194","1":"product","2":"type-product","3":"status-publish","4":"has-post-thumbnail","6":"product_cat-categoria-6a-cable-bobinas","7":"product_tag-cable-bobinas","8":"product_tag-categoria-6a","9":"product_tag-siemon","11":"first","12":"instock","13":"sale","14":"shipping-taxable","15":"purchasable","16":"product-type-simple"},"_links":{"self":[{"href":"https:\/\/soydeaqui.ddns.net\/pachuca\/index.php\/wp-json\/wp\/v2\/product\/18194","targetHints":{"allow":["GET"]}}],"collection":[{"href":"https:\/\/soydeaqui.ddns.net\/pachuca\/index.php\/wp-json\/wp\/v2\/product"}],"about":[{"href":"https:\/\/soydeaqui.ddns.net\/pachuca\/index.php\/wp-json\/wp\/v2\/types\/product"}],"replies":[{"embeddable":true,"href":"https:\/\/soydeaqui.ddns.net\/pachuca\/index.php\/wp-json\/wp\/v2\/comments?post=18194"}],"wp:featuredmedia":[{"embeddable":true,"href":"https:\/\/soydeaqui.ddns.net\/pachuca\/index.php\/wp-json\/wp\/v2\/media\/18193"}],"wp:attachment":[{"href":"https:\/\/soydeaqui.ddns.net\/pachuca\/index.php\/wp-json\/wp\/v2\/media?parent=18194"}],"wp:term":[{"taxonomy":"product_brand","embeddable":true,"href":"https:\/\/soydeaqui.ddns.net\/pachuca\/index.php\/wp-json\/wp\/v2\/product_brand?post=18194"},{"taxonomy":"product_cat","embeddable":true,"href":"https:\/\/soydeaqui.ddns.net\/pachuca\/index.php\/wp-json\/wp\/v2\/product_cat?post=18194"},{"taxonomy":"product_tag","embeddable":true,"href":"https:\/\/soydeaqui.ddns.net\/pachuca\/index.php\/wp-json\/wp\/v2\/product_tag?post=18194"}],"curies":[{"name":"wp","href":"https:\/\/api.w.org\/{rel}","templated":true}]}}