{"id":18187,"date":"2026-03-18T09:39:36","date_gmt":"2026-03-18T09:39:36","guid":{"rendered":"https:\/\/soydeaqui.ddns.net\/pachuca\/index.php\/producto\/distribuidor-de-fibra-ptica-de-alta-densidad-ligthverse-core-para-rack-de-19-pulgadas-acepta-4-placas-plug-and-play-hasta-96-fibras-1-ur\/"},"modified":"2026-03-18T09:39:41","modified_gmt":"2026-03-18T09:39:41","slug":"distribuidor-de-fibra-ptica-de-alta-densidad-ligthverse-core-para-rack-de-19-pulgadas-acepta-4-placas-plug-and-play-hasta-96-fibras-1-ur","status":"publish","type":"product","link":"https:\/\/soydeaqui.ddns.net\/pachuca\/index.php\/producto\/distribuidor-de-fibra-ptica-de-alta-densidad-ligthverse-core-para-rack-de-19-pulgadas-acepta-4-placas-plug-and-play-hasta-96-fibras-1-ur\/","title":{"rendered":"Distribuidor de Fibra ?ptica de Alta Densidad LigthVerse *Core* Para Rack de 19 Pulgadas, Acepta 4 Placas Plug and Play, Hasta 96 Fibras, 1 UR"},"content":{"rendered":"<div style='width: 100%; max-width: 1200px; margin: 0 auto; font-family: sans-serif; line-height: 1.6; color: inherit; background-color: transparent;'>\n<div style='display: flex; flex-wrap: wrap; gap: 30px; margin-bottom: 30px;'>\n<div style='flex: 1 1 300px; min-width: 280px;'>\n<h3 style='font-size: 22px; border-bottom: 2px solid currentColor; padding-bottom: 5px; margin-top: 0; color: inherit; opacity: 0.8;'>Descripci\u00f3n General<\/h3>\n<p style='font-size: 15px; color: inherit; margin-bottom: 15px;'>La gama LightVerse comienza con nuestro modelo Core&comma; que ofrece la funcionalidad b\u00e1sica de un dise\u00f1o de chasis fijo. La simplicidad de los gabinetes LightVerse brinda una opci\u00f3n econ\u00f3mica para todos los m\u00e9todos de terminaci\u00f3n. Admite hasta 96 fibras dentro de 1U de espacio de rack con cuatro aberturas que aceptan placas adaptadoras LightVerse&comma; m\u00f3dulos Plug &#038; Play y casetes de empalme. Las bandejas de empalme tambi\u00e9n se pueden usar para instalaciones de empalme tradicionales. La cubierta removible brinda f\u00e1cil acceso a las conexiones y facilita el enrutamiento de cables.<\/p>\n<\/p><\/div>\n<\/p><\/div>\n<div style='display: flex; flex-wrap: wrap; gap: 30px; margin-bottom: 30px;'>\n<div style='flex: 1 1 300px; min-width: 280px;'>\n<h3 style='font-size: 22px; border-bottom: 2px solid currentColor; padding-bottom: 5px; margin-top: 0; color: inherit; opacity: 0.8;'>Caracter\u00edsticas Principales<\/h3>\n<ul style='padding-left: 20px; font-size: 15px; color: inherit;'>\n<li style='margin-bottom: 5px;'>Admite hasta 96 fibras dentro de 1U<\/li>\n<li style='margin-bottom: 5px;'>Cuatro aberturas para placas adaptadoras<\/li>\n<li style='margin-bottom: 5px;'>Cubierta removible para acceso f\u00e1cil a conexiones<\/li>\n<li style='margin-bottom: 5px;'>Compatibilidad con m\u00f3dulos plug and play<\/li>\n<li style='margin-bottom: 5px;'>Bandejas de empalme para instalaciones tradicionales<\/li>\n<\/ul><\/div>\n<div style='flex: 1 1 300px; min-width: 280px;'>\n<h3 style='font-size: 22px; border-bottom: 2px solid currentColor; padding-bottom: 5px; margin-top: 0; color: inherit; opacity: 0.8;'>Caracter\u00edsticas de Accesibilidad<\/h3>\n<ul style='padding-left: 20px; font-size: 15px; color: inherit;'>\n<li style='margin-bottom: 5px;'>Cubierta removible con acceso incluso cuando la puerta est\u00e1 cerrada<\/li>\n<li style='margin-bottom: 5px;'>Portaetiquetas integrado accesible sin abrir la cubierta<\/li>\n<li style='margin-bottom: 5px;'>Dise\u00f1o que permite instalar o remover m\u00f3dulos Plug &#038; Play y casetes de empalme desde el frente o posterior<\/li>\n<li style='margin-bottom: 5px;'>Bandeja fija para soporte de aplicaciones de empalme<\/li>\n<\/ul><\/div>\n<\/p><\/div>\n<div style='display: flex; flex-wrap: wrap; gap: 20px; margin-bottom: 30px;'>\n<div style='flex: 1 1 250px; border: 1px solid rgba(150&comma; 150&comma; 150&comma; 0.4); border-radius: 8px; overflow: hidden; display: flex; flex-direction: column;'>\n<div style='padding: 15px; border-bottom: 1px solid rgba(150&comma; 150&comma; 150&comma; 0.2); font-weight: bold; font-size: 18px; color: inherit;'>Especificaciones T\u00e9cnicas<\/div>\n<div style='padding: 15px; color: inherit;'>\n<ul style='padding-left: 20px; margin: 0; font-size: 14px; list-style-type: disc;'>\n<li style='margin-bottom: 5px;'><strong>Modelo:<\/strong> Core<\/li>\n<li style='margin-bottom: 5px;'><strong>Capacidad:<\/strong> Hasta 96 fibras en 1 Unidad de rack<\/li>\n<li style='margin-bottom: 5px;'><strong>Dimensiones:<\/strong> 19&#8242; L x 13&#8242; D x 1.7&#8242; H<\/li>\n<li style='margin-bottom: 5px;'><strong>Peso:<\/strong> 8 lbs<\/li>\n<li style='margin-bottom: 5px;'><strong>Materiales:<\/strong> Acero laminado en fr\u00edo<\/li>\n<\/ul><\/div>\n<\/p><\/div>\n<div style='flex: 1 1 250px; border: 1px solid rgba(150&comma; 150&comma; 150&comma; 0.4); border-radius: 8px; overflow: hidden; display: flex; flex-direction: column;'>\n<div style='padding: 15px; border-bottom: 1px solid rgba(150&comma; 150&comma; 150&comma; 0.2); font-weight: bold; font-size: 18px; color: inherit;'>Caracter\u00edsticas de Dise\u00f1o<\/div>\n<div style='padding: 15px; color: inherit;'>\n<ul style='padding-left: 20px; margin: 0; font-size: 14px; list-style-type: disc;'>\n<li style='margin-bottom: 5px;'><strong>Tipo:<\/strong> Fijo con bandeja fija<\/li>\n<li style='margin-bottom: 5px;'><strong>Aberturas:<\/strong> 4 para placas adaptadoras<\/li>\n<li style='margin-bottom: 5px;'><strong>Gesti\u00f3n de cables:<\/strong> Soporta gesti\u00f3n frontal y posterior<\/li>\n<li style='margin-bottom: 5px;'><strong>Instalaci\u00f3n:<\/strong> Dise\u00f1ado para instalaci\u00f3n por una sola persona<\/li>\n<li style='margin-bottom: 5px;'><strong>Ventilaci\u00f3n:<\/strong> Agujeros en la base para mejorar el flujo de aire<\/li>\n<\/ul><\/div>\n<\/p><\/div>\n<div style='flex: 1 1 250px; border: 1px solid rgba(150&comma; 150&comma; 150&comma; 0.4); border-radius: 8px; overflow: hidden; display: flex; flex-direction: column;'>\n<div style='padding: 15px; border-bottom: 1px solid rgba(150&comma; 150&comma; 150&comma; 0.2); font-weight: bold; font-size: 18px; color: inherit;'>Opciones de Configuraci\u00f3n<\/div>\n<div style='padding: 15px; color: inherit;'>\n<ul style='padding-left: 20px; margin: 0; font-size: 14px; list-style-type: disc;'>\n<li style='margin-bottom: 5px;'><strong>Modelos disponibles:<\/strong> Core&comma; Plus y Pro<\/li>\n<li style='margin-bottom: 5px;'><strong>Terminaci\u00f3n:<\/strong> Soporta pre-terminada&comma; terminaci\u00f3n en campo y empalme terminado<\/li>\n<li style='margin-bottom: 5px;'><strong>Compatibilidad:<\/strong> Con m\u00f3dulos Plug &#038; Play y casetes de empalme<\/li>\n<li style='margin-bottom: 5px;'><strong>Aplicaciones:<\/strong> Resuelve desaf\u00edos complejos de fibra \u00f3ptica<\/li>\n<\/ul><\/div>\n<\/p><\/div>\n<\/p><\/div>\n<hr style='border: 0; border-top: 1px solid rgba(150&comma; 150&comma; 150&comma; 0.3); margin: 30px 0;'>\n<div style='display: flex; flex-wrap: wrap; gap: 30px; margin-bottom: 30px;'>\n<div style='flex: 1 1 300px; min-width: 280px;'>\n<h3 style='font-size: 22px; border-bottom: 2px solid currentColor; padding-bottom: 5px; margin-top: 0; color: inherit; opacity: 0.8;'>Aplicaciones<\/h3>\n<ul style='padding-left: 20px; font-size: 15px; color: inherit;'>\n<li style='margin-bottom: 5px;'>Centros de datos de alta densidad<\/li>\n<li style='margin-bottom: 5px;'>Redes empresariales<\/li>\n<li style='margin-bottom: 5px;'>Infraestructura de telecomunicaciones<\/li>\n<li style='margin-bottom: 5px;'>Instalaciones de fibra \u00f3ptica en campus<\/li>\n<li style='margin-bottom: 5px;'>Soluciones de red para edificios inteligentes<\/li>\n<\/ul><\/div>\n<div style='flex: 1 1 300px; min-width: 280px;'>\n<h3 style='font-size: 22px; border-bottom: 2px solid currentColor; padding-bottom: 5px; margin-top: 0; color: inherit; opacity: 0.8;'>Beneficios Clave<\/h3>\n<ul style='padding-left: 20px; font-size: 15px; color: inherit;'>\n<li style='margin-bottom: 5px;'>Dise\u00f1o compacto que maximiza el espacio en rack<\/li>\n<li style='margin-bottom: 5px;'>F\u00e1cil acceso y gesti\u00f3n de conexiones<\/li>\n<li style='margin-bottom: 5px;'>Instalaci\u00f3n simplificada con una sola persona<\/li>\n<li style='margin-bottom: 5px;'>Soporte para m\u00faltiples m\u00e9todos de terminaci\u00f3n<\/li>\n<li style='margin-bottom: 5px;'>Versatilidad para configuraciones futuras<\/li>\n<\/ul><\/div>\n<\/p><\/div>\n<\/p><\/div>\n","protected":false},"excerpt":{"rendered":"<p>Distribuidor de Fibra ?ptica de Alta Densidad LigthVerse *Core* Para Rack de 19 Pulgadas, Acepta 4 Placas Plug and Play, Hasta 96 Fibras, 1 UR<\/p>\n","protected":false},"featured_media":18186,"comment_status":"open","ping_status":"closed","template":"","meta":[],"product_brand":[],"product_cat":[621],"product_tag":[622,611,600],"class_list":{"0":"post-18187","1":"product","2":"type-product","3":"status-publish","4":"has-post-thumbnail","6":"product_cat-distribuidores-de-fibra-optica","7":"product_tag-distribuidores-de-fibra-optica","8":"product_tag-fibra-optica","9":"product_tag-siemon","11":"first","12":"instock","13":"sale","14":"shipping-taxable","15":"purchasable","16":"product-type-simple"},"_links":{"self":[{"href":"https:\/\/soydeaqui.ddns.net\/pachuca\/index.php\/wp-json\/wp\/v2\/product\/18187","targetHints":{"allow":["GET"]}}],"collection":[{"href":"https:\/\/soydeaqui.ddns.net\/pachuca\/index.php\/wp-json\/wp\/v2\/product"}],"about":[{"href":"https:\/\/soydeaqui.ddns.net\/pachuca\/index.php\/wp-json\/wp\/v2\/types\/product"}],"replies":[{"embeddable":true,"href":"https:\/\/soydeaqui.ddns.net\/pachuca\/index.php\/wp-json\/wp\/v2\/comments?post=18187"}],"wp:featuredmedia":[{"embeddable":true,"href":"https:\/\/soydeaqui.ddns.net\/pachuca\/index.php\/wp-json\/wp\/v2\/media\/18186"}],"wp:attachment":[{"href":"https:\/\/soydeaqui.ddns.net\/pachuca\/index.php\/wp-json\/wp\/v2\/media?parent=18187"}],"wp:term":[{"taxonomy":"product_brand","embeddable":true,"href":"https:\/\/soydeaqui.ddns.net\/pachuca\/index.php\/wp-json\/wp\/v2\/product_brand?post=18187"},{"taxonomy":"product_cat","embeddable":true,"href":"https:\/\/soydeaqui.ddns.net\/pachuca\/index.php\/wp-json\/wp\/v2\/product_cat?post=18187"},{"taxonomy":"product_tag","embeddable":true,"href":"https:\/\/soydeaqui.ddns.net\/pachuca\/index.php\/wp-json\/wp\/v2\/product_tag?post=18187"}],"curies":[{"name":"wp","href":"https:\/\/api.w.org\/{rel}","templated":true}]}}