{"id":18183,"date":"2026-03-18T09:39:32","date_gmt":"2026-03-18T09:39:32","guid":{"rendered":"https:\/\/soydeaqui.ddns.net\/pachuca\/index.php\/producto\/distribuidor-de-fibra-ptica-de-alta-densidad-ligthverse-pro-para-rack-de-19-pulgadas-48-26-cm-acepta-4-placas-plug-and-play-hasta-96-fibras-1-ur\/"},"modified":"2026-03-18T09:39:35","modified_gmt":"2026-03-18T09:39:35","slug":"distribuidor-de-fibra-ptica-de-alta-densidad-ligthverse-pro-para-rack-de-19-pulgadas-48-26-cm-acepta-4-placas-plug-and-play-hasta-96-fibras-1-ur","status":"publish","type":"product","link":"https:\/\/soydeaqui.ddns.net\/pachuca\/index.php\/producto\/distribuidor-de-fibra-ptica-de-alta-densidad-ligthverse-pro-para-rack-de-19-pulgadas-48-26-cm-acepta-4-placas-plug-and-play-hasta-96-fibras-1-ur\/","title":{"rendered":"Distribuidor de Fibra ?ptica de Alta Densidad LigthVerse *Pro* Para Rack de 19 Pulgadas (48.26 cm), Acepta 4 Placas Plug and Play, Hasta 96 Fibras, 1 UR"},"content":{"rendered":"<div style='width: 100%; max-width: 1200px; margin: 0 auto; font-family: sans-serif; line-height: 1.6; color: inherit; background-color: transparent;'> <!-- Secci\u00f3n de descripci\u00f3n principal --> <\/p>\n<div style='margin-bottom: 30px;'>\n<p style='margin: 0 0 15px; color: inherit;'>Los gabinetes LightVerse Pro son una soluci\u00f3n completa ideal para centros de datos y aplicaciones LAN exigentes. Se ofrecen en configuraciones de 1U&comma; 2U y 4U&comma; y admiten 96 fibras por 1U de espacio de rack.<\/p>\n<p style='margin: 0 0 15px; color: inherit;'>La apariencia excepcional&comma; la modularidad&comma; la gesti\u00f3n de cables y el etiquetado lo hacen ideal para resolver sus desaf\u00edos m\u00e1s complejos. La bandeja deslizante blanca de alto contraste ayuda con la visibilidad en espacios oscuros y admite 2 ubicaciones de parada.<\/p>\n<p style='margin: 0 0 15px; color: inherit;'>Los administradores de cables frontales y los clips traseros opcionales permiten a los usuarios administrar f\u00e1cilmente sus cables y puentes de fibra desde una variedad de puntos de acceso. El gabinete LightVerse incluye una cubierta superior removible y un portaetiquetas integrado al que se puede acceder incluso cuando la puerta est\u00e1 cerrada&comma; brindando a los usuarios m\u00e1s opciones de acceso para la instalaci\u00f3n&comma; as\u00ed como para los movimientos&comma; adiciones y cambios diarios.<\/p>\n<\/p><\/div>\n<p> <!-- Secci\u00f3n de caracter\u00edsticas --> <\/p>\n<div style='margin-bottom: 30px;'>\n<h3 style='font-size: 22px; border-bottom: 2px solid currentColor; padding-bottom: 5px; margin-top: 0; margin-bottom: 15px; color: inherit; opacity: 0.8;'>Funcionalidad completa y vers\u00e1til<\/h3>\n<\/p><\/div>\n<p> <!-- Secci\u00f3n de especificaciones --> <\/p>\n<div style='margin-bottom: 30px;'>\n<h3 style='font-size: 22px; border-bottom: 2px solid currentColor; padding-bottom: 5px; margin-top: 0; margin-bottom: 15px; color: inherit; opacity: 0.8;'>Especificaciones t\u00e9cnicas<\/h3>\n<ul style='padding-left: 20px; font-size: 15px; color: inherit;'>\n<li style='margin-bottom: 5px;'>Hasta 96 fibras en 1 Unidad de rack.<\/li>\n<li style='margin-bottom: 5px;'>Disponible en 1&comma; 2 y 4U.<\/li>\n<li style='margin-bottom: 5px;'>Cubierta superior removible&comma; f\u00e1cil acceso a las conexiones.<\/li>\n<li style='margin-bottom: 5px;'>Bandeja Deslizable.<\/li>\n<li style='margin-bottom: 5px;'>Porta Etiquetas ocultable.<\/li>\n<li style='margin-bottom: 5px;'>Organizaci\u00f3n de cables mejorada.<\/li>\n<li style='margin-bottom: 5px;'>Puertas trasl\u00facidas a prueba de instrusi\u00f3n.<\/li>\n<\/ul><\/div>\n<p> <!-- Separador --> <\/p>\n<hr style='border: 0; border-top: 1px solid rgba(150&comma; 150&comma; 150&comma; 0.3); margin: 30px 0;'> <\/div>\n","protected":false},"excerpt":{"rendered":"<p>Distribuidor de Fibra ?ptica de Alta Densidad LigthVerse *Pro* Para Rack de 19 Pulgadas (48.26 cm), Acepta 4 Placas Plug and Play, Hasta 96 Fibras, 1 UR<\/p>\n","protected":false},"featured_media":18182,"comment_status":"open","ping_status":"closed","template":"","meta":[],"product_brand":[],"product_cat":[621],"product_tag":[622,611,600],"class_list":{"0":"post-18183","1":"product","2":"type-product","3":"status-publish","4":"has-post-thumbnail","6":"product_cat-distribuidores-de-fibra-optica","7":"product_tag-distribuidores-de-fibra-optica","8":"product_tag-fibra-optica","9":"product_tag-siemon","11":"first","12":"instock","13":"sale","14":"shipping-taxable","15":"purchasable","16":"product-type-simple"},"_links":{"self":[{"href":"https:\/\/soydeaqui.ddns.net\/pachuca\/index.php\/wp-json\/wp\/v2\/product\/18183","targetHints":{"allow":["GET"]}}],"collection":[{"href":"https:\/\/soydeaqui.ddns.net\/pachuca\/index.php\/wp-json\/wp\/v2\/product"}],"about":[{"href":"https:\/\/soydeaqui.ddns.net\/pachuca\/index.php\/wp-json\/wp\/v2\/types\/product"}],"replies":[{"embeddable":true,"href":"https:\/\/soydeaqui.ddns.net\/pachuca\/index.php\/wp-json\/wp\/v2\/comments?post=18183"}],"wp:featuredmedia":[{"embeddable":true,"href":"https:\/\/soydeaqui.ddns.net\/pachuca\/index.php\/wp-json\/wp\/v2\/media\/18182"}],"wp:attachment":[{"href":"https:\/\/soydeaqui.ddns.net\/pachuca\/index.php\/wp-json\/wp\/v2\/media?parent=18183"}],"wp:term":[{"taxonomy":"product_brand","embeddable":true,"href":"https:\/\/soydeaqui.ddns.net\/pachuca\/index.php\/wp-json\/wp\/v2\/product_brand?post=18183"},{"taxonomy":"product_cat","embeddable":true,"href":"https:\/\/soydeaqui.ddns.net\/pachuca\/index.php\/wp-json\/wp\/v2\/product_cat?post=18183"},{"taxonomy":"product_tag","embeddable":true,"href":"https:\/\/soydeaqui.ddns.net\/pachuca\/index.php\/wp-json\/wp\/v2\/product_tag?post=18183"}],"curies":[{"name":"wp","href":"https:\/\/api.w.org\/{rel}","templated":true}]}}